{"id":990734,"date":"2025-05-14T22:49:56","date_gmt":"2025-05-14T20:49:56","guid":{"rendered":"https:\/\/salonkrasyvs.sk\/?post_type=product&#038;p=990734"},"modified":"2025-05-17T09:20:42","modified_gmt":"2025-05-17T07:20:42","slug":"coolcolor-c12-sea-pearl-platinum","status":"publish","type":"product","link":"https:\/\/salonkrasyvs.sk\/?product=coolcolor-c12-sea-pearl-platinum","title":{"rendered":"CoolColor C12 Sea Pearl Platinum \u2013 Polopermanentn\u00e1 farba na vlasy perle\u0165ovo platinov\u00e1 100 ml"},"content":{"rendered":"<p class=\"\" data-start=\"454\" data-end=\"612\">Polopermanentn\u00e1 farba na vlasy s jemn\u00fdm, elegantn\u00fdm perle\u0165ovo-platinov\u00fdm odtie\u0148om. Pripraven\u00e1 na okam\u017eit\u00e9 pou\u017eitie \u2013 bez mie\u0161ania, bez peroxidu, bez amoniaku.<\/p>\n<p class=\"\" data-start=\"614\" data-end=\"815\">Veg\u00e1nske zlo\u017eenie je obohaten\u00e9 o mikro pigmenty, hydrolyzovan\u00fd kerat\u00edn, p\u0161eni\u010dn\u00fd prote\u00edn a olej zo semien l\u00fa\u010dnice, ktor\u00e9 spolo\u010dne vy\u017eivuj\u00fa vlasy, zvy\u0161uj\u00fa ich lesk a zanech\u00e1vaj\u00fa ich hebk\u00e9 a hydratovan\u00e9.<\/p>\n<p class=\"\" data-start=\"817\" data-end=\"963\">Ide\u00e1lna na zosvetlen\u00e9 alebo ve\u013emi svetl\u00e9 blond vlasy, kde vynikne jej maxim\u00e1lna farebn\u00e1 \u017eiara a perle\u0165ov\u00fd lesk. V\u00fddr\u017e farby je <strong data-start=\"944\" data-end=\"962\">15 a\u017e 30 umyt\u00ed<\/strong>.<\/p>\n<p>&nbsp;<\/p>\n<p><img decoding=\"async\" data-attachment-id=\"990591\" data-permalink=\"https:\/\/salonkrasyvs.sk\/?attachment_id=990591\" data-orig-file=\"https:\/\/salonkrasyvs.sk\/wp-content\/uploads\/2025\/05\/flower-ikona.png\" data-orig-size=\"64,64\" data-comments-opened=\"1\" data-image-meta=\"{&quot;aperture&quot;:&quot;0&quot;,&quot;credit&quot;:&quot;&quot;,&quot;camera&quot;:&quot;&quot;,&quot;caption&quot;:&quot;&quot;,&quot;created_timestamp&quot;:&quot;0&quot;,&quot;copyright&quot;:&quot;&quot;,&quot;focal_length&quot;:&quot;0&quot;,&quot;iso&quot;:&quot;0&quot;,&quot;shutter_speed&quot;:&quot;0&quot;,&quot;title&quot;:&quot;&quot;,&quot;orientation&quot;:&quot;0&quot;}\" data-image-title=\"flower ikona\" data-image-description=\"\" data-image-caption=\"\" data-large-file=\"https:\/\/salonkrasyvs.sk\/wp-content\/uploads\/2025\/05\/flower-ikona.png\" class=\"alignnone wp-image-990591\" src=\"https:\/\/salonkrasyvs.sk\/wp-content\/uploads\/2025\/05\/flower-ikona.png\" alt=\"\" width=\"60\" height=\"60\" \/><\/p>\n<p><strong>V\u00fdhody:<\/strong><\/p>\n<ul>\n<li class=\"\" data-start=\"984\" data-end=\"1028\">\n<p class=\"\" data-start=\"986\" data-end=\"1028\">Jemn\u00fd perle\u0165ovo-platinov\u00fd fantasy odtie\u0148<\/p>\n<\/li>\n<li class=\"\" data-start=\"1029\" data-end=\"1056\">\n<p class=\"\" data-start=\"1031\" data-end=\"1056\">Bez amoniaku a peroxidu<\/p>\n<\/li>\n<li class=\"\" data-start=\"1057\" data-end=\"1092\">\n<p class=\"\" data-start=\"1059\" data-end=\"1092\">Pripraven\u00e1 na okam\u017eit\u00e9 pou\u017eitie<\/p>\n<\/li>\n<li class=\"\" data-start=\"1093\" data-end=\"1128\">\n<p class=\"\" data-start=\"1095\" data-end=\"1128\">Vlasy s\u00fa leskl\u00e9, zdrav\u00e9 a hebk\u00e9<\/p>\n<\/li>\n<li class=\"\" data-start=\"1129\" data-end=\"1156\">\n<p class=\"\" data-start=\"1131\" data-end=\"1156\">V\u00fddr\u017e farby 15\u201330 umyt\u00ed<\/p>\n<\/li>\n<\/ul>\n<p>&nbsp;<\/p>\n<p><img decoding=\"async\" data-attachment-id=\"990592\" data-permalink=\"https:\/\/salonkrasyvs.sk\/?attachment_id=990592\" data-orig-file=\"https:\/\/salonkrasyvs.sk\/wp-content\/uploads\/2025\/05\/hair-washing.png\" data-orig-size=\"64,64\" data-comments-opened=\"1\" data-image-meta=\"{&quot;aperture&quot;:&quot;0&quot;,&quot;credit&quot;:&quot;&quot;,&quot;camera&quot;:&quot;&quot;,&quot;caption&quot;:&quot;&quot;,&quot;created_timestamp&quot;:&quot;0&quot;,&quot;copyright&quot;:&quot;&quot;,&quot;focal_length&quot;:&quot;0&quot;,&quot;iso&quot;:&quot;0&quot;,&quot;shutter_speed&quot;:&quot;0&quot;,&quot;title&quot;:&quot;&quot;,&quot;orientation&quot;:&quot;0&quot;}\" data-image-title=\"hair-washing\" data-image-description=\"\" data-image-caption=\"\" data-large-file=\"https:\/\/salonkrasyvs.sk\/wp-content\/uploads\/2025\/05\/hair-washing.png\" class=\"alignnone size-full wp-image-990592\" src=\"https:\/\/salonkrasyvs.sk\/wp-content\/uploads\/2025\/05\/hair-washing.png\" alt=\"\" width=\"64\" height=\"64\" \/><\/p>\n<p><strong>Pou\u017eitie:<\/strong><\/p>\n<ol>\n<li class=\"\" data-start=\"1179\" data-end=\"1225\">\n<p class=\"\" data-start=\"1182\" data-end=\"1225\">Umyte vlasy a jemne ich vysu\u0161te uter\u00e1kom.<\/p>\n<\/li>\n<li class=\"\" data-start=\"1226\" data-end=\"1285\">\n<p class=\"\" data-start=\"1229\" data-end=\"1285\">Naneste farbu rovnomerne alebo len na vybran\u00e9 pramene.<\/p>\n<\/li>\n<li class=\"\" data-start=\"1286\" data-end=\"1317\">\n<p class=\"\" data-start=\"1289\" data-end=\"1317\">Nechajte p\u00f4sobi\u0165 10 min\u00fat.<\/p>\n<\/li>\n<li class=\"\" data-start=\"1318\" data-end=\"1343\">\n<p class=\"\" data-start=\"1321\" data-end=\"1343\">D\u00f4kladne opl\u00e1chnite.<\/p>\n<\/li>\n<\/ol>\n<p><strong>Upozornenie:<\/strong> Nepou\u017e\u00edvajte s peroxidom. Pou\u017e\u00edvajte rukavice. Zabr\u00e1\u0148te kontaktu s o\u010dami.<\/p>\n","protected":false},"excerpt":{"rendered":"<p>Veg\u00e1nska polopermanentn\u00e1 farba v elegantnom perle\u0165ovo-platinovom odtieni. Pripraven\u00e1 na okam\u017eit\u00e9 pou\u017eitie. Vlasy \u017eiaria leskom a farba vydr\u017e\u00ed a\u017e do 30 umyt\u00ed.<\/p>\n","protected":false},"featured_media":990735,"template":"","meta":[],"product_brand":[],"product_cat":[97,94],"product_tag":[254,255,183,266,265,251,257,267,225,174],"class_list":{"0":"post-990734","1":"product","2":"type-product","3":"status-publish","4":"has-post-thumbnail","6":"product_cat-tonovacie-pripravky","7":"product_cat-vlasova-kozmetika","8":"product_tag-bez-amoniaku","9":"product_tag-jemne-zlozenie","10":"product_tag-leskle-vlasy","11":"product_tag-perletovy-odtien","12":"product_tag-platinova-farba-na-vlasy","13":"product_tag-polopermanentna-farba","14":"product_tag-profesionalne-farbenie","15":"product_tag-sea-pearl-platinum","16":"product_tag-studeny-odtien","17":"product_tag-veganska-kozmetika","19":"first","20":"instock","21":"shipping-taxable","22":"purchasable","23":"product-type-simple"},"yoast_head":"<!-- This site is optimized with the Yoast SEO plugin v27.4 - https:\/\/yoast.com\/product\/yoast-seo-wordpress\/ -->\n<title>CoolColor C12 Sea Pearl Platinum \u2013 Polopermanentn\u00e1 farba na vlasy | Perle\u0165ovo platinov\u00fd odtie\u0148<\/title>\n<meta name=\"description\" content=\"Polopermanentn\u00e1 veg\u00e1nska farba na vlasy v perle\u0165ovo-platinovom odtieni. Intenz\u00edvny lesk, \u017eiariv\u00e9 vlasy bez po\u0161kodenia. V\u00fddr\u017e do 30 umyt\u00ed.\" \/>\n<meta name=\"robots\" content=\"index, follow, max-snippet:-1, max-image-preview:large, max-video-preview:-1\" \/>\n<link rel=\"canonical\" href=\"https:\/\/salonkrasyvs.sk\/?product=coolcolor-c12-sea-pearl-platinum\" \/>\n<meta property=\"og:locale\" content=\"sk_SK\" \/>\n<meta property=\"og:type\" content=\"article\" \/>\n<meta property=\"og:title\" content=\"CoolColor C12 Sea Pearl Platinum \u2013 Polopermanentn\u00e1 farba na vlasy | Perle\u0165ovo platinov\u00fd odtie\u0148\" \/>\n<meta property=\"og:description\" content=\"Polopermanentn\u00e1 veg\u00e1nska farba na vlasy v perle\u0165ovo-platinovom odtieni. Intenz\u00edvny lesk, \u017eiariv\u00e9 vlasy bez po\u0161kodenia. V\u00fddr\u017e do 30 umyt\u00ed.\" \/>\n<meta property=\"og:url\" content=\"https:\/\/salonkrasyvs.sk\/?product=coolcolor-c12-sea-pearl-platinum\" \/>\n<meta property=\"og:site_name\" content=\"Sal\u00f3n Kr\u00e1sy VS - kadern\u00edctvo, kozmetika, pedik\u00fara, microblading,\" \/>\n<meta property=\"article:modified_time\" content=\"2025-05-17T07:20:42+00:00\" \/>\n<meta property=\"og:image\" content=\"https:\/\/salonkrasyvs.sk\/wp-content\/uploads\/2025\/05\/Erayba_CoolColor_C12-e1747255731239.jpg\" \/>\n\t<meta property=\"og:image:width\" content=\"700\" \/>\n\t<meta property=\"og:image:height\" content=\"700\" \/>\n\t<meta property=\"og:image:type\" content=\"image\/jpeg\" \/>\n<meta name=\"twitter:card\" content=\"summary_large_image\" \/>\n<meta name=\"twitter:label1\" content=\"Predpokladan\u00fd \u010das \u010d\u00edtania\" \/>\n\t<meta name=\"twitter:data1\" content=\"2 min\u00faty\" \/>\n<script type=\"application\/ld+json\" class=\"yoast-schema-graph\">{\"@context\":\"https:\\\/\\\/schema.org\",\"@graph\":[{\"@type\":\"WebPage\",\"@id\":\"https:\\\/\\\/salonkrasyvs.sk\\\/?product=coolcolor-c12-sea-pearl-platinum\",\"url\":\"https:\\\/\\\/salonkrasyvs.sk\\\/?product=coolcolor-c12-sea-pearl-platinum\",\"name\":\"CoolColor C12 Sea Pearl Platinum \u2013 Polopermanentn\u00e1 farba na vlasy | Perle\u0165ovo platinov\u00fd odtie\u0148\",\"isPartOf\":{\"@id\":\"https:\\\/\\\/salonkrasyvs.sk\\\/#website\"},\"primaryImageOfPage\":{\"@id\":\"https:\\\/\\\/salonkrasyvs.sk\\\/?product=coolcolor-c12-sea-pearl-platinum#primaryimage\"},\"image\":{\"@id\":\"https:\\\/\\\/salonkrasyvs.sk\\\/?product=coolcolor-c12-sea-pearl-platinum#primaryimage\"},\"thumbnailUrl\":\"https:\\\/\\\/salonkrasyvs.sk\\\/wp-content\\\/uploads\\\/2025\\\/05\\\/Erayba_CoolColor_C12-e1747255731239.jpg\",\"datePublished\":\"2025-05-14T20:49:56+00:00\",\"dateModified\":\"2025-05-17T07:20:42+00:00\",\"description\":\"Polopermanentn\u00e1 veg\u00e1nska farba na vlasy v perle\u0165ovo-platinovom odtieni. Intenz\u00edvny lesk, \u017eiariv\u00e9 vlasy bez po\u0161kodenia. V\u00fddr\u017e do 30 umyt\u00ed.\",\"breadcrumb\":{\"@id\":\"https:\\\/\\\/salonkrasyvs.sk\\\/?product=coolcolor-c12-sea-pearl-platinum#breadcrumb\"},\"inLanguage\":\"sk-SK\",\"potentialAction\":[{\"@type\":\"ReadAction\",\"target\":[\"https:\\\/\\\/salonkrasyvs.sk\\\/?product=coolcolor-c12-sea-pearl-platinum\"]}]},{\"@type\":\"ImageObject\",\"inLanguage\":\"sk-SK\",\"@id\":\"https:\\\/\\\/salonkrasyvs.sk\\\/?product=coolcolor-c12-sea-pearl-platinum#primaryimage\",\"url\":\"https:\\\/\\\/salonkrasyvs.sk\\\/wp-content\\\/uploads\\\/2025\\\/05\\\/Erayba_CoolColor_C12-e1747255731239.jpg\",\"contentUrl\":\"https:\\\/\\\/salonkrasyvs.sk\\\/wp-content\\\/uploads\\\/2025\\\/05\\\/Erayba_CoolColor_C12-e1747255731239.jpg\",\"width\":700,\"height\":700,\"caption\":\"CoolColor C12 Sea Pearl Platinum \u2013 Polopermanentn\u00e1 perle\u0165ovo-platinov\u00e1 farba na vlasy\"},{\"@type\":\"BreadcrumbList\",\"@id\":\"https:\\\/\\\/salonkrasyvs.sk\\\/?product=coolcolor-c12-sea-pearl-platinum#breadcrumb\",\"itemListElement\":[{\"@type\":\"ListItem\",\"position\":1,\"name\":\"Domovsk\u00e1 str\u00e1nka\",\"item\":\"https:\\\/\\\/salonkrasyvs.sk\\\/\"},{\"@type\":\"ListItem\",\"position\":2,\"name\":\"Obchod_zaloha\",\"item\":\"https:\\\/\\\/salonkrasyvs.sk\\\/?page_id=9697\"},{\"@type\":\"ListItem\",\"position\":3,\"name\":\"CoolColor C12 Sea Pearl Platinum \u2013 Polopermanentn\u00e1 farba na vlasy perle\u0165ovo platinov\u00e1 100 ml\"}]},{\"@type\":\"WebSite\",\"@id\":\"https:\\\/\\\/salonkrasyvs.sk\\\/#website\",\"url\":\"https:\\\/\\\/salonkrasyvs.sk\\\/\",\"name\":\"Sal\u00f3n Kr\u00e1sy VS - kadern\u00edctvo, kozmetika, pedik\u00fara, microblading,\",\"description\":\"Sal\u00f3n Kr\u00e1sy kde sa o V\u00e1s postar\u00e1me : d\u00e1mske, p\u00e1nske kadern\u00edctvo, kozmetika, pedik\u00fara, manik\u00fara, microblading. Kvalitn\u00e1 vlasov\u00e1 kozmetika na na\u0161om e-shope: Milk shake,  Malibu C, Mon platin, Sans Soucis\",\"potentialAction\":[{\"@type\":\"SearchAction\",\"target\":{\"@type\":\"EntryPoint\",\"urlTemplate\":\"https:\\\/\\\/salonkrasyvs.sk\\\/?s={search_term_string}\"},\"query-input\":{\"@type\":\"PropertyValueSpecification\",\"valueRequired\":true,\"valueName\":\"search_term_string\"}}],\"inLanguage\":\"sk-SK\"}]}<\/script>\n<!-- \/ Yoast SEO plugin. -->","yoast_head_json":{"title":"CoolColor C12 Sea Pearl Platinum \u2013 Polopermanentn\u00e1 farba na vlasy | Perle\u0165ovo platinov\u00fd odtie\u0148","description":"Polopermanentn\u00e1 veg\u00e1nska farba na vlasy v perle\u0165ovo-platinovom odtieni. Intenz\u00edvny lesk, \u017eiariv\u00e9 vlasy bez po\u0161kodenia. V\u00fddr\u017e do 30 umyt\u00ed.","robots":{"index":"index","follow":"follow","max-snippet":"max-snippet:-1","max-image-preview":"max-image-preview:large","max-video-preview":"max-video-preview:-1"},"canonical":"https:\/\/salonkrasyvs.sk\/?product=coolcolor-c12-sea-pearl-platinum","og_locale":"sk_SK","og_type":"article","og_title":"CoolColor C12 Sea Pearl Platinum \u2013 Polopermanentn\u00e1 farba na vlasy | Perle\u0165ovo platinov\u00fd odtie\u0148","og_description":"Polopermanentn\u00e1 veg\u00e1nska farba na vlasy v perle\u0165ovo-platinovom odtieni. Intenz\u00edvny lesk, \u017eiariv\u00e9 vlasy bez po\u0161kodenia. V\u00fddr\u017e do 30 umyt\u00ed.","og_url":"https:\/\/salonkrasyvs.sk\/?product=coolcolor-c12-sea-pearl-platinum","og_site_name":"Sal\u00f3n Kr\u00e1sy VS - kadern\u00edctvo, kozmetika, pedik\u00fara, microblading,","article_modified_time":"2025-05-17T07:20:42+00:00","og_image":[{"width":700,"height":700,"url":"https:\/\/salonkrasyvs.sk\/wp-content\/uploads\/2025\/05\/Erayba_CoolColor_C12-e1747255731239.jpg","type":"image\/jpeg"}],"twitter_card":"summary_large_image","twitter_misc":{"Predpokladan\u00fd \u010das \u010d\u00edtania":"2 min\u00faty"},"schema":{"@context":"https:\/\/schema.org","@graph":[{"@type":"WebPage","@id":"https:\/\/salonkrasyvs.sk\/?product=coolcolor-c12-sea-pearl-platinum","url":"https:\/\/salonkrasyvs.sk\/?product=coolcolor-c12-sea-pearl-platinum","name":"CoolColor C12 Sea Pearl Platinum \u2013 Polopermanentn\u00e1 farba na vlasy | Perle\u0165ovo platinov\u00fd odtie\u0148","isPartOf":{"@id":"https:\/\/salonkrasyvs.sk\/#website"},"primaryImageOfPage":{"@id":"https:\/\/salonkrasyvs.sk\/?product=coolcolor-c12-sea-pearl-platinum#primaryimage"},"image":{"@id":"https:\/\/salonkrasyvs.sk\/?product=coolcolor-c12-sea-pearl-platinum#primaryimage"},"thumbnailUrl":"https:\/\/salonkrasyvs.sk\/wp-content\/uploads\/2025\/05\/Erayba_CoolColor_C12-e1747255731239.jpg","datePublished":"2025-05-14T20:49:56+00:00","dateModified":"2025-05-17T07:20:42+00:00","description":"Polopermanentn\u00e1 veg\u00e1nska farba na vlasy v perle\u0165ovo-platinovom odtieni. Intenz\u00edvny lesk, \u017eiariv\u00e9 vlasy bez po\u0161kodenia. V\u00fddr\u017e do 30 umyt\u00ed.","breadcrumb":{"@id":"https:\/\/salonkrasyvs.sk\/?product=coolcolor-c12-sea-pearl-platinum#breadcrumb"},"inLanguage":"sk-SK","potentialAction":[{"@type":"ReadAction","target":["https:\/\/salonkrasyvs.sk\/?product=coolcolor-c12-sea-pearl-platinum"]}]},{"@type":"ImageObject","inLanguage":"sk-SK","@id":"https:\/\/salonkrasyvs.sk\/?product=coolcolor-c12-sea-pearl-platinum#primaryimage","url":"https:\/\/salonkrasyvs.sk\/wp-content\/uploads\/2025\/05\/Erayba_CoolColor_C12-e1747255731239.jpg","contentUrl":"https:\/\/salonkrasyvs.sk\/wp-content\/uploads\/2025\/05\/Erayba_CoolColor_C12-e1747255731239.jpg","width":700,"height":700,"caption":"CoolColor C12 Sea Pearl Platinum \u2013 Polopermanentn\u00e1 perle\u0165ovo-platinov\u00e1 farba na vlasy"},{"@type":"BreadcrumbList","@id":"https:\/\/salonkrasyvs.sk\/?product=coolcolor-c12-sea-pearl-platinum#breadcrumb","itemListElement":[{"@type":"ListItem","position":1,"name":"Domovsk\u00e1 str\u00e1nka","item":"https:\/\/salonkrasyvs.sk\/"},{"@type":"ListItem","position":2,"name":"Obchod_zaloha","item":"https:\/\/salonkrasyvs.sk\/?page_id=9697"},{"@type":"ListItem","position":3,"name":"CoolColor C12 Sea Pearl Platinum \u2013 Polopermanentn\u00e1 farba na vlasy perle\u0165ovo platinov\u00e1 100 ml"}]},{"@type":"WebSite","@id":"https:\/\/salonkrasyvs.sk\/#website","url":"https:\/\/salonkrasyvs.sk\/","name":"Sal\u00f3n Kr\u00e1sy VS - kadern\u00edctvo, kozmetika, pedik\u00fara, microblading,","description":"Sal\u00f3n Kr\u00e1sy kde sa o V\u00e1s postar\u00e1me : d\u00e1mske, p\u00e1nske kadern\u00edctvo, kozmetika, pedik\u00fara, manik\u00fara, microblading. Kvalitn\u00e1 vlasov\u00e1 kozmetika na na\u0161om e-shope: Milk shake,  Malibu C, Mon platin, Sans Soucis","potentialAction":[{"@type":"SearchAction","target":{"@type":"EntryPoint","urlTemplate":"https:\/\/salonkrasyvs.sk\/?s={search_term_string}"},"query-input":{"@type":"PropertyValueSpecification","valueRequired":true,"valueName":"search_term_string"}}],"inLanguage":"sk-SK"}]}},"jetpack_sharing_enabled":true,"jetpack_likes_enabled":true,"_links":{"self":[{"href":"https:\/\/salonkrasyvs.sk\/index.php?rest_route=\/wp\/v2\/product\/990734","targetHints":{"allow":["GET"]}}],"collection":[{"href":"https:\/\/salonkrasyvs.sk\/index.php?rest_route=\/wp\/v2\/product"}],"about":[{"href":"https:\/\/salonkrasyvs.sk\/index.php?rest_route=\/wp\/v2\/types\/product"}],"wp:featuredmedia":[{"embeddable":true,"href":"https:\/\/salonkrasyvs.sk\/index.php?rest_route=\/wp\/v2\/media\/990735"}],"wp:attachment":[{"href":"https:\/\/salonkrasyvs.sk\/index.php?rest_route=%2Fwp%2Fv2%2Fmedia&parent=990734"}],"wp:term":[{"taxonomy":"product_brand","embeddable":true,"href":"https:\/\/salonkrasyvs.sk\/index.php?rest_route=%2Fwp%2Fv2%2Fproduct_brand&post=990734"},{"taxonomy":"product_cat","embeddable":true,"href":"https:\/\/salonkrasyvs.sk\/index.php?rest_route=%2Fwp%2Fv2%2Fproduct_cat&post=990734"},{"taxonomy":"product_tag","embeddable":true,"href":"https:\/\/salonkrasyvs.sk\/index.php?rest_route=%2Fwp%2Fv2%2Fproduct_tag&post=990734"}],"curies":[{"name":"wp","href":"https:\/\/api.w.org\/{rel}","templated":true}]}}