{"id":990723,"date":"2025-05-14T22:07:16","date_gmt":"2025-05-14T20:07:16","guid":{"rendered":"https:\/\/salonkrasyvs.sk\/?post_type=product&#038;p=990723"},"modified":"2025-05-19T08:51:48","modified_gmt":"2025-05-19T06:51:48","slug":"bs18-smoothing-2-phase-conditioner","status":"publish","type":"product","link":"https:\/\/salonkrasyvs.sk\/?product=bs18-smoothing-2-phase-conditioner","title":{"rendered":"BS18 Smoothing 2-Phase Conditioner \u2013 Vyhladzuj\u00faci 2-f\u00e1zov\u00fd kondicion\u00e9r bez oplachovania 200 ml"},"content":{"rendered":"<p class=\"\" data-start=\"376\" data-end=\"670\">Vyhladzuj\u00faci 2-f\u00e1zov\u00fd kondicion\u00e9r BS18 bez oplachovania poskytuje vlasom komplexn\u00fa ochranu, hydrat\u00e1ciu a \u017eiariv\u00fd lesk. Obsahuje antioxidanty a UV filter, ktor\u00e9 chr\u00e1nia vlasy pred \u0161kodliv\u00fdmi vonkaj\u0161\u00edmi vplyvmi. Zanech\u00e1va ich jemn\u00e9, \u013eahko roz\u010desate\u013en\u00e9, hladk\u00e9 a leskl\u00e9 \u2013 bez pocitu za\u0165a\u017eenia.<\/p>\n<p class=\"\" data-start=\"672\" data-end=\"870\">Je ide\u00e1lny pre v\u0161etky typy vlasov a vhodn\u00fd na ka\u017edodenn\u00e9 pou\u017eitie. 2-f\u00e1zov\u00e1 recept\u00fara okam\u017eite p\u00f4sob\u00ed na povrch vlasu, u\u013eah\u010duje roz\u010des\u00e1vanie a zlep\u0161uje celkov\u00fd vzh\u013ead vlasov u\u017e po prvom pou\u017eit\u00ed.<\/p>\n<p data-start=\"672\" data-end=\"870\">Pozrite si aj \u010fal\u0161ie <a class=\"cursor-pointer\" href=\"https:\/\/salonkrasyvs.sk\/index.php\/product-category\/vlasova-kozmetika\/kondicionery-a-masky\/\" target=\"_new\" rel=\"noopener\" data-start=\"1180\" data-end=\"1283\">kondicion\u00e9ry<\/a>.<\/p>\n<p>&nbsp;<\/p>\n<p><img decoding=\"async\" data-attachment-id=\"990591\" data-permalink=\"https:\/\/salonkrasyvs.sk\/?attachment_id=990591\" data-orig-file=\"https:\/\/salonkrasyvs.sk\/wp-content\/uploads\/2025\/05\/flower-ikona.png\" data-orig-size=\"64,64\" data-comments-opened=\"1\" data-image-meta=\"{&quot;aperture&quot;:&quot;0&quot;,&quot;credit&quot;:&quot;&quot;,&quot;camera&quot;:&quot;&quot;,&quot;caption&quot;:&quot;&quot;,&quot;created_timestamp&quot;:&quot;0&quot;,&quot;copyright&quot;:&quot;&quot;,&quot;focal_length&quot;:&quot;0&quot;,&quot;iso&quot;:&quot;0&quot;,&quot;shutter_speed&quot;:&quot;0&quot;,&quot;title&quot;:&quot;&quot;,&quot;orientation&quot;:&quot;0&quot;}\" data-image-title=\"flower ikona\" data-image-description=\"\" data-image-caption=\"\" data-large-file=\"https:\/\/salonkrasyvs.sk\/wp-content\/uploads\/2025\/05\/flower-ikona.png\" class=\"alignnone wp-image-990591\" src=\"https:\/\/salonkrasyvs.sk\/wp-content\/uploads\/2025\/05\/flower-ikona.png\" alt=\"\" width=\"57\" height=\"57\" \/><\/p>\n<p><strong>V\u00fdhody:<\/strong><\/p>\n<ul>\n<li class=\"\" data-start=\"448\" data-end=\"486\">\n<p class=\"\" data-start=\"450\" data-end=\"486\">Chr\u00e1ni vlasy pomocou antioxidantov<\/p>\n<\/li>\n<li class=\"\" data-start=\"487\" data-end=\"536\">\n<p class=\"\" data-start=\"489\" data-end=\"536\">Zabezpe\u010duje UV ochranu pred slne\u010dn\u00fdm \u017eiaren\u00edm<\/p>\n<\/li>\n<li class=\"\" data-start=\"537\" data-end=\"580\">\n<p class=\"\" data-start=\"539\" data-end=\"580\">Zjem\u0148uje a u\u013eah\u010duje roz\u010des\u00e1vanie vlasov<\/p>\n<\/li>\n<li class=\"\" data-start=\"581\" data-end=\"614\">\n<p class=\"\" data-start=\"583\" data-end=\"614\">Vhodn\u00fd pre v\u0161etky typy vlasov<\/p>\n<\/li>\n<li class=\"\" data-start=\"615\" data-end=\"667\">\n<p class=\"\" data-start=\"617\" data-end=\"667\">Neza\u0165a\u017euje vlasy, ide\u00e1lny na ka\u017edodenn\u00e9 pou\u017eitie<\/p>\n<\/li>\n<\/ul>\n<p>&nbsp;<\/p>\n<p><img decoding=\"async\" data-attachment-id=\"990617\" data-permalink=\"https:\/\/salonkrasyvs.sk\/?attachment_id=990617\" data-orig-file=\"https:\/\/salonkrasyvs.sk\/wp-content\/uploads\/2025\/05\/dry-hair.png\" data-orig-size=\"64,64\" data-comments-opened=\"1\" data-image-meta=\"{&quot;aperture&quot;:&quot;0&quot;,&quot;credit&quot;:&quot;&quot;,&quot;camera&quot;:&quot;&quot;,&quot;caption&quot;:&quot;&quot;,&quot;created_timestamp&quot;:&quot;0&quot;,&quot;copyright&quot;:&quot;&quot;,&quot;focal_length&quot;:&quot;0&quot;,&quot;iso&quot;:&quot;0&quot;,&quot;shutter_speed&quot;:&quot;0&quot;,&quot;title&quot;:&quot;&quot;,&quot;orientation&quot;:&quot;0&quot;}\" data-image-title=\"dry hair\" data-image-description=\"\" data-image-caption=\"\" data-large-file=\"https:\/\/salonkrasyvs.sk\/wp-content\/uploads\/2025\/05\/dry-hair.png\" class=\"alignnone size-full wp-image-990617\" src=\"https:\/\/salonkrasyvs.sk\/wp-content\/uploads\/2025\/05\/dry-hair.png\" alt=\"\" width=\"64\" height=\"64\" \/><\/p>\n<p><strong>Pou\u017eitie:<\/strong><\/p>\n<ol>\n<li class=\"\" data-start=\"43\" data-end=\"99\">\n<p class=\"\" data-start=\"45\" data-end=\"99\">Pred pou\u017eit\u00edm dobre pretrepte, aby sa f\u00e1zy zmie\u0161ali.<\/p>\n<\/li>\n<li class=\"\" data-start=\"100\" data-end=\"129\">\n<p class=\"\" data-start=\"102\" data-end=\"129\">Aplikujte na umyt\u00e9 vlasy.<\/p>\n<\/li>\n<li class=\"\" data-start=\"130\" data-end=\"165\">\n<p class=\"\" data-start=\"132\" data-end=\"165\">Nechajte p\u00f4sobi\u0165, neoplachujte.<\/p>\n<\/li>\n<li class=\"\" data-start=\"166\" data-end=\"206\">\n<p class=\"\" data-start=\"168\" data-end=\"206\">Pokra\u010dujte v stylingu pod\u013ea potreby.<\/p>\n<\/li>\n<\/ol>\n","protected":false},"excerpt":{"rendered":"<p>Dvojf\u00e1zov\u00fd kondicion\u00e9r, ktor\u00fd vyhladzuje vlasy, chr\u00e1ni pred UV \u017eiaren\u00edm a u\u013eah\u010duje roz\u010des\u00e1vanie. Vhodn\u00fd pre v\u0161etky typy vlasov.<\/p>\n","protected":false},"featured_media":990724,"template":"","meta":[],"product_brand":[],"product_cat":[96,94],"product_tag":[248,160,165,234,159,129,187,235,174,249],"class_list":{"0":"post-990723","1":"product","2":"type-product","3":"status-publish","4":"has-post-thumbnail","6":"product_cat-kondicionery-a-masky","7":"product_cat-vlasova-kozmetika","8":"product_tag-2-fazovy-kondicioner","9":"product_tag-bezoplachova-starostlivost","10":"product_tag-hladke-vlasy","11":"product_tag-leave-in-kondicioner","12":"product_tag-lesk-vlasov","13":"product_tag-profesionalna-kozmetika","14":"product_tag-proti-krepovateniu","15":"product_tag-uv-ochrana","16":"product_tag-veganska-kozmetika","17":"product_tag-vyhladzujuci-efekt","19":"first","20":"instock","21":"shipping-taxable","22":"purchasable","23":"product-type-simple"},"yoast_head":"<!-- This site is optimized with the Yoast SEO plugin v27.5 - https:\/\/yoast.com\/product\/yoast-seo-wordpress\/ -->\n<title>Vyhladzuj\u00faci 2-f\u00e1zov\u00fd kondicion\u00e9r BS18 | 200 ml<\/title>\n<meta name=\"description\" content=\"BS18 vyhladzuj\u00faci 2-f\u00e1zov\u00fd kondicion\u00e9r pre v\u0161etky typy vlasov. Antioxidantn\u00e1 ochrana, UV filter, jemnos\u0165 a jednoduch\u00e9 roz\u010des\u00e1vanie. Bez opl\u00e1chnutia.\" \/>\n<meta name=\"robots\" content=\"index, follow, max-snippet:-1, max-image-preview:large, max-video-preview:-1\" \/>\n<link rel=\"canonical\" href=\"https:\/\/salonkrasyvs.sk\/?product=bs18-smoothing-2-phase-conditioner\" \/>\n<meta property=\"og:locale\" content=\"sk_SK\" \/>\n<meta property=\"og:type\" content=\"article\" \/>\n<meta property=\"og:title\" content=\"Vyhladzuj\u00faci 2-f\u00e1zov\u00fd kondicion\u00e9r BS18 | 200 ml\" \/>\n<meta property=\"og:description\" content=\"BS18 vyhladzuj\u00faci 2-f\u00e1zov\u00fd kondicion\u00e9r pre v\u0161etky typy vlasov. Antioxidantn\u00e1 ochrana, UV filter, jemnos\u0165 a jednoduch\u00e9 roz\u010des\u00e1vanie. Bez opl\u00e1chnutia.\" \/>\n<meta property=\"og:url\" content=\"https:\/\/salonkrasyvs.sk\/?product=bs18-smoothing-2-phase-conditioner\" \/>\n<meta property=\"og:site_name\" content=\"Sal\u00f3n Kr\u00e1sy VS - kadern\u00edctvo, kozmetika, pedik\u00fara, microblading,\" \/>\n<meta property=\"article:modified_time\" content=\"2025-05-19T06:51:48+00:00\" \/>\n<meta property=\"og:image\" content=\"https:\/\/salonkrasyvs.sk\/wp-content\/uploads\/2025\/05\/bs18-smoothing-2-phase-conditioner-e1747253157647.jpg\" \/>\n\t<meta property=\"og:image:width\" content=\"700\" \/>\n\t<meta property=\"og:image:height\" content=\"700\" \/>\n\t<meta property=\"og:image:type\" content=\"image\/jpeg\" \/>\n<meta name=\"twitter:card\" content=\"summary_large_image\" \/>\n<meta name=\"twitter:label1\" content=\"Predpokladan\u00fd \u010das \u010d\u00edtania\" \/>\n\t<meta name=\"twitter:data1\" content=\"2 min\u00faty\" \/>\n<script type=\"application\/ld+json\" class=\"yoast-schema-graph\">{\"@context\":\"https:\\\/\\\/schema.org\",\"@graph\":[{\"@type\":\"WebPage\",\"@id\":\"https:\\\/\\\/salonkrasyvs.sk\\\/?product=bs18-smoothing-2-phase-conditioner\",\"url\":\"https:\\\/\\\/salonkrasyvs.sk\\\/?product=bs18-smoothing-2-phase-conditioner\",\"name\":\"Vyhladzuj\u00faci 2-f\u00e1zov\u00fd kondicion\u00e9r BS18 | 200 ml\",\"isPartOf\":{\"@id\":\"https:\\\/\\\/salonkrasyvs.sk\\\/#website\"},\"primaryImageOfPage\":{\"@id\":\"https:\\\/\\\/salonkrasyvs.sk\\\/?product=bs18-smoothing-2-phase-conditioner#primaryimage\"},\"image\":{\"@id\":\"https:\\\/\\\/salonkrasyvs.sk\\\/?product=bs18-smoothing-2-phase-conditioner#primaryimage\"},\"thumbnailUrl\":\"https:\\\/\\\/salonkrasyvs.sk\\\/wp-content\\\/uploads\\\/2025\\\/05\\\/bs18-smoothing-2-phase-conditioner-e1747253157647.jpg\",\"datePublished\":\"2025-05-14T20:07:16+00:00\",\"dateModified\":\"2025-05-19T06:51:48+00:00\",\"description\":\"BS18 vyhladzuj\u00faci 2-f\u00e1zov\u00fd kondicion\u00e9r pre v\u0161etky typy vlasov. Antioxidantn\u00e1 ochrana, UV filter, jemnos\u0165 a jednoduch\u00e9 roz\u010des\u00e1vanie. Bez opl\u00e1chnutia.\",\"breadcrumb\":{\"@id\":\"https:\\\/\\\/salonkrasyvs.sk\\\/?product=bs18-smoothing-2-phase-conditioner#breadcrumb\"},\"inLanguage\":\"sk-SK\",\"potentialAction\":[{\"@type\":\"ReadAction\",\"target\":[\"https:\\\/\\\/salonkrasyvs.sk\\\/?product=bs18-smoothing-2-phase-conditioner\"]}]},{\"@type\":\"ImageObject\",\"inLanguage\":\"sk-SK\",\"@id\":\"https:\\\/\\\/salonkrasyvs.sk\\\/?product=bs18-smoothing-2-phase-conditioner#primaryimage\",\"url\":\"https:\\\/\\\/salonkrasyvs.sk\\\/wp-content\\\/uploads\\\/2025\\\/05\\\/bs18-smoothing-2-phase-conditioner-e1747253157647.jpg\",\"contentUrl\":\"https:\\\/\\\/salonkrasyvs.sk\\\/wp-content\\\/uploads\\\/2025\\\/05\\\/bs18-smoothing-2-phase-conditioner-e1747253157647.jpg\",\"width\":700,\"height\":700,\"caption\":\"BS18 Smoothing 2-Phase Conditioner \u2013 Vyhladzuj\u00faci 2-f\u00e1zov\u00fd kondicion\u00e9r s UV ochranou\"},{\"@type\":\"BreadcrumbList\",\"@id\":\"https:\\\/\\\/salonkrasyvs.sk\\\/?product=bs18-smoothing-2-phase-conditioner#breadcrumb\",\"itemListElement\":[{\"@type\":\"ListItem\",\"position\":1,\"name\":\"Domovsk\u00e1 str\u00e1nka\",\"item\":\"https:\\\/\\\/salonkrasyvs.sk\\\/\"},{\"@type\":\"ListItem\",\"position\":2,\"name\":\"Obchod_zaloha\",\"item\":\"https:\\\/\\\/salonkrasyvs.sk\\\/?page_id=9697\"},{\"@type\":\"ListItem\",\"position\":3,\"name\":\"BS18 Smoothing 2-Phase Conditioner \u2013 Vyhladzuj\u00faci 2-f\u00e1zov\u00fd kondicion\u00e9r bez oplachovania 200 ml\"}]},{\"@type\":\"WebSite\",\"@id\":\"https:\\\/\\\/salonkrasyvs.sk\\\/#website\",\"url\":\"https:\\\/\\\/salonkrasyvs.sk\\\/\",\"name\":\"Sal\u00f3n Kr\u00e1sy VS - kadern\u00edctvo, kozmetika, pedik\u00fara, microblading,\",\"description\":\"Sal\u00f3n Kr\u00e1sy kde sa o V\u00e1s postar\u00e1me : d\u00e1mske, p\u00e1nske kadern\u00edctvo, kozmetika, pedik\u00fara, manik\u00fara, microblading. Kvalitn\u00e1 vlasov\u00e1 kozmetika na na\u0161om e-shope: Milk shake,  Malibu C, Mon platin, Sans Soucis\",\"potentialAction\":[{\"@type\":\"SearchAction\",\"target\":{\"@type\":\"EntryPoint\",\"urlTemplate\":\"https:\\\/\\\/salonkrasyvs.sk\\\/?s={search_term_string}\"},\"query-input\":{\"@type\":\"PropertyValueSpecification\",\"valueRequired\":true,\"valueName\":\"search_term_string\"}}],\"inLanguage\":\"sk-SK\"}]}<\/script>\n<!-- \/ Yoast SEO plugin. -->","yoast_head_json":{"title":"Vyhladzuj\u00faci 2-f\u00e1zov\u00fd kondicion\u00e9r BS18 | 200 ml","description":"BS18 vyhladzuj\u00faci 2-f\u00e1zov\u00fd kondicion\u00e9r pre v\u0161etky typy vlasov. Antioxidantn\u00e1 ochrana, UV filter, jemnos\u0165 a jednoduch\u00e9 roz\u010des\u00e1vanie. Bez opl\u00e1chnutia.","robots":{"index":"index","follow":"follow","max-snippet":"max-snippet:-1","max-image-preview":"max-image-preview:large","max-video-preview":"max-video-preview:-1"},"canonical":"https:\/\/salonkrasyvs.sk\/?product=bs18-smoothing-2-phase-conditioner","og_locale":"sk_SK","og_type":"article","og_title":"Vyhladzuj\u00faci 2-f\u00e1zov\u00fd kondicion\u00e9r BS18 | 200 ml","og_description":"BS18 vyhladzuj\u00faci 2-f\u00e1zov\u00fd kondicion\u00e9r pre v\u0161etky typy vlasov. Antioxidantn\u00e1 ochrana, UV filter, jemnos\u0165 a jednoduch\u00e9 roz\u010des\u00e1vanie. Bez opl\u00e1chnutia.","og_url":"https:\/\/salonkrasyvs.sk\/?product=bs18-smoothing-2-phase-conditioner","og_site_name":"Sal\u00f3n Kr\u00e1sy VS - kadern\u00edctvo, kozmetika, pedik\u00fara, microblading,","article_modified_time":"2025-05-19T06:51:48+00:00","og_image":[{"width":700,"height":700,"url":"https:\/\/salonkrasyvs.sk\/wp-content\/uploads\/2025\/05\/bs18-smoothing-2-phase-conditioner-e1747253157647.jpg","type":"image\/jpeg"}],"twitter_card":"summary_large_image","twitter_misc":{"Predpokladan\u00fd \u010das \u010d\u00edtania":"2 min\u00faty"},"schema":{"@context":"https:\/\/schema.org","@graph":[{"@type":"WebPage","@id":"https:\/\/salonkrasyvs.sk\/?product=bs18-smoothing-2-phase-conditioner","url":"https:\/\/salonkrasyvs.sk\/?product=bs18-smoothing-2-phase-conditioner","name":"Vyhladzuj\u00faci 2-f\u00e1zov\u00fd kondicion\u00e9r BS18 | 200 ml","isPartOf":{"@id":"https:\/\/salonkrasyvs.sk\/#website"},"primaryImageOfPage":{"@id":"https:\/\/salonkrasyvs.sk\/?product=bs18-smoothing-2-phase-conditioner#primaryimage"},"image":{"@id":"https:\/\/salonkrasyvs.sk\/?product=bs18-smoothing-2-phase-conditioner#primaryimage"},"thumbnailUrl":"https:\/\/salonkrasyvs.sk\/wp-content\/uploads\/2025\/05\/bs18-smoothing-2-phase-conditioner-e1747253157647.jpg","datePublished":"2025-05-14T20:07:16+00:00","dateModified":"2025-05-19T06:51:48+00:00","description":"BS18 vyhladzuj\u00faci 2-f\u00e1zov\u00fd kondicion\u00e9r pre v\u0161etky typy vlasov. Antioxidantn\u00e1 ochrana, UV filter, jemnos\u0165 a jednoduch\u00e9 roz\u010des\u00e1vanie. Bez opl\u00e1chnutia.","breadcrumb":{"@id":"https:\/\/salonkrasyvs.sk\/?product=bs18-smoothing-2-phase-conditioner#breadcrumb"},"inLanguage":"sk-SK","potentialAction":[{"@type":"ReadAction","target":["https:\/\/salonkrasyvs.sk\/?product=bs18-smoothing-2-phase-conditioner"]}]},{"@type":"ImageObject","inLanguage":"sk-SK","@id":"https:\/\/salonkrasyvs.sk\/?product=bs18-smoothing-2-phase-conditioner#primaryimage","url":"https:\/\/salonkrasyvs.sk\/wp-content\/uploads\/2025\/05\/bs18-smoothing-2-phase-conditioner-e1747253157647.jpg","contentUrl":"https:\/\/salonkrasyvs.sk\/wp-content\/uploads\/2025\/05\/bs18-smoothing-2-phase-conditioner-e1747253157647.jpg","width":700,"height":700,"caption":"BS18 Smoothing 2-Phase Conditioner \u2013 Vyhladzuj\u00faci 2-f\u00e1zov\u00fd kondicion\u00e9r s UV ochranou"},{"@type":"BreadcrumbList","@id":"https:\/\/salonkrasyvs.sk\/?product=bs18-smoothing-2-phase-conditioner#breadcrumb","itemListElement":[{"@type":"ListItem","position":1,"name":"Domovsk\u00e1 str\u00e1nka","item":"https:\/\/salonkrasyvs.sk\/"},{"@type":"ListItem","position":2,"name":"Obchod_zaloha","item":"https:\/\/salonkrasyvs.sk\/?page_id=9697"},{"@type":"ListItem","position":3,"name":"BS18 Smoothing 2-Phase Conditioner \u2013 Vyhladzuj\u00faci 2-f\u00e1zov\u00fd kondicion\u00e9r bez oplachovania 200 ml"}]},{"@type":"WebSite","@id":"https:\/\/salonkrasyvs.sk\/#website","url":"https:\/\/salonkrasyvs.sk\/","name":"Sal\u00f3n Kr\u00e1sy VS - kadern\u00edctvo, kozmetika, pedik\u00fara, microblading,","description":"Sal\u00f3n Kr\u00e1sy kde sa o V\u00e1s postar\u00e1me : d\u00e1mske, p\u00e1nske kadern\u00edctvo, kozmetika, pedik\u00fara, manik\u00fara, microblading. Kvalitn\u00e1 vlasov\u00e1 kozmetika na na\u0161om e-shope: Milk shake,  Malibu C, Mon platin, Sans Soucis","potentialAction":[{"@type":"SearchAction","target":{"@type":"EntryPoint","urlTemplate":"https:\/\/salonkrasyvs.sk\/?s={search_term_string}"},"query-input":{"@type":"PropertyValueSpecification","valueRequired":true,"valueName":"search_term_string"}}],"inLanguage":"sk-SK"}]}},"jetpack_sharing_enabled":true,"jetpack_likes_enabled":true,"_links":{"self":[{"href":"https:\/\/salonkrasyvs.sk\/index.php?rest_route=\/wp\/v2\/product\/990723","targetHints":{"allow":["GET"]}}],"collection":[{"href":"https:\/\/salonkrasyvs.sk\/index.php?rest_route=\/wp\/v2\/product"}],"about":[{"href":"https:\/\/salonkrasyvs.sk\/index.php?rest_route=\/wp\/v2\/types\/product"}],"wp:featuredmedia":[{"embeddable":true,"href":"https:\/\/salonkrasyvs.sk\/index.php?rest_route=\/wp\/v2\/media\/990724"}],"wp:attachment":[{"href":"https:\/\/salonkrasyvs.sk\/index.php?rest_route=%2Fwp%2Fv2%2Fmedia&parent=990723"}],"wp:term":[{"taxonomy":"product_brand","embeddable":true,"href":"https:\/\/salonkrasyvs.sk\/index.php?rest_route=%2Fwp%2Fv2%2Fproduct_brand&post=990723"},{"taxonomy":"product_cat","embeddable":true,"href":"https:\/\/salonkrasyvs.sk\/index.php?rest_route=%2Fwp%2Fv2%2Fproduct_cat&post=990723"},{"taxonomy":"product_tag","embeddable":true,"href":"https:\/\/salonkrasyvs.sk\/index.php?rest_route=%2Fwp%2Fv2%2Fproduct_tag&post=990723"}],"curies":[{"name":"wp","href":"https:\/\/api.w.org\/{rel}","templated":true}]}}