{"id":990717,"date":"2025-05-14T21:17:02","date_gmt":"2025-05-14T19:17:02","guid":{"rendered":"https:\/\/salonkrasyvs.sk\/?post_type=product&#038;p=990717"},"modified":"2025-05-19T09:23:38","modified_gmt":"2025-05-19T07:23:38","slug":"biome-b11-repair-shot-serum","status":"publish","type":"product","link":"https:\/\/salonkrasyvs.sk\/?product=biome-b11-repair-shot-serum","title":{"rendered":"BIOme B11 Bio Repair Shot \u2013 Intenz\u00edvne vlasov\u00e9 s\u00e9rum s dvojit\u00fdm \u00fa\u010dinkom 100 ml"},"content":{"rendered":"<p class=\"\" data-start=\"174\" data-end=\"440\">BIOme B11 Bio Repair Shot je pr\u00edrodn\u00e9 vlasov\u00e9 s\u00e9rum s dvojit\u00fdm \u00fa\u010dinkom \u2013 regeneruje po\u0161koden\u00e9 vlasy a z\u00e1rove\u0148 ich vidite\u013ene zahus\u0165uje. Fytokerat\u00edn, moringov\u00fd olej, ry\u017eov\u00fd prote\u00edn a trstinov\u00fd cukor obnovuj\u00fa \u0161trukt\u00faru vlasov, zvy\u0161uj\u00fa ich pru\u017enos\u0165 a podporuj\u00fa vitalitu.<\/p>\n<p class=\"\" data-start=\"442\" data-end=\"666\">S\u00e9rum \u00fa\u010dinne chr\u00e1ni vlasy pred zne\u010disten\u00edm (anti-pollution efekt) a v\u00fdborne posl\u00fa\u017ei ako rie\u0161enie pre oslaben\u00e9, po\u0161koden\u00e9 a redn\u00face vlasy. V\u010faka pr\u00edrodn\u00fdm akt\u00edvnym zlo\u017ek\u00e1m neza\u0165a\u017euje a skvele sa hod\u00ed na pravideln\u00e9 pou\u017e\u00edvanie.<\/p>\n<p data-start=\"977\" data-end=\"1168\">Pozrite si aj \u010fal\u0161ie <a class=\"cursor-pointer\" href=\"https:\/\/salonkrasyvs.sk\/index.php\/product-category\/vlasova-kozmetika\/oleje-a-sera\/\" target=\"_new\" rel=\"noopener\" data-start=\"1464\" data-end=\"1563\">o\u0161etruj\u00face s\u00e9ra na vlasy<\/a>.<\/p>\n<p>&nbsp;<\/p>\n<p><img decoding=\"async\" data-attachment-id=\"990591\" data-permalink=\"https:\/\/salonkrasyvs.sk\/?attachment_id=990591\" data-orig-file=\"https:\/\/salonkrasyvs.sk\/wp-content\/uploads\/2025\/05\/flower-ikona.png\" data-orig-size=\"64,64\" data-comments-opened=\"1\" data-image-meta=\"{&quot;aperture&quot;:&quot;0&quot;,&quot;credit&quot;:&quot;&quot;,&quot;camera&quot;:&quot;&quot;,&quot;caption&quot;:&quot;&quot;,&quot;created_timestamp&quot;:&quot;0&quot;,&quot;copyright&quot;:&quot;&quot;,&quot;focal_length&quot;:&quot;0&quot;,&quot;iso&quot;:&quot;0&quot;,&quot;shutter_speed&quot;:&quot;0&quot;,&quot;title&quot;:&quot;&quot;,&quot;orientation&quot;:&quot;0&quot;}\" data-image-title=\"flower ikona\" data-image-description=\"\" data-image-caption=\"\" data-large-file=\"https:\/\/salonkrasyvs.sk\/wp-content\/uploads\/2025\/05\/flower-ikona.png\" class=\"alignnone wp-image-990591\" src=\"https:\/\/salonkrasyvs.sk\/wp-content\/uploads\/2025\/05\/flower-ikona.png\" alt=\"\" width=\"58\" height=\"58\" \/><\/p>\n<p><strong>V\u00fdhody:<\/strong><\/p>\n<ul>\n<li class=\"\" data-start=\"603\" data-end=\"649\">\n<p class=\"\" data-start=\"605\" data-end=\"649\">Intenz\u00edvna regener\u00e1cia a posilnenie vlasov<\/p>\n<\/li>\n<li class=\"\" data-start=\"650\" data-end=\"688\">\n<p class=\"\" data-start=\"652\" data-end=\"688\">Efekt zahustenia a zv\u00fd\u0161enie objemu<\/p>\n<\/li>\n<li class=\"\" data-start=\"689\" data-end=\"735\">\n<p class=\"\" data-start=\"691\" data-end=\"735\">Ochrana proti zne\u010disteniu (anti-pollution)<\/p>\n<\/li>\n<li class=\"\" data-start=\"736\" data-end=\"763\">\n<p class=\"\" data-start=\"738\" data-end=\"763\">Pr\u00edrodn\u00e9 akt\u00edvne zlo\u017eky<\/p>\n<\/li>\n<li class=\"\" data-start=\"764\" data-end=\"813\">\n<p class=\"\" data-start=\"766\" data-end=\"813\">Vhodn\u00e9 pre po\u0161koden\u00e9, oslaben\u00e9 a riedke vlasy<\/p>\n<\/li>\n<\/ul>\n<p>&nbsp;<\/p>\n<p><img decoding=\"async\" data-attachment-id=\"990617\" data-permalink=\"https:\/\/salonkrasyvs.sk\/?attachment_id=990617\" data-orig-file=\"https:\/\/salonkrasyvs.sk\/wp-content\/uploads\/2025\/05\/dry-hair.png\" data-orig-size=\"64,64\" data-comments-opened=\"1\" data-image-meta=\"{&quot;aperture&quot;:&quot;0&quot;,&quot;credit&quot;:&quot;&quot;,&quot;camera&quot;:&quot;&quot;,&quot;caption&quot;:&quot;&quot;,&quot;created_timestamp&quot;:&quot;0&quot;,&quot;copyright&quot;:&quot;&quot;,&quot;focal_length&quot;:&quot;0&quot;,&quot;iso&quot;:&quot;0&quot;,&quot;shutter_speed&quot;:&quot;0&quot;,&quot;title&quot;:&quot;&quot;,&quot;orientation&quot;:&quot;0&quot;}\" data-image-title=\"dry hair\" data-image-description=\"\" data-image-caption=\"\" data-large-file=\"https:\/\/salonkrasyvs.sk\/wp-content\/uploads\/2025\/05\/dry-hair.png\" class=\"alignnone size-full wp-image-990617\" src=\"https:\/\/salonkrasyvs.sk\/wp-content\/uploads\/2025\/05\/dry-hair.png\" alt=\"\" width=\"64\" height=\"64\" \/><\/p>\n<p><strong>Pou\u017eitie:<\/strong><\/p>\n<ol>\n<li class=\"\" data-start=\"836\" data-end=\"881\">\n<p class=\"\" data-start=\"838\" data-end=\"881\">Naneste na uter\u00e1kom vysu\u0161en\u00e9, umyt\u00e9 vlasy<\/p>\n<\/li>\n<li class=\"\" data-start=\"882\" data-end=\"922\">\n<p class=\"\" data-start=\"884\" data-end=\"922\">Jemne vmas\u00edrujte do d\u013a\u017eok a kon\u010dekov<\/p>\n<\/li>\n<li class=\"\" data-start=\"923\" data-end=\"939\">\n<p class=\"\" data-start=\"925\" data-end=\"939\">Neoplachujte<\/p>\n<\/li>\n<li class=\"\" data-start=\"940\" data-end=\"977\">\n<p class=\"\" data-start=\"942\" data-end=\"977\">Pokra\u010dujte v be\u017enej \u00faprave vlasov<\/p>\n<\/li>\n<\/ol>\n","protected":false},"excerpt":{"rendered":"<p>Intenz\u00edvne vlasov\u00e9 s\u00e9rum s pr\u00edrodn\u00fdmi zlo\u017ekami, ktor\u00e9 obnovuje, zahus\u0165uje a chr\u00e1ni vlasy pred zne\u010disten\u00edm.<\/p>\n","protected":false},"featured_media":990718,"template":"","meta":[],"product_brand":[],"product_cat":[122,94],"product_tag":[242,230,240,172,209,129,241,174,239,158],"class_list":{"0":"post-990717","1":"product","2":"type-product","3":"status-publish","4":"has-post-thumbnail","6":"product_cat-oleje-a-sera","7":"product_cat-vlasova-kozmetika","8":"product_tag-anti-smog-ochrana","9":"product_tag-bio-kozmetika","10":"product_tag-fytokeratin","11":"product_tag-intenzivna-starostlivost","12":"product_tag-prirodne-zlozenie","13":"product_tag-profesionalna-kozmetika","14":"product_tag-regeneracia-vlasov","15":"product_tag-veganska-kozmetika","16":"product_tag-vlasove-serum","17":"product_tag-vyziva-vlasov","19":"first","20":"instock","21":"shipping-taxable","22":"purchasable","23":"product-type-simple"},"yoast_head":"<!-- This site is optimized with the Yoast SEO plugin v27.4 - https:\/\/yoast.com\/product\/yoast-seo-wordpress\/ -->\n<title>Vlasov\u00e9 s\u00e9rum s dvojit\u00fdm \u00fa\u010dinkom BIOme B11 | 100 ml<\/title>\n<meta name=\"description\" content=\"BIOme B11 vlasov\u00e9 s\u00e9rum s dvojit\u00fdm \u00fa\u010dinkom \u2013 regeneruje a zahus\u0165uje vlasy, chr\u00e1ni pred zne\u010disten\u00edm. Pr\u00edrodn\u00e9 zlo\u017eenie, 100 ml.\" \/>\n<meta name=\"robots\" content=\"index, follow, max-snippet:-1, max-image-preview:large, max-video-preview:-1\" \/>\n<link rel=\"canonical\" href=\"https:\/\/salonkrasyvs.sk\/?product=biome-b11-repair-shot-serum\" \/>\n<meta property=\"og:locale\" content=\"sk_SK\" \/>\n<meta property=\"og:type\" content=\"article\" \/>\n<meta property=\"og:title\" content=\"Vlasov\u00e9 s\u00e9rum s dvojit\u00fdm \u00fa\u010dinkom BIOme B11 | 100 ml\" \/>\n<meta property=\"og:description\" content=\"BIOme B11 vlasov\u00e9 s\u00e9rum s dvojit\u00fdm \u00fa\u010dinkom \u2013 regeneruje a zahus\u0165uje vlasy, chr\u00e1ni pred zne\u010disten\u00edm. Pr\u00edrodn\u00e9 zlo\u017eenie, 100 ml.\" \/>\n<meta property=\"og:url\" content=\"https:\/\/salonkrasyvs.sk\/?product=biome-b11-repair-shot-serum\" \/>\n<meta property=\"og:site_name\" content=\"Sal\u00f3n Kr\u00e1sy VS - kadern\u00edctvo, kozmetika, pedik\u00fara, microblading,\" \/>\n<meta property=\"article:modified_time\" content=\"2025-05-19T07:23:38+00:00\" \/>\n<meta property=\"og:image\" content=\"https:\/\/salonkrasyvs.sk\/wp-content\/uploads\/2025\/05\/biome-b11-repair-shot-serum-e1747250193443.jpg\" \/>\n\t<meta property=\"og:image:width\" content=\"700\" \/>\n\t<meta property=\"og:image:height\" content=\"700\" \/>\n\t<meta property=\"og:image:type\" content=\"image\/jpeg\" \/>\n<meta name=\"twitter:card\" content=\"summary_large_image\" \/>\n<meta name=\"twitter:label1\" content=\"Predpokladan\u00fd \u010das \u010d\u00edtania\" \/>\n\t<meta name=\"twitter:data1\" content=\"2 min\u00faty\" \/>\n<script type=\"application\/ld+json\" class=\"yoast-schema-graph\">{\"@context\":\"https:\\\/\\\/schema.org\",\"@graph\":[{\"@type\":\"WebPage\",\"@id\":\"https:\\\/\\\/salonkrasyvs.sk\\\/?product=biome-b11-repair-shot-serum\",\"url\":\"https:\\\/\\\/salonkrasyvs.sk\\\/?product=biome-b11-repair-shot-serum\",\"name\":\"Vlasov\u00e9 s\u00e9rum s dvojit\u00fdm \u00fa\u010dinkom BIOme B11 | 100 ml\",\"isPartOf\":{\"@id\":\"https:\\\/\\\/salonkrasyvs.sk\\\/#website\"},\"primaryImageOfPage\":{\"@id\":\"https:\\\/\\\/salonkrasyvs.sk\\\/?product=biome-b11-repair-shot-serum#primaryimage\"},\"image\":{\"@id\":\"https:\\\/\\\/salonkrasyvs.sk\\\/?product=biome-b11-repair-shot-serum#primaryimage\"},\"thumbnailUrl\":\"https:\\\/\\\/salonkrasyvs.sk\\\/wp-content\\\/uploads\\\/2025\\\/05\\\/biome-b11-repair-shot-serum-e1747250193443.jpg\",\"datePublished\":\"2025-05-14T19:17:02+00:00\",\"dateModified\":\"2025-05-19T07:23:38+00:00\",\"description\":\"BIOme B11 vlasov\u00e9 s\u00e9rum s dvojit\u00fdm \u00fa\u010dinkom \u2013 regeneruje a zahus\u0165uje vlasy, chr\u00e1ni pred zne\u010disten\u00edm. Pr\u00edrodn\u00e9 zlo\u017eenie, 100 ml.\",\"breadcrumb\":{\"@id\":\"https:\\\/\\\/salonkrasyvs.sk\\\/?product=biome-b11-repair-shot-serum#breadcrumb\"},\"inLanguage\":\"sk-SK\",\"potentialAction\":[{\"@type\":\"ReadAction\",\"target\":[\"https:\\\/\\\/salonkrasyvs.sk\\\/?product=biome-b11-repair-shot-serum\"]}]},{\"@type\":\"ImageObject\",\"inLanguage\":\"sk-SK\",\"@id\":\"https:\\\/\\\/salonkrasyvs.sk\\\/?product=biome-b11-repair-shot-serum#primaryimage\",\"url\":\"https:\\\/\\\/salonkrasyvs.sk\\\/wp-content\\\/uploads\\\/2025\\\/05\\\/biome-b11-repair-shot-serum-e1747250193443.jpg\",\"contentUrl\":\"https:\\\/\\\/salonkrasyvs.sk\\\/wp-content\\\/uploads\\\/2025\\\/05\\\/biome-b11-repair-shot-serum-e1747250193443.jpg\",\"width\":700,\"height\":700,\"caption\":\"BIOme B11 Bio Repair Shot \u2013 Intenz\u00edvne vlasov\u00e9 s\u00e9rum s fytokerat\u00ednom a anti-smog efektom\"},{\"@type\":\"BreadcrumbList\",\"@id\":\"https:\\\/\\\/salonkrasyvs.sk\\\/?product=biome-b11-repair-shot-serum#breadcrumb\",\"itemListElement\":[{\"@type\":\"ListItem\",\"position\":1,\"name\":\"Domovsk\u00e1 str\u00e1nka\",\"item\":\"https:\\\/\\\/salonkrasyvs.sk\\\/\"},{\"@type\":\"ListItem\",\"position\":2,\"name\":\"Obchod_zaloha\",\"item\":\"https:\\\/\\\/salonkrasyvs.sk\\\/?page_id=9697\"},{\"@type\":\"ListItem\",\"position\":3,\"name\":\"BIOme B11 Bio Repair Shot \u2013 Intenz\u00edvne vlasov\u00e9 s\u00e9rum s dvojit\u00fdm \u00fa\u010dinkom 100 ml\"}]},{\"@type\":\"WebSite\",\"@id\":\"https:\\\/\\\/salonkrasyvs.sk\\\/#website\",\"url\":\"https:\\\/\\\/salonkrasyvs.sk\\\/\",\"name\":\"Sal\u00f3n Kr\u00e1sy VS - kadern\u00edctvo, kozmetika, pedik\u00fara, microblading,\",\"description\":\"Sal\u00f3n Kr\u00e1sy kde sa o V\u00e1s postar\u00e1me : d\u00e1mske, p\u00e1nske kadern\u00edctvo, kozmetika, pedik\u00fara, manik\u00fara, microblading. Kvalitn\u00e1 vlasov\u00e1 kozmetika na na\u0161om e-shope: Milk shake,  Malibu C, Mon platin, Sans Soucis\",\"potentialAction\":[{\"@type\":\"SearchAction\",\"target\":{\"@type\":\"EntryPoint\",\"urlTemplate\":\"https:\\\/\\\/salonkrasyvs.sk\\\/?s={search_term_string}\"},\"query-input\":{\"@type\":\"PropertyValueSpecification\",\"valueRequired\":true,\"valueName\":\"search_term_string\"}}],\"inLanguage\":\"sk-SK\"}]}<\/script>\n<!-- \/ Yoast SEO plugin. -->","yoast_head_json":{"title":"Vlasov\u00e9 s\u00e9rum s dvojit\u00fdm \u00fa\u010dinkom BIOme B11 | 100 ml","description":"BIOme B11 vlasov\u00e9 s\u00e9rum s dvojit\u00fdm \u00fa\u010dinkom \u2013 regeneruje a zahus\u0165uje vlasy, chr\u00e1ni pred zne\u010disten\u00edm. Pr\u00edrodn\u00e9 zlo\u017eenie, 100 ml.","robots":{"index":"index","follow":"follow","max-snippet":"max-snippet:-1","max-image-preview":"max-image-preview:large","max-video-preview":"max-video-preview:-1"},"canonical":"https:\/\/salonkrasyvs.sk\/?product=biome-b11-repair-shot-serum","og_locale":"sk_SK","og_type":"article","og_title":"Vlasov\u00e9 s\u00e9rum s dvojit\u00fdm \u00fa\u010dinkom BIOme B11 | 100 ml","og_description":"BIOme B11 vlasov\u00e9 s\u00e9rum s dvojit\u00fdm \u00fa\u010dinkom \u2013 regeneruje a zahus\u0165uje vlasy, chr\u00e1ni pred zne\u010disten\u00edm. Pr\u00edrodn\u00e9 zlo\u017eenie, 100 ml.","og_url":"https:\/\/salonkrasyvs.sk\/?product=biome-b11-repair-shot-serum","og_site_name":"Sal\u00f3n Kr\u00e1sy VS - kadern\u00edctvo, kozmetika, pedik\u00fara, microblading,","article_modified_time":"2025-05-19T07:23:38+00:00","og_image":[{"width":700,"height":700,"url":"https:\/\/salonkrasyvs.sk\/wp-content\/uploads\/2025\/05\/biome-b11-repair-shot-serum-e1747250193443.jpg","type":"image\/jpeg"}],"twitter_card":"summary_large_image","twitter_misc":{"Predpokladan\u00fd \u010das \u010d\u00edtania":"2 min\u00faty"},"schema":{"@context":"https:\/\/schema.org","@graph":[{"@type":"WebPage","@id":"https:\/\/salonkrasyvs.sk\/?product=biome-b11-repair-shot-serum","url":"https:\/\/salonkrasyvs.sk\/?product=biome-b11-repair-shot-serum","name":"Vlasov\u00e9 s\u00e9rum s dvojit\u00fdm \u00fa\u010dinkom BIOme B11 | 100 ml","isPartOf":{"@id":"https:\/\/salonkrasyvs.sk\/#website"},"primaryImageOfPage":{"@id":"https:\/\/salonkrasyvs.sk\/?product=biome-b11-repair-shot-serum#primaryimage"},"image":{"@id":"https:\/\/salonkrasyvs.sk\/?product=biome-b11-repair-shot-serum#primaryimage"},"thumbnailUrl":"https:\/\/salonkrasyvs.sk\/wp-content\/uploads\/2025\/05\/biome-b11-repair-shot-serum-e1747250193443.jpg","datePublished":"2025-05-14T19:17:02+00:00","dateModified":"2025-05-19T07:23:38+00:00","description":"BIOme B11 vlasov\u00e9 s\u00e9rum s dvojit\u00fdm \u00fa\u010dinkom \u2013 regeneruje a zahus\u0165uje vlasy, chr\u00e1ni pred zne\u010disten\u00edm. Pr\u00edrodn\u00e9 zlo\u017eenie, 100 ml.","breadcrumb":{"@id":"https:\/\/salonkrasyvs.sk\/?product=biome-b11-repair-shot-serum#breadcrumb"},"inLanguage":"sk-SK","potentialAction":[{"@type":"ReadAction","target":["https:\/\/salonkrasyvs.sk\/?product=biome-b11-repair-shot-serum"]}]},{"@type":"ImageObject","inLanguage":"sk-SK","@id":"https:\/\/salonkrasyvs.sk\/?product=biome-b11-repair-shot-serum#primaryimage","url":"https:\/\/salonkrasyvs.sk\/wp-content\/uploads\/2025\/05\/biome-b11-repair-shot-serum-e1747250193443.jpg","contentUrl":"https:\/\/salonkrasyvs.sk\/wp-content\/uploads\/2025\/05\/biome-b11-repair-shot-serum-e1747250193443.jpg","width":700,"height":700,"caption":"BIOme B11 Bio Repair Shot \u2013 Intenz\u00edvne vlasov\u00e9 s\u00e9rum s fytokerat\u00ednom a anti-smog efektom"},{"@type":"BreadcrumbList","@id":"https:\/\/salonkrasyvs.sk\/?product=biome-b11-repair-shot-serum#breadcrumb","itemListElement":[{"@type":"ListItem","position":1,"name":"Domovsk\u00e1 str\u00e1nka","item":"https:\/\/salonkrasyvs.sk\/"},{"@type":"ListItem","position":2,"name":"Obchod_zaloha","item":"https:\/\/salonkrasyvs.sk\/?page_id=9697"},{"@type":"ListItem","position":3,"name":"BIOme B11 Bio Repair Shot \u2013 Intenz\u00edvne vlasov\u00e9 s\u00e9rum s dvojit\u00fdm \u00fa\u010dinkom 100 ml"}]},{"@type":"WebSite","@id":"https:\/\/salonkrasyvs.sk\/#website","url":"https:\/\/salonkrasyvs.sk\/","name":"Sal\u00f3n Kr\u00e1sy VS - kadern\u00edctvo, kozmetika, pedik\u00fara, microblading,","description":"Sal\u00f3n Kr\u00e1sy kde sa o V\u00e1s postar\u00e1me : d\u00e1mske, p\u00e1nske kadern\u00edctvo, kozmetika, pedik\u00fara, manik\u00fara, microblading. Kvalitn\u00e1 vlasov\u00e1 kozmetika na na\u0161om e-shope: Milk shake,  Malibu C, Mon platin, Sans Soucis","potentialAction":[{"@type":"SearchAction","target":{"@type":"EntryPoint","urlTemplate":"https:\/\/salonkrasyvs.sk\/?s={search_term_string}"},"query-input":{"@type":"PropertyValueSpecification","valueRequired":true,"valueName":"search_term_string"}}],"inLanguage":"sk-SK"}]}},"jetpack_sharing_enabled":true,"jetpack_likes_enabled":true,"_links":{"self":[{"href":"https:\/\/salonkrasyvs.sk\/index.php?rest_route=\/wp\/v2\/product\/990717","targetHints":{"allow":["GET"]}}],"collection":[{"href":"https:\/\/salonkrasyvs.sk\/index.php?rest_route=\/wp\/v2\/product"}],"about":[{"href":"https:\/\/salonkrasyvs.sk\/index.php?rest_route=\/wp\/v2\/types\/product"}],"wp:featuredmedia":[{"embeddable":true,"href":"https:\/\/salonkrasyvs.sk\/index.php?rest_route=\/wp\/v2\/media\/990718"}],"wp:attachment":[{"href":"https:\/\/salonkrasyvs.sk\/index.php?rest_route=%2Fwp%2Fv2%2Fmedia&parent=990717"}],"wp:term":[{"taxonomy":"product_brand","embeddable":true,"href":"https:\/\/salonkrasyvs.sk\/index.php?rest_route=%2Fwp%2Fv2%2Fproduct_brand&post=990717"},{"taxonomy":"product_cat","embeddable":true,"href":"https:\/\/salonkrasyvs.sk\/index.php?rest_route=%2Fwp%2Fv2%2Fproduct_cat&post=990717"},{"taxonomy":"product_tag","embeddable":true,"href":"https:\/\/salonkrasyvs.sk\/index.php?rest_route=%2Fwp%2Fv2%2Fproduct_tag&post=990717"}],"curies":[{"name":"wp","href":"https:\/\/api.w.org\/{rel}","templated":true}]}}