{"id":990697,"date":"2025-05-14T17:28:11","date_gmt":"2025-05-14T15:28:11","guid":{"rendered":"https:\/\/salonkrasyvs.sk\/?post_type=product&#038;p=990697"},"modified":"2025-05-19T09:06:48","modified_gmt":"2025-05-19T07:06:48","slug":"ayurvedic-essential-oil","status":"publish","type":"product","link":"https:\/\/salonkrasyvs.sk\/?product=ayurvedic-essential-oil","title":{"rendered":"Ayurvedic Essential Oil \u2013 Elix\u00edr pr\u00edrodn\u00fdch esenci\u00e1lnych olejov na vlasy 100 ml"},"content":{"rendered":"<p class=\"\" data-start=\"729\" data-end=\"986\">Ayurvedic Essential Oil je elix\u00edr s obsahom pr\u00edrodn\u00fdch esenci\u00e1lnych olejov, ktor\u00fd poskytuje intenz\u00edvnu v\u00fd\u017eivu a regener\u00e1ciu pre stredn\u00e9 d\u013a\u017eky a konce vlasov. Je ide\u00e1lny pre such\u00e9, nam\u00e1han\u00e9 vlasy, ktor\u00e9 potrebuj\u00fa obnovi\u0165 jemnos\u0165, hebkos\u0165 a zdrav\u00fd vzh\u013ead.<\/p>\n<p class=\"\" data-start=\"988\" data-end=\"1178\">\u013dahk\u00e1 olejov\u00e1 text\u00fara neza\u0165a\u017euje vlasy, zanech\u00e1va ich hladk\u00e9, leskl\u00e9 a pru\u017en\u00e9. Podporuje prirodzen\u00fa regener\u00e1ciu, chr\u00e1ni pred vysu\u0161ovan\u00edm a po\u0161koden\u00edm, pri\u010dom zvy\u0161uje ich odolnos\u0165 a vitalitu.<\/p>\n<p>Vysk\u00fa\u0161ajte aj \u010fal\u0161ie <a class=\"cursor-pointer\" href=\"https:\/\/salonkrasyvs.sk\/index.php\/product-category\/vlasova-kozmetika\/oleje-a-sera\/\" target=\"_new\" rel=\"noopener\" data-start=\"1459\" data-end=\"1573\">vlasov\u00e9 oleje pre v\u00fd\u017eivu a regener\u00e1ciu<\/a>.<\/p>\n<p>&nbsp;<\/p>\n<p><img decoding=\"async\" data-attachment-id=\"990591\" data-permalink=\"https:\/\/salonkrasyvs.sk\/?attachment_id=990591\" data-orig-file=\"https:\/\/salonkrasyvs.sk\/wp-content\/uploads\/2025\/05\/flower-ikona.png\" data-orig-size=\"64,64\" data-comments-opened=\"1\" data-image-meta=\"{&quot;aperture&quot;:&quot;0&quot;,&quot;credit&quot;:&quot;&quot;,&quot;camera&quot;:&quot;&quot;,&quot;caption&quot;:&quot;&quot;,&quot;created_timestamp&quot;:&quot;0&quot;,&quot;copyright&quot;:&quot;&quot;,&quot;focal_length&quot;:&quot;0&quot;,&quot;iso&quot;:&quot;0&quot;,&quot;shutter_speed&quot;:&quot;0&quot;,&quot;title&quot;:&quot;&quot;,&quot;orientation&quot;:&quot;0&quot;}\" data-image-title=\"flower ikona\" data-image-description=\"\" data-image-caption=\"\" data-large-file=\"https:\/\/salonkrasyvs.sk\/wp-content\/uploads\/2025\/05\/flower-ikona.png\" class=\"alignnone wp-image-990591\" src=\"https:\/\/salonkrasyvs.sk\/wp-content\/uploads\/2025\/05\/flower-ikona.png\" alt=\"\" width=\"59\" height=\"59\" \/><\/p>\n<p><strong>V\u00fdhody:<\/strong><\/p>\n<ul>\n<li class=\"\" data-start=\"671\" data-end=\"708\">\n<p class=\"\" data-start=\"673\" data-end=\"708\">Intenz\u00edvne hydratuje a regeneruje<\/p>\n<\/li>\n<li class=\"\" data-start=\"709\" data-end=\"748\">\n<p class=\"\" data-start=\"711\" data-end=\"748\">Zjem\u0148uje a uhladzuje vlasov\u00e9 vl\u00e1kno<\/p>\n<\/li>\n<li class=\"\" data-start=\"749\" data-end=\"787\">\n<p class=\"\" data-start=\"751\" data-end=\"787\">Obsahuje pr\u00edrodn\u00e9 esenci\u00e1lne oleje<\/p>\n<\/li>\n<li class=\"\" data-start=\"788\" data-end=\"825\">\n<p class=\"\" data-start=\"790\" data-end=\"825\">Dod\u00e1va prirodzen\u00fd lesk a pru\u017enos\u0165<\/p>\n<\/li>\n<li class=\"\" data-start=\"826\" data-end=\"871\">\n<p class=\"\" data-start=\"828\" data-end=\"871\">Ide\u00e1lne pre such\u00e9 a nam\u00e1han\u00e9 konce vlasov<\/p>\n<\/li>\n<\/ul>\n<p>&nbsp;<\/p>\n<p><img decoding=\"async\" data-attachment-id=\"990617\" data-permalink=\"https:\/\/salonkrasyvs.sk\/?attachment_id=990617\" data-orig-file=\"https:\/\/salonkrasyvs.sk\/wp-content\/uploads\/2025\/05\/dry-hair.png\" data-orig-size=\"64,64\" data-comments-opened=\"1\" data-image-meta=\"{&quot;aperture&quot;:&quot;0&quot;,&quot;credit&quot;:&quot;&quot;,&quot;camera&quot;:&quot;&quot;,&quot;caption&quot;:&quot;&quot;,&quot;created_timestamp&quot;:&quot;0&quot;,&quot;copyright&quot;:&quot;&quot;,&quot;focal_length&quot;:&quot;0&quot;,&quot;iso&quot;:&quot;0&quot;,&quot;shutter_speed&quot;:&quot;0&quot;,&quot;title&quot;:&quot;&quot;,&quot;orientation&quot;:&quot;0&quot;}\" data-image-title=\"dry hair\" data-image-description=\"\" data-image-caption=\"\" data-large-file=\"https:\/\/salonkrasyvs.sk\/wp-content\/uploads\/2025\/05\/dry-hair.png\" class=\"alignnone size-full wp-image-990617\" src=\"https:\/\/salonkrasyvs.sk\/wp-content\/uploads\/2025\/05\/dry-hair.png\" alt=\"\" width=\"64\" height=\"64\" \/><\/p>\n<p><strong>Pou\u017eitie:<\/strong><\/p>\n<ol>\n<li class=\"\" data-start=\"894\" data-end=\"975\">\n<p class=\"\" data-start=\"896\" data-end=\"975\">Naneste mal\u00e9 mno\u017estvo na such\u00e9 alebo vlhk\u00e9 vlasy, do stredn\u00fdch d\u013a\u017eok a koncov<\/p>\n<\/li>\n<li class=\"\" data-start=\"976\" data-end=\"996\">\n<p class=\"\" data-start=\"978\" data-end=\"996\">Jemne vmas\u00edrujte<\/p>\n<\/li>\n<li class=\"\" data-start=\"997\" data-end=\"1013\">\n<p class=\"\" data-start=\"999\" data-end=\"1013\">Neoplachujte<\/p>\n<\/li>\n<li class=\"\" data-start=\"1014\" data-end=\"1042\">\n<p class=\"\" data-start=\"1016\" data-end=\"1042\">Pou\u017e\u00edvajte pod\u013ea potreby<\/p>\n<\/li>\n<\/ol>\n","protected":false},"excerpt":{"rendered":"<p>Pr\u00edrodn\u00fd olejov\u00fd elix\u00edr na stredn\u00e9 d\u013a\u017eky a konce vlasov. Hydratuje, regeneruje a dod\u00e1va hodv\u00e1bny lesk a jemnos\u0165.<\/p>\n","protected":false},"featured_media":990698,"template":"","meta":[],"product_brand":[],"product_cat":[122,94],"product_tag":[208,213,159,214,129,127,128,174,158],"class_list":{"0":"post-990697","1":"product","2":"type-product","3":"status-publish","4":"has-post-thumbnail","6":"product_cat-oleje-a-sera","7":"product_cat-vlasova-kozmetika","8":"product_tag-ayurvedska-kozmetika","9":"product_tag-esencialny-olej","10":"product_tag-lesk-vlasov","11":"product_tag-prirodne-oleje","12":"product_tag-profesionalna-kozmetika","13":"product_tag-regeneracia","14":"product_tag-starostlivost-o-vlasy","15":"product_tag-veganska-kozmetika","16":"product_tag-vyziva-vlasov","18":"first","19":"instock","20":"shipping-taxable","21":"purchasable","22":"product-type-simple"},"yoast_head":"<!-- This site is optimized with the Yoast SEO plugin v27.4 - https:\/\/yoast.com\/product\/yoast-seo-wordpress\/ -->\n<title>Ayurvedic olej na vlasy s esenci\u00e1lnymi olejmi | 100 ml<\/title>\n<meta name=\"description\" content=\"Ayurvedic vlasov\u00fd olej s esenci\u00e1lnymi olejmi. V\u00fd\u017eiva, regener\u00e1cia a lesk pre such\u00e9 a nam\u00e1han\u00e9 vlasy. Hebk\u00e9 vlasy bez za\u0165a\u017eenia, 100 ml.\" \/>\n<meta name=\"robots\" content=\"index, follow, max-snippet:-1, max-image-preview:large, max-video-preview:-1\" \/>\n<link rel=\"canonical\" href=\"https:\/\/salonkrasyvs.sk\/?product=ayurvedic-essential-oil\" \/>\n<meta property=\"og:locale\" content=\"sk_SK\" \/>\n<meta property=\"og:type\" content=\"article\" \/>\n<meta property=\"og:title\" content=\"Ayurvedic olej na vlasy s esenci\u00e1lnymi olejmi | 100 ml\" \/>\n<meta property=\"og:description\" content=\"Ayurvedic vlasov\u00fd olej s esenci\u00e1lnymi olejmi. V\u00fd\u017eiva, regener\u00e1cia a lesk pre such\u00e9 a nam\u00e1han\u00e9 vlasy. Hebk\u00e9 vlasy bez za\u0165a\u017eenia, 100 ml.\" \/>\n<meta property=\"og:url\" content=\"https:\/\/salonkrasyvs.sk\/?product=ayurvedic-essential-oil\" \/>\n<meta property=\"og:site_name\" content=\"Sal\u00f3n Kr\u00e1sy VS - kadern\u00edctvo, kozmetika, pedik\u00fara, microblading,\" \/>\n<meta property=\"article:modified_time\" content=\"2025-05-19T07:06:48+00:00\" \/>\n<meta property=\"og:image\" content=\"https:\/\/salonkrasyvs.sk\/wp-content\/uploads\/2025\/05\/ayurvedic-essential-oil-e1747236435362.jpg\" \/>\n\t<meta property=\"og:image:width\" content=\"700\" \/>\n\t<meta property=\"og:image:height\" content=\"700\" \/>\n\t<meta property=\"og:image:type\" content=\"image\/jpeg\" \/>\n<meta name=\"twitter:card\" content=\"summary_large_image\" \/>\n<meta name=\"twitter:label1\" content=\"Predpokladan\u00fd \u010das \u010d\u00edtania\" \/>\n\t<meta name=\"twitter:data1\" content=\"2 min\u00faty\" \/>\n<script type=\"application\/ld+json\" class=\"yoast-schema-graph\">{\"@context\":\"https:\\\/\\\/schema.org\",\"@graph\":[{\"@type\":\"WebPage\",\"@id\":\"https:\\\/\\\/salonkrasyvs.sk\\\/?product=ayurvedic-essential-oil\",\"url\":\"https:\\\/\\\/salonkrasyvs.sk\\\/?product=ayurvedic-essential-oil\",\"name\":\"Ayurvedic olej na vlasy s esenci\u00e1lnymi olejmi | 100 ml\",\"isPartOf\":{\"@id\":\"https:\\\/\\\/salonkrasyvs.sk\\\/#website\"},\"primaryImageOfPage\":{\"@id\":\"https:\\\/\\\/salonkrasyvs.sk\\\/?product=ayurvedic-essential-oil#primaryimage\"},\"image\":{\"@id\":\"https:\\\/\\\/salonkrasyvs.sk\\\/?product=ayurvedic-essential-oil#primaryimage\"},\"thumbnailUrl\":\"https:\\\/\\\/salonkrasyvs.sk\\\/wp-content\\\/uploads\\\/2025\\\/05\\\/ayurvedic-essential-oil-e1747236435362.jpg\",\"datePublished\":\"2025-05-14T15:28:11+00:00\",\"dateModified\":\"2025-05-19T07:06:48+00:00\",\"description\":\"Ayurvedic vlasov\u00fd olej s esenci\u00e1lnymi olejmi. V\u00fd\u017eiva, regener\u00e1cia a lesk pre such\u00e9 a nam\u00e1han\u00e9 vlasy. Hebk\u00e9 vlasy bez za\u0165a\u017eenia, 100 ml.\",\"breadcrumb\":{\"@id\":\"https:\\\/\\\/salonkrasyvs.sk\\\/?product=ayurvedic-essential-oil#breadcrumb\"},\"inLanguage\":\"sk-SK\",\"potentialAction\":[{\"@type\":\"ReadAction\",\"target\":[\"https:\\\/\\\/salonkrasyvs.sk\\\/?product=ayurvedic-essential-oil\"]}]},{\"@type\":\"ImageObject\",\"inLanguage\":\"sk-SK\",\"@id\":\"https:\\\/\\\/salonkrasyvs.sk\\\/?product=ayurvedic-essential-oil#primaryimage\",\"url\":\"https:\\\/\\\/salonkrasyvs.sk\\\/wp-content\\\/uploads\\\/2025\\\/05\\\/ayurvedic-essential-oil-e1747236435362.jpg\",\"contentUrl\":\"https:\\\/\\\/salonkrasyvs.sk\\\/wp-content\\\/uploads\\\/2025\\\/05\\\/ayurvedic-essential-oil-e1747236435362.jpg\",\"width\":700,\"height\":700,\"caption\":\"Ayurvedic Essential Oil \u2013 Elix\u00edr pr\u00edrodn\u00fdch esenci\u00e1lnych olejov na vlasy\"},{\"@type\":\"BreadcrumbList\",\"@id\":\"https:\\\/\\\/salonkrasyvs.sk\\\/?product=ayurvedic-essential-oil#breadcrumb\",\"itemListElement\":[{\"@type\":\"ListItem\",\"position\":1,\"name\":\"Domovsk\u00e1 str\u00e1nka\",\"item\":\"https:\\\/\\\/salonkrasyvs.sk\\\/\"},{\"@type\":\"ListItem\",\"position\":2,\"name\":\"Obchod_zaloha\",\"item\":\"https:\\\/\\\/salonkrasyvs.sk\\\/?page_id=9697\"},{\"@type\":\"ListItem\",\"position\":3,\"name\":\"Ayurvedic Essential Oil \u2013 Elix\u00edr pr\u00edrodn\u00fdch esenci\u00e1lnych olejov na vlasy 100 ml\"}]},{\"@type\":\"WebSite\",\"@id\":\"https:\\\/\\\/salonkrasyvs.sk\\\/#website\",\"url\":\"https:\\\/\\\/salonkrasyvs.sk\\\/\",\"name\":\"Sal\u00f3n Kr\u00e1sy VS - kadern\u00edctvo, kozmetika, pedik\u00fara, microblading,\",\"description\":\"Sal\u00f3n Kr\u00e1sy kde sa o V\u00e1s postar\u00e1me : d\u00e1mske, p\u00e1nske kadern\u00edctvo, kozmetika, pedik\u00fara, manik\u00fara, microblading. Kvalitn\u00e1 vlasov\u00e1 kozmetika na na\u0161om e-shope: Milk shake,  Malibu C, Mon platin, Sans Soucis\",\"potentialAction\":[{\"@type\":\"SearchAction\",\"target\":{\"@type\":\"EntryPoint\",\"urlTemplate\":\"https:\\\/\\\/salonkrasyvs.sk\\\/?s={search_term_string}\"},\"query-input\":{\"@type\":\"PropertyValueSpecification\",\"valueRequired\":true,\"valueName\":\"search_term_string\"}}],\"inLanguage\":\"sk-SK\"}]}<\/script>\n<!-- \/ Yoast SEO plugin. -->","yoast_head_json":{"title":"Ayurvedic olej na vlasy s esenci\u00e1lnymi olejmi | 100 ml","description":"Ayurvedic vlasov\u00fd olej s esenci\u00e1lnymi olejmi. V\u00fd\u017eiva, regener\u00e1cia a lesk pre such\u00e9 a nam\u00e1han\u00e9 vlasy. Hebk\u00e9 vlasy bez za\u0165a\u017eenia, 100 ml.","robots":{"index":"index","follow":"follow","max-snippet":"max-snippet:-1","max-image-preview":"max-image-preview:large","max-video-preview":"max-video-preview:-1"},"canonical":"https:\/\/salonkrasyvs.sk\/?product=ayurvedic-essential-oil","og_locale":"sk_SK","og_type":"article","og_title":"Ayurvedic olej na vlasy s esenci\u00e1lnymi olejmi | 100 ml","og_description":"Ayurvedic vlasov\u00fd olej s esenci\u00e1lnymi olejmi. V\u00fd\u017eiva, regener\u00e1cia a lesk pre such\u00e9 a nam\u00e1han\u00e9 vlasy. Hebk\u00e9 vlasy bez za\u0165a\u017eenia, 100 ml.","og_url":"https:\/\/salonkrasyvs.sk\/?product=ayurvedic-essential-oil","og_site_name":"Sal\u00f3n Kr\u00e1sy VS - kadern\u00edctvo, kozmetika, pedik\u00fara, microblading,","article_modified_time":"2025-05-19T07:06:48+00:00","og_image":[{"width":700,"height":700,"url":"https:\/\/salonkrasyvs.sk\/wp-content\/uploads\/2025\/05\/ayurvedic-essential-oil-e1747236435362.jpg","type":"image\/jpeg"}],"twitter_card":"summary_large_image","twitter_misc":{"Predpokladan\u00fd \u010das \u010d\u00edtania":"2 min\u00faty"},"schema":{"@context":"https:\/\/schema.org","@graph":[{"@type":"WebPage","@id":"https:\/\/salonkrasyvs.sk\/?product=ayurvedic-essential-oil","url":"https:\/\/salonkrasyvs.sk\/?product=ayurvedic-essential-oil","name":"Ayurvedic olej na vlasy s esenci\u00e1lnymi olejmi | 100 ml","isPartOf":{"@id":"https:\/\/salonkrasyvs.sk\/#website"},"primaryImageOfPage":{"@id":"https:\/\/salonkrasyvs.sk\/?product=ayurvedic-essential-oil#primaryimage"},"image":{"@id":"https:\/\/salonkrasyvs.sk\/?product=ayurvedic-essential-oil#primaryimage"},"thumbnailUrl":"https:\/\/salonkrasyvs.sk\/wp-content\/uploads\/2025\/05\/ayurvedic-essential-oil-e1747236435362.jpg","datePublished":"2025-05-14T15:28:11+00:00","dateModified":"2025-05-19T07:06:48+00:00","description":"Ayurvedic vlasov\u00fd olej s esenci\u00e1lnymi olejmi. V\u00fd\u017eiva, regener\u00e1cia a lesk pre such\u00e9 a nam\u00e1han\u00e9 vlasy. Hebk\u00e9 vlasy bez za\u0165a\u017eenia, 100 ml.","breadcrumb":{"@id":"https:\/\/salonkrasyvs.sk\/?product=ayurvedic-essential-oil#breadcrumb"},"inLanguage":"sk-SK","potentialAction":[{"@type":"ReadAction","target":["https:\/\/salonkrasyvs.sk\/?product=ayurvedic-essential-oil"]}]},{"@type":"ImageObject","inLanguage":"sk-SK","@id":"https:\/\/salonkrasyvs.sk\/?product=ayurvedic-essential-oil#primaryimage","url":"https:\/\/salonkrasyvs.sk\/wp-content\/uploads\/2025\/05\/ayurvedic-essential-oil-e1747236435362.jpg","contentUrl":"https:\/\/salonkrasyvs.sk\/wp-content\/uploads\/2025\/05\/ayurvedic-essential-oil-e1747236435362.jpg","width":700,"height":700,"caption":"Ayurvedic Essential Oil \u2013 Elix\u00edr pr\u00edrodn\u00fdch esenci\u00e1lnych olejov na vlasy"},{"@type":"BreadcrumbList","@id":"https:\/\/salonkrasyvs.sk\/?product=ayurvedic-essential-oil#breadcrumb","itemListElement":[{"@type":"ListItem","position":1,"name":"Domovsk\u00e1 str\u00e1nka","item":"https:\/\/salonkrasyvs.sk\/"},{"@type":"ListItem","position":2,"name":"Obchod_zaloha","item":"https:\/\/salonkrasyvs.sk\/?page_id=9697"},{"@type":"ListItem","position":3,"name":"Ayurvedic Essential Oil \u2013 Elix\u00edr pr\u00edrodn\u00fdch esenci\u00e1lnych olejov na vlasy 100 ml"}]},{"@type":"WebSite","@id":"https:\/\/salonkrasyvs.sk\/#website","url":"https:\/\/salonkrasyvs.sk\/","name":"Sal\u00f3n Kr\u00e1sy VS - kadern\u00edctvo, kozmetika, pedik\u00fara, microblading,","description":"Sal\u00f3n Kr\u00e1sy kde sa o V\u00e1s postar\u00e1me : d\u00e1mske, p\u00e1nske kadern\u00edctvo, kozmetika, pedik\u00fara, manik\u00fara, microblading. Kvalitn\u00e1 vlasov\u00e1 kozmetika na na\u0161om e-shope: Milk shake,  Malibu C, Mon platin, Sans Soucis","potentialAction":[{"@type":"SearchAction","target":{"@type":"EntryPoint","urlTemplate":"https:\/\/salonkrasyvs.sk\/?s={search_term_string}"},"query-input":{"@type":"PropertyValueSpecification","valueRequired":true,"valueName":"search_term_string"}}],"inLanguage":"sk-SK"}]}},"jetpack_sharing_enabled":true,"jetpack_likes_enabled":true,"_links":{"self":[{"href":"https:\/\/salonkrasyvs.sk\/index.php?rest_route=\/wp\/v2\/product\/990697","targetHints":{"allow":["GET"]}}],"collection":[{"href":"https:\/\/salonkrasyvs.sk\/index.php?rest_route=\/wp\/v2\/product"}],"about":[{"href":"https:\/\/salonkrasyvs.sk\/index.php?rest_route=\/wp\/v2\/types\/product"}],"wp:featuredmedia":[{"embeddable":true,"href":"https:\/\/salonkrasyvs.sk\/index.php?rest_route=\/wp\/v2\/media\/990698"}],"wp:attachment":[{"href":"https:\/\/salonkrasyvs.sk\/index.php?rest_route=%2Fwp%2Fv2%2Fmedia&parent=990697"}],"wp:term":[{"taxonomy":"product_brand","embeddable":true,"href":"https:\/\/salonkrasyvs.sk\/index.php?rest_route=%2Fwp%2Fv2%2Fproduct_brand&post=990697"},{"taxonomy":"product_cat","embeddable":true,"href":"https:\/\/salonkrasyvs.sk\/index.php?rest_route=%2Fwp%2Fv2%2Fproduct_cat&post=990697"},{"taxonomy":"product_tag","embeddable":true,"href":"https:\/\/salonkrasyvs.sk\/index.php?rest_route=%2Fwp%2Fv2%2Fproduct_tag&post=990697"}],"curies":[{"name":"wp","href":"https:\/\/api.w.org\/{rel}","templated":true}]}}