{"id":990695,"date":"2025-05-14T17:24:49","date_gmt":"2025-05-14T15:24:49","guid":{"rendered":"https:\/\/salonkrasyvs.sk\/?post_type=product&#038;p=990695"},"modified":"2025-05-17T10:08:30","modified_gmt":"2025-05-17T08:08:30","slug":"ayurvedic-scalp-lotion-multi-treatment","status":"publish","type":"product","link":"https:\/\/salonkrasyvs.sk\/?product=ayurvedic-scalp-lotion-multi-treatment","title":{"rendered":"Ayurvedic Scalp Lotion Multi-Treatment \u2013 Veg\u00e1nska multi-o\u0161etruj\u00faca emulzia na vlasy 100 ml"},"content":{"rendered":"<p class=\"\" data-start=\"219\" data-end=\"465\">Multi-o\u0161etruj\u00faca veg\u00e1nska emulzia poskytuje komplexn\u00fa starostlivos\u0165 o poko\u017eku hlavy a vlasy. Re\u0161tartuje rovnov\u00e1hu poko\u017eky hlavy, stimuluje zdrav\u00fd rast vlasov a z\u00e1rove\u0148 p\u00f4sob\u00ed prevent\u00edvne proti padaniu vlasov a starnutiu poko\u017eky.<\/p>\n<p class=\"\" data-start=\"467\" data-end=\"715\">V\u010faka upokojuj\u00facim, antioxida\u010dn\u00fdm a hydrata\u010dn\u00fdm \u00fa\u010dinkom pom\u00e1ha zni\u017eova\u0165 podr\u00e1\u017edenie, tvorbu lup\u00edn a nadmern\u00fa sekr\u00e9ciu mazu. Pravideln\u00e9 pou\u017e\u00edvanie podporuje vitalitu vlasovej poko\u017eky a vytv\u00e1ra optim\u00e1lne podmienky pre siln\u00e9, zdrav\u00e9 a hustej\u0161ie vlasy.<\/p>\n<p>&nbsp;<\/p>\n<p><img decoding=\"async\" data-attachment-id=\"990591\" data-permalink=\"https:\/\/salonkrasyvs.sk\/?attachment_id=990591\" data-orig-file=\"https:\/\/salonkrasyvs.sk\/wp-content\/uploads\/2025\/05\/flower-ikona.png\" data-orig-size=\"64,64\" data-comments-opened=\"1\" data-image-meta=\"{&quot;aperture&quot;:&quot;0&quot;,&quot;credit&quot;:&quot;&quot;,&quot;camera&quot;:&quot;&quot;,&quot;caption&quot;:&quot;&quot;,&quot;created_timestamp&quot;:&quot;0&quot;,&quot;copyright&quot;:&quot;&quot;,&quot;focal_length&quot;:&quot;0&quot;,&quot;iso&quot;:&quot;0&quot;,&quot;shutter_speed&quot;:&quot;0&quot;,&quot;title&quot;:&quot;&quot;,&quot;orientation&quot;:&quot;0&quot;}\" data-image-title=\"flower ikona\" data-image-description=\"\" data-image-caption=\"\" data-large-file=\"https:\/\/salonkrasyvs.sk\/wp-content\/uploads\/2025\/05\/flower-ikona.png\" class=\"alignnone wp-image-990591\" src=\"https:\/\/salonkrasyvs.sk\/wp-content\/uploads\/2025\/05\/flower-ikona.png\" alt=\"\" width=\"59\" height=\"59\" \/><\/p>\n<p><strong>V\u00fdhody:<\/strong><\/p>\n<ul>\n<li class=\"\" data-start=\"736\" data-end=\"776\">\n<p class=\"\" data-start=\"738\" data-end=\"776\">Re\u0161tartuje a vyrovn\u00e1va poko\u017eku hlavy<\/p>\n<\/li>\n<li class=\"\" data-start=\"777\" data-end=\"809\">\n<p class=\"\" data-start=\"779\" data-end=\"809\">Podporuje zdrav\u00fd rast vlasov<\/p>\n<\/li>\n<li class=\"\" data-start=\"810\" data-end=\"851\">\n<p class=\"\" data-start=\"812\" data-end=\"851\">Upokojuje a hydratuje vlasov\u00fa poko\u017eku<\/p>\n<\/li>\n<li class=\"\" data-start=\"852\" data-end=\"895\">\n<p class=\"\" data-start=\"854\" data-end=\"895\">Prevencia padania vlasov a tvorby lup\u00edn<\/p>\n<\/li>\n<li class=\"\" data-start=\"896\" data-end=\"943\">\n<p class=\"\" data-start=\"898\" data-end=\"943\">Redukuje mastenie a starnutie poko\u017eky hlavy<\/p>\n<\/li>\n<\/ul>\n<p>&nbsp;<\/p>\n<p><img decoding=\"async\" data-attachment-id=\"990617\" data-permalink=\"https:\/\/salonkrasyvs.sk\/?attachment_id=990617\" data-orig-file=\"https:\/\/salonkrasyvs.sk\/wp-content\/uploads\/2025\/05\/dry-hair.png\" data-orig-size=\"64,64\" data-comments-opened=\"1\" data-image-meta=\"{&quot;aperture&quot;:&quot;0&quot;,&quot;credit&quot;:&quot;&quot;,&quot;camera&quot;:&quot;&quot;,&quot;caption&quot;:&quot;&quot;,&quot;created_timestamp&quot;:&quot;0&quot;,&quot;copyright&quot;:&quot;&quot;,&quot;focal_length&quot;:&quot;0&quot;,&quot;iso&quot;:&quot;0&quot;,&quot;shutter_speed&quot;:&quot;0&quot;,&quot;title&quot;:&quot;&quot;,&quot;orientation&quot;:&quot;0&quot;}\" data-image-title=\"dry hair\" data-image-description=\"\" data-image-caption=\"\" data-large-file=\"https:\/\/salonkrasyvs.sk\/wp-content\/uploads\/2025\/05\/dry-hair.png\" class=\"alignnone size-full wp-image-990617\" src=\"https:\/\/salonkrasyvs.sk\/wp-content\/uploads\/2025\/05\/dry-hair.png\" alt=\"\" width=\"64\" height=\"64\" \/><\/p>\n<p><strong>Pou\u017eitie:<\/strong><\/p>\n<ol>\n<li class=\"\" data-start=\"966\" data-end=\"1009\">\n<p class=\"\" data-start=\"968\" data-end=\"1009\">Aplikujte priamo na \u010dist\u00fa poko\u017eku hlavy<\/p>\n<\/li>\n<li class=\"\" data-start=\"1010\" data-end=\"1046\">\n<p class=\"\" data-start=\"1012\" data-end=\"1046\">Jemne vmas\u00edrujte kon\u010dekmi prstov<\/p>\n<\/li>\n<li class=\"\" data-start=\"1047\" data-end=\"1063\">\n<p class=\"\" data-start=\"1049\" data-end=\"1063\">Neoplachujte<\/p>\n<\/li>\n<li class=\"\" data-start=\"1064\" data-end=\"1112\">\n<p class=\"\" data-start=\"1066\" data-end=\"1112\">Pou\u017e\u00edvajte pravidelne pre vidite\u013en\u00e9 v\u00fdsledky<\/p>\n<\/li>\n<\/ol>\n","protected":false},"excerpt":{"rendered":"<p>Veg\u00e1nska emulzia pre zdrav\u00fa poko\u017eku hlavy. Stimuluje rast vlasov, hydratuje, upokojuje a p\u00f4sob\u00ed proti padaniu a masteniu.<\/p>\n","protected":false},"featured_media":990696,"template":"","meta":[],"product_brand":[],"product_cat":[96,122,98,94],"product_tag":[208,160,210,157,209,129,211,212,174],"class_list":{"0":"post-990695","1":"product","2":"type-product","3":"status-publish","4":"has-post-thumbnail","6":"product_cat-kondicionery-a-masky","7":"product_cat-oleje-a-sera","8":"product_cat-styling-a-starostlivost","9":"product_cat-vlasova-kozmetika","10":"product_tag-ayurvedska-kozmetika","11":"product_tag-bezoplachova-starostlivost","12":"product_tag-emulzia-na-pokozku-hlavy","13":"product_tag-hydratacia","14":"product_tag-prirodne-zlozenie","15":"product_tag-profesionalna-kozmetika","16":"product_tag-starostlivost-o-vlasovu-pokozku","17":"product_tag-upokojenie-pokozky","18":"product_tag-veganska-kozmetika","20":"first","21":"instock","22":"shipping-taxable","23":"purchasable","24":"product-type-simple"},"yoast_head":"<!-- This site is optimized with the Yoast SEO plugin v27.4 - https:\/\/yoast.com\/product\/yoast-seo-wordpress\/ -->\n<title>Ayurvedic Scalp Lotion Multi-Treatment \u2013 Veg\u00e1nska multi-o\u0161etruj\u00faca emulzia na vlasy | 100 ml<\/title>\n<meta name=\"description\" content=\"Ayurvedic Scalp Lotion Multi-Treatment \u2013 Veg\u00e1nska emulzia, ktor\u00e1 restauruje poko\u017eku hlavy a stimuluje zdrav\u00fd rast vlasov. Prevencia proti padaniu vlasov, caspe a sekr\u00e9cii mazu.\" \/>\n<meta name=\"robots\" content=\"index, follow, max-snippet:-1, max-image-preview:large, max-video-preview:-1\" \/>\n<link rel=\"canonical\" href=\"https:\/\/salonkrasyvs.sk\/?product=ayurvedic-scalp-lotion-multi-treatment\" \/>\n<meta property=\"og:locale\" content=\"sk_SK\" \/>\n<meta property=\"og:type\" content=\"article\" \/>\n<meta property=\"og:title\" content=\"Ayurvedic Scalp Lotion Multi-Treatment \u2013 Veg\u00e1nska multi-o\u0161etruj\u00faca emulzia na vlasy | 100 ml\" \/>\n<meta property=\"og:description\" content=\"Ayurvedic Scalp Lotion Multi-Treatment \u2013 Veg\u00e1nska emulzia, ktor\u00e1 restauruje poko\u017eku hlavy a stimuluje zdrav\u00fd rast vlasov. Prevencia proti padaniu vlasov, caspe a sekr\u00e9cii mazu.\" \/>\n<meta property=\"og:url\" content=\"https:\/\/salonkrasyvs.sk\/?product=ayurvedic-scalp-lotion-multi-treatment\" \/>\n<meta property=\"og:site_name\" content=\"Sal\u00f3n Kr\u00e1sy VS - kadern\u00edctvo, kozmetika, pedik\u00fara, microblading,\" \/>\n<meta property=\"article:modified_time\" content=\"2025-05-17T08:08:30+00:00\" \/>\n<meta property=\"og:image\" content=\"https:\/\/salonkrasyvs.sk\/wp-content\/uploads\/2025\/05\/ayurvedic-scalp-lotion-multi-treatment-e1747236227997.jpg\" \/>\n\t<meta property=\"og:image:width\" content=\"700\" \/>\n\t<meta property=\"og:image:height\" content=\"700\" \/>\n\t<meta property=\"og:image:type\" content=\"image\/jpeg\" \/>\n<meta name=\"twitter:card\" content=\"summary_large_image\" \/>\n<meta name=\"twitter:label1\" content=\"Predpokladan\u00fd \u010das \u010d\u00edtania\" \/>\n\t<meta name=\"twitter:data1\" content=\"2 min\u00faty\" \/>\n<script type=\"application\/ld+json\" class=\"yoast-schema-graph\">{\"@context\":\"https:\\\/\\\/schema.org\",\"@graph\":[{\"@type\":\"WebPage\",\"@id\":\"https:\\\/\\\/salonkrasyvs.sk\\\/?product=ayurvedic-scalp-lotion-multi-treatment\",\"url\":\"https:\\\/\\\/salonkrasyvs.sk\\\/?product=ayurvedic-scalp-lotion-multi-treatment\",\"name\":\"Ayurvedic Scalp Lotion Multi-Treatment \u2013 Veg\u00e1nska multi-o\u0161etruj\u00faca emulzia na vlasy | 100 ml\",\"isPartOf\":{\"@id\":\"https:\\\/\\\/salonkrasyvs.sk\\\/#website\"},\"primaryImageOfPage\":{\"@id\":\"https:\\\/\\\/salonkrasyvs.sk\\\/?product=ayurvedic-scalp-lotion-multi-treatment#primaryimage\"},\"image\":{\"@id\":\"https:\\\/\\\/salonkrasyvs.sk\\\/?product=ayurvedic-scalp-lotion-multi-treatment#primaryimage\"},\"thumbnailUrl\":\"https:\\\/\\\/salonkrasyvs.sk\\\/wp-content\\\/uploads\\\/2025\\\/05\\\/ayurvedic-scalp-lotion-multi-treatment-e1747236227997.jpg\",\"datePublished\":\"2025-05-14T15:24:49+00:00\",\"dateModified\":\"2025-05-17T08:08:30+00:00\",\"description\":\"Ayurvedic Scalp Lotion Multi-Treatment \u2013 Veg\u00e1nska emulzia, ktor\u00e1 restauruje poko\u017eku hlavy a stimuluje zdrav\u00fd rast vlasov. Prevencia proti padaniu vlasov, caspe a sekr\u00e9cii mazu.\",\"breadcrumb\":{\"@id\":\"https:\\\/\\\/salonkrasyvs.sk\\\/?product=ayurvedic-scalp-lotion-multi-treatment#breadcrumb\"},\"inLanguage\":\"sk-SK\",\"potentialAction\":[{\"@type\":\"ReadAction\",\"target\":[\"https:\\\/\\\/salonkrasyvs.sk\\\/?product=ayurvedic-scalp-lotion-multi-treatment\"]}]},{\"@type\":\"ImageObject\",\"inLanguage\":\"sk-SK\",\"@id\":\"https:\\\/\\\/salonkrasyvs.sk\\\/?product=ayurvedic-scalp-lotion-multi-treatment#primaryimage\",\"url\":\"https:\\\/\\\/salonkrasyvs.sk\\\/wp-content\\\/uploads\\\/2025\\\/05\\\/ayurvedic-scalp-lotion-multi-treatment-e1747236227997.jpg\",\"contentUrl\":\"https:\\\/\\\/salonkrasyvs.sk\\\/wp-content\\\/uploads\\\/2025\\\/05\\\/ayurvedic-scalp-lotion-multi-treatment-e1747236227997.jpg\",\"width\":700,\"height\":700,\"caption\":\"Ayurvedic Scalp Lotion Multi-Treatment \u2013 Veg\u00e1nska emulzia na poko\u017eku hlavy\"},{\"@type\":\"BreadcrumbList\",\"@id\":\"https:\\\/\\\/salonkrasyvs.sk\\\/?product=ayurvedic-scalp-lotion-multi-treatment#breadcrumb\",\"itemListElement\":[{\"@type\":\"ListItem\",\"position\":1,\"name\":\"Domovsk\u00e1 str\u00e1nka\",\"item\":\"https:\\\/\\\/salonkrasyvs.sk\\\/\"},{\"@type\":\"ListItem\",\"position\":2,\"name\":\"Obchod_zaloha\",\"item\":\"https:\\\/\\\/salonkrasyvs.sk\\\/?page_id=9697\"},{\"@type\":\"ListItem\",\"position\":3,\"name\":\"Ayurvedic Scalp Lotion Multi-Treatment \u2013 Veg\u00e1nska multi-o\u0161etruj\u00faca emulzia na vlasy 100 ml\"}]},{\"@type\":\"WebSite\",\"@id\":\"https:\\\/\\\/salonkrasyvs.sk\\\/#website\",\"url\":\"https:\\\/\\\/salonkrasyvs.sk\\\/\",\"name\":\"Sal\u00f3n Kr\u00e1sy VS - kadern\u00edctvo, kozmetika, pedik\u00fara, microblading,\",\"description\":\"Sal\u00f3n Kr\u00e1sy kde sa o V\u00e1s postar\u00e1me : d\u00e1mske, p\u00e1nske kadern\u00edctvo, kozmetika, pedik\u00fara, manik\u00fara, microblading. Kvalitn\u00e1 vlasov\u00e1 kozmetika na na\u0161om e-shope: Milk shake,  Malibu C, Mon platin, Sans Soucis\",\"potentialAction\":[{\"@type\":\"SearchAction\",\"target\":{\"@type\":\"EntryPoint\",\"urlTemplate\":\"https:\\\/\\\/salonkrasyvs.sk\\\/?s={search_term_string}\"},\"query-input\":{\"@type\":\"PropertyValueSpecification\",\"valueRequired\":true,\"valueName\":\"search_term_string\"}}],\"inLanguage\":\"sk-SK\"}]}<\/script>\n<!-- \/ Yoast SEO plugin. -->","yoast_head_json":{"title":"Ayurvedic Scalp Lotion Multi-Treatment \u2013 Veg\u00e1nska multi-o\u0161etruj\u00faca emulzia na vlasy | 100 ml","description":"Ayurvedic Scalp Lotion Multi-Treatment \u2013 Veg\u00e1nska emulzia, ktor\u00e1 restauruje poko\u017eku hlavy a stimuluje zdrav\u00fd rast vlasov. Prevencia proti padaniu vlasov, caspe a sekr\u00e9cii mazu.","robots":{"index":"index","follow":"follow","max-snippet":"max-snippet:-1","max-image-preview":"max-image-preview:large","max-video-preview":"max-video-preview:-1"},"canonical":"https:\/\/salonkrasyvs.sk\/?product=ayurvedic-scalp-lotion-multi-treatment","og_locale":"sk_SK","og_type":"article","og_title":"Ayurvedic Scalp Lotion Multi-Treatment \u2013 Veg\u00e1nska multi-o\u0161etruj\u00faca emulzia na vlasy | 100 ml","og_description":"Ayurvedic Scalp Lotion Multi-Treatment \u2013 Veg\u00e1nska emulzia, ktor\u00e1 restauruje poko\u017eku hlavy a stimuluje zdrav\u00fd rast vlasov. Prevencia proti padaniu vlasov, caspe a sekr\u00e9cii mazu.","og_url":"https:\/\/salonkrasyvs.sk\/?product=ayurvedic-scalp-lotion-multi-treatment","og_site_name":"Sal\u00f3n Kr\u00e1sy VS - kadern\u00edctvo, kozmetika, pedik\u00fara, microblading,","article_modified_time":"2025-05-17T08:08:30+00:00","og_image":[{"width":700,"height":700,"url":"https:\/\/salonkrasyvs.sk\/wp-content\/uploads\/2025\/05\/ayurvedic-scalp-lotion-multi-treatment-e1747236227997.jpg","type":"image\/jpeg"}],"twitter_card":"summary_large_image","twitter_misc":{"Predpokladan\u00fd \u010das \u010d\u00edtania":"2 min\u00faty"},"schema":{"@context":"https:\/\/schema.org","@graph":[{"@type":"WebPage","@id":"https:\/\/salonkrasyvs.sk\/?product=ayurvedic-scalp-lotion-multi-treatment","url":"https:\/\/salonkrasyvs.sk\/?product=ayurvedic-scalp-lotion-multi-treatment","name":"Ayurvedic Scalp Lotion Multi-Treatment \u2013 Veg\u00e1nska multi-o\u0161etruj\u00faca emulzia na vlasy | 100 ml","isPartOf":{"@id":"https:\/\/salonkrasyvs.sk\/#website"},"primaryImageOfPage":{"@id":"https:\/\/salonkrasyvs.sk\/?product=ayurvedic-scalp-lotion-multi-treatment#primaryimage"},"image":{"@id":"https:\/\/salonkrasyvs.sk\/?product=ayurvedic-scalp-lotion-multi-treatment#primaryimage"},"thumbnailUrl":"https:\/\/salonkrasyvs.sk\/wp-content\/uploads\/2025\/05\/ayurvedic-scalp-lotion-multi-treatment-e1747236227997.jpg","datePublished":"2025-05-14T15:24:49+00:00","dateModified":"2025-05-17T08:08:30+00:00","description":"Ayurvedic Scalp Lotion Multi-Treatment \u2013 Veg\u00e1nska emulzia, ktor\u00e1 restauruje poko\u017eku hlavy a stimuluje zdrav\u00fd rast vlasov. Prevencia proti padaniu vlasov, caspe a sekr\u00e9cii mazu.","breadcrumb":{"@id":"https:\/\/salonkrasyvs.sk\/?product=ayurvedic-scalp-lotion-multi-treatment#breadcrumb"},"inLanguage":"sk-SK","potentialAction":[{"@type":"ReadAction","target":["https:\/\/salonkrasyvs.sk\/?product=ayurvedic-scalp-lotion-multi-treatment"]}]},{"@type":"ImageObject","inLanguage":"sk-SK","@id":"https:\/\/salonkrasyvs.sk\/?product=ayurvedic-scalp-lotion-multi-treatment#primaryimage","url":"https:\/\/salonkrasyvs.sk\/wp-content\/uploads\/2025\/05\/ayurvedic-scalp-lotion-multi-treatment-e1747236227997.jpg","contentUrl":"https:\/\/salonkrasyvs.sk\/wp-content\/uploads\/2025\/05\/ayurvedic-scalp-lotion-multi-treatment-e1747236227997.jpg","width":700,"height":700,"caption":"Ayurvedic Scalp Lotion Multi-Treatment \u2013 Veg\u00e1nska emulzia na poko\u017eku hlavy"},{"@type":"BreadcrumbList","@id":"https:\/\/salonkrasyvs.sk\/?product=ayurvedic-scalp-lotion-multi-treatment#breadcrumb","itemListElement":[{"@type":"ListItem","position":1,"name":"Domovsk\u00e1 str\u00e1nka","item":"https:\/\/salonkrasyvs.sk\/"},{"@type":"ListItem","position":2,"name":"Obchod_zaloha","item":"https:\/\/salonkrasyvs.sk\/?page_id=9697"},{"@type":"ListItem","position":3,"name":"Ayurvedic Scalp Lotion Multi-Treatment \u2013 Veg\u00e1nska multi-o\u0161etruj\u00faca emulzia na vlasy 100 ml"}]},{"@type":"WebSite","@id":"https:\/\/salonkrasyvs.sk\/#website","url":"https:\/\/salonkrasyvs.sk\/","name":"Sal\u00f3n Kr\u00e1sy VS - kadern\u00edctvo, kozmetika, pedik\u00fara, microblading,","description":"Sal\u00f3n Kr\u00e1sy kde sa o V\u00e1s postar\u00e1me : d\u00e1mske, p\u00e1nske kadern\u00edctvo, kozmetika, pedik\u00fara, manik\u00fara, microblading. Kvalitn\u00e1 vlasov\u00e1 kozmetika na na\u0161om e-shope: Milk shake,  Malibu C, Mon platin, Sans Soucis","potentialAction":[{"@type":"SearchAction","target":{"@type":"EntryPoint","urlTemplate":"https:\/\/salonkrasyvs.sk\/?s={search_term_string}"},"query-input":{"@type":"PropertyValueSpecification","valueRequired":true,"valueName":"search_term_string"}}],"inLanguage":"sk-SK"}]}},"jetpack_sharing_enabled":true,"jetpack_likes_enabled":true,"_links":{"self":[{"href":"https:\/\/salonkrasyvs.sk\/index.php?rest_route=\/wp\/v2\/product\/990695","targetHints":{"allow":["GET"]}}],"collection":[{"href":"https:\/\/salonkrasyvs.sk\/index.php?rest_route=\/wp\/v2\/product"}],"about":[{"href":"https:\/\/salonkrasyvs.sk\/index.php?rest_route=\/wp\/v2\/types\/product"}],"wp:featuredmedia":[{"embeddable":true,"href":"https:\/\/salonkrasyvs.sk\/index.php?rest_route=\/wp\/v2\/media\/990696"}],"wp:attachment":[{"href":"https:\/\/salonkrasyvs.sk\/index.php?rest_route=%2Fwp%2Fv2%2Fmedia&parent=990695"}],"wp:term":[{"taxonomy":"product_brand","embeddable":true,"href":"https:\/\/salonkrasyvs.sk\/index.php?rest_route=%2Fwp%2Fv2%2Fproduct_brand&post=990695"},{"taxonomy":"product_cat","embeddable":true,"href":"https:\/\/salonkrasyvs.sk\/index.php?rest_route=%2Fwp%2Fv2%2Fproduct_cat&post=990695"},{"taxonomy":"product_tag","embeddable":true,"href":"https:\/\/salonkrasyvs.sk\/index.php?rest_route=%2Fwp%2Fv2%2Fproduct_tag&post=990695"}],"curies":[{"name":"wp","href":"https:\/\/api.w.org\/{rel}","templated":true}]}}