{"id":990689,"date":"2025-05-14T17:16:30","date_gmt":"2025-05-14T15:16:30","guid":{"rendered":"https:\/\/salonkrasyvs.sk\/?post_type=product&#038;p=990689"},"modified":"2025-05-17T10:14:19","modified_gmt":"2025-05-17T08:14:19","slug":"ayurvedic-shampoo","status":"publish","type":"product","link":"https:\/\/salonkrasyvs.sk\/?product=ayurvedic-shampoo","title":{"rendered":"Ayurvedic Shampoo \u2013 Veg\u00e1nsky \u0161amp\u00f3n na vlasy a poko\u017eku hlavy 250 ml"},"content":{"rendered":"<p class=\"\" data-start=\"230\" data-end=\"493\">Veg\u00e1nsky \u0161amp\u00f3n ur\u010den\u00fd pre v\u0161etky typy vlasov so zameran\u00edm na \u0161etrn\u00fa a \u00fa\u010dinn\u00fa starostlivos\u0165 o vlasy a poko\u017eku hlavy. Obsahuje antioxidanty, ktor\u00e9 prin\u00e1\u0161aj\u00fa omladzuj\u00faci \u00fa\u010dinok, chr\u00e1nia pred pred\u010dasn\u00fdm starnut\u00edm a podporuj\u00fa celkov\u00e9 zdravie vlasov.<\/p>\n<p class=\"\" data-start=\"495\" data-end=\"701\">V\u010faka svojim hydrata\u010dn\u00fdm a revitaliza\u010dn\u00fdm vlastnostiam zanech\u00e1va vlasy jemn\u00e9, leskl\u00e9 a pln\u00e9 vitality. \u0160amp\u00f3n je vhodn\u00fd najm\u00e4 pre t\u00fdch, ktor\u00ed uprednost\u0148uj\u00fa pr\u00edrodn\u00fa kozmetiku s oh\u013eadom na \u017eivotn\u00e9 prostredie.<\/p>\n<p>&nbsp;<\/p>\n<p><img decoding=\"async\" data-attachment-id=\"990591\" data-permalink=\"https:\/\/salonkrasyvs.sk\/?attachment_id=990591\" data-orig-file=\"https:\/\/salonkrasyvs.sk\/wp-content\/uploads\/2025\/05\/flower-ikona.png\" data-orig-size=\"64,64\" data-comments-opened=\"1\" data-image-meta=\"{&quot;aperture&quot;:&quot;0&quot;,&quot;credit&quot;:&quot;&quot;,&quot;camera&quot;:&quot;&quot;,&quot;caption&quot;:&quot;&quot;,&quot;created_timestamp&quot;:&quot;0&quot;,&quot;copyright&quot;:&quot;&quot;,&quot;focal_length&quot;:&quot;0&quot;,&quot;iso&quot;:&quot;0&quot;,&quot;shutter_speed&quot;:&quot;0&quot;,&quot;title&quot;:&quot;&quot;,&quot;orientation&quot;:&quot;0&quot;}\" data-image-title=\"flower ikona\" data-image-description=\"\" data-image-caption=\"\" data-large-file=\"https:\/\/salonkrasyvs.sk\/wp-content\/uploads\/2025\/05\/flower-ikona.png\" class=\"alignnone wp-image-990591\" src=\"https:\/\/salonkrasyvs.sk\/wp-content\/uploads\/2025\/05\/flower-ikona.png\" alt=\"\" width=\"61\" height=\"61\" \/><\/p>\n<p><strong>V\u00fdhody:<\/strong><\/p>\n<ul>\n<li class=\"\" data-start=\"722\" data-end=\"759\">\n<p class=\"\" data-start=\"724\" data-end=\"759\">Antioxida\u010dn\u00fd a omladzuj\u00faci \u00fa\u010dinok<\/p>\n<\/li>\n<li class=\"\" data-start=\"760\" data-end=\"810\">\n<p class=\"\" data-start=\"762\" data-end=\"810\">Hydrat\u00e1cia a rovnov\u00e1ha vlasov aj poko\u017eky hlavy<\/p>\n<\/li>\n<li class=\"\" data-start=\"811\" data-end=\"852\">\n<p class=\"\" data-start=\"813\" data-end=\"852\">Podpora vitality a prirodzen\u00e9ho lesku<\/p>\n<\/li>\n<li class=\"\" data-start=\"853\" data-end=\"892\">\n<p class=\"\" data-start=\"855\" data-end=\"892\">Veg\u00e1nske zlo\u017eenie, \u0161etrn\u00e9 k pr\u00edrode<\/p>\n<\/li>\n<li class=\"\" data-start=\"893\" data-end=\"926\">\n<p class=\"\" data-start=\"895\" data-end=\"926\">Vhodn\u00fd pre v\u0161etky typy vlasov<\/p>\n<\/li>\n<\/ul>\n<p>&nbsp;<\/p>\n<p><img decoding=\"async\" data-attachment-id=\"990592\" data-permalink=\"https:\/\/salonkrasyvs.sk\/?attachment_id=990592\" data-orig-file=\"https:\/\/salonkrasyvs.sk\/wp-content\/uploads\/2025\/05\/hair-washing.png\" data-orig-size=\"64,64\" data-comments-opened=\"1\" data-image-meta=\"{&quot;aperture&quot;:&quot;0&quot;,&quot;credit&quot;:&quot;&quot;,&quot;camera&quot;:&quot;&quot;,&quot;caption&quot;:&quot;&quot;,&quot;created_timestamp&quot;:&quot;0&quot;,&quot;copyright&quot;:&quot;&quot;,&quot;focal_length&quot;:&quot;0&quot;,&quot;iso&quot;:&quot;0&quot;,&quot;shutter_speed&quot;:&quot;0&quot;,&quot;title&quot;:&quot;&quot;,&quot;orientation&quot;:&quot;0&quot;}\" data-image-title=\"hair-washing\" data-image-description=\"\" data-image-caption=\"\" data-large-file=\"https:\/\/salonkrasyvs.sk\/wp-content\/uploads\/2025\/05\/hair-washing.png\" class=\"alignnone size-full wp-image-990592\" src=\"https:\/\/salonkrasyvs.sk\/wp-content\/uploads\/2025\/05\/hair-washing.png\" alt=\"\" width=\"64\" height=\"64\" \/><\/p>\n<p><strong>Pou\u017eitie:<\/strong><\/p>\n<ol>\n<li class=\"\" data-start=\"949\" data-end=\"975\">\n<p class=\"\" data-start=\"951\" data-end=\"975\">Naneste na vlhk\u00e9 vlasy<\/p>\n<\/li>\n<li class=\"\" data-start=\"976\" data-end=\"1022\">\n<p class=\"\" data-start=\"978\" data-end=\"1022\">Jemne vmas\u00edrujte do poko\u017eky hlavy a vlasov<\/p>\n<\/li>\n<li class=\"\" data-start=\"1023\" data-end=\"1046\">\n<p class=\"\" data-start=\"1025\" data-end=\"1046\">D\u00f4kladne opl\u00e1chnite<\/p>\n<\/li>\n<li class=\"\" data-start=\"1047\" data-end=\"1102\">\n<p class=\"\" data-start=\"1049\" data-end=\"1102\">Pokra\u010dujte kondicion\u00e9rom alebo maskou pod\u013ea potreby<\/p>\n<\/li>\n<\/ol>\n","protected":false},"excerpt":{"rendered":"<p>Veg\u00e1nsky \u0161amp\u00f3n s antioxida\u010dn\u00fdm \u00fa\u010dinkom pre v\u0161etky typy vlasov. Hydratuje, revitalizuje a podporuje zdrav\u00fa poko\u017eku hlavy.<\/p>\n","protected":false},"featured_media":990690,"template":"","meta":[],"product_brand":[],"product_cat":[95,94],"product_tag":[208,177,209,129,127,142,136,174,184],"class_list":{"0":"post-990689","1":"product","2":"type-product","3":"status-publish","4":"has-post-thumbnail","6":"product_cat-sampony","7":"product_cat-vlasova-kozmetika","8":"product_tag-ayurvedska-kozmetika","9":"product_tag-jemne-cistenie","10":"product_tag-prirodne-zlozenie","11":"product_tag-profesionalna-kozmetika","12":"product_tag-regeneracia","13":"product_tag-sampon","14":"product_tag-starostlivost-o-pokozku-hlavy","15":"product_tag-veganska-kozmetika","16":"product_tag-zdrave-vlasy","18":"first","19":"instock","20":"shipping-taxable","21":"purchasable","22":"product-type-simple"},"yoast_head":"<!-- This site is optimized with the Yoast SEO plugin v27.4 - https:\/\/yoast.com\/product\/yoast-seo-wordpress\/ -->\n<title>Ayurvedic Shampoo \u2013 Veg\u00e1nsky \u0161amp\u00f3n pre vlasy a poko\u017eku hlavy | 250 ml<\/title>\n<meta name=\"description\" content=\"Ayurvedic Shampoo \u2013 Veg\u00e1nsky \u0161amp\u00f3n pre v\u0161etky typy vlasov. Antioxidantn\u00fd rejuvena\u010dn\u00fd \u00fa\u010dinok, hydrata\u010dn\u00e1 rovnov\u00e1ha a vitalita pre vlasy a poko\u017eku hlavy.\" \/>\n<meta name=\"robots\" content=\"index, follow, max-snippet:-1, max-image-preview:large, max-video-preview:-1\" \/>\n<link rel=\"canonical\" href=\"https:\/\/salonkrasyvs.sk\/?product=ayurvedic-shampoo\" \/>\n<meta property=\"og:locale\" content=\"sk_SK\" \/>\n<meta property=\"og:type\" content=\"article\" \/>\n<meta property=\"og:title\" content=\"Ayurvedic Shampoo \u2013 Veg\u00e1nsky \u0161amp\u00f3n pre vlasy a poko\u017eku hlavy | 250 ml\" \/>\n<meta property=\"og:description\" content=\"Ayurvedic Shampoo \u2013 Veg\u00e1nsky \u0161amp\u00f3n pre v\u0161etky typy vlasov. Antioxidantn\u00fd rejuvena\u010dn\u00fd \u00fa\u010dinok, hydrata\u010dn\u00e1 rovnov\u00e1ha a vitalita pre vlasy a poko\u017eku hlavy.\" \/>\n<meta property=\"og:url\" content=\"https:\/\/salonkrasyvs.sk\/?product=ayurvedic-shampoo\" \/>\n<meta property=\"og:site_name\" content=\"Sal\u00f3n Kr\u00e1sy VS - kadern\u00edctvo, kozmetika, pedik\u00fara, microblading,\" \/>\n<meta property=\"article:modified_time\" content=\"2025-05-17T08:14:19+00:00\" \/>\n<meta property=\"og:image\" content=\"https:\/\/salonkrasyvs.sk\/wp-content\/uploads\/2025\/05\/ayurvedic-shampoo-e1747235737510.jpg\" \/>\n\t<meta property=\"og:image:width\" content=\"700\" \/>\n\t<meta property=\"og:image:height\" content=\"700\" \/>\n\t<meta property=\"og:image:type\" content=\"image\/jpeg\" \/>\n<meta name=\"twitter:card\" content=\"summary_large_image\" \/>\n<meta name=\"twitter:label1\" content=\"Predpokladan\u00fd \u010das \u010d\u00edtania\" \/>\n\t<meta name=\"twitter:data1\" content=\"2 min\u00faty\" \/>\n<script type=\"application\/ld+json\" class=\"yoast-schema-graph\">{\"@context\":\"https:\\\/\\\/schema.org\",\"@graph\":[{\"@type\":\"WebPage\",\"@id\":\"https:\\\/\\\/salonkrasyvs.sk\\\/?product=ayurvedic-shampoo\",\"url\":\"https:\\\/\\\/salonkrasyvs.sk\\\/?product=ayurvedic-shampoo\",\"name\":\"Ayurvedic Shampoo \u2013 Veg\u00e1nsky \u0161amp\u00f3n pre vlasy a poko\u017eku hlavy | 250 ml\",\"isPartOf\":{\"@id\":\"https:\\\/\\\/salonkrasyvs.sk\\\/#website\"},\"primaryImageOfPage\":{\"@id\":\"https:\\\/\\\/salonkrasyvs.sk\\\/?product=ayurvedic-shampoo#primaryimage\"},\"image\":{\"@id\":\"https:\\\/\\\/salonkrasyvs.sk\\\/?product=ayurvedic-shampoo#primaryimage\"},\"thumbnailUrl\":\"https:\\\/\\\/salonkrasyvs.sk\\\/wp-content\\\/uploads\\\/2025\\\/05\\\/ayurvedic-shampoo-e1747235737510.jpg\",\"datePublished\":\"2025-05-14T15:16:30+00:00\",\"dateModified\":\"2025-05-17T08:14:19+00:00\",\"description\":\"Ayurvedic Shampoo \u2013 Veg\u00e1nsky \u0161amp\u00f3n pre v\u0161etky typy vlasov. Antioxidantn\u00fd rejuvena\u010dn\u00fd \u00fa\u010dinok, hydrata\u010dn\u00e1 rovnov\u00e1ha a vitalita pre vlasy a poko\u017eku hlavy.\",\"breadcrumb\":{\"@id\":\"https:\\\/\\\/salonkrasyvs.sk\\\/?product=ayurvedic-shampoo#breadcrumb\"},\"inLanguage\":\"sk-SK\",\"potentialAction\":[{\"@type\":\"ReadAction\",\"target\":[\"https:\\\/\\\/salonkrasyvs.sk\\\/?product=ayurvedic-shampoo\"]}]},{\"@type\":\"ImageObject\",\"inLanguage\":\"sk-SK\",\"@id\":\"https:\\\/\\\/salonkrasyvs.sk\\\/?product=ayurvedic-shampoo#primaryimage\",\"url\":\"https:\\\/\\\/salonkrasyvs.sk\\\/wp-content\\\/uploads\\\/2025\\\/05\\\/ayurvedic-shampoo-e1747235737510.jpg\",\"contentUrl\":\"https:\\\/\\\/salonkrasyvs.sk\\\/wp-content\\\/uploads\\\/2025\\\/05\\\/ayurvedic-shampoo-e1747235737510.jpg\",\"width\":700,\"height\":700,\"caption\":\"Ayurvedic Shampoo \u2013 Veg\u00e1nsky \u0161amp\u00f3n pre vlasy a poko\u017eku hlavy\"},{\"@type\":\"BreadcrumbList\",\"@id\":\"https:\\\/\\\/salonkrasyvs.sk\\\/?product=ayurvedic-shampoo#breadcrumb\",\"itemListElement\":[{\"@type\":\"ListItem\",\"position\":1,\"name\":\"Domovsk\u00e1 str\u00e1nka\",\"item\":\"https:\\\/\\\/salonkrasyvs.sk\\\/\"},{\"@type\":\"ListItem\",\"position\":2,\"name\":\"Obchod_zaloha\",\"item\":\"https:\\\/\\\/salonkrasyvs.sk\\\/?page_id=9697\"},{\"@type\":\"ListItem\",\"position\":3,\"name\":\"Ayurvedic Shampoo \u2013 Veg\u00e1nsky \u0161amp\u00f3n na vlasy a poko\u017eku hlavy 250 ml\"}]},{\"@type\":\"WebSite\",\"@id\":\"https:\\\/\\\/salonkrasyvs.sk\\\/#website\",\"url\":\"https:\\\/\\\/salonkrasyvs.sk\\\/\",\"name\":\"Sal\u00f3n Kr\u00e1sy VS - kadern\u00edctvo, kozmetika, pedik\u00fara, microblading,\",\"description\":\"Sal\u00f3n Kr\u00e1sy kde sa o V\u00e1s postar\u00e1me : d\u00e1mske, p\u00e1nske kadern\u00edctvo, kozmetika, pedik\u00fara, manik\u00fara, microblading. Kvalitn\u00e1 vlasov\u00e1 kozmetika na na\u0161om e-shope: Milk shake,  Malibu C, Mon platin, Sans Soucis\",\"potentialAction\":[{\"@type\":\"SearchAction\",\"target\":{\"@type\":\"EntryPoint\",\"urlTemplate\":\"https:\\\/\\\/salonkrasyvs.sk\\\/?s={search_term_string}\"},\"query-input\":{\"@type\":\"PropertyValueSpecification\",\"valueRequired\":true,\"valueName\":\"search_term_string\"}}],\"inLanguage\":\"sk-SK\"}]}<\/script>\n<!-- \/ Yoast SEO plugin. -->","yoast_head_json":{"title":"Ayurvedic Shampoo \u2013 Veg\u00e1nsky \u0161amp\u00f3n pre vlasy a poko\u017eku hlavy | 250 ml","description":"Ayurvedic Shampoo \u2013 Veg\u00e1nsky \u0161amp\u00f3n pre v\u0161etky typy vlasov. Antioxidantn\u00fd rejuvena\u010dn\u00fd \u00fa\u010dinok, hydrata\u010dn\u00e1 rovnov\u00e1ha a vitalita pre vlasy a poko\u017eku hlavy.","robots":{"index":"index","follow":"follow","max-snippet":"max-snippet:-1","max-image-preview":"max-image-preview:large","max-video-preview":"max-video-preview:-1"},"canonical":"https:\/\/salonkrasyvs.sk\/?product=ayurvedic-shampoo","og_locale":"sk_SK","og_type":"article","og_title":"Ayurvedic Shampoo \u2013 Veg\u00e1nsky \u0161amp\u00f3n pre vlasy a poko\u017eku hlavy | 250 ml","og_description":"Ayurvedic Shampoo \u2013 Veg\u00e1nsky \u0161amp\u00f3n pre v\u0161etky typy vlasov. Antioxidantn\u00fd rejuvena\u010dn\u00fd \u00fa\u010dinok, hydrata\u010dn\u00e1 rovnov\u00e1ha a vitalita pre vlasy a poko\u017eku hlavy.","og_url":"https:\/\/salonkrasyvs.sk\/?product=ayurvedic-shampoo","og_site_name":"Sal\u00f3n Kr\u00e1sy VS - kadern\u00edctvo, kozmetika, pedik\u00fara, microblading,","article_modified_time":"2025-05-17T08:14:19+00:00","og_image":[{"width":700,"height":700,"url":"https:\/\/salonkrasyvs.sk\/wp-content\/uploads\/2025\/05\/ayurvedic-shampoo-e1747235737510.jpg","type":"image\/jpeg"}],"twitter_card":"summary_large_image","twitter_misc":{"Predpokladan\u00fd \u010das \u010d\u00edtania":"2 min\u00faty"},"schema":{"@context":"https:\/\/schema.org","@graph":[{"@type":"WebPage","@id":"https:\/\/salonkrasyvs.sk\/?product=ayurvedic-shampoo","url":"https:\/\/salonkrasyvs.sk\/?product=ayurvedic-shampoo","name":"Ayurvedic Shampoo \u2013 Veg\u00e1nsky \u0161amp\u00f3n pre vlasy a poko\u017eku hlavy | 250 ml","isPartOf":{"@id":"https:\/\/salonkrasyvs.sk\/#website"},"primaryImageOfPage":{"@id":"https:\/\/salonkrasyvs.sk\/?product=ayurvedic-shampoo#primaryimage"},"image":{"@id":"https:\/\/salonkrasyvs.sk\/?product=ayurvedic-shampoo#primaryimage"},"thumbnailUrl":"https:\/\/salonkrasyvs.sk\/wp-content\/uploads\/2025\/05\/ayurvedic-shampoo-e1747235737510.jpg","datePublished":"2025-05-14T15:16:30+00:00","dateModified":"2025-05-17T08:14:19+00:00","description":"Ayurvedic Shampoo \u2013 Veg\u00e1nsky \u0161amp\u00f3n pre v\u0161etky typy vlasov. Antioxidantn\u00fd rejuvena\u010dn\u00fd \u00fa\u010dinok, hydrata\u010dn\u00e1 rovnov\u00e1ha a vitalita pre vlasy a poko\u017eku hlavy.","breadcrumb":{"@id":"https:\/\/salonkrasyvs.sk\/?product=ayurvedic-shampoo#breadcrumb"},"inLanguage":"sk-SK","potentialAction":[{"@type":"ReadAction","target":["https:\/\/salonkrasyvs.sk\/?product=ayurvedic-shampoo"]}]},{"@type":"ImageObject","inLanguage":"sk-SK","@id":"https:\/\/salonkrasyvs.sk\/?product=ayurvedic-shampoo#primaryimage","url":"https:\/\/salonkrasyvs.sk\/wp-content\/uploads\/2025\/05\/ayurvedic-shampoo-e1747235737510.jpg","contentUrl":"https:\/\/salonkrasyvs.sk\/wp-content\/uploads\/2025\/05\/ayurvedic-shampoo-e1747235737510.jpg","width":700,"height":700,"caption":"Ayurvedic Shampoo \u2013 Veg\u00e1nsky \u0161amp\u00f3n pre vlasy a poko\u017eku hlavy"},{"@type":"BreadcrumbList","@id":"https:\/\/salonkrasyvs.sk\/?product=ayurvedic-shampoo#breadcrumb","itemListElement":[{"@type":"ListItem","position":1,"name":"Domovsk\u00e1 str\u00e1nka","item":"https:\/\/salonkrasyvs.sk\/"},{"@type":"ListItem","position":2,"name":"Obchod_zaloha","item":"https:\/\/salonkrasyvs.sk\/?page_id=9697"},{"@type":"ListItem","position":3,"name":"Ayurvedic Shampoo \u2013 Veg\u00e1nsky \u0161amp\u00f3n na vlasy a poko\u017eku hlavy 250 ml"}]},{"@type":"WebSite","@id":"https:\/\/salonkrasyvs.sk\/#website","url":"https:\/\/salonkrasyvs.sk\/","name":"Sal\u00f3n Kr\u00e1sy VS - kadern\u00edctvo, kozmetika, pedik\u00fara, microblading,","description":"Sal\u00f3n Kr\u00e1sy kde sa o V\u00e1s postar\u00e1me : d\u00e1mske, p\u00e1nske kadern\u00edctvo, kozmetika, pedik\u00fara, manik\u00fara, microblading. Kvalitn\u00e1 vlasov\u00e1 kozmetika na na\u0161om e-shope: Milk shake,  Malibu C, Mon platin, Sans Soucis","potentialAction":[{"@type":"SearchAction","target":{"@type":"EntryPoint","urlTemplate":"https:\/\/salonkrasyvs.sk\/?s={search_term_string}"},"query-input":{"@type":"PropertyValueSpecification","valueRequired":true,"valueName":"search_term_string"}}],"inLanguage":"sk-SK"}]}},"jetpack_sharing_enabled":true,"jetpack_likes_enabled":true,"_links":{"self":[{"href":"https:\/\/salonkrasyvs.sk\/index.php?rest_route=\/wp\/v2\/product\/990689","targetHints":{"allow":["GET"]}}],"collection":[{"href":"https:\/\/salonkrasyvs.sk\/index.php?rest_route=\/wp\/v2\/product"}],"about":[{"href":"https:\/\/salonkrasyvs.sk\/index.php?rest_route=\/wp\/v2\/types\/product"}],"wp:featuredmedia":[{"embeddable":true,"href":"https:\/\/salonkrasyvs.sk\/index.php?rest_route=\/wp\/v2\/media\/990690"}],"wp:attachment":[{"href":"https:\/\/salonkrasyvs.sk\/index.php?rest_route=%2Fwp%2Fv2%2Fmedia&parent=990689"}],"wp:term":[{"taxonomy":"product_brand","embeddable":true,"href":"https:\/\/salonkrasyvs.sk\/index.php?rest_route=%2Fwp%2Fv2%2Fproduct_brand&post=990689"},{"taxonomy":"product_cat","embeddable":true,"href":"https:\/\/salonkrasyvs.sk\/index.php?rest_route=%2Fwp%2Fv2%2Fproduct_cat&post=990689"},{"taxonomy":"product_tag","embeddable":true,"href":"https:\/\/salonkrasyvs.sk\/index.php?rest_route=%2Fwp%2Fv2%2Fproduct_tag&post=990689"}],"curies":[{"name":"wp","href":"https:\/\/api.w.org\/{rel}","templated":true}]}}