{"id":990663,"date":"2025-05-14T08:11:14","date_gmt":"2025-05-14T06:11:14","guid":{"rendered":"https:\/\/salonkrasyvs.sk\/?post_type=product&#038;p=990663"},"modified":"2025-05-17T17:54:53","modified_gmt":"2025-05-17T15:54:53","slug":"curls-shampoo-no-frizz","status":"publish","type":"product","link":"https:\/\/salonkrasyvs.sk\/?product=curls-shampoo-no-frizz","title":{"rendered":"Curls Shampoo No-Frizz \u2013 Veg\u00e1nsky \u0161amp\u00f3n pre ku\u010derav\u00e9 a vlnit\u00e9 vlasy 250 ml"},"content":{"rendered":"<p class=\"\" data-start=\"249\" data-end=\"567\">Curls Shampoo No-Frizz je veg\u00e1nsky \u0161amp\u00f3n \u0161peci\u00e1lne navrhnut\u00fd pre potreby ku\u010derav\u00fdch a vlnit\u00fdch vlasov. Jeho bohat\u00e9 pr\u00edrodn\u00e9 zlo\u017eenie jemne \u010dist\u00ed vlasov\u00fa poko\u017eku bez vysu\u0161ovania \u010di za\u0165a\u017eenia. Pom\u00e1ha zv\u00fdrazni\u0165 prirodzen\u00fd tvar ku\u010dier, redukuje krepovatenie a zanech\u00e1va vlasy pru\u017en\u00e9, hebk\u00e9 a leskl\u00e9.<\/p>\n<p class=\"\" data-start=\"569\" data-end=\"781\">V\u010faka svojmu \u0161etrn\u00e9mu zlo\u017eeniu zlep\u0161uje roz\u010des\u00e1vanie, posil\u0148uje vlasov\u00e9 vl\u00e1kno a pripravuje vlasy na \u010fal\u0161ie kroky v stylingovej rutine. Ide\u00e1lny v kombin\u00e1cii s Curls Mask No-Frizz alebo Curls Definer Balm.<\/p>\n<p>&nbsp;<\/p>\n<p><img decoding=\"async\" data-attachment-id=\"990591\" data-permalink=\"https:\/\/salonkrasyvs.sk\/?attachment_id=990591\" data-orig-file=\"https:\/\/salonkrasyvs.sk\/wp-content\/uploads\/2025\/05\/flower-ikona.png\" data-orig-size=\"64,64\" data-comments-opened=\"1\" data-image-meta=\"{&quot;aperture&quot;:&quot;0&quot;,&quot;credit&quot;:&quot;&quot;,&quot;camera&quot;:&quot;&quot;,&quot;caption&quot;:&quot;&quot;,&quot;created_timestamp&quot;:&quot;0&quot;,&quot;copyright&quot;:&quot;&quot;,&quot;focal_length&quot;:&quot;0&quot;,&quot;iso&quot;:&quot;0&quot;,&quot;shutter_speed&quot;:&quot;0&quot;,&quot;title&quot;:&quot;&quot;,&quot;orientation&quot;:&quot;0&quot;}\" data-image-title=\"flower ikona\" data-image-description=\"\" data-image-caption=\"\" data-large-file=\"https:\/\/salonkrasyvs.sk\/wp-content\/uploads\/2025\/05\/flower-ikona.png\" class=\"alignnone wp-image-990591\" src=\"https:\/\/salonkrasyvs.sk\/wp-content\/uploads\/2025\/05\/flower-ikona.png\" alt=\"\" width=\"60\" height=\"60\" \/><\/p>\n<p><strong>V\u00fdhody:<\/strong><\/p>\n<ul>\n<li class=\"\" data-start=\"802\" data-end=\"850\">\n<p class=\"\" data-start=\"804\" data-end=\"850\">Zv\u00fdraz\u0148uje a definuje prirodzen\u00fd tvar ku\u010dier<\/p>\n<\/li>\n<li class=\"\" data-start=\"851\" data-end=\"886\">\n<p class=\"\" data-start=\"853\" data-end=\"886\">Pom\u00e1ha kontrolova\u0165 krepovatenie<\/p>\n<\/li>\n<li class=\"\" data-start=\"887\" data-end=\"916\">\n<p class=\"\" data-start=\"889\" data-end=\"916\">Jemne \u010dist\u00ed bez za\u0165a\u017eenia<\/p>\n<\/li>\n<li class=\"\" data-start=\"917\" data-end=\"961\">\n<p class=\"\" data-start=\"919\" data-end=\"961\">U\u013eah\u010duje roz\u010des\u00e1vanie a formovanie \u00fa\u010desu<\/p>\n<\/li>\n<li class=\"\" data-start=\"962\" data-end=\"1014\">\n<p class=\"\" data-start=\"964\" data-end=\"1014\">Veg\u00e1nske zlo\u017eenie s pr\u00edrodn\u00fdmi akt\u00edvnymi l\u00e1tkami<\/p>\n<\/li>\n<\/ul>\n<p>&nbsp;<\/p>\n<p><img decoding=\"async\" data-attachment-id=\"990592\" data-permalink=\"https:\/\/salonkrasyvs.sk\/?attachment_id=990592\" data-orig-file=\"https:\/\/salonkrasyvs.sk\/wp-content\/uploads\/2025\/05\/hair-washing.png\" data-orig-size=\"64,64\" data-comments-opened=\"1\" data-image-meta=\"{&quot;aperture&quot;:&quot;0&quot;,&quot;credit&quot;:&quot;&quot;,&quot;camera&quot;:&quot;&quot;,&quot;caption&quot;:&quot;&quot;,&quot;created_timestamp&quot;:&quot;0&quot;,&quot;copyright&quot;:&quot;&quot;,&quot;focal_length&quot;:&quot;0&quot;,&quot;iso&quot;:&quot;0&quot;,&quot;shutter_speed&quot;:&quot;0&quot;,&quot;title&quot;:&quot;&quot;,&quot;orientation&quot;:&quot;0&quot;}\" data-image-title=\"hair-washing\" data-image-description=\"\" data-image-caption=\"\" data-large-file=\"https:\/\/salonkrasyvs.sk\/wp-content\/uploads\/2025\/05\/hair-washing.png\" class=\"alignnone size-full wp-image-990592\" src=\"https:\/\/salonkrasyvs.sk\/wp-content\/uploads\/2025\/05\/hair-washing.png\" alt=\"\" width=\"64\" height=\"64\" \/><\/p>\n<p><strong>Pou\u017eitie:<\/strong><\/p>\n<ol>\n<li class=\"\" data-start=\"1037\" data-end=\"1063\">\n<p class=\"\" data-start=\"1039\" data-end=\"1063\">Naneste na mokr\u00e9 vlasy<\/p>\n<\/li>\n<li class=\"\" data-start=\"1064\" data-end=\"1110\">\n<p class=\"\" data-start=\"1066\" data-end=\"1110\">Jemne vmas\u00edrujte do poko\u017eky hlavy a vlasov<\/p>\n<\/li>\n<li class=\"\" data-start=\"1111\" data-end=\"1134\">\n<p class=\"\" data-start=\"1113\" data-end=\"1134\">D\u00f4kladne opl\u00e1chnite<\/p>\n<\/li>\n<li class=\"\" data-start=\"1135\" data-end=\"1165\">\n<p class=\"\" data-start=\"1137\" data-end=\"1165\">V pr\u00edpade potreby opakujte<\/p>\n<\/li>\n<li class=\"\" data-start=\"1166\" data-end=\"1239\">\n<p class=\"\" data-start=\"1168\" data-end=\"1239\">Pre maxim\u00e1lny efekt kombinujte s produktmi z l\u00ednie Curls No-Frizz<\/p>\n<\/li>\n<\/ol>\n","protected":false},"excerpt":{"rendered":"<p>Veg\u00e1nsky \u0161amp\u00f3n pre ku\u010derav\u00e9 a vlnit\u00e9 vlasy. Jemne \u010dist\u00ed, zvy\u0161uje defin\u00edciu ku\u010dier a kontroluje krepovatenie bez za\u0165a\u017eenia.<\/p>\n","protected":false},"featured_media":990665,"template":"","meta":[],"product_brand":[],"product_cat":[95,94],"product_tag":[188,189,157,177,186,129,187,142,128],"class_list":{"0":"post-990663","1":"product","2":"type-product","3":"status-publish","4":"has-post-thumbnail","6":"product_cat-sampony","7":"product_cat-vlasova-kozmetika","8":"product_tag-bez-frizz-efektu","9":"product_tag-definicia-kucier","10":"product_tag-hydratacia","11":"product_tag-jemne-cistenie","12":"product_tag-kucerave-vlasy","13":"product_tag-profesionalna-kozmetika","14":"product_tag-proti-krepovateniu","15":"product_tag-sampon","16":"product_tag-starostlivost-o-vlasy","18":"first","19":"instock","20":"shipping-taxable","21":"purchasable","22":"product-type-simple"},"yoast_head":"<!-- This site is optimized with the Yoast SEO plugin v27.4 - https:\/\/yoast.com\/product\/yoast-seo-wordpress\/ -->\n<title>Curls Shampoo No-Frizz \u2013 Veg\u00e1nsky \u0161amp\u00f3n pre ku\u010derav\u00e9 a vlnit\u00e9 vlasy | 250 ml<\/title>\n<meta name=\"description\" content=\"Veg\u00e1nsky \u0161amp\u00f3n pre ku\u010derav\u00e9 a vlnit\u00e9 vlasy. Zlep\u0161uje defin\u00edciu ku\u010dier, kontroluje krepovatenie a zanech\u00e1va vlasy jemn\u00e9, siln\u00e9 a hydratovan\u00e9. Ide\u00e1lne pre zdrav\u00fd vzh\u013ead ku\u010dier.\" \/>\n<meta name=\"robots\" content=\"index, follow, max-snippet:-1, max-image-preview:large, max-video-preview:-1\" \/>\n<link rel=\"canonical\" href=\"https:\/\/salonkrasyvs.sk\/?product=curls-shampoo-no-frizz\" \/>\n<meta property=\"og:locale\" content=\"sk_SK\" \/>\n<meta property=\"og:type\" content=\"article\" \/>\n<meta property=\"og:title\" content=\"Curls Shampoo No-Frizz \u2013 Veg\u00e1nsky \u0161amp\u00f3n pre ku\u010derav\u00e9 a vlnit\u00e9 vlasy | 250 ml\" \/>\n<meta property=\"og:description\" content=\"Veg\u00e1nsky \u0161amp\u00f3n pre ku\u010derav\u00e9 a vlnit\u00e9 vlasy. Zlep\u0161uje defin\u00edciu ku\u010dier, kontroluje krepovatenie a zanech\u00e1va vlasy jemn\u00e9, siln\u00e9 a hydratovan\u00e9. Ide\u00e1lne pre zdrav\u00fd vzh\u013ead ku\u010dier.\" \/>\n<meta property=\"og:url\" content=\"https:\/\/salonkrasyvs.sk\/?product=curls-shampoo-no-frizz\" \/>\n<meta property=\"og:site_name\" content=\"Sal\u00f3n Kr\u00e1sy VS - kadern\u00edctvo, kozmetika, pedik\u00fara, microblading,\" \/>\n<meta property=\"article:modified_time\" content=\"2025-05-17T15:54:53+00:00\" \/>\n<meta property=\"og:image\" content=\"https:\/\/salonkrasyvs.sk\/wp-content\/uploads\/2025\/05\/curls-shampoo-no-frizz-e1747203026603.jpg\" \/>\n\t<meta property=\"og:image:width\" content=\"700\" \/>\n\t<meta property=\"og:image:height\" content=\"700\" \/>\n\t<meta property=\"og:image:type\" content=\"image\/jpeg\" \/>\n<meta name=\"twitter:card\" content=\"summary_large_image\" \/>\n<meta name=\"twitter:label1\" content=\"Predpokladan\u00fd \u010das \u010d\u00edtania\" \/>\n\t<meta name=\"twitter:data1\" content=\"2 min\u00faty\" \/>\n<script type=\"application\/ld+json\" class=\"yoast-schema-graph\">{\"@context\":\"https:\\\/\\\/schema.org\",\"@graph\":[{\"@type\":\"WebPage\",\"@id\":\"https:\\\/\\\/salonkrasyvs.sk\\\/?product=curls-shampoo-no-frizz\",\"url\":\"https:\\\/\\\/salonkrasyvs.sk\\\/?product=curls-shampoo-no-frizz\",\"name\":\"Curls Shampoo No-Frizz \u2013 Veg\u00e1nsky \u0161amp\u00f3n pre ku\u010derav\u00e9 a vlnit\u00e9 vlasy | 250 ml\",\"isPartOf\":{\"@id\":\"https:\\\/\\\/salonkrasyvs.sk\\\/#website\"},\"primaryImageOfPage\":{\"@id\":\"https:\\\/\\\/salonkrasyvs.sk\\\/?product=curls-shampoo-no-frizz#primaryimage\"},\"image\":{\"@id\":\"https:\\\/\\\/salonkrasyvs.sk\\\/?product=curls-shampoo-no-frizz#primaryimage\"},\"thumbnailUrl\":\"https:\\\/\\\/salonkrasyvs.sk\\\/wp-content\\\/uploads\\\/2025\\\/05\\\/curls-shampoo-no-frizz-e1747203026603.jpg\",\"datePublished\":\"2025-05-14T06:11:14+00:00\",\"dateModified\":\"2025-05-17T15:54:53+00:00\",\"description\":\"Veg\u00e1nsky \u0161amp\u00f3n pre ku\u010derav\u00e9 a vlnit\u00e9 vlasy. Zlep\u0161uje defin\u00edciu ku\u010dier, kontroluje krepovatenie a zanech\u00e1va vlasy jemn\u00e9, siln\u00e9 a hydratovan\u00e9. Ide\u00e1lne pre zdrav\u00fd vzh\u013ead ku\u010dier.\",\"breadcrumb\":{\"@id\":\"https:\\\/\\\/salonkrasyvs.sk\\\/?product=curls-shampoo-no-frizz#breadcrumb\"},\"inLanguage\":\"sk-SK\",\"potentialAction\":[{\"@type\":\"ReadAction\",\"target\":[\"https:\\\/\\\/salonkrasyvs.sk\\\/?product=curls-shampoo-no-frizz\"]}]},{\"@type\":\"ImageObject\",\"inLanguage\":\"sk-SK\",\"@id\":\"https:\\\/\\\/salonkrasyvs.sk\\\/?product=curls-shampoo-no-frizz#primaryimage\",\"url\":\"https:\\\/\\\/salonkrasyvs.sk\\\/wp-content\\\/uploads\\\/2025\\\/05\\\/curls-shampoo-no-frizz-e1747203026603.jpg\",\"contentUrl\":\"https:\\\/\\\/salonkrasyvs.sk\\\/wp-content\\\/uploads\\\/2025\\\/05\\\/curls-shampoo-no-frizz-e1747203026603.jpg\",\"width\":700,\"height\":700,\"caption\":\"Curls Shampoo No-Frizz \u2013 \u0160amp\u00f3n pre ku\u010derav\u00e9 vlasy bez krepovatenia\"},{\"@type\":\"BreadcrumbList\",\"@id\":\"https:\\\/\\\/salonkrasyvs.sk\\\/?product=curls-shampoo-no-frizz#breadcrumb\",\"itemListElement\":[{\"@type\":\"ListItem\",\"position\":1,\"name\":\"Domovsk\u00e1 str\u00e1nka\",\"item\":\"https:\\\/\\\/salonkrasyvs.sk\\\/\"},{\"@type\":\"ListItem\",\"position\":2,\"name\":\"Obchod_zaloha\",\"item\":\"https:\\\/\\\/salonkrasyvs.sk\\\/?page_id=9697\"},{\"@type\":\"ListItem\",\"position\":3,\"name\":\"Curls Shampoo No-Frizz \u2013 Veg\u00e1nsky \u0161amp\u00f3n pre ku\u010derav\u00e9 a vlnit\u00e9 vlasy 250 ml\"}]},{\"@type\":\"WebSite\",\"@id\":\"https:\\\/\\\/salonkrasyvs.sk\\\/#website\",\"url\":\"https:\\\/\\\/salonkrasyvs.sk\\\/\",\"name\":\"Sal\u00f3n Kr\u00e1sy VS - kadern\u00edctvo, kozmetika, pedik\u00fara, microblading,\",\"description\":\"Sal\u00f3n Kr\u00e1sy kde sa o V\u00e1s postar\u00e1me : d\u00e1mske, p\u00e1nske kadern\u00edctvo, kozmetika, pedik\u00fara, manik\u00fara, microblading. Kvalitn\u00e1 vlasov\u00e1 kozmetika na na\u0161om e-shope: Milk shake,  Malibu C, Mon platin, Sans Soucis\",\"potentialAction\":[{\"@type\":\"SearchAction\",\"target\":{\"@type\":\"EntryPoint\",\"urlTemplate\":\"https:\\\/\\\/salonkrasyvs.sk\\\/?s={search_term_string}\"},\"query-input\":{\"@type\":\"PropertyValueSpecification\",\"valueRequired\":true,\"valueName\":\"search_term_string\"}}],\"inLanguage\":\"sk-SK\"}]}<\/script>\n<!-- \/ Yoast SEO plugin. -->","yoast_head_json":{"title":"Curls Shampoo No-Frizz \u2013 Veg\u00e1nsky \u0161amp\u00f3n pre ku\u010derav\u00e9 a vlnit\u00e9 vlasy | 250 ml","description":"Veg\u00e1nsky \u0161amp\u00f3n pre ku\u010derav\u00e9 a vlnit\u00e9 vlasy. Zlep\u0161uje defin\u00edciu ku\u010dier, kontroluje krepovatenie a zanech\u00e1va vlasy jemn\u00e9, siln\u00e9 a hydratovan\u00e9. Ide\u00e1lne pre zdrav\u00fd vzh\u013ead ku\u010dier.","robots":{"index":"index","follow":"follow","max-snippet":"max-snippet:-1","max-image-preview":"max-image-preview:large","max-video-preview":"max-video-preview:-1"},"canonical":"https:\/\/salonkrasyvs.sk\/?product=curls-shampoo-no-frizz","og_locale":"sk_SK","og_type":"article","og_title":"Curls Shampoo No-Frizz \u2013 Veg\u00e1nsky \u0161amp\u00f3n pre ku\u010derav\u00e9 a vlnit\u00e9 vlasy | 250 ml","og_description":"Veg\u00e1nsky \u0161amp\u00f3n pre ku\u010derav\u00e9 a vlnit\u00e9 vlasy. Zlep\u0161uje defin\u00edciu ku\u010dier, kontroluje krepovatenie a zanech\u00e1va vlasy jemn\u00e9, siln\u00e9 a hydratovan\u00e9. Ide\u00e1lne pre zdrav\u00fd vzh\u013ead ku\u010dier.","og_url":"https:\/\/salonkrasyvs.sk\/?product=curls-shampoo-no-frizz","og_site_name":"Sal\u00f3n Kr\u00e1sy VS - kadern\u00edctvo, kozmetika, pedik\u00fara, microblading,","article_modified_time":"2025-05-17T15:54:53+00:00","og_image":[{"width":700,"height":700,"url":"https:\/\/salonkrasyvs.sk\/wp-content\/uploads\/2025\/05\/curls-shampoo-no-frizz-e1747203026603.jpg","type":"image\/jpeg"}],"twitter_card":"summary_large_image","twitter_misc":{"Predpokladan\u00fd \u010das \u010d\u00edtania":"2 min\u00faty"},"schema":{"@context":"https:\/\/schema.org","@graph":[{"@type":"WebPage","@id":"https:\/\/salonkrasyvs.sk\/?product=curls-shampoo-no-frizz","url":"https:\/\/salonkrasyvs.sk\/?product=curls-shampoo-no-frizz","name":"Curls Shampoo No-Frizz \u2013 Veg\u00e1nsky \u0161amp\u00f3n pre ku\u010derav\u00e9 a vlnit\u00e9 vlasy | 250 ml","isPartOf":{"@id":"https:\/\/salonkrasyvs.sk\/#website"},"primaryImageOfPage":{"@id":"https:\/\/salonkrasyvs.sk\/?product=curls-shampoo-no-frizz#primaryimage"},"image":{"@id":"https:\/\/salonkrasyvs.sk\/?product=curls-shampoo-no-frizz#primaryimage"},"thumbnailUrl":"https:\/\/salonkrasyvs.sk\/wp-content\/uploads\/2025\/05\/curls-shampoo-no-frizz-e1747203026603.jpg","datePublished":"2025-05-14T06:11:14+00:00","dateModified":"2025-05-17T15:54:53+00:00","description":"Veg\u00e1nsky \u0161amp\u00f3n pre ku\u010derav\u00e9 a vlnit\u00e9 vlasy. Zlep\u0161uje defin\u00edciu ku\u010dier, kontroluje krepovatenie a zanech\u00e1va vlasy jemn\u00e9, siln\u00e9 a hydratovan\u00e9. Ide\u00e1lne pre zdrav\u00fd vzh\u013ead ku\u010dier.","breadcrumb":{"@id":"https:\/\/salonkrasyvs.sk\/?product=curls-shampoo-no-frizz#breadcrumb"},"inLanguage":"sk-SK","potentialAction":[{"@type":"ReadAction","target":["https:\/\/salonkrasyvs.sk\/?product=curls-shampoo-no-frizz"]}]},{"@type":"ImageObject","inLanguage":"sk-SK","@id":"https:\/\/salonkrasyvs.sk\/?product=curls-shampoo-no-frizz#primaryimage","url":"https:\/\/salonkrasyvs.sk\/wp-content\/uploads\/2025\/05\/curls-shampoo-no-frizz-e1747203026603.jpg","contentUrl":"https:\/\/salonkrasyvs.sk\/wp-content\/uploads\/2025\/05\/curls-shampoo-no-frizz-e1747203026603.jpg","width":700,"height":700,"caption":"Curls Shampoo No-Frizz \u2013 \u0160amp\u00f3n pre ku\u010derav\u00e9 vlasy bez krepovatenia"},{"@type":"BreadcrumbList","@id":"https:\/\/salonkrasyvs.sk\/?product=curls-shampoo-no-frizz#breadcrumb","itemListElement":[{"@type":"ListItem","position":1,"name":"Domovsk\u00e1 str\u00e1nka","item":"https:\/\/salonkrasyvs.sk\/"},{"@type":"ListItem","position":2,"name":"Obchod_zaloha","item":"https:\/\/salonkrasyvs.sk\/?page_id=9697"},{"@type":"ListItem","position":3,"name":"Curls Shampoo No-Frizz \u2013 Veg\u00e1nsky \u0161amp\u00f3n pre ku\u010derav\u00e9 a vlnit\u00e9 vlasy 250 ml"}]},{"@type":"WebSite","@id":"https:\/\/salonkrasyvs.sk\/#website","url":"https:\/\/salonkrasyvs.sk\/","name":"Sal\u00f3n Kr\u00e1sy VS - kadern\u00edctvo, kozmetika, pedik\u00fara, microblading,","description":"Sal\u00f3n Kr\u00e1sy kde sa o V\u00e1s postar\u00e1me : d\u00e1mske, p\u00e1nske kadern\u00edctvo, kozmetika, pedik\u00fara, manik\u00fara, microblading. Kvalitn\u00e1 vlasov\u00e1 kozmetika na na\u0161om e-shope: Milk shake,  Malibu C, Mon platin, Sans Soucis","potentialAction":[{"@type":"SearchAction","target":{"@type":"EntryPoint","urlTemplate":"https:\/\/salonkrasyvs.sk\/?s={search_term_string}"},"query-input":{"@type":"PropertyValueSpecification","valueRequired":true,"valueName":"search_term_string"}}],"inLanguage":"sk-SK"}]}},"jetpack_sharing_enabled":true,"jetpack_likes_enabled":true,"_links":{"self":[{"href":"https:\/\/salonkrasyvs.sk\/index.php?rest_route=\/wp\/v2\/product\/990663","targetHints":{"allow":["GET"]}}],"collection":[{"href":"https:\/\/salonkrasyvs.sk\/index.php?rest_route=\/wp\/v2\/product"}],"about":[{"href":"https:\/\/salonkrasyvs.sk\/index.php?rest_route=\/wp\/v2\/types\/product"}],"wp:featuredmedia":[{"embeddable":true,"href":"https:\/\/salonkrasyvs.sk\/index.php?rest_route=\/wp\/v2\/media\/990665"}],"wp:attachment":[{"href":"https:\/\/salonkrasyvs.sk\/index.php?rest_route=%2Fwp%2Fv2%2Fmedia&parent=990663"}],"wp:term":[{"taxonomy":"product_brand","embeddable":true,"href":"https:\/\/salonkrasyvs.sk\/index.php?rest_route=%2Fwp%2Fv2%2Fproduct_brand&post=990663"},{"taxonomy":"product_cat","embeddable":true,"href":"https:\/\/salonkrasyvs.sk\/index.php?rest_route=%2Fwp%2Fv2%2Fproduct_cat&post=990663"},{"taxonomy":"product_tag","embeddable":true,"href":"https:\/\/salonkrasyvs.sk\/index.php?rest_route=%2Fwp%2Fv2%2Fproduct_tag&post=990663"}],"curies":[{"name":"wp","href":"https:\/\/api.w.org\/{rel}","templated":true}]}}