{"id":990661,"date":"2025-05-14T08:06:42","date_gmt":"2025-05-14T06:06:42","guid":{"rendered":"https:\/\/salonkrasyvs.sk\/?post_type=product&#038;p=990661"},"modified":"2025-05-17T17:56:56","modified_gmt":"2025-05-17T15:56:56","slug":"detox-refresh-leave-in-conditioner","status":"publish","type":"product","link":"https:\/\/salonkrasyvs.sk\/?product=detox-refresh-leave-in-conditioner","title":{"rendered":"Detox Refresh Leave-in Conditioner \u2013 Veg\u00e1nsky bezoplachov\u00fd kondicion\u00e9r s UV ochranou 200 ml"},"content":{"rendered":"<p class=\"\" data-start=\"253\" data-end=\"536\">Detox Refresh Leave-in Conditioner je veg\u00e1nsky kondicion\u00e9r bez oplachovania, vhodn\u00fd pre ka\u017edodenn\u00fa starostlivos\u0165 o v\u0161etky typy vlasov. V\u010faka obsahu pr\u00edrodn\u00fdch akt\u00edvnych l\u00e1tok intenz\u00edvne hydratuje, regeneruje a zanech\u00e1va vlasy hebk\u00e9, leskl\u00e9 a \u013eahko roz\u010desate\u013en\u00e9.<\/p>\n<p class=\"\" data-start=\"538\" data-end=\"745\">Jeho \u013eahk\u00e1 formula poskytuje antioxida\u010dn\u00fd a detoxika\u010dn\u00fd \u00fa\u010dinok, osvie\u017euje vlasy a chr\u00e1ni ich pred zne\u010disten\u00edm aj slne\u010dn\u00fdm \u017eiaren\u00edm v\u010faka UV filtru. Ide\u00e1lny na r\u00fdchle osvie\u017eenie \u00fa\u010desu po\u010das d\u0148a bez za\u0165a\u017eenia.<\/p>\n<p>&nbsp;<\/p>\n<p><img decoding=\"async\" data-attachment-id=\"990591\" data-permalink=\"https:\/\/salonkrasyvs.sk\/?attachment_id=990591\" data-orig-file=\"https:\/\/salonkrasyvs.sk\/wp-content\/uploads\/2025\/05\/flower-ikona.png\" data-orig-size=\"64,64\" data-comments-opened=\"1\" data-image-meta=\"{&quot;aperture&quot;:&quot;0&quot;,&quot;credit&quot;:&quot;&quot;,&quot;camera&quot;:&quot;&quot;,&quot;caption&quot;:&quot;&quot;,&quot;created_timestamp&quot;:&quot;0&quot;,&quot;copyright&quot;:&quot;&quot;,&quot;focal_length&quot;:&quot;0&quot;,&quot;iso&quot;:&quot;0&quot;,&quot;shutter_speed&quot;:&quot;0&quot;,&quot;title&quot;:&quot;&quot;,&quot;orientation&quot;:&quot;0&quot;}\" data-image-title=\"flower ikona\" data-image-description=\"\" data-image-caption=\"\" data-large-file=\"https:\/\/salonkrasyvs.sk\/wp-content\/uploads\/2025\/05\/flower-ikona.png\" class=\"alignnone wp-image-990591\" src=\"https:\/\/salonkrasyvs.sk\/wp-content\/uploads\/2025\/05\/flower-ikona.png\" alt=\"\" width=\"60\" height=\"60\" \/><\/p>\n<p><strong>V\u00fdhody:<\/strong><\/p>\n<ul>\n<li class=\"\" data-start=\"766\" data-end=\"799\">\n<p class=\"\" data-start=\"768\" data-end=\"799\">Vhodn\u00fd pre v\u0161etky typy vlasov<\/p>\n<\/li>\n<li class=\"\" data-start=\"800\" data-end=\"833\">\n<p class=\"\" data-start=\"802\" data-end=\"833\">Bezoplachov\u00e9 a \u013eahk\u00e9 zlo\u017eenie<\/p>\n<\/li>\n<li class=\"\" data-start=\"834\" data-end=\"860\">\n<p class=\"\" data-start=\"836\" data-end=\"860\">UV ochrana pred slnkom<\/p>\n<\/li>\n<li class=\"\" data-start=\"861\" data-end=\"900\">\n<p class=\"\" data-start=\"863\" data-end=\"900\">Hydratuje, regeneruje a dod\u00e1va lesk<\/p>\n<\/li>\n<li class=\"\" data-start=\"901\" data-end=\"937\">\n<p class=\"\" data-start=\"903\" data-end=\"937\">Antioxida\u010dn\u00fd a detoxika\u010dn\u00fd efekt<\/p>\n<\/li>\n<\/ul>\n<p>&nbsp;<\/p>\n<p><img decoding=\"async\" data-attachment-id=\"990617\" data-permalink=\"https:\/\/salonkrasyvs.sk\/?attachment_id=990617\" data-orig-file=\"https:\/\/salonkrasyvs.sk\/wp-content\/uploads\/2025\/05\/dry-hair.png\" data-orig-size=\"64,64\" data-comments-opened=\"1\" data-image-meta=\"{&quot;aperture&quot;:&quot;0&quot;,&quot;credit&quot;:&quot;&quot;,&quot;camera&quot;:&quot;&quot;,&quot;caption&quot;:&quot;&quot;,&quot;created_timestamp&quot;:&quot;0&quot;,&quot;copyright&quot;:&quot;&quot;,&quot;focal_length&quot;:&quot;0&quot;,&quot;iso&quot;:&quot;0&quot;,&quot;shutter_speed&quot;:&quot;0&quot;,&quot;title&quot;:&quot;&quot;,&quot;orientation&quot;:&quot;0&quot;}\" data-image-title=\"dry hair\" data-image-description=\"\" data-image-caption=\"\" data-large-file=\"https:\/\/salonkrasyvs.sk\/wp-content\/uploads\/2025\/05\/dry-hair.png\" class=\"alignnone size-full wp-image-990617\" src=\"https:\/\/salonkrasyvs.sk\/wp-content\/uploads\/2025\/05\/dry-hair.png\" alt=\"\" width=\"64\" height=\"64\" \/><\/p>\n<p><strong>Pou\u017eitie:<\/strong><\/p>\n<ol>\n<li class=\"\" data-start=\"960\" data-end=\"1019\">\n<p class=\"\" data-start=\"962\" data-end=\"1019\">Naneste mal\u00e9 mno\u017estvo na uter\u00e1kom vysu\u0161en\u00e9, umyt\u00e9 vlasy<\/p>\n<\/li>\n<li class=\"\" data-start=\"1020\" data-end=\"1055\">\n<p class=\"\" data-start=\"1022\" data-end=\"1055\">Zamerajte sa na d\u013a\u017eky a kon\u010deky<\/p>\n<\/li>\n<li class=\"\" data-start=\"1056\" data-end=\"1072\">\n<p class=\"\" data-start=\"1058\" data-end=\"1072\">Neoplachujte<\/p>\n<\/li>\n<li class=\"\" data-start=\"1073\" data-end=\"1102\">\n<p class=\"\" data-start=\"1075\" data-end=\"1102\">Vlasy upravte ako obvykle<\/p>\n<\/li>\n<\/ol>\n","protected":false},"excerpt":{"rendered":"<p>Veg\u00e1nsky bezoplachov\u00fd kondicion\u00e9r pre v\u0161etky typy vlasov. Hydratuje, regeneruje, chr\u00e1ni pred UV \u017eiaren\u00edm a dod\u00e1va osvie\u017euj\u00faci lesk.<\/p>\n","protected":false},"featured_media":990662,"template":"","meta":[],"product_brand":[],"product_cat":[96,94],"product_tag":[160,157,166,170,183,180,129,185,174],"class_list":{"0":"post-990661","1":"product","2":"type-product","3":"status-publish","4":"has-post-thumbnail","6":"product_cat-kondicionery-a-masky","7":"product_cat-vlasova-kozmetika","8":"product_tag-bezoplachova-starostlivost","9":"product_tag-hydratacia","10":"product_tag-kondicioner","11":"product_tag-leave-in","12":"product_tag-leskle-vlasy","13":"product_tag-ochrana-vlasov","14":"product_tag-profesionalna-kozmetika","15":"product_tag-uv-filter","16":"product_tag-veganska-kozmetika","18":"first","19":"instock","20":"shipping-taxable","21":"purchasable","22":"product-type-simple"},"yoast_head":"<!-- This site is optimized with the Yoast SEO plugin v27.5 - https:\/\/yoast.com\/product\/yoast-seo-wordpress\/ -->\n<title>Detox Refresh Leave-in Conditioner \u2013 Veg\u00e1nsky bezoplachov\u00fd kondicion\u00e9r s UV ochranou | 200 ml<\/title>\n<meta name=\"description\" content=\"Veg\u00e1nsky bezoplachov\u00fd kondicion\u00e9r s UV ochranou, hydrat\u00e1ciou a leskom. Vhodn\u00fd pre v\u0161etky typy vlasov, zjednodu\u0161uje roz\u010des\u00e1vanie a obnovuje vlasy.\" \/>\n<meta name=\"robots\" content=\"index, follow, max-snippet:-1, max-image-preview:large, max-video-preview:-1\" \/>\n<link rel=\"canonical\" href=\"https:\/\/salonkrasyvs.sk\/?product=detox-refresh-leave-in-conditioner\" \/>\n<meta property=\"og:locale\" content=\"sk_SK\" \/>\n<meta property=\"og:type\" content=\"article\" \/>\n<meta property=\"og:title\" content=\"Detox Refresh Leave-in Conditioner \u2013 Veg\u00e1nsky bezoplachov\u00fd kondicion\u00e9r s UV ochranou | 200 ml\" \/>\n<meta property=\"og:description\" content=\"Veg\u00e1nsky bezoplachov\u00fd kondicion\u00e9r s UV ochranou, hydrat\u00e1ciou a leskom. Vhodn\u00fd pre v\u0161etky typy vlasov, zjednodu\u0161uje roz\u010des\u00e1vanie a obnovuje vlasy.\" \/>\n<meta property=\"og:url\" content=\"https:\/\/salonkrasyvs.sk\/?product=detox-refresh-leave-in-conditioner\" \/>\n<meta property=\"og:site_name\" content=\"Sal\u00f3n Kr\u00e1sy VS - kadern\u00edctvo, kozmetika, pedik\u00fara, microblading,\" \/>\n<meta property=\"article:modified_time\" content=\"2025-05-17T15:56:56+00:00\" \/>\n<meta property=\"og:image\" content=\"https:\/\/salonkrasyvs.sk\/wp-content\/uploads\/2025\/05\/detox-refresh-leave-in-conditioner-e1747202758920.jpg\" \/>\n\t<meta property=\"og:image:width\" content=\"700\" \/>\n\t<meta property=\"og:image:height\" content=\"700\" \/>\n\t<meta property=\"og:image:type\" content=\"image\/jpeg\" \/>\n<meta name=\"twitter:card\" content=\"summary_large_image\" \/>\n<meta name=\"twitter:label1\" content=\"Predpokladan\u00fd \u010das \u010d\u00edtania\" \/>\n\t<meta name=\"twitter:data1\" content=\"2 min\u00faty\" \/>\n<script type=\"application\/ld+json\" class=\"yoast-schema-graph\">{\"@context\":\"https:\\\/\\\/schema.org\",\"@graph\":[{\"@type\":\"WebPage\",\"@id\":\"https:\\\/\\\/salonkrasyvs.sk\\\/?product=detox-refresh-leave-in-conditioner\",\"url\":\"https:\\\/\\\/salonkrasyvs.sk\\\/?product=detox-refresh-leave-in-conditioner\",\"name\":\"Detox Refresh Leave-in Conditioner \u2013 Veg\u00e1nsky bezoplachov\u00fd kondicion\u00e9r s UV ochranou | 200 ml\",\"isPartOf\":{\"@id\":\"https:\\\/\\\/salonkrasyvs.sk\\\/#website\"},\"primaryImageOfPage\":{\"@id\":\"https:\\\/\\\/salonkrasyvs.sk\\\/?product=detox-refresh-leave-in-conditioner#primaryimage\"},\"image\":{\"@id\":\"https:\\\/\\\/salonkrasyvs.sk\\\/?product=detox-refresh-leave-in-conditioner#primaryimage\"},\"thumbnailUrl\":\"https:\\\/\\\/salonkrasyvs.sk\\\/wp-content\\\/uploads\\\/2025\\\/05\\\/detox-refresh-leave-in-conditioner-e1747202758920.jpg\",\"datePublished\":\"2025-05-14T06:06:42+00:00\",\"dateModified\":\"2025-05-17T15:56:56+00:00\",\"description\":\"Veg\u00e1nsky bezoplachov\u00fd kondicion\u00e9r s UV ochranou, hydrat\u00e1ciou a leskom. Vhodn\u00fd pre v\u0161etky typy vlasov, zjednodu\u0161uje roz\u010des\u00e1vanie a obnovuje vlasy.\",\"breadcrumb\":{\"@id\":\"https:\\\/\\\/salonkrasyvs.sk\\\/?product=detox-refresh-leave-in-conditioner#breadcrumb\"},\"inLanguage\":\"sk-SK\",\"potentialAction\":[{\"@type\":\"ReadAction\",\"target\":[\"https:\\\/\\\/salonkrasyvs.sk\\\/?product=detox-refresh-leave-in-conditioner\"]}]},{\"@type\":\"ImageObject\",\"inLanguage\":\"sk-SK\",\"@id\":\"https:\\\/\\\/salonkrasyvs.sk\\\/?product=detox-refresh-leave-in-conditioner#primaryimage\",\"url\":\"https:\\\/\\\/salonkrasyvs.sk\\\/wp-content\\\/uploads\\\/2025\\\/05\\\/detox-refresh-leave-in-conditioner-e1747202758920.jpg\",\"contentUrl\":\"https:\\\/\\\/salonkrasyvs.sk\\\/wp-content\\\/uploads\\\/2025\\\/05\\\/detox-refresh-leave-in-conditioner-e1747202758920.jpg\",\"width\":700,\"height\":700,\"caption\":\"Detox Refresh Leave-in Conditioner \u2013 Veg\u00e1nsky bezoplachov\u00fd kondicion\u00e9r s UV filtrom\"},{\"@type\":\"BreadcrumbList\",\"@id\":\"https:\\\/\\\/salonkrasyvs.sk\\\/?product=detox-refresh-leave-in-conditioner#breadcrumb\",\"itemListElement\":[{\"@type\":\"ListItem\",\"position\":1,\"name\":\"Domovsk\u00e1 str\u00e1nka\",\"item\":\"https:\\\/\\\/salonkrasyvs.sk\\\/\"},{\"@type\":\"ListItem\",\"position\":2,\"name\":\"Obchod_zaloha\",\"item\":\"https:\\\/\\\/salonkrasyvs.sk\\\/?page_id=9697\"},{\"@type\":\"ListItem\",\"position\":3,\"name\":\"Detox Refresh Leave-in Conditioner \u2013 Veg\u00e1nsky bezoplachov\u00fd kondicion\u00e9r s UV ochranou 200 ml\"}]},{\"@type\":\"WebSite\",\"@id\":\"https:\\\/\\\/salonkrasyvs.sk\\\/#website\",\"url\":\"https:\\\/\\\/salonkrasyvs.sk\\\/\",\"name\":\"Sal\u00f3n Kr\u00e1sy VS - kadern\u00edctvo, kozmetika, pedik\u00fara, microblading,\",\"description\":\"Sal\u00f3n Kr\u00e1sy kde sa o V\u00e1s postar\u00e1me : d\u00e1mske, p\u00e1nske kadern\u00edctvo, kozmetika, pedik\u00fara, manik\u00fara, microblading. Kvalitn\u00e1 vlasov\u00e1 kozmetika na na\u0161om e-shope: Milk shake,  Malibu C, Mon platin, Sans Soucis\",\"potentialAction\":[{\"@type\":\"SearchAction\",\"target\":{\"@type\":\"EntryPoint\",\"urlTemplate\":\"https:\\\/\\\/salonkrasyvs.sk\\\/?s={search_term_string}\"},\"query-input\":{\"@type\":\"PropertyValueSpecification\",\"valueRequired\":true,\"valueName\":\"search_term_string\"}}],\"inLanguage\":\"sk-SK\"}]}<\/script>\n<!-- \/ Yoast SEO plugin. -->","yoast_head_json":{"title":"Detox Refresh Leave-in Conditioner \u2013 Veg\u00e1nsky bezoplachov\u00fd kondicion\u00e9r s UV ochranou | 200 ml","description":"Veg\u00e1nsky bezoplachov\u00fd kondicion\u00e9r s UV ochranou, hydrat\u00e1ciou a leskom. Vhodn\u00fd pre v\u0161etky typy vlasov, zjednodu\u0161uje roz\u010des\u00e1vanie a obnovuje vlasy.","robots":{"index":"index","follow":"follow","max-snippet":"max-snippet:-1","max-image-preview":"max-image-preview:large","max-video-preview":"max-video-preview:-1"},"canonical":"https:\/\/salonkrasyvs.sk\/?product=detox-refresh-leave-in-conditioner","og_locale":"sk_SK","og_type":"article","og_title":"Detox Refresh Leave-in Conditioner \u2013 Veg\u00e1nsky bezoplachov\u00fd kondicion\u00e9r s UV ochranou | 200 ml","og_description":"Veg\u00e1nsky bezoplachov\u00fd kondicion\u00e9r s UV ochranou, hydrat\u00e1ciou a leskom. Vhodn\u00fd pre v\u0161etky typy vlasov, zjednodu\u0161uje roz\u010des\u00e1vanie a obnovuje vlasy.","og_url":"https:\/\/salonkrasyvs.sk\/?product=detox-refresh-leave-in-conditioner","og_site_name":"Sal\u00f3n Kr\u00e1sy VS - kadern\u00edctvo, kozmetika, pedik\u00fara, microblading,","article_modified_time":"2025-05-17T15:56:56+00:00","og_image":[{"width":700,"height":700,"url":"https:\/\/salonkrasyvs.sk\/wp-content\/uploads\/2025\/05\/detox-refresh-leave-in-conditioner-e1747202758920.jpg","type":"image\/jpeg"}],"twitter_card":"summary_large_image","twitter_misc":{"Predpokladan\u00fd \u010das \u010d\u00edtania":"2 min\u00faty"},"schema":{"@context":"https:\/\/schema.org","@graph":[{"@type":"WebPage","@id":"https:\/\/salonkrasyvs.sk\/?product=detox-refresh-leave-in-conditioner","url":"https:\/\/salonkrasyvs.sk\/?product=detox-refresh-leave-in-conditioner","name":"Detox Refresh Leave-in Conditioner \u2013 Veg\u00e1nsky bezoplachov\u00fd kondicion\u00e9r s UV ochranou | 200 ml","isPartOf":{"@id":"https:\/\/salonkrasyvs.sk\/#website"},"primaryImageOfPage":{"@id":"https:\/\/salonkrasyvs.sk\/?product=detox-refresh-leave-in-conditioner#primaryimage"},"image":{"@id":"https:\/\/salonkrasyvs.sk\/?product=detox-refresh-leave-in-conditioner#primaryimage"},"thumbnailUrl":"https:\/\/salonkrasyvs.sk\/wp-content\/uploads\/2025\/05\/detox-refresh-leave-in-conditioner-e1747202758920.jpg","datePublished":"2025-05-14T06:06:42+00:00","dateModified":"2025-05-17T15:56:56+00:00","description":"Veg\u00e1nsky bezoplachov\u00fd kondicion\u00e9r s UV ochranou, hydrat\u00e1ciou a leskom. Vhodn\u00fd pre v\u0161etky typy vlasov, zjednodu\u0161uje roz\u010des\u00e1vanie a obnovuje vlasy.","breadcrumb":{"@id":"https:\/\/salonkrasyvs.sk\/?product=detox-refresh-leave-in-conditioner#breadcrumb"},"inLanguage":"sk-SK","potentialAction":[{"@type":"ReadAction","target":["https:\/\/salonkrasyvs.sk\/?product=detox-refresh-leave-in-conditioner"]}]},{"@type":"ImageObject","inLanguage":"sk-SK","@id":"https:\/\/salonkrasyvs.sk\/?product=detox-refresh-leave-in-conditioner#primaryimage","url":"https:\/\/salonkrasyvs.sk\/wp-content\/uploads\/2025\/05\/detox-refresh-leave-in-conditioner-e1747202758920.jpg","contentUrl":"https:\/\/salonkrasyvs.sk\/wp-content\/uploads\/2025\/05\/detox-refresh-leave-in-conditioner-e1747202758920.jpg","width":700,"height":700,"caption":"Detox Refresh Leave-in Conditioner \u2013 Veg\u00e1nsky bezoplachov\u00fd kondicion\u00e9r s UV filtrom"},{"@type":"BreadcrumbList","@id":"https:\/\/salonkrasyvs.sk\/?product=detox-refresh-leave-in-conditioner#breadcrumb","itemListElement":[{"@type":"ListItem","position":1,"name":"Domovsk\u00e1 str\u00e1nka","item":"https:\/\/salonkrasyvs.sk\/"},{"@type":"ListItem","position":2,"name":"Obchod_zaloha","item":"https:\/\/salonkrasyvs.sk\/?page_id=9697"},{"@type":"ListItem","position":3,"name":"Detox Refresh Leave-in Conditioner \u2013 Veg\u00e1nsky bezoplachov\u00fd kondicion\u00e9r s UV ochranou 200 ml"}]},{"@type":"WebSite","@id":"https:\/\/salonkrasyvs.sk\/#website","url":"https:\/\/salonkrasyvs.sk\/","name":"Sal\u00f3n Kr\u00e1sy VS - kadern\u00edctvo, kozmetika, pedik\u00fara, microblading,","description":"Sal\u00f3n Kr\u00e1sy kde sa o V\u00e1s postar\u00e1me : d\u00e1mske, p\u00e1nske kadern\u00edctvo, kozmetika, pedik\u00fara, manik\u00fara, microblading. Kvalitn\u00e1 vlasov\u00e1 kozmetika na na\u0161om e-shope: Milk shake,  Malibu C, Mon platin, Sans Soucis","potentialAction":[{"@type":"SearchAction","target":{"@type":"EntryPoint","urlTemplate":"https:\/\/salonkrasyvs.sk\/?s={search_term_string}"},"query-input":{"@type":"PropertyValueSpecification","valueRequired":true,"valueName":"search_term_string"}}],"inLanguage":"sk-SK"}]}},"jetpack_sharing_enabled":true,"jetpack_likes_enabled":true,"_links":{"self":[{"href":"https:\/\/salonkrasyvs.sk\/index.php?rest_route=\/wp\/v2\/product\/990661","targetHints":{"allow":["GET"]}}],"collection":[{"href":"https:\/\/salonkrasyvs.sk\/index.php?rest_route=\/wp\/v2\/product"}],"about":[{"href":"https:\/\/salonkrasyvs.sk\/index.php?rest_route=\/wp\/v2\/types\/product"}],"wp:featuredmedia":[{"embeddable":true,"href":"https:\/\/salonkrasyvs.sk\/index.php?rest_route=\/wp\/v2\/media\/990662"}],"wp:attachment":[{"href":"https:\/\/salonkrasyvs.sk\/index.php?rest_route=%2Fwp%2Fv2%2Fmedia&parent=990661"}],"wp:term":[{"taxonomy":"product_brand","embeddable":true,"href":"https:\/\/salonkrasyvs.sk\/index.php?rest_route=%2Fwp%2Fv2%2Fproduct_brand&post=990661"},{"taxonomy":"product_cat","embeddable":true,"href":"https:\/\/salonkrasyvs.sk\/index.php?rest_route=%2Fwp%2Fv2%2Fproduct_cat&post=990661"},{"taxonomy":"product_tag","embeddable":true,"href":"https:\/\/salonkrasyvs.sk\/index.php?rest_route=%2Fwp%2Fv2%2Fproduct_tag&post=990661"}],"curies":[{"name":"wp","href":"https:\/\/api.w.org\/{rel}","templated":true}]}}