{"id":990659,"date":"2025-05-14T08:03:27","date_gmt":"2025-05-14T06:03:27","guid":{"rendered":"https:\/\/salonkrasyvs.sk\/?post_type=product&#038;p=990659"},"modified":"2025-05-17T17:58:49","modified_gmt":"2025-05-17T15:58:49","slug":"detox-refresh-shampoo","status":"publish","type":"product","link":"https:\/\/salonkrasyvs.sk\/?product=detox-refresh-shampoo","title":{"rendered":"Detox Refresh Shampoo \u2013 Veg\u00e1nsky detoxika\u010dn\u00fd \u0161amp\u00f3n pre v\u0161etky typy vlasov 250 ml"},"content":{"rendered":"<p class=\"\" data-start=\"227\" data-end=\"506\">Detox Shampoo je veg\u00e1nsky \u0161amp\u00f3n ur\u010den\u00fd pre v\u0161etky typy vlasov, ide\u00e1lny na ka\u017edodenn\u00e9 pou\u017eitie. Jeho \u010distiace a antioxida\u010dn\u00e9 zlo\u017eenie \u00fa\u010dinne odstra\u0148uje ne\u010distoty a zvy\u0161ky stylingov\u00fdch produktov, pri\u010dom z\u00e1rove\u0148 chr\u00e1ni vlasov\u00fa poko\u017eku pred vonkaj\u0161\u00edmi vplyvmi.<\/p>\n<p class=\"\" data-start=\"508\" data-end=\"690\">\u0160amp\u00f3n obnovuje rovnov\u00e1hu, hydratuje a dod\u00e1va vlasom prirodzen\u00fd lesk a svie\u017eos\u0165 bez za\u0165a\u017eenia. Perfektn\u00fd pre t\u00fdch, ktor\u00ed h\u013eadaj\u00fa zdrav\u00e9, \u013eahk\u00e9 a vit\u00e1lne vlasy s osvie\u017euj\u00facim efektom.<\/p>\n<p>&nbsp;<\/p>\n<p><img decoding=\"async\" data-attachment-id=\"990591\" data-permalink=\"https:\/\/salonkrasyvs.sk\/?attachment_id=990591\" data-orig-file=\"https:\/\/salonkrasyvs.sk\/wp-content\/uploads\/2025\/05\/flower-ikona.png\" data-orig-size=\"64,64\" data-comments-opened=\"1\" data-image-meta=\"{&quot;aperture&quot;:&quot;0&quot;,&quot;credit&quot;:&quot;&quot;,&quot;camera&quot;:&quot;&quot;,&quot;caption&quot;:&quot;&quot;,&quot;created_timestamp&quot;:&quot;0&quot;,&quot;copyright&quot;:&quot;&quot;,&quot;focal_length&quot;:&quot;0&quot;,&quot;iso&quot;:&quot;0&quot;,&quot;shutter_speed&quot;:&quot;0&quot;,&quot;title&quot;:&quot;&quot;,&quot;orientation&quot;:&quot;0&quot;}\" data-image-title=\"flower ikona\" data-image-description=\"\" data-image-caption=\"\" data-large-file=\"https:\/\/salonkrasyvs.sk\/wp-content\/uploads\/2025\/05\/flower-ikona.png\" class=\"alignnone wp-image-990591\" src=\"https:\/\/salonkrasyvs.sk\/wp-content\/uploads\/2025\/05\/flower-ikona.png\" alt=\"\" width=\"62\" height=\"62\" \/><\/p>\n<p>V\u00fdhody:<\/p>\n<ul>\n<li class=\"\" data-start=\"711\" data-end=\"744\">\n<p class=\"\" data-start=\"713\" data-end=\"744\">Vhodn\u00fd pre v\u0161etky typy vlasov<\/p>\n<\/li>\n<li class=\"\" data-start=\"745\" data-end=\"789\">\n<p class=\"\" data-start=\"747\" data-end=\"789\">Jemne \u010dist\u00ed a detoxikuje vlasov\u00fa poko\u017eku<\/p>\n<\/li>\n<li class=\"\" data-start=\"790\" data-end=\"838\">\n<p class=\"\" data-start=\"792\" data-end=\"838\">Antioxida\u010dn\u00e1 ochrana proti vonkaj\u0161\u00edm vplyvom<\/p>\n<\/li>\n<li class=\"\" data-start=\"839\" data-end=\"888\">\n<p class=\"\" data-start=\"841\" data-end=\"888\">Dod\u00e1va hydrat\u00e1ciu, prirodzen\u00fd lesk a vitalitu<\/p>\n<\/li>\n<li class=\"\" data-start=\"889\" data-end=\"935\">\n<p class=\"\" data-start=\"891\" data-end=\"935\">Veg\u00e1nske zlo\u017eenie bez parab\u00e9nov a sulf\u00e1tov<\/p>\n<\/li>\n<\/ul>\n<p>&nbsp;<\/p>\n<p><img decoding=\"async\" data-attachment-id=\"990592\" data-permalink=\"https:\/\/salonkrasyvs.sk\/?attachment_id=990592\" data-orig-file=\"https:\/\/salonkrasyvs.sk\/wp-content\/uploads\/2025\/05\/hair-washing.png\" data-orig-size=\"64,64\" data-comments-opened=\"1\" data-image-meta=\"{&quot;aperture&quot;:&quot;0&quot;,&quot;credit&quot;:&quot;&quot;,&quot;camera&quot;:&quot;&quot;,&quot;caption&quot;:&quot;&quot;,&quot;created_timestamp&quot;:&quot;0&quot;,&quot;copyright&quot;:&quot;&quot;,&quot;focal_length&quot;:&quot;0&quot;,&quot;iso&quot;:&quot;0&quot;,&quot;shutter_speed&quot;:&quot;0&quot;,&quot;title&quot;:&quot;&quot;,&quot;orientation&quot;:&quot;0&quot;}\" data-image-title=\"hair-washing\" data-image-description=\"\" data-image-caption=\"\" data-large-file=\"https:\/\/salonkrasyvs.sk\/wp-content\/uploads\/2025\/05\/hair-washing.png\" class=\"alignnone size-full wp-image-990592\" src=\"https:\/\/salonkrasyvs.sk\/wp-content\/uploads\/2025\/05\/hair-washing.png\" alt=\"\" width=\"64\" height=\"64\" \/><\/p>\n<p><strong>Pou\u017eitie:<\/strong><\/p>\n<ol>\n<li class=\"\" data-start=\"958\" data-end=\"984\">\n<p class=\"\" data-start=\"960\" data-end=\"984\">Naneste na mokr\u00e9 vlasy<\/p>\n<\/li>\n<li class=\"\" data-start=\"985\" data-end=\"1031\">\n<p class=\"\" data-start=\"987\" data-end=\"1031\">Jemne vmas\u00edrujte do poko\u017eky hlavy a vlasov<\/p>\n<\/li>\n<li class=\"\" data-start=\"1032\" data-end=\"1055\">\n<p class=\"\" data-start=\"1034\" data-end=\"1055\">D\u00f4kladne opl\u00e1chnite<\/p>\n<\/li>\n<li class=\"\" data-start=\"1056\" data-end=\"1086\">\n<p class=\"\" data-start=\"1058\" data-end=\"1086\">V pr\u00edpade potreby opakujte<\/p>\n<\/li>\n<\/ol>\n","protected":false},"excerpt":{"rendered":"<p>Veg\u00e1nsky detoxika\u010dn\u00fd \u0161amp\u00f3n s antioxida\u010dn\u00fdm \u00fa\u010dinkom. Jemne \u010dist\u00ed, hydratuje a dod\u00e1va vlasom prirodzen\u00fd lesk a vitalitu.<\/p>\n","protected":false},"featured_media":990660,"template":"","meta":[],"product_brand":[],"product_cat":[95,94],"product_tag":[182,178,183,129,181,142,128,174,184],"class_list":{"0":"post-990659","1":"product","2":"type-product","3":"status-publish","4":"has-post-thumbnail","6":"product_cat-sampony","7":"product_cat-vlasova-kozmetika","8":"product_tag-cistenie-vlasov","9":"product_tag-detox","10":"product_tag-leskle-vlasy","11":"product_tag-profesionalna-kozmetika","12":"product_tag-revitalizacia","13":"product_tag-sampon","14":"product_tag-starostlivost-o-vlasy","15":"product_tag-veganska-kozmetika","16":"product_tag-zdrave-vlasy","18":"first","19":"instock","20":"shipping-taxable","21":"purchasable","22":"product-type-simple"},"yoast_head":"<!-- This site is optimized with the Yoast SEO plugin v27.4 - https:\/\/yoast.com\/product\/yoast-seo-wordpress\/ -->\n<title>Detox Refresh Shampoo \u2013 Veg\u00e1nsky detoxika\u010dn\u00fd \u0161amp\u00f3n pre v\u0161etky typy vlasov | 250 ml<\/title>\n<meta name=\"description\" content=\"Detox Refresh Shampoo \u2013 Veg\u00e1nsky \u0161amp\u00f3n s \u010distiacim a antioxida\u010dn\u00fdm \u00fa\u010dinkom. Pre v\u0161etky typy vlasov, dod\u00e1va lesk, hydrat\u00e1ciu a vitalitu.\" \/>\n<meta name=\"robots\" content=\"index, follow, max-snippet:-1, max-image-preview:large, max-video-preview:-1\" \/>\n<link rel=\"canonical\" href=\"https:\/\/salonkrasyvs.sk\/?product=detox-refresh-shampoo\" \/>\n<meta property=\"og:locale\" content=\"sk_SK\" \/>\n<meta property=\"og:type\" content=\"article\" \/>\n<meta property=\"og:title\" content=\"Detox Refresh Shampoo \u2013 Veg\u00e1nsky detoxika\u010dn\u00fd \u0161amp\u00f3n pre v\u0161etky typy vlasov | 250 ml\" \/>\n<meta property=\"og:description\" content=\"Detox Refresh Shampoo \u2013 Veg\u00e1nsky \u0161amp\u00f3n s \u010distiacim a antioxida\u010dn\u00fdm \u00fa\u010dinkom. Pre v\u0161etky typy vlasov, dod\u00e1va lesk, hydrat\u00e1ciu a vitalitu.\" \/>\n<meta property=\"og:url\" content=\"https:\/\/salonkrasyvs.sk\/?product=detox-refresh-shampoo\" \/>\n<meta property=\"og:site_name\" content=\"Sal\u00f3n Kr\u00e1sy VS - kadern\u00edctvo, kozmetika, pedik\u00fara, microblading,\" \/>\n<meta property=\"article:modified_time\" content=\"2025-05-17T15:58:49+00:00\" \/>\n<meta property=\"og:image\" content=\"https:\/\/salonkrasyvs.sk\/wp-content\/uploads\/2025\/05\/detox-refresh-shampoo-e1747202527601.jpg\" \/>\n\t<meta property=\"og:image:width\" content=\"700\" \/>\n\t<meta property=\"og:image:height\" content=\"700\" \/>\n\t<meta property=\"og:image:type\" content=\"image\/jpeg\" \/>\n<meta name=\"twitter:card\" content=\"summary_large_image\" \/>\n<meta name=\"twitter:label1\" content=\"Predpokladan\u00fd \u010das \u010d\u00edtania\" \/>\n\t<meta name=\"twitter:data1\" content=\"2 min\u00faty\" \/>\n<script type=\"application\/ld+json\" class=\"yoast-schema-graph\">{\"@context\":\"https:\\\/\\\/schema.org\",\"@graph\":[{\"@type\":\"WebPage\",\"@id\":\"https:\\\/\\\/salonkrasyvs.sk\\\/?product=detox-refresh-shampoo\",\"url\":\"https:\\\/\\\/salonkrasyvs.sk\\\/?product=detox-refresh-shampoo\",\"name\":\"Detox Refresh Shampoo \u2013 Veg\u00e1nsky detoxika\u010dn\u00fd \u0161amp\u00f3n pre v\u0161etky typy vlasov | 250 ml\",\"isPartOf\":{\"@id\":\"https:\\\/\\\/salonkrasyvs.sk\\\/#website\"},\"primaryImageOfPage\":{\"@id\":\"https:\\\/\\\/salonkrasyvs.sk\\\/?product=detox-refresh-shampoo#primaryimage\"},\"image\":{\"@id\":\"https:\\\/\\\/salonkrasyvs.sk\\\/?product=detox-refresh-shampoo#primaryimage\"},\"thumbnailUrl\":\"https:\\\/\\\/salonkrasyvs.sk\\\/wp-content\\\/uploads\\\/2025\\\/05\\\/detox-refresh-shampoo-e1747202527601.jpg\",\"datePublished\":\"2025-05-14T06:03:27+00:00\",\"dateModified\":\"2025-05-17T15:58:49+00:00\",\"description\":\"Detox Refresh Shampoo \u2013 Veg\u00e1nsky \u0161amp\u00f3n s \u010distiacim a antioxida\u010dn\u00fdm \u00fa\u010dinkom. Pre v\u0161etky typy vlasov, dod\u00e1va lesk, hydrat\u00e1ciu a vitalitu.\",\"breadcrumb\":{\"@id\":\"https:\\\/\\\/salonkrasyvs.sk\\\/?product=detox-refresh-shampoo#breadcrumb\"},\"inLanguage\":\"sk-SK\",\"potentialAction\":[{\"@type\":\"ReadAction\",\"target\":[\"https:\\\/\\\/salonkrasyvs.sk\\\/?product=detox-refresh-shampoo\"]}]},{\"@type\":\"ImageObject\",\"inLanguage\":\"sk-SK\",\"@id\":\"https:\\\/\\\/salonkrasyvs.sk\\\/?product=detox-refresh-shampoo#primaryimage\",\"url\":\"https:\\\/\\\/salonkrasyvs.sk\\\/wp-content\\\/uploads\\\/2025\\\/05\\\/detox-refresh-shampoo-e1747202527601.jpg\",\"contentUrl\":\"https:\\\/\\\/salonkrasyvs.sk\\\/wp-content\\\/uploads\\\/2025\\\/05\\\/detox-refresh-shampoo-e1747202527601.jpg\",\"width\":700,\"height\":700,\"caption\":\"Detox Refresh Shampoo \u2013 Veg\u00e1nsky detoxika\u010dn\u00fd \u0161amp\u00f3n pre leskl\u00e9 a zdrav\u00e9 vlasy\"},{\"@type\":\"BreadcrumbList\",\"@id\":\"https:\\\/\\\/salonkrasyvs.sk\\\/?product=detox-refresh-shampoo#breadcrumb\",\"itemListElement\":[{\"@type\":\"ListItem\",\"position\":1,\"name\":\"Domovsk\u00e1 str\u00e1nka\",\"item\":\"https:\\\/\\\/salonkrasyvs.sk\\\/\"},{\"@type\":\"ListItem\",\"position\":2,\"name\":\"Obchod_zaloha\",\"item\":\"https:\\\/\\\/salonkrasyvs.sk\\\/?page_id=9697\"},{\"@type\":\"ListItem\",\"position\":3,\"name\":\"Detox Refresh Shampoo \u2013 Veg\u00e1nsky detoxika\u010dn\u00fd \u0161amp\u00f3n pre v\u0161etky typy vlasov 250 ml\"}]},{\"@type\":\"WebSite\",\"@id\":\"https:\\\/\\\/salonkrasyvs.sk\\\/#website\",\"url\":\"https:\\\/\\\/salonkrasyvs.sk\\\/\",\"name\":\"Sal\u00f3n Kr\u00e1sy VS - kadern\u00edctvo, kozmetika, pedik\u00fara, microblading,\",\"description\":\"Sal\u00f3n Kr\u00e1sy kde sa o V\u00e1s postar\u00e1me : d\u00e1mske, p\u00e1nske kadern\u00edctvo, kozmetika, pedik\u00fara, manik\u00fara, microblading. Kvalitn\u00e1 vlasov\u00e1 kozmetika na na\u0161om e-shope: Milk shake,  Malibu C, Mon platin, Sans Soucis\",\"potentialAction\":[{\"@type\":\"SearchAction\",\"target\":{\"@type\":\"EntryPoint\",\"urlTemplate\":\"https:\\\/\\\/salonkrasyvs.sk\\\/?s={search_term_string}\"},\"query-input\":{\"@type\":\"PropertyValueSpecification\",\"valueRequired\":true,\"valueName\":\"search_term_string\"}}],\"inLanguage\":\"sk-SK\"}]}<\/script>\n<!-- \/ Yoast SEO plugin. -->","yoast_head_json":{"title":"Detox Refresh Shampoo \u2013 Veg\u00e1nsky detoxika\u010dn\u00fd \u0161amp\u00f3n pre v\u0161etky typy vlasov | 250 ml","description":"Detox Refresh Shampoo \u2013 Veg\u00e1nsky \u0161amp\u00f3n s \u010distiacim a antioxida\u010dn\u00fdm \u00fa\u010dinkom. Pre v\u0161etky typy vlasov, dod\u00e1va lesk, hydrat\u00e1ciu a vitalitu.","robots":{"index":"index","follow":"follow","max-snippet":"max-snippet:-1","max-image-preview":"max-image-preview:large","max-video-preview":"max-video-preview:-1"},"canonical":"https:\/\/salonkrasyvs.sk\/?product=detox-refresh-shampoo","og_locale":"sk_SK","og_type":"article","og_title":"Detox Refresh Shampoo \u2013 Veg\u00e1nsky detoxika\u010dn\u00fd \u0161amp\u00f3n pre v\u0161etky typy vlasov | 250 ml","og_description":"Detox Refresh Shampoo \u2013 Veg\u00e1nsky \u0161amp\u00f3n s \u010distiacim a antioxida\u010dn\u00fdm \u00fa\u010dinkom. Pre v\u0161etky typy vlasov, dod\u00e1va lesk, hydrat\u00e1ciu a vitalitu.","og_url":"https:\/\/salonkrasyvs.sk\/?product=detox-refresh-shampoo","og_site_name":"Sal\u00f3n Kr\u00e1sy VS - kadern\u00edctvo, kozmetika, pedik\u00fara, microblading,","article_modified_time":"2025-05-17T15:58:49+00:00","og_image":[{"width":700,"height":700,"url":"https:\/\/salonkrasyvs.sk\/wp-content\/uploads\/2025\/05\/detox-refresh-shampoo-e1747202527601.jpg","type":"image\/jpeg"}],"twitter_card":"summary_large_image","twitter_misc":{"Predpokladan\u00fd \u010das \u010d\u00edtania":"2 min\u00faty"},"schema":{"@context":"https:\/\/schema.org","@graph":[{"@type":"WebPage","@id":"https:\/\/salonkrasyvs.sk\/?product=detox-refresh-shampoo","url":"https:\/\/salonkrasyvs.sk\/?product=detox-refresh-shampoo","name":"Detox Refresh Shampoo \u2013 Veg\u00e1nsky detoxika\u010dn\u00fd \u0161amp\u00f3n pre v\u0161etky typy vlasov | 250 ml","isPartOf":{"@id":"https:\/\/salonkrasyvs.sk\/#website"},"primaryImageOfPage":{"@id":"https:\/\/salonkrasyvs.sk\/?product=detox-refresh-shampoo#primaryimage"},"image":{"@id":"https:\/\/salonkrasyvs.sk\/?product=detox-refresh-shampoo#primaryimage"},"thumbnailUrl":"https:\/\/salonkrasyvs.sk\/wp-content\/uploads\/2025\/05\/detox-refresh-shampoo-e1747202527601.jpg","datePublished":"2025-05-14T06:03:27+00:00","dateModified":"2025-05-17T15:58:49+00:00","description":"Detox Refresh Shampoo \u2013 Veg\u00e1nsky \u0161amp\u00f3n s \u010distiacim a antioxida\u010dn\u00fdm \u00fa\u010dinkom. Pre v\u0161etky typy vlasov, dod\u00e1va lesk, hydrat\u00e1ciu a vitalitu.","breadcrumb":{"@id":"https:\/\/salonkrasyvs.sk\/?product=detox-refresh-shampoo#breadcrumb"},"inLanguage":"sk-SK","potentialAction":[{"@type":"ReadAction","target":["https:\/\/salonkrasyvs.sk\/?product=detox-refresh-shampoo"]}]},{"@type":"ImageObject","inLanguage":"sk-SK","@id":"https:\/\/salonkrasyvs.sk\/?product=detox-refresh-shampoo#primaryimage","url":"https:\/\/salonkrasyvs.sk\/wp-content\/uploads\/2025\/05\/detox-refresh-shampoo-e1747202527601.jpg","contentUrl":"https:\/\/salonkrasyvs.sk\/wp-content\/uploads\/2025\/05\/detox-refresh-shampoo-e1747202527601.jpg","width":700,"height":700,"caption":"Detox Refresh Shampoo \u2013 Veg\u00e1nsky detoxika\u010dn\u00fd \u0161amp\u00f3n pre leskl\u00e9 a zdrav\u00e9 vlasy"},{"@type":"BreadcrumbList","@id":"https:\/\/salonkrasyvs.sk\/?product=detox-refresh-shampoo#breadcrumb","itemListElement":[{"@type":"ListItem","position":1,"name":"Domovsk\u00e1 str\u00e1nka","item":"https:\/\/salonkrasyvs.sk\/"},{"@type":"ListItem","position":2,"name":"Obchod_zaloha","item":"https:\/\/salonkrasyvs.sk\/?page_id=9697"},{"@type":"ListItem","position":3,"name":"Detox Refresh Shampoo \u2013 Veg\u00e1nsky detoxika\u010dn\u00fd \u0161amp\u00f3n pre v\u0161etky typy vlasov 250 ml"}]},{"@type":"WebSite","@id":"https:\/\/salonkrasyvs.sk\/#website","url":"https:\/\/salonkrasyvs.sk\/","name":"Sal\u00f3n Kr\u00e1sy VS - kadern\u00edctvo, kozmetika, pedik\u00fara, microblading,","description":"Sal\u00f3n Kr\u00e1sy kde sa o V\u00e1s postar\u00e1me : d\u00e1mske, p\u00e1nske kadern\u00edctvo, kozmetika, pedik\u00fara, manik\u00fara, microblading. Kvalitn\u00e1 vlasov\u00e1 kozmetika na na\u0161om e-shope: Milk shake,  Malibu C, Mon platin, Sans Soucis","potentialAction":[{"@type":"SearchAction","target":{"@type":"EntryPoint","urlTemplate":"https:\/\/salonkrasyvs.sk\/?s={search_term_string}"},"query-input":{"@type":"PropertyValueSpecification","valueRequired":true,"valueName":"search_term_string"}}],"inLanguage":"sk-SK"}]}},"jetpack_sharing_enabled":true,"jetpack_likes_enabled":true,"_links":{"self":[{"href":"https:\/\/salonkrasyvs.sk\/index.php?rest_route=\/wp\/v2\/product\/990659","targetHints":{"allow":["GET"]}}],"collection":[{"href":"https:\/\/salonkrasyvs.sk\/index.php?rest_route=\/wp\/v2\/product"}],"about":[{"href":"https:\/\/salonkrasyvs.sk\/index.php?rest_route=\/wp\/v2\/types\/product"}],"wp:featuredmedia":[{"embeddable":true,"href":"https:\/\/salonkrasyvs.sk\/index.php?rest_route=\/wp\/v2\/media\/990660"}],"wp:attachment":[{"href":"https:\/\/salonkrasyvs.sk\/index.php?rest_route=%2Fwp%2Fv2%2Fmedia&parent=990659"}],"wp:term":[{"taxonomy":"product_brand","embeddable":true,"href":"https:\/\/salonkrasyvs.sk\/index.php?rest_route=%2Fwp%2Fv2%2Fproduct_brand&post=990659"},{"taxonomy":"product_cat","embeddable":true,"href":"https:\/\/salonkrasyvs.sk\/index.php?rest_route=%2Fwp%2Fv2%2Fproduct_cat&post=990659"},{"taxonomy":"product_tag","embeddable":true,"href":"https:\/\/salonkrasyvs.sk\/index.php?rest_route=%2Fwp%2Fv2%2Fproduct_tag&post=990659"}],"curies":[{"name":"wp","href":"https:\/\/api.w.org\/{rel}","templated":true}]}}