{"id":990657,"date":"2025-05-14T07:02:44","date_gmt":"2025-05-14T05:02:44","guid":{"rendered":"https:\/\/salonkrasyvs.sk\/?post_type=product&#038;p=990657"},"modified":"2025-05-19T09:19:04","modified_gmt":"2025-05-19T07:19:04","slug":"detox-refresh-mask","status":"publish","type":"product","link":"https:\/\/salonkrasyvs.sk\/?product=detox-refresh-mask","title":{"rendered":"Detox Refresh Mask \u2013 Veg\u00e1nska maska s detoxika\u010dn\u00fdm \u00fa\u010dinkom pre v\u0161etky typy vlasov 250 ml"},"content":{"rendered":"<p class=\"\" data-start=\"749\" data-end=\"1013\">Detox Refresh Mask je veg\u00e1nska vlasov\u00e1 maska s chladiv\u00fdm a detoxika\u010dn\u00fdm \u00fa\u010dinkom, navrhnut\u00e1 pre v\u0161etky typy vlasov. V\u010faka \u00fa\u010dinn\u00e9mu zlo\u017eeniu s antioxidantmi a anti-pollution vlastnos\u0165ami poskytuje intenz\u00edvnu hydrat\u00e1ciu, v\u00fd\u017eivu a regener\u00e1ciu vlasov\u00e9ho vl\u00e1kna.<\/p>\n<p class=\"\" data-start=\"1015\" data-end=\"1216\">Pom\u00e1ha chr\u00e1ni\u0165 vlasy pred zne\u010disten\u00fdm prostred\u00edm, u\u013eah\u010duje roz\u010des\u00e1vanie a zanech\u00e1va vlasy jemnej\u0161ie, hlad\u0161ie a odolnej\u0161ie. Ide\u00e1lna na pravideln\u00e9 pou\u017eitie ako s\u00fa\u010das\u0165 detoxika\u010dnej starostlivosti o vlasy.<\/p>\n<p>Vysk\u00fa\u0161ajte aj \u010fal\u0161ie <a class=\"cursor-pointer\" href=\"https:\/\/salonkrasyvs.sk\/index.php\/product-category\/vlasova-kozmetika\/kondicionery-a-masky\/\" target=\"_new\" rel=\"noopener\" data-start=\"1451\" data-end=\"1553\">regenera\u010dn\u00e9 masky na vlasy<\/a>.<\/p>\n<p>&nbsp;<\/p>\n<p><img decoding=\"async\" data-attachment-id=\"990591\" data-permalink=\"https:\/\/salonkrasyvs.sk\/?attachment_id=990591\" data-orig-file=\"https:\/\/salonkrasyvs.sk\/wp-content\/uploads\/2025\/05\/flower-ikona.png\" data-orig-size=\"64,64\" data-comments-opened=\"1\" data-image-meta=\"{&quot;aperture&quot;:&quot;0&quot;,&quot;credit&quot;:&quot;&quot;,&quot;camera&quot;:&quot;&quot;,&quot;caption&quot;:&quot;&quot;,&quot;created_timestamp&quot;:&quot;0&quot;,&quot;copyright&quot;:&quot;&quot;,&quot;focal_length&quot;:&quot;0&quot;,&quot;iso&quot;:&quot;0&quot;,&quot;shutter_speed&quot;:&quot;0&quot;,&quot;title&quot;:&quot;&quot;,&quot;orientation&quot;:&quot;0&quot;}\" data-image-title=\"flower ikona\" data-image-description=\"\" data-image-caption=\"\" data-large-file=\"https:\/\/salonkrasyvs.sk\/wp-content\/uploads\/2025\/05\/flower-ikona.png\" class=\"alignnone wp-image-990591\" src=\"https:\/\/salonkrasyvs.sk\/wp-content\/uploads\/2025\/05\/flower-ikona.png\" alt=\"\" width=\"60\" height=\"60\" \/><\/p>\n<p><strong>V\u00fdhody:<\/strong><\/p>\n<ul>\n<li class=\"\" data-start=\"744\" data-end=\"770\">\n<p class=\"\" data-start=\"746\" data-end=\"770\">Pre v\u0161etky typy vlasov<\/p>\n<\/li>\n<li class=\"\" data-start=\"771\" data-end=\"804\">\n<p class=\"\" data-start=\"773\" data-end=\"804\">Chladiv\u00fd a osvie\u017euj\u00faci \u00fa\u010dinok<\/p>\n<\/li>\n<li class=\"\" data-start=\"805\" data-end=\"849\">\n<p class=\"\" data-start=\"807\" data-end=\"849\">Detoxikuje, hydratuje a regeneruje vlasy<\/p>\n<\/li>\n<li class=\"\" data-start=\"850\" data-end=\"875\">\n<p class=\"\" data-start=\"852\" data-end=\"875\">U\u013eah\u010duje roz\u010des\u00e1vanie<\/p>\n<\/li>\n<li class=\"\" data-start=\"876\" data-end=\"912\">\n<p class=\"\" data-start=\"878\" data-end=\"912\">Antioxida\u010dn\u00fd a omladzuj\u00faci efekt<\/p>\n<\/li>\n<\/ul>\n<p>&nbsp;<\/p>\n<p><img decoding=\"async\" data-attachment-id=\"990592\" data-permalink=\"https:\/\/salonkrasyvs.sk\/?attachment_id=990592\" data-orig-file=\"https:\/\/salonkrasyvs.sk\/wp-content\/uploads\/2025\/05\/hair-washing.png\" data-orig-size=\"64,64\" data-comments-opened=\"1\" data-image-meta=\"{&quot;aperture&quot;:&quot;0&quot;,&quot;credit&quot;:&quot;&quot;,&quot;camera&quot;:&quot;&quot;,&quot;caption&quot;:&quot;&quot;,&quot;created_timestamp&quot;:&quot;0&quot;,&quot;copyright&quot;:&quot;&quot;,&quot;focal_length&quot;:&quot;0&quot;,&quot;iso&quot;:&quot;0&quot;,&quot;shutter_speed&quot;:&quot;0&quot;,&quot;title&quot;:&quot;&quot;,&quot;orientation&quot;:&quot;0&quot;}\" data-image-title=\"hair-washing\" data-image-description=\"\" data-image-caption=\"\" data-large-file=\"https:\/\/salonkrasyvs.sk\/wp-content\/uploads\/2025\/05\/hair-washing.png\" class=\"alignnone size-full wp-image-990592\" src=\"https:\/\/salonkrasyvs.sk\/wp-content\/uploads\/2025\/05\/hair-washing.png\" alt=\"\" width=\"64\" height=\"64\" \/><\/p>\n<p><strong>Pou\u017eitie:<\/strong><\/p>\n<ol>\n<li class=\"\" data-start=\"935\" data-end=\"968\">\n<p class=\"\" data-start=\"937\" data-end=\"968\">Naneste na umyt\u00e9, vlhk\u00e9 vlasy<\/p>\n<\/li>\n<li class=\"\" data-start=\"969\" data-end=\"999\">\n<p class=\"\" data-start=\"971\" data-end=\"999\">Nechajte p\u00f4sobi\u0165 3\u20135 min\u00fat<\/p>\n<\/li>\n<li class=\"\" data-start=\"1000\" data-end=\"1051\">\n<p class=\"\" data-start=\"1002\" data-end=\"1051\">Pre intenz\u00edvnej\u0161\u00ed efekt nechajte p\u00f4sobi\u0165 dlh\u0161ie<\/p>\n<\/li>\n<li class=\"\" data-start=\"1052\" data-end=\"1075\">\n<p class=\"\" data-start=\"1054\" data-end=\"1075\">D\u00f4kladne opl\u00e1chnite<\/p>\n<\/li>\n<\/ol>\n","protected":false},"excerpt":{"rendered":"<p>Veg\u00e1nska maska s chladiv\u00fdm efektom pre v\u0161etky typy vlasov. Detoxikuje, hydratuje a zanech\u00e1va vlasy jemn\u00e9, leskl\u00e9 a \u013eahko roz\u010desate\u013en\u00e9.<\/p>\n","protected":false},"featured_media":990658,"template":"","meta":[],"product_brand":[],"product_cat":[96,94],"product_tag":[134,178,157,180,129,127,181,128,179],"class_list":{"0":"post-990657","1":"product","2":"type-product","3":"status-publish","4":"has-post-thumbnail","6":"product_cat-kondicionery-a-masky","7":"product_cat-vlasova-kozmetika","8":"product_tag-cistenie","9":"product_tag-detox","10":"product_tag-hydratacia","11":"product_tag-ochrana-vlasov","12":"product_tag-profesionalna-kozmetika","13":"product_tag-regeneracia","14":"product_tag-revitalizacia","15":"product_tag-starostlivost-o-vlasy","16":"product_tag-veganska-maska","18":"first","19":"instock","20":"shipping-taxable","21":"purchasable","22":"product-type-simple"},"yoast_head":"<!-- This site is optimized with the Yoast SEO plugin v27.4 - https:\/\/yoast.com\/product\/yoast-seo-wordpress\/ -->\n<title>Veg\u00e1nska detoxika\u010dn\u00e1 maska na vlasy | 250 ml<\/title>\n<meta name=\"description\" content=\"Detox Refresh Mask \u2013 Veg\u00e1nska maska s osvie\u017euj\u00facim a ochrann\u00fdm \u00fa\u010dinkom. Pre v\u0161etky typy vlasov, hydratuje, regeneruje a roz\u010des\u00e1va.\" \/>\n<meta name=\"robots\" content=\"index, follow, max-snippet:-1, max-image-preview:large, max-video-preview:-1\" \/>\n<link rel=\"canonical\" href=\"https:\/\/salonkrasyvs.sk\/?product=detox-refresh-mask\" \/>\n<meta property=\"og:locale\" content=\"sk_SK\" \/>\n<meta property=\"og:type\" content=\"article\" \/>\n<meta property=\"og:title\" content=\"Veg\u00e1nska detoxika\u010dn\u00e1 maska na vlasy | 250 ml\" \/>\n<meta property=\"og:description\" content=\"Detox Refresh Mask \u2013 Veg\u00e1nska maska s osvie\u017euj\u00facim a ochrann\u00fdm \u00fa\u010dinkom. Pre v\u0161etky typy vlasov, hydratuje, regeneruje a roz\u010des\u00e1va.\" \/>\n<meta property=\"og:url\" content=\"https:\/\/salonkrasyvs.sk\/?product=detox-refresh-mask\" \/>\n<meta property=\"og:site_name\" content=\"Sal\u00f3n Kr\u00e1sy VS - kadern\u00edctvo, kozmetika, pedik\u00fara, microblading,\" \/>\n<meta property=\"article:modified_time\" content=\"2025-05-19T07:19:04+00:00\" \/>\n<meta property=\"og:image\" content=\"https:\/\/salonkrasyvs.sk\/wp-content\/uploads\/2025\/05\/detox-refresh-mask-e1747198916197.jpg\" \/>\n\t<meta property=\"og:image:width\" content=\"700\" \/>\n\t<meta property=\"og:image:height\" content=\"700\" \/>\n\t<meta property=\"og:image:type\" content=\"image\/jpeg\" \/>\n<meta name=\"twitter:card\" content=\"summary_large_image\" \/>\n<meta name=\"twitter:label1\" content=\"Predpokladan\u00fd \u010das \u010d\u00edtania\" \/>\n\t<meta name=\"twitter:data1\" content=\"2 min\u00faty\" \/>\n<script type=\"application\/ld+json\" class=\"yoast-schema-graph\">{\"@context\":\"https:\\\/\\\/schema.org\",\"@graph\":[{\"@type\":\"WebPage\",\"@id\":\"https:\\\/\\\/salonkrasyvs.sk\\\/?product=detox-refresh-mask\",\"url\":\"https:\\\/\\\/salonkrasyvs.sk\\\/?product=detox-refresh-mask\",\"name\":\"Veg\u00e1nska detoxika\u010dn\u00e1 maska na vlasy | 250 ml\",\"isPartOf\":{\"@id\":\"https:\\\/\\\/salonkrasyvs.sk\\\/#website\"},\"primaryImageOfPage\":{\"@id\":\"https:\\\/\\\/salonkrasyvs.sk\\\/?product=detox-refresh-mask#primaryimage\"},\"image\":{\"@id\":\"https:\\\/\\\/salonkrasyvs.sk\\\/?product=detox-refresh-mask#primaryimage\"},\"thumbnailUrl\":\"https:\\\/\\\/salonkrasyvs.sk\\\/wp-content\\\/uploads\\\/2025\\\/05\\\/detox-refresh-mask-e1747198916197.jpg\",\"datePublished\":\"2025-05-14T05:02:44+00:00\",\"dateModified\":\"2025-05-19T07:19:04+00:00\",\"description\":\"Detox Refresh Mask \u2013 Veg\u00e1nska maska s osvie\u017euj\u00facim a ochrann\u00fdm \u00fa\u010dinkom. Pre v\u0161etky typy vlasov, hydratuje, regeneruje a roz\u010des\u00e1va.\",\"breadcrumb\":{\"@id\":\"https:\\\/\\\/salonkrasyvs.sk\\\/?product=detox-refresh-mask#breadcrumb\"},\"inLanguage\":\"sk-SK\",\"potentialAction\":[{\"@type\":\"ReadAction\",\"target\":[\"https:\\\/\\\/salonkrasyvs.sk\\\/?product=detox-refresh-mask\"]}]},{\"@type\":\"ImageObject\",\"inLanguage\":\"sk-SK\",\"@id\":\"https:\\\/\\\/salonkrasyvs.sk\\\/?product=detox-refresh-mask#primaryimage\",\"url\":\"https:\\\/\\\/salonkrasyvs.sk\\\/wp-content\\\/uploads\\\/2025\\\/05\\\/detox-refresh-mask-e1747198916197.jpg\",\"contentUrl\":\"https:\\\/\\\/salonkrasyvs.sk\\\/wp-content\\\/uploads\\\/2025\\\/05\\\/detox-refresh-mask-e1747198916197.jpg\",\"width\":700,\"height\":700,\"caption\":\"Detox Refresh Mask \u2013 Veg\u00e1nska detox maska na vlasy s hydrat\u00e1ciou a ochranou\"},{\"@type\":\"BreadcrumbList\",\"@id\":\"https:\\\/\\\/salonkrasyvs.sk\\\/?product=detox-refresh-mask#breadcrumb\",\"itemListElement\":[{\"@type\":\"ListItem\",\"position\":1,\"name\":\"Domovsk\u00e1 str\u00e1nka\",\"item\":\"https:\\\/\\\/salonkrasyvs.sk\\\/\"},{\"@type\":\"ListItem\",\"position\":2,\"name\":\"Obchod_zaloha\",\"item\":\"https:\\\/\\\/salonkrasyvs.sk\\\/?page_id=9697\"},{\"@type\":\"ListItem\",\"position\":3,\"name\":\"Detox Refresh Mask \u2013 Veg\u00e1nska maska s detoxika\u010dn\u00fdm \u00fa\u010dinkom pre v\u0161etky typy vlasov 250 ml\"}]},{\"@type\":\"WebSite\",\"@id\":\"https:\\\/\\\/salonkrasyvs.sk\\\/#website\",\"url\":\"https:\\\/\\\/salonkrasyvs.sk\\\/\",\"name\":\"Sal\u00f3n Kr\u00e1sy VS - kadern\u00edctvo, kozmetika, pedik\u00fara, microblading,\",\"description\":\"Sal\u00f3n Kr\u00e1sy kde sa o V\u00e1s postar\u00e1me : d\u00e1mske, p\u00e1nske kadern\u00edctvo, kozmetika, pedik\u00fara, manik\u00fara, microblading. Kvalitn\u00e1 vlasov\u00e1 kozmetika na na\u0161om e-shope: Milk shake,  Malibu C, Mon platin, Sans Soucis\",\"potentialAction\":[{\"@type\":\"SearchAction\",\"target\":{\"@type\":\"EntryPoint\",\"urlTemplate\":\"https:\\\/\\\/salonkrasyvs.sk\\\/?s={search_term_string}\"},\"query-input\":{\"@type\":\"PropertyValueSpecification\",\"valueRequired\":true,\"valueName\":\"search_term_string\"}}],\"inLanguage\":\"sk-SK\"}]}<\/script>\n<!-- \/ Yoast SEO plugin. -->","yoast_head_json":{"title":"Veg\u00e1nska detoxika\u010dn\u00e1 maska na vlasy | 250 ml","description":"Detox Refresh Mask \u2013 Veg\u00e1nska maska s osvie\u017euj\u00facim a ochrann\u00fdm \u00fa\u010dinkom. Pre v\u0161etky typy vlasov, hydratuje, regeneruje a roz\u010des\u00e1va.","robots":{"index":"index","follow":"follow","max-snippet":"max-snippet:-1","max-image-preview":"max-image-preview:large","max-video-preview":"max-video-preview:-1"},"canonical":"https:\/\/salonkrasyvs.sk\/?product=detox-refresh-mask","og_locale":"sk_SK","og_type":"article","og_title":"Veg\u00e1nska detoxika\u010dn\u00e1 maska na vlasy | 250 ml","og_description":"Detox Refresh Mask \u2013 Veg\u00e1nska maska s osvie\u017euj\u00facim a ochrann\u00fdm \u00fa\u010dinkom. Pre v\u0161etky typy vlasov, hydratuje, regeneruje a roz\u010des\u00e1va.","og_url":"https:\/\/salonkrasyvs.sk\/?product=detox-refresh-mask","og_site_name":"Sal\u00f3n Kr\u00e1sy VS - kadern\u00edctvo, kozmetika, pedik\u00fara, microblading,","article_modified_time":"2025-05-19T07:19:04+00:00","og_image":[{"width":700,"height":700,"url":"https:\/\/salonkrasyvs.sk\/wp-content\/uploads\/2025\/05\/detox-refresh-mask-e1747198916197.jpg","type":"image\/jpeg"}],"twitter_card":"summary_large_image","twitter_misc":{"Predpokladan\u00fd \u010das \u010d\u00edtania":"2 min\u00faty"},"schema":{"@context":"https:\/\/schema.org","@graph":[{"@type":"WebPage","@id":"https:\/\/salonkrasyvs.sk\/?product=detox-refresh-mask","url":"https:\/\/salonkrasyvs.sk\/?product=detox-refresh-mask","name":"Veg\u00e1nska detoxika\u010dn\u00e1 maska na vlasy | 250 ml","isPartOf":{"@id":"https:\/\/salonkrasyvs.sk\/#website"},"primaryImageOfPage":{"@id":"https:\/\/salonkrasyvs.sk\/?product=detox-refresh-mask#primaryimage"},"image":{"@id":"https:\/\/salonkrasyvs.sk\/?product=detox-refresh-mask#primaryimage"},"thumbnailUrl":"https:\/\/salonkrasyvs.sk\/wp-content\/uploads\/2025\/05\/detox-refresh-mask-e1747198916197.jpg","datePublished":"2025-05-14T05:02:44+00:00","dateModified":"2025-05-19T07:19:04+00:00","description":"Detox Refresh Mask \u2013 Veg\u00e1nska maska s osvie\u017euj\u00facim a ochrann\u00fdm \u00fa\u010dinkom. Pre v\u0161etky typy vlasov, hydratuje, regeneruje a roz\u010des\u00e1va.","breadcrumb":{"@id":"https:\/\/salonkrasyvs.sk\/?product=detox-refresh-mask#breadcrumb"},"inLanguage":"sk-SK","potentialAction":[{"@type":"ReadAction","target":["https:\/\/salonkrasyvs.sk\/?product=detox-refresh-mask"]}]},{"@type":"ImageObject","inLanguage":"sk-SK","@id":"https:\/\/salonkrasyvs.sk\/?product=detox-refresh-mask#primaryimage","url":"https:\/\/salonkrasyvs.sk\/wp-content\/uploads\/2025\/05\/detox-refresh-mask-e1747198916197.jpg","contentUrl":"https:\/\/salonkrasyvs.sk\/wp-content\/uploads\/2025\/05\/detox-refresh-mask-e1747198916197.jpg","width":700,"height":700,"caption":"Detox Refresh Mask \u2013 Veg\u00e1nska detox maska na vlasy s hydrat\u00e1ciou a ochranou"},{"@type":"BreadcrumbList","@id":"https:\/\/salonkrasyvs.sk\/?product=detox-refresh-mask#breadcrumb","itemListElement":[{"@type":"ListItem","position":1,"name":"Domovsk\u00e1 str\u00e1nka","item":"https:\/\/salonkrasyvs.sk\/"},{"@type":"ListItem","position":2,"name":"Obchod_zaloha","item":"https:\/\/salonkrasyvs.sk\/?page_id=9697"},{"@type":"ListItem","position":3,"name":"Detox Refresh Mask \u2013 Veg\u00e1nska maska s detoxika\u010dn\u00fdm \u00fa\u010dinkom pre v\u0161etky typy vlasov 250 ml"}]},{"@type":"WebSite","@id":"https:\/\/salonkrasyvs.sk\/#website","url":"https:\/\/salonkrasyvs.sk\/","name":"Sal\u00f3n Kr\u00e1sy VS - kadern\u00edctvo, kozmetika, pedik\u00fara, microblading,","description":"Sal\u00f3n Kr\u00e1sy kde sa o V\u00e1s postar\u00e1me : d\u00e1mske, p\u00e1nske kadern\u00edctvo, kozmetika, pedik\u00fara, manik\u00fara, microblading. Kvalitn\u00e1 vlasov\u00e1 kozmetika na na\u0161om e-shope: Milk shake,  Malibu C, Mon platin, Sans Soucis","potentialAction":[{"@type":"SearchAction","target":{"@type":"EntryPoint","urlTemplate":"https:\/\/salonkrasyvs.sk\/?s={search_term_string}"},"query-input":{"@type":"PropertyValueSpecification","valueRequired":true,"valueName":"search_term_string"}}],"inLanguage":"sk-SK"}]}},"jetpack_sharing_enabled":true,"jetpack_likes_enabled":true,"_links":{"self":[{"href":"https:\/\/salonkrasyvs.sk\/index.php?rest_route=\/wp\/v2\/product\/990657","targetHints":{"allow":["GET"]}}],"collection":[{"href":"https:\/\/salonkrasyvs.sk\/index.php?rest_route=\/wp\/v2\/product"}],"about":[{"href":"https:\/\/salonkrasyvs.sk\/index.php?rest_route=\/wp\/v2\/types\/product"}],"wp:featuredmedia":[{"embeddable":true,"href":"https:\/\/salonkrasyvs.sk\/index.php?rest_route=\/wp\/v2\/media\/990658"}],"wp:attachment":[{"href":"https:\/\/salonkrasyvs.sk\/index.php?rest_route=%2Fwp%2Fv2%2Fmedia&parent=990657"}],"wp:term":[{"taxonomy":"product_brand","embeddable":true,"href":"https:\/\/salonkrasyvs.sk\/index.php?rest_route=%2Fwp%2Fv2%2Fproduct_brand&post=990657"},{"taxonomy":"product_cat","embeddable":true,"href":"https:\/\/salonkrasyvs.sk\/index.php?rest_route=%2Fwp%2Fv2%2Fproduct_cat&post=990657"},{"taxonomy":"product_tag","embeddable":true,"href":"https:\/\/salonkrasyvs.sk\/index.php?rest_route=%2Fwp%2Fv2%2Fproduct_tag&post=990657"}],"curies":[{"name":"wp","href":"https:\/\/api.w.org\/{rel}","templated":true}]}}