{"id":990614,"date":"2025-05-14T00:24:49","date_gmt":"2025-05-13T22:24:49","guid":{"rendered":"https:\/\/salonkrasyvs.sk\/?post_type=product&#038;p=990614"},"modified":"2025-05-17T20:28:52","modified_gmt":"2025-05-17T18:28:52","slug":"z14a-all-round-scrub-gel","status":"publish","type":"product","link":"https:\/\/salonkrasyvs.sk\/?product=z14a-all-round-scrub-gel","title":{"rendered":"Z14a All-Round Scrub Gel \u2013 Exfolia\u010dn\u00fd g\u00e9l na poko\u017eku hlavy 150 ml"},"content":{"rendered":"<p class=\"\" data-start=\"321\" data-end=\"579\">Z14a All-Round Scrub Gel je exfolia\u010dn\u00fd g\u00e9l ur\u010den\u00fd na h\u013abkov\u00e9 \u010distenie poko\u017eky hlavy. Jemne, ale \u00fa\u010dinne odstra\u0148uje prebyto\u010dn\u00fd maz, odumret\u00e9 ko\u017en\u00e9 bunky, zvy\u0161ky stylingov\u00fdch produktov a vidite\u013en\u00e9 lupiny, \u010d\u00edm zlep\u0161uje celkov\u00fd stav poko\u017eky.<\/p>\n<p class=\"\" data-start=\"581\" data-end=\"819\">V\u010faka pr\u00edrodn\u00fdm akt\u00edvnym zlo\u017ek\u00e1m a prebiotickej starostlivosti pom\u00e1ha obnovi\u0165 rovnov\u00e1hu vlasovej poko\u017eky, podporuje jej regener\u00e1ciu a zvy\u0161uje \u00fa\u010dinnos\u0165 n\u00e1sledne aplikovanej starostlivosti. Zanech\u00e1va osvie\u017een\u00fd, \u010dist\u00fd a revitalizovan\u00fd pocit.<\/p>\n<p>&nbsp;<\/p>\n<p><img decoding=\"async\" data-attachment-id=\"990591\" data-permalink=\"https:\/\/salonkrasyvs.sk\/?attachment_id=990591\" data-orig-file=\"https:\/\/salonkrasyvs.sk\/wp-content\/uploads\/2025\/05\/flower-ikona.png\" data-orig-size=\"64,64\" data-comments-opened=\"1\" data-image-meta=\"{&quot;aperture&quot;:&quot;0&quot;,&quot;credit&quot;:&quot;&quot;,&quot;camera&quot;:&quot;&quot;,&quot;caption&quot;:&quot;&quot;,&quot;created_timestamp&quot;:&quot;0&quot;,&quot;copyright&quot;:&quot;&quot;,&quot;focal_length&quot;:&quot;0&quot;,&quot;iso&quot;:&quot;0&quot;,&quot;shutter_speed&quot;:&quot;0&quot;,&quot;title&quot;:&quot;&quot;,&quot;orientation&quot;:&quot;0&quot;}\" data-image-title=\"flower ikona\" data-image-description=\"\" data-image-caption=\"\" data-large-file=\"https:\/\/salonkrasyvs.sk\/wp-content\/uploads\/2025\/05\/flower-ikona.png\" class=\"alignnone wp-image-990591\" src=\"https:\/\/salonkrasyvs.sk\/wp-content\/uploads\/2025\/05\/flower-ikona.png\" alt=\"\" width=\"59\" height=\"59\" \/><\/p>\n<p><strong>V\u00fdhody:<\/strong><\/p>\n<ul>\n<li class=\"\" data-start=\"840\" data-end=\"889\">\n<p class=\"\" data-start=\"842\" data-end=\"889\">Jemne exfoliuje a h\u013abkovo \u010dist\u00ed poko\u017eku hlavy<\/p>\n<\/li>\n<li class=\"\" data-start=\"890\" data-end=\"933\">\n<p class=\"\" data-start=\"892\" data-end=\"933\">Odstra\u0148uje maz, odumret\u00e9 bunky a lupiny<\/p>\n<\/li>\n<li class=\"\" data-start=\"934\" data-end=\"993\">\n<p class=\"\" data-start=\"936\" data-end=\"993\">Zlep\u0161uje vstreb\u00e1vanie n\u00e1slednej vlasovej starostlivosti<\/p>\n<\/li>\n<li class=\"\" data-start=\"994\" data-end=\"1035\">\n<p class=\"\" data-start=\"996\" data-end=\"1035\">Osvie\u017euje a zanech\u00e1va komfortn\u00fd pocit<\/p>\n<\/li>\n<li class=\"\" data-start=\"1036\" data-end=\"1077\">\n<p class=\"\" data-start=\"1038\" data-end=\"1077\">Obsahuje pr\u00edrodn\u00e9 zlo\u017eky a prebiotik\u00e1<\/p>\n<\/li>\n<\/ul>\n<p>&nbsp;<\/p>\n<p><img decoding=\"async\" data-attachment-id=\"990592\" data-permalink=\"https:\/\/salonkrasyvs.sk\/?attachment_id=990592\" data-orig-file=\"https:\/\/salonkrasyvs.sk\/wp-content\/uploads\/2025\/05\/hair-washing.png\" data-orig-size=\"64,64\" data-comments-opened=\"1\" data-image-meta=\"{&quot;aperture&quot;:&quot;0&quot;,&quot;credit&quot;:&quot;&quot;,&quot;camera&quot;:&quot;&quot;,&quot;caption&quot;:&quot;&quot;,&quot;created_timestamp&quot;:&quot;0&quot;,&quot;copyright&quot;:&quot;&quot;,&quot;focal_length&quot;:&quot;0&quot;,&quot;iso&quot;:&quot;0&quot;,&quot;shutter_speed&quot;:&quot;0&quot;,&quot;title&quot;:&quot;&quot;,&quot;orientation&quot;:&quot;0&quot;}\" data-image-title=\"hair-washing\" data-image-description=\"\" data-image-caption=\"\" data-large-file=\"https:\/\/salonkrasyvs.sk\/wp-content\/uploads\/2025\/05\/hair-washing.png\" class=\"alignnone size-full wp-image-990592\" src=\"https:\/\/salonkrasyvs.sk\/wp-content\/uploads\/2025\/05\/hair-washing.png\" alt=\"\" width=\"64\" height=\"64\" \/><\/p>\n<p><strong>Pou\u017eitie:<\/strong><\/p>\n<ol>\n<li class=\"\" data-start=\"1100\" data-end=\"1156\">\n<p class=\"\" data-start=\"1102\" data-end=\"1156\">Naneste na vlhk\u00fa poko\u017eku hlavy pred pou\u017eit\u00edm \u0161amp\u00f3nu<\/p>\n<\/li>\n<li class=\"\" data-start=\"1157\" data-end=\"1210\">\n<p class=\"\" data-start=\"1159\" data-end=\"1210\">Jemne mas\u00edrujte kr\u00fa\u017eiv\u00fdmi pohybmi kon\u010dekmi prstov<\/p>\n<\/li>\n<li class=\"\" data-start=\"1211\" data-end=\"1234\">\n<p class=\"\" data-start=\"1213\" data-end=\"1234\">D\u00f4kladne opl\u00e1chnite<\/p>\n<\/li>\n<li class=\"\" data-start=\"1235\" data-end=\"1277\">\n<p class=\"\" data-start=\"1237\" data-end=\"1277\">Pou\u017e\u00edvajte 1\u20132\u00d7 t\u00fd\u017edenne pod\u013ea potreby<\/p>\n<\/li>\n<\/ol>\n","protected":false},"excerpt":{"rendered":"<p>Exfolia\u010dn\u00fd g\u00e9l pre poko\u017eku hlavy s \u010distiacim a osvie\u017euj\u00facim \u00fa\u010dinkom. Odstra\u0148uje ne\u010distoty, maz a podporuje zdrav\u00e9 prostredie pre rast vlasov.<\/p>\n","protected":false},"featured_media":990615,"template":"","meta":[],"product_brand":[],"product_cat":[96,122,98],"product_tag":[134,135,131,133,129,132,136,137],"class_list":{"0":"post-990614","1":"product","2":"type-product","3":"status-publish","4":"has-post-thumbnail","6":"product_cat-kondicionery-a-masky","7":"product_cat-oleje-a-sera","8":"product_cat-styling-a-starostlivost","9":"product_tag-cistenie","10":"product_tag-detoxikacia","11":"product_tag-exfoliacny","12":"product_tag-gel-na-pokozku-hlavy","13":"product_tag-profesionalna-kozmetika","14":"product_tag-scrub","15":"product_tag-starostlivost-o-pokozku-hlavy","16":"product_tag-vlasova-starostlivost","18":"first","19":"instock","20":"shipping-taxable","21":"purchasable","22":"product-type-simple"},"yoast_head":"<!-- This site is optimized with the Yoast SEO plugin v27.4 - https:\/\/yoast.com\/product\/yoast-seo-wordpress\/ -->\n<title>Z14a All-Round Scrub Gel \u2013 Exfolia\u010dn\u00fd g\u00e9l na poko\u017eku hlavy | 150 ml<\/title>\n<meta name=\"description\" content=\"Z14a All-Round Scrub Gel \u010dist\u00ed a osvie\u017euje poko\u017eku hlavy, odstra\u0148uje ne\u010distoty a maz. Obsahuje pr\u00edrodn\u00e9 l\u00e1tky a prebiotick\u00fa starostlivos\u0165.\" \/>\n<meta name=\"robots\" content=\"index, follow, max-snippet:-1, max-image-preview:large, max-video-preview:-1\" \/>\n<link rel=\"canonical\" href=\"https:\/\/salonkrasyvs.sk\/?product=z14a-all-round-scrub-gel\" \/>\n<meta property=\"og:locale\" content=\"sk_SK\" \/>\n<meta property=\"og:type\" content=\"article\" \/>\n<meta property=\"og:title\" content=\"Z14a All-Round Scrub Gel \u2013 Exfolia\u010dn\u00fd g\u00e9l na poko\u017eku hlavy | 150 ml\" \/>\n<meta property=\"og:description\" content=\"Z14a All-Round Scrub Gel \u010dist\u00ed a osvie\u017euje poko\u017eku hlavy, odstra\u0148uje ne\u010distoty a maz. Obsahuje pr\u00edrodn\u00e9 l\u00e1tky a prebiotick\u00fa starostlivos\u0165.\" \/>\n<meta property=\"og:url\" content=\"https:\/\/salonkrasyvs.sk\/?product=z14a-all-round-scrub-gel\" \/>\n<meta property=\"og:site_name\" content=\"Sal\u00f3n Kr\u00e1sy VS - kadern\u00edctvo, kozmetika, pedik\u00fara, microblading,\" \/>\n<meta property=\"article:modified_time\" content=\"2025-05-17T18:28:52+00:00\" \/>\n<meta property=\"og:image\" content=\"https:\/\/salonkrasyvs.sk\/wp-content\/uploads\/2025\/05\/z14a-all-round-scrub-gel-e1747174988419.jpg\" \/>\n\t<meta property=\"og:image:width\" content=\"700\" \/>\n\t<meta property=\"og:image:height\" content=\"700\" \/>\n\t<meta property=\"og:image:type\" content=\"image\/jpeg\" \/>\n<meta name=\"twitter:card\" content=\"summary_large_image\" \/>\n<meta name=\"twitter:label1\" content=\"Predpokladan\u00fd \u010das \u010d\u00edtania\" \/>\n\t<meta name=\"twitter:data1\" content=\"2 min\u00faty\" \/>\n<script type=\"application\/ld+json\" class=\"yoast-schema-graph\">{\"@context\":\"https:\\\/\\\/schema.org\",\"@graph\":[{\"@type\":\"WebPage\",\"@id\":\"https:\\\/\\\/salonkrasyvs.sk\\\/?product=z14a-all-round-scrub-gel\",\"url\":\"https:\\\/\\\/salonkrasyvs.sk\\\/?product=z14a-all-round-scrub-gel\",\"name\":\"Z14a All-Round Scrub Gel \u2013 Exfolia\u010dn\u00fd g\u00e9l na poko\u017eku hlavy | 150 ml\",\"isPartOf\":{\"@id\":\"https:\\\/\\\/salonkrasyvs.sk\\\/#website\"},\"primaryImageOfPage\":{\"@id\":\"https:\\\/\\\/salonkrasyvs.sk\\\/?product=z14a-all-round-scrub-gel#primaryimage\"},\"image\":{\"@id\":\"https:\\\/\\\/salonkrasyvs.sk\\\/?product=z14a-all-round-scrub-gel#primaryimage\"},\"thumbnailUrl\":\"https:\\\/\\\/salonkrasyvs.sk\\\/wp-content\\\/uploads\\\/2025\\\/05\\\/z14a-all-round-scrub-gel-e1747174988419.jpg\",\"datePublished\":\"2025-05-13T22:24:49+00:00\",\"dateModified\":\"2025-05-17T18:28:52+00:00\",\"description\":\"Z14a All-Round Scrub Gel \u010dist\u00ed a osvie\u017euje poko\u017eku hlavy, odstra\u0148uje ne\u010distoty a maz. Obsahuje pr\u00edrodn\u00e9 l\u00e1tky a prebiotick\u00fa starostlivos\u0165.\",\"breadcrumb\":{\"@id\":\"https:\\\/\\\/salonkrasyvs.sk\\\/?product=z14a-all-round-scrub-gel#breadcrumb\"},\"inLanguage\":\"sk-SK\",\"potentialAction\":[{\"@type\":\"ReadAction\",\"target\":[\"https:\\\/\\\/salonkrasyvs.sk\\\/?product=z14a-all-round-scrub-gel\"]}]},{\"@type\":\"ImageObject\",\"inLanguage\":\"sk-SK\",\"@id\":\"https:\\\/\\\/salonkrasyvs.sk\\\/?product=z14a-all-round-scrub-gel#primaryimage\",\"url\":\"https:\\\/\\\/salonkrasyvs.sk\\\/wp-content\\\/uploads\\\/2025\\\/05\\\/z14a-all-round-scrub-gel-e1747174988419.jpg\",\"contentUrl\":\"https:\\\/\\\/salonkrasyvs.sk\\\/wp-content\\\/uploads\\\/2025\\\/05\\\/z14a-all-round-scrub-gel-e1747174988419.jpg\",\"width\":700,\"height\":700,\"caption\":\"Z14a All-Round Scrub Gel \u2013 exfolia\u010dn\u00fd g\u00e9l na poko\u017eku hlavy s pr\u00edrodn\u00fdmi zlo\u017ekami a prebiotikami\"},{\"@type\":\"BreadcrumbList\",\"@id\":\"https:\\\/\\\/salonkrasyvs.sk\\\/?product=z14a-all-round-scrub-gel#breadcrumb\",\"itemListElement\":[{\"@type\":\"ListItem\",\"position\":1,\"name\":\"Domovsk\u00e1 str\u00e1nka\",\"item\":\"https:\\\/\\\/salonkrasyvs.sk\\\/\"},{\"@type\":\"ListItem\",\"position\":2,\"name\":\"Obchod_zaloha\",\"item\":\"https:\\\/\\\/salonkrasyvs.sk\\\/?page_id=9697\"},{\"@type\":\"ListItem\",\"position\":3,\"name\":\"Z14a All-Round Scrub Gel \u2013 Exfolia\u010dn\u00fd g\u00e9l na poko\u017eku hlavy 150 ml\"}]},{\"@type\":\"WebSite\",\"@id\":\"https:\\\/\\\/salonkrasyvs.sk\\\/#website\",\"url\":\"https:\\\/\\\/salonkrasyvs.sk\\\/\",\"name\":\"Sal\u00f3n Kr\u00e1sy VS - kadern\u00edctvo, kozmetika, pedik\u00fara, microblading,\",\"description\":\"Sal\u00f3n Kr\u00e1sy kde sa o V\u00e1s postar\u00e1me : d\u00e1mske, p\u00e1nske kadern\u00edctvo, kozmetika, pedik\u00fara, manik\u00fara, microblading. Kvalitn\u00e1 vlasov\u00e1 kozmetika na na\u0161om e-shope: Milk shake,  Malibu C, Mon platin, Sans Soucis\",\"potentialAction\":[{\"@type\":\"SearchAction\",\"target\":{\"@type\":\"EntryPoint\",\"urlTemplate\":\"https:\\\/\\\/salonkrasyvs.sk\\\/?s={search_term_string}\"},\"query-input\":{\"@type\":\"PropertyValueSpecification\",\"valueRequired\":true,\"valueName\":\"search_term_string\"}}],\"inLanguage\":\"sk-SK\"}]}<\/script>\n<!-- \/ Yoast SEO plugin. -->","yoast_head_json":{"title":"Z14a All-Round Scrub Gel \u2013 Exfolia\u010dn\u00fd g\u00e9l na poko\u017eku hlavy | 150 ml","description":"Z14a All-Round Scrub Gel \u010dist\u00ed a osvie\u017euje poko\u017eku hlavy, odstra\u0148uje ne\u010distoty a maz. Obsahuje pr\u00edrodn\u00e9 l\u00e1tky a prebiotick\u00fa starostlivos\u0165.","robots":{"index":"index","follow":"follow","max-snippet":"max-snippet:-1","max-image-preview":"max-image-preview:large","max-video-preview":"max-video-preview:-1"},"canonical":"https:\/\/salonkrasyvs.sk\/?product=z14a-all-round-scrub-gel","og_locale":"sk_SK","og_type":"article","og_title":"Z14a All-Round Scrub Gel \u2013 Exfolia\u010dn\u00fd g\u00e9l na poko\u017eku hlavy | 150 ml","og_description":"Z14a All-Round Scrub Gel \u010dist\u00ed a osvie\u017euje poko\u017eku hlavy, odstra\u0148uje ne\u010distoty a maz. Obsahuje pr\u00edrodn\u00e9 l\u00e1tky a prebiotick\u00fa starostlivos\u0165.","og_url":"https:\/\/salonkrasyvs.sk\/?product=z14a-all-round-scrub-gel","og_site_name":"Sal\u00f3n Kr\u00e1sy VS - kadern\u00edctvo, kozmetika, pedik\u00fara, microblading,","article_modified_time":"2025-05-17T18:28:52+00:00","og_image":[{"width":700,"height":700,"url":"https:\/\/salonkrasyvs.sk\/wp-content\/uploads\/2025\/05\/z14a-all-round-scrub-gel-e1747174988419.jpg","type":"image\/jpeg"}],"twitter_card":"summary_large_image","twitter_misc":{"Predpokladan\u00fd \u010das \u010d\u00edtania":"2 min\u00faty"},"schema":{"@context":"https:\/\/schema.org","@graph":[{"@type":"WebPage","@id":"https:\/\/salonkrasyvs.sk\/?product=z14a-all-round-scrub-gel","url":"https:\/\/salonkrasyvs.sk\/?product=z14a-all-round-scrub-gel","name":"Z14a All-Round Scrub Gel \u2013 Exfolia\u010dn\u00fd g\u00e9l na poko\u017eku hlavy | 150 ml","isPartOf":{"@id":"https:\/\/salonkrasyvs.sk\/#website"},"primaryImageOfPage":{"@id":"https:\/\/salonkrasyvs.sk\/?product=z14a-all-round-scrub-gel#primaryimage"},"image":{"@id":"https:\/\/salonkrasyvs.sk\/?product=z14a-all-round-scrub-gel#primaryimage"},"thumbnailUrl":"https:\/\/salonkrasyvs.sk\/wp-content\/uploads\/2025\/05\/z14a-all-round-scrub-gel-e1747174988419.jpg","datePublished":"2025-05-13T22:24:49+00:00","dateModified":"2025-05-17T18:28:52+00:00","description":"Z14a All-Round Scrub Gel \u010dist\u00ed a osvie\u017euje poko\u017eku hlavy, odstra\u0148uje ne\u010distoty a maz. Obsahuje pr\u00edrodn\u00e9 l\u00e1tky a prebiotick\u00fa starostlivos\u0165.","breadcrumb":{"@id":"https:\/\/salonkrasyvs.sk\/?product=z14a-all-round-scrub-gel#breadcrumb"},"inLanguage":"sk-SK","potentialAction":[{"@type":"ReadAction","target":["https:\/\/salonkrasyvs.sk\/?product=z14a-all-round-scrub-gel"]}]},{"@type":"ImageObject","inLanguage":"sk-SK","@id":"https:\/\/salonkrasyvs.sk\/?product=z14a-all-round-scrub-gel#primaryimage","url":"https:\/\/salonkrasyvs.sk\/wp-content\/uploads\/2025\/05\/z14a-all-round-scrub-gel-e1747174988419.jpg","contentUrl":"https:\/\/salonkrasyvs.sk\/wp-content\/uploads\/2025\/05\/z14a-all-round-scrub-gel-e1747174988419.jpg","width":700,"height":700,"caption":"Z14a All-Round Scrub Gel \u2013 exfolia\u010dn\u00fd g\u00e9l na poko\u017eku hlavy s pr\u00edrodn\u00fdmi zlo\u017ekami a prebiotikami"},{"@type":"BreadcrumbList","@id":"https:\/\/salonkrasyvs.sk\/?product=z14a-all-round-scrub-gel#breadcrumb","itemListElement":[{"@type":"ListItem","position":1,"name":"Domovsk\u00e1 str\u00e1nka","item":"https:\/\/salonkrasyvs.sk\/"},{"@type":"ListItem","position":2,"name":"Obchod_zaloha","item":"https:\/\/salonkrasyvs.sk\/?page_id=9697"},{"@type":"ListItem","position":3,"name":"Z14a All-Round Scrub Gel \u2013 Exfolia\u010dn\u00fd g\u00e9l na poko\u017eku hlavy 150 ml"}]},{"@type":"WebSite","@id":"https:\/\/salonkrasyvs.sk\/#website","url":"https:\/\/salonkrasyvs.sk\/","name":"Sal\u00f3n Kr\u00e1sy VS - kadern\u00edctvo, kozmetika, pedik\u00fara, microblading,","description":"Sal\u00f3n Kr\u00e1sy kde sa o V\u00e1s postar\u00e1me : d\u00e1mske, p\u00e1nske kadern\u00edctvo, kozmetika, pedik\u00fara, manik\u00fara, microblading. Kvalitn\u00e1 vlasov\u00e1 kozmetika na na\u0161om e-shope: Milk shake,  Malibu C, Mon platin, Sans Soucis","potentialAction":[{"@type":"SearchAction","target":{"@type":"EntryPoint","urlTemplate":"https:\/\/salonkrasyvs.sk\/?s={search_term_string}"},"query-input":{"@type":"PropertyValueSpecification","valueRequired":true,"valueName":"search_term_string"}}],"inLanguage":"sk-SK"}]}},"jetpack_sharing_enabled":true,"jetpack_likes_enabled":true,"_links":{"self":[{"href":"https:\/\/salonkrasyvs.sk\/index.php?rest_route=\/wp\/v2\/product\/990614","targetHints":{"allow":["GET"]}}],"collection":[{"href":"https:\/\/salonkrasyvs.sk\/index.php?rest_route=\/wp\/v2\/product"}],"about":[{"href":"https:\/\/salonkrasyvs.sk\/index.php?rest_route=\/wp\/v2\/types\/product"}],"wp:featuredmedia":[{"embeddable":true,"href":"https:\/\/salonkrasyvs.sk\/index.php?rest_route=\/wp\/v2\/media\/990615"}],"wp:attachment":[{"href":"https:\/\/salonkrasyvs.sk\/index.php?rest_route=%2Fwp%2Fv2%2Fmedia&parent=990614"}],"wp:term":[{"taxonomy":"product_brand","embeddable":true,"href":"https:\/\/salonkrasyvs.sk\/index.php?rest_route=%2Fwp%2Fv2%2Fproduct_brand&post=990614"},{"taxonomy":"product_cat","embeddable":true,"href":"https:\/\/salonkrasyvs.sk\/index.php?rest_route=%2Fwp%2Fv2%2Fproduct_cat&post=990614"},{"taxonomy":"product_tag","embeddable":true,"href":"https:\/\/salonkrasyvs.sk\/index.php?rest_route=%2Fwp%2Fv2%2Fproduct_tag&post=990614"}],"curies":[{"name":"wp","href":"https:\/\/api.w.org\/{rel}","templated":true}]}}