{"id":990484,"date":"2025-01-15T11:18:10","date_gmt":"2025-01-15T10:18:10","guid":{"rendered":"https:\/\/salonkrasyvs.sk\/?post_type=product&#038;p=990484"},"modified":"2025-05-18T22:23:53","modified_gmt":"2025-05-18T20:23:53","slug":"janssen-cosmetics-purifying-cleansing-gel-200-ml","status":"publish","type":"product","link":"https:\/\/salonkrasyvs.sk\/?product=janssen-cosmetics-purifying-cleansing-gel-200-ml","title":{"rendered":"JANSSEN COSMETICS &#8211; Purifying Cleansing Gel 200 ml"},"content":{"rendered":"<h3>JANSSEN COSMETICS &#8211; Purifying Cleansing Gel 200 ml<\/h3>\n<ul>\n<li class=\"\" data-start=\"164\" data-end=\"222\">\n<p class=\"\" data-start=\"166\" data-end=\"222\">Prv\u00fd krok v starostlivosti o ne\u010dist\u00fa, sk\u00f4r mastn\u00fa ple\u0165<\/p>\n<\/li>\n<li class=\"\" data-start=\"223\" data-end=\"257\">\n<p class=\"\" data-start=\"225\" data-end=\"257\">\u010cist\u00ed d\u00f4kladne a z\u00e1rove\u0148 jemne<\/p>\n<\/li>\n<li class=\"\" data-start=\"258\" data-end=\"308\">\n<p class=\"\" data-start=\"260\" data-end=\"308\">Predch\u00e1dza z\u00e1palom, pupienkom a \u010diernym bodk\u00e1m<\/p>\n<\/li>\n<li class=\"\" data-start=\"309\" data-end=\"352\">\n<p class=\"\" data-start=\"311\" data-end=\"352\">Zanech\u00e1va poko\u017eku \u010dist\u00fa, svie\u017eu a hebk\u00fa<\/p>\n<\/li>\n<li class=\"\" data-start=\"353\" data-end=\"412\">\n<p class=\"\" data-start=\"355\" data-end=\"412\">Optim\u00e1lne pripravuje poko\u017eku na nasleduj\u00facu starostlivos\u0165<\/p>\n<\/li>\n<\/ul>\n<p><strong>\u00da\u010dinn\u00e9 l\u00e1tky:<\/strong><br \/>\n<em>\u2022\u00a0<strong>decyl glucoside<\/strong><\/em>\u00a0\u2013 akt\u00edvna \u010distiaca surovina na rastlinnej b\u00e1ze, na jemn\u00e9 \u010distenie pleti<br \/>\n<em>\u2022\u00a0<strong>panthenol<\/strong><\/em>\u00a0\u2013 m\u00e1 hydrata\u010dn\u00e9 a protiz\u00e1palov\u00e9 vlastnosti, p\u00f4sob\u00ed proti za\u010dervenaniu, upokojuje poko\u017eku<\/p>\n<p><strong>Pou\u017eitie:<\/strong>\u00a0Navlh\u010den\u00fdmi rukami, jemne rozotrite \u010distiaci g\u00e9l na poko\u017eku tv\u00e1re, krku a dekoltu. D\u00f4kladne opl\u00e1chnite vodou a pokra\u010dujte tonikom.<\/p>\n<p><strong>Odpor\u00fa\u010danie:<\/strong>\u00a0Predov\u0161etk\u00fdm vhodn\u00fd \u010disti\u010d pre ple\u0165 s mastn\u00fdm akn\u00e9.<\/p>\n","protected":false},"excerpt":{"rendered":"<p><em>Jemn\u00fd \u010distiac\u00ed gel vhodn\u00fd pre zmie\u0161an\u00fa a\u017e mastn\u00fa ple\u0165<\/em><\/p>\n","protected":false},"featured_media":990485,"template":"","meta":[],"product_brand":[],"product_cat":[99],"product_tag":[],"class_list":{"0":"post-990484","1":"product","2":"type-product","3":"status-publish","4":"has-post-thumbnail","6":"product_cat-plet","8":"first","9":"onbackorder","10":"shipping-taxable","11":"purchasable","12":"product-type-simple"},"yoast_head":"<!-- This site is optimized with the Yoast SEO plugin v27.4 - https:\/\/yoast.com\/product\/yoast-seo-wordpress\/ -->\n<title>JANSSEN COSMETICS - Purifying Cleansing Gel 200 ml - Sal\u00f3n Kr\u00e1sy VS - kadern\u00edctvo, kozmetika, pedik\u00fara, microblading,<\/title>\n<meta name=\"robots\" content=\"index, follow, max-snippet:-1, max-image-preview:large, max-video-preview:-1\" \/>\n<link rel=\"canonical\" href=\"https:\/\/salonkrasyvs.sk\/?product=janssen-cosmetics-purifying-cleansing-gel-200-ml\" \/>\n<meta property=\"og:locale\" content=\"sk_SK\" \/>\n<meta property=\"og:type\" content=\"article\" \/>\n<meta property=\"og:title\" content=\"JANSSEN COSMETICS - Purifying Cleansing Gel 200 ml - Sal\u00f3n Kr\u00e1sy VS - kadern\u00edctvo, kozmetika, pedik\u00fara, microblading,\" \/>\n<meta property=\"og:description\" content=\"Jemn\u00fd \u010distiac\u00ed gel vhodn\u00fd pre zmie\u0161an\u00fa a\u017e mastn\u00fa ple\u0165\" \/>\n<meta property=\"og:url\" content=\"https:\/\/salonkrasyvs.sk\/?product=janssen-cosmetics-purifying-cleansing-gel-200-ml\" \/>\n<meta property=\"og:site_name\" content=\"Sal\u00f3n Kr\u00e1sy VS - kadern\u00edctvo, kozmetika, pedik\u00fara, microblading,\" \/>\n<meta property=\"article:modified_time\" content=\"2025-05-18T20:23:53+00:00\" \/>\n<meta property=\"og:image\" content=\"https:\/\/salonkrasyvs.sk\/wp-content\/uploads\/2025\/01\/4000.-424x600-1.png\" \/>\n\t<meta property=\"og:image:width\" content=\"424\" \/>\n\t<meta property=\"og:image:height\" content=\"600\" \/>\n\t<meta property=\"og:image:type\" content=\"image\/png\" \/>\n<meta name=\"twitter:card\" content=\"summary_large_image\" \/>\n<meta name=\"twitter:label1\" content=\"Predpokladan\u00fd \u010das \u010d\u00edtania\" \/>\n\t<meta name=\"twitter:data1\" content=\"1 min\u00fata\" \/>\n<script type=\"application\/ld+json\" class=\"yoast-schema-graph\">{\"@context\":\"https:\\\/\\\/schema.org\",\"@graph\":[{\"@type\":\"WebPage\",\"@id\":\"https:\\\/\\\/salonkrasyvs.sk\\\/?product=janssen-cosmetics-purifying-cleansing-gel-200-ml\",\"url\":\"https:\\\/\\\/salonkrasyvs.sk\\\/?product=janssen-cosmetics-purifying-cleansing-gel-200-ml\",\"name\":\"JANSSEN COSMETICS - Purifying Cleansing Gel 200 ml - Sal\u00f3n Kr\u00e1sy VS - kadern\u00edctvo, kozmetika, pedik\u00fara, microblading,\",\"isPartOf\":{\"@id\":\"https:\\\/\\\/salonkrasyvs.sk\\\/#website\"},\"primaryImageOfPage\":{\"@id\":\"https:\\\/\\\/salonkrasyvs.sk\\\/?product=janssen-cosmetics-purifying-cleansing-gel-200-ml#primaryimage\"},\"image\":{\"@id\":\"https:\\\/\\\/salonkrasyvs.sk\\\/?product=janssen-cosmetics-purifying-cleansing-gel-200-ml#primaryimage\"},\"thumbnailUrl\":\"https:\\\/\\\/salonkrasyvs.sk\\\/wp-content\\\/uploads\\\/2025\\\/01\\\/4000.-424x600-1.png\",\"datePublished\":\"2025-01-15T10:18:10+00:00\",\"dateModified\":\"2025-05-18T20:23:53+00:00\",\"breadcrumb\":{\"@id\":\"https:\\\/\\\/salonkrasyvs.sk\\\/?product=janssen-cosmetics-purifying-cleansing-gel-200-ml#breadcrumb\"},\"inLanguage\":\"sk-SK\",\"potentialAction\":[{\"@type\":\"ReadAction\",\"target\":[\"https:\\\/\\\/salonkrasyvs.sk\\\/?product=janssen-cosmetics-purifying-cleansing-gel-200-ml\"]}]},{\"@type\":\"ImageObject\",\"inLanguage\":\"sk-SK\",\"@id\":\"https:\\\/\\\/salonkrasyvs.sk\\\/?product=janssen-cosmetics-purifying-cleansing-gel-200-ml#primaryimage\",\"url\":\"https:\\\/\\\/salonkrasyvs.sk\\\/wp-content\\\/uploads\\\/2025\\\/01\\\/4000.-424x600-1.png\",\"contentUrl\":\"https:\\\/\\\/salonkrasyvs.sk\\\/wp-content\\\/uploads\\\/2025\\\/01\\\/4000.-424x600-1.png\",\"width\":424,\"height\":600},{\"@type\":\"BreadcrumbList\",\"@id\":\"https:\\\/\\\/salonkrasyvs.sk\\\/?product=janssen-cosmetics-purifying-cleansing-gel-200-ml#breadcrumb\",\"itemListElement\":[{\"@type\":\"ListItem\",\"position\":1,\"name\":\"Domovsk\u00e1 str\u00e1nka\",\"item\":\"https:\\\/\\\/salonkrasyvs.sk\\\/\"},{\"@type\":\"ListItem\",\"position\":2,\"name\":\"Obchod_zaloha\",\"item\":\"https:\\\/\\\/salonkrasyvs.sk\\\/?page_id=9697\"},{\"@type\":\"ListItem\",\"position\":3,\"name\":\"JANSSEN COSMETICS &#8211; Purifying Cleansing Gel 200 ml\"}]},{\"@type\":\"WebSite\",\"@id\":\"https:\\\/\\\/salonkrasyvs.sk\\\/#website\",\"url\":\"https:\\\/\\\/salonkrasyvs.sk\\\/\",\"name\":\"Sal\u00f3n Kr\u00e1sy VS - kadern\u00edctvo, kozmetika, pedik\u00fara, microblading,\",\"description\":\"Sal\u00f3n Kr\u00e1sy kde sa o V\u00e1s postar\u00e1me : d\u00e1mske, p\u00e1nske kadern\u00edctvo, kozmetika, pedik\u00fara, manik\u00fara, microblading. Kvalitn\u00e1 vlasov\u00e1 kozmetika na na\u0161om e-shope: Milk shake,  Malibu C, Mon platin, Sans Soucis\",\"potentialAction\":[{\"@type\":\"SearchAction\",\"target\":{\"@type\":\"EntryPoint\",\"urlTemplate\":\"https:\\\/\\\/salonkrasyvs.sk\\\/?s={search_term_string}\"},\"query-input\":{\"@type\":\"PropertyValueSpecification\",\"valueRequired\":true,\"valueName\":\"search_term_string\"}}],\"inLanguage\":\"sk-SK\"}]}<\/script>\n<!-- \/ Yoast SEO plugin. -->","yoast_head_json":{"title":"JANSSEN COSMETICS - Purifying Cleansing Gel 200 ml - Sal\u00f3n Kr\u00e1sy VS - kadern\u00edctvo, kozmetika, pedik\u00fara, microblading,","robots":{"index":"index","follow":"follow","max-snippet":"max-snippet:-1","max-image-preview":"max-image-preview:large","max-video-preview":"max-video-preview:-1"},"canonical":"https:\/\/salonkrasyvs.sk\/?product=janssen-cosmetics-purifying-cleansing-gel-200-ml","og_locale":"sk_SK","og_type":"article","og_title":"JANSSEN COSMETICS - Purifying Cleansing Gel 200 ml - Sal\u00f3n Kr\u00e1sy VS - kadern\u00edctvo, kozmetika, pedik\u00fara, microblading,","og_description":"Jemn\u00fd \u010distiac\u00ed gel vhodn\u00fd pre zmie\u0161an\u00fa a\u017e mastn\u00fa ple\u0165","og_url":"https:\/\/salonkrasyvs.sk\/?product=janssen-cosmetics-purifying-cleansing-gel-200-ml","og_site_name":"Sal\u00f3n Kr\u00e1sy VS - kadern\u00edctvo, kozmetika, pedik\u00fara, microblading,","article_modified_time":"2025-05-18T20:23:53+00:00","og_image":[{"width":424,"height":600,"url":"https:\/\/salonkrasyvs.sk\/wp-content\/uploads\/2025\/01\/4000.-424x600-1.png","type":"image\/png"}],"twitter_card":"summary_large_image","twitter_misc":{"Predpokladan\u00fd \u010das \u010d\u00edtania":"1 min\u00fata"},"schema":{"@context":"https:\/\/schema.org","@graph":[{"@type":"WebPage","@id":"https:\/\/salonkrasyvs.sk\/?product=janssen-cosmetics-purifying-cleansing-gel-200-ml","url":"https:\/\/salonkrasyvs.sk\/?product=janssen-cosmetics-purifying-cleansing-gel-200-ml","name":"JANSSEN COSMETICS - Purifying Cleansing Gel 200 ml - Sal\u00f3n Kr\u00e1sy VS - kadern\u00edctvo, kozmetika, pedik\u00fara, microblading,","isPartOf":{"@id":"https:\/\/salonkrasyvs.sk\/#website"},"primaryImageOfPage":{"@id":"https:\/\/salonkrasyvs.sk\/?product=janssen-cosmetics-purifying-cleansing-gel-200-ml#primaryimage"},"image":{"@id":"https:\/\/salonkrasyvs.sk\/?product=janssen-cosmetics-purifying-cleansing-gel-200-ml#primaryimage"},"thumbnailUrl":"https:\/\/salonkrasyvs.sk\/wp-content\/uploads\/2025\/01\/4000.-424x600-1.png","datePublished":"2025-01-15T10:18:10+00:00","dateModified":"2025-05-18T20:23:53+00:00","breadcrumb":{"@id":"https:\/\/salonkrasyvs.sk\/?product=janssen-cosmetics-purifying-cleansing-gel-200-ml#breadcrumb"},"inLanguage":"sk-SK","potentialAction":[{"@type":"ReadAction","target":["https:\/\/salonkrasyvs.sk\/?product=janssen-cosmetics-purifying-cleansing-gel-200-ml"]}]},{"@type":"ImageObject","inLanguage":"sk-SK","@id":"https:\/\/salonkrasyvs.sk\/?product=janssen-cosmetics-purifying-cleansing-gel-200-ml#primaryimage","url":"https:\/\/salonkrasyvs.sk\/wp-content\/uploads\/2025\/01\/4000.-424x600-1.png","contentUrl":"https:\/\/salonkrasyvs.sk\/wp-content\/uploads\/2025\/01\/4000.-424x600-1.png","width":424,"height":600},{"@type":"BreadcrumbList","@id":"https:\/\/salonkrasyvs.sk\/?product=janssen-cosmetics-purifying-cleansing-gel-200-ml#breadcrumb","itemListElement":[{"@type":"ListItem","position":1,"name":"Domovsk\u00e1 str\u00e1nka","item":"https:\/\/salonkrasyvs.sk\/"},{"@type":"ListItem","position":2,"name":"Obchod_zaloha","item":"https:\/\/salonkrasyvs.sk\/?page_id=9697"},{"@type":"ListItem","position":3,"name":"JANSSEN COSMETICS &#8211; Purifying Cleansing Gel 200 ml"}]},{"@type":"WebSite","@id":"https:\/\/salonkrasyvs.sk\/#website","url":"https:\/\/salonkrasyvs.sk\/","name":"Sal\u00f3n Kr\u00e1sy VS - kadern\u00edctvo, kozmetika, pedik\u00fara, microblading,","description":"Sal\u00f3n Kr\u00e1sy kde sa o V\u00e1s postar\u00e1me : d\u00e1mske, p\u00e1nske kadern\u00edctvo, kozmetika, pedik\u00fara, manik\u00fara, microblading. Kvalitn\u00e1 vlasov\u00e1 kozmetika na na\u0161om e-shope: Milk shake,  Malibu C, Mon platin, Sans Soucis","potentialAction":[{"@type":"SearchAction","target":{"@type":"EntryPoint","urlTemplate":"https:\/\/salonkrasyvs.sk\/?s={search_term_string}"},"query-input":{"@type":"PropertyValueSpecification","valueRequired":true,"valueName":"search_term_string"}}],"inLanguage":"sk-SK"}]}},"jetpack_sharing_enabled":true,"jetpack_likes_enabled":true,"_links":{"self":[{"href":"https:\/\/salonkrasyvs.sk\/index.php?rest_route=\/wp\/v2\/product\/990484","targetHints":{"allow":["GET"]}}],"collection":[{"href":"https:\/\/salonkrasyvs.sk\/index.php?rest_route=\/wp\/v2\/product"}],"about":[{"href":"https:\/\/salonkrasyvs.sk\/index.php?rest_route=\/wp\/v2\/types\/product"}],"wp:featuredmedia":[{"embeddable":true,"href":"https:\/\/salonkrasyvs.sk\/index.php?rest_route=\/wp\/v2\/media\/990485"}],"wp:attachment":[{"href":"https:\/\/salonkrasyvs.sk\/index.php?rest_route=%2Fwp%2Fv2%2Fmedia&parent=990484"}],"wp:term":[{"taxonomy":"product_brand","embeddable":true,"href":"https:\/\/salonkrasyvs.sk\/index.php?rest_route=%2Fwp%2Fv2%2Fproduct_brand&post=990484"},{"taxonomy":"product_cat","embeddable":true,"href":"https:\/\/salonkrasyvs.sk\/index.php?rest_route=%2Fwp%2Fv2%2Fproduct_cat&post=990484"},{"taxonomy":"product_tag","embeddable":true,"href":"https:\/\/salonkrasyvs.sk\/index.php?rest_route=%2Fwp%2Fv2%2Fproduct_tag&post=990484"}],"curies":[{"name":"wp","href":"https:\/\/api.w.org\/{rel}","templated":true}]}}