{"id":990479,"date":"2025-01-15T11:05:51","date_gmt":"2025-01-15T10:05:51","guid":{"rendered":"https:\/\/salonkrasyvs.sk\/?post_type=product&#038;p=990479"},"modified":"2025-05-18T22:34:56","modified_gmt":"2025-05-18T20:34:56","slug":"janssen-cosmetics-purifying-tonic-200-ml","status":"publish","type":"product","link":"https:\/\/salonkrasyvs.sk\/?product=janssen-cosmetics-purifying-tonic-200-ml","title":{"rendered":"JANSSEN COSMETICS &#8211; Purifying Tonic 200 ml"},"content":{"rendered":"<h3>JANSSEN COSMETICS &#8211; Purifying Tonic 200 ml<\/h3>\n<ul>\n<li class=\"\" data-start=\"180\" data-end=\"226\">\n<p class=\"\" data-start=\"182\" data-end=\"226\">\u010cist\u00ed p\u00f3ry do h\u013abky, normalizuje ko\u017en\u00fd maz<\/p>\n<\/li>\n<li class=\"\" data-start=\"227\" data-end=\"286\">\n<p class=\"\" data-start=\"229\" data-end=\"286\">Poskytuje vlhkos\u0165, pripravuje na n\u00e1sledn\u00fa starostlivos\u0165<\/p>\n<\/li>\n<li class=\"\" data-start=\"287\" data-end=\"322\">\n<p class=\"\" data-start=\"289\" data-end=\"322\">\u0160etrn\u00e9 pH k poko\u017eke, bez alkoholu<\/p>\n<\/li>\n<\/ul>\n<p><strong>\u00da\u010dinn\u00e9 l\u00e1tky:<\/strong><br \/>\n<em><strong>\u2022 Equal \u2013 Refining complex<\/strong>\u00a0<\/em>\u2013 spoma\u013euje rast buniek v mazov\u00fdch \u017e\u013eaz\u00e1ch<br \/>\n<em><strong>\u2022 glycer\u00edn<\/strong><\/em>\u00a0\u2013 zvy\u0161uje obsah vlhkosti v poko\u017eke<\/p>\n<p><strong>Pou\u017eitie:<\/strong>\u00a0Tonikum naneste na vatov\u00fd tamp\u00f3n a jemne ho rozotrite na tv\u00e1r, krk a dekolt.<\/p>\n","protected":false},"excerpt":{"rendered":"<p><em>\u010cistiace tonikum na stiahnutie p\u00f3rov<\/em><\/p>\n","protected":false},"featured_media":990481,"template":"","meta":[],"product_brand":[],"product_cat":[99],"product_tag":[],"class_list":{"0":"post-990479","1":"product","2":"type-product","3":"status-publish","4":"has-post-thumbnail","6":"product_cat-plet","8":"first","9":"onbackorder","10":"shipping-taxable","11":"purchasable","12":"product-type-simple"},"yoast_head":"<!-- This site is optimized with the Yoast SEO plugin v27.5 - https:\/\/yoast.com\/product\/yoast-seo-wordpress\/ -->\n<title>JANSSEN COSMETICS - Purifying Tonic 200 ml - Sal\u00f3n Kr\u00e1sy VS - kadern\u00edctvo, kozmetika, pedik\u00fara, microblading,<\/title>\n<meta name=\"robots\" content=\"index, follow, max-snippet:-1, max-image-preview:large, max-video-preview:-1\" \/>\n<link rel=\"canonical\" href=\"https:\/\/salonkrasyvs.sk\/?product=janssen-cosmetics-purifying-tonic-200-ml\" \/>\n<meta property=\"og:locale\" content=\"sk_SK\" \/>\n<meta property=\"og:type\" content=\"article\" \/>\n<meta property=\"og:title\" content=\"JANSSEN COSMETICS - Purifying Tonic 200 ml - Sal\u00f3n Kr\u00e1sy VS - kadern\u00edctvo, kozmetika, pedik\u00fara, microblading,\" \/>\n<meta property=\"og:description\" content=\"\u010cistiace tonikum na stiahnutie p\u00f3rov\" \/>\n<meta property=\"og:url\" content=\"https:\/\/salonkrasyvs.sk\/?product=janssen-cosmetics-purifying-tonic-200-ml\" \/>\n<meta property=\"og:site_name\" content=\"Sal\u00f3n Kr\u00e1sy VS - kadern\u00edctvo, kozmetika, pedik\u00fara, microblading,\" \/>\n<meta property=\"article:modified_time\" content=\"2025-05-18T20:34:56+00:00\" \/>\n<meta property=\"og:image\" content=\"https:\/\/salonkrasyvs.sk\/wp-content\/uploads\/2025\/01\/4001.-424x600-1.png\" \/>\n\t<meta property=\"og:image:width\" content=\"424\" \/>\n\t<meta property=\"og:image:height\" content=\"600\" \/>\n\t<meta property=\"og:image:type\" content=\"image\/png\" \/>\n<meta name=\"twitter:card\" content=\"summary_large_image\" \/>\n<meta name=\"twitter:label1\" content=\"Predpokladan\u00fd \u010das \u010d\u00edtania\" \/>\n\t<meta name=\"twitter:data1\" content=\"1 min\u00fata\" \/>\n<script type=\"application\/ld+json\" class=\"yoast-schema-graph\">{\"@context\":\"https:\\\/\\\/schema.org\",\"@graph\":[{\"@type\":\"WebPage\",\"@id\":\"https:\\\/\\\/salonkrasyvs.sk\\\/?product=janssen-cosmetics-purifying-tonic-200-ml\",\"url\":\"https:\\\/\\\/salonkrasyvs.sk\\\/?product=janssen-cosmetics-purifying-tonic-200-ml\",\"name\":\"JANSSEN COSMETICS - Purifying Tonic 200 ml - Sal\u00f3n Kr\u00e1sy VS - kadern\u00edctvo, kozmetika, pedik\u00fara, microblading,\",\"isPartOf\":{\"@id\":\"https:\\\/\\\/salonkrasyvs.sk\\\/#website\"},\"primaryImageOfPage\":{\"@id\":\"https:\\\/\\\/salonkrasyvs.sk\\\/?product=janssen-cosmetics-purifying-tonic-200-ml#primaryimage\"},\"image\":{\"@id\":\"https:\\\/\\\/salonkrasyvs.sk\\\/?product=janssen-cosmetics-purifying-tonic-200-ml#primaryimage\"},\"thumbnailUrl\":\"https:\\\/\\\/salonkrasyvs.sk\\\/wp-content\\\/uploads\\\/2025\\\/01\\\/4001.-424x600-1.png\",\"datePublished\":\"2025-01-15T10:05:51+00:00\",\"dateModified\":\"2025-05-18T20:34:56+00:00\",\"breadcrumb\":{\"@id\":\"https:\\\/\\\/salonkrasyvs.sk\\\/?product=janssen-cosmetics-purifying-tonic-200-ml#breadcrumb\"},\"inLanguage\":\"sk-SK\",\"potentialAction\":[{\"@type\":\"ReadAction\",\"target\":[\"https:\\\/\\\/salonkrasyvs.sk\\\/?product=janssen-cosmetics-purifying-tonic-200-ml\"]}]},{\"@type\":\"ImageObject\",\"inLanguage\":\"sk-SK\",\"@id\":\"https:\\\/\\\/salonkrasyvs.sk\\\/?product=janssen-cosmetics-purifying-tonic-200-ml#primaryimage\",\"url\":\"https:\\\/\\\/salonkrasyvs.sk\\\/wp-content\\\/uploads\\\/2025\\\/01\\\/4001.-424x600-1.png\",\"contentUrl\":\"https:\\\/\\\/salonkrasyvs.sk\\\/wp-content\\\/uploads\\\/2025\\\/01\\\/4001.-424x600-1.png\",\"width\":424,\"height\":600},{\"@type\":\"BreadcrumbList\",\"@id\":\"https:\\\/\\\/salonkrasyvs.sk\\\/?product=janssen-cosmetics-purifying-tonic-200-ml#breadcrumb\",\"itemListElement\":[{\"@type\":\"ListItem\",\"position\":1,\"name\":\"Domovsk\u00e1 str\u00e1nka\",\"item\":\"https:\\\/\\\/salonkrasyvs.sk\\\/\"},{\"@type\":\"ListItem\",\"position\":2,\"name\":\"Obchod_zaloha\",\"item\":\"https:\\\/\\\/salonkrasyvs.sk\\\/?page_id=9697\"},{\"@type\":\"ListItem\",\"position\":3,\"name\":\"JANSSEN COSMETICS &#8211; Purifying Tonic 200 ml\"}]},{\"@type\":\"WebSite\",\"@id\":\"https:\\\/\\\/salonkrasyvs.sk\\\/#website\",\"url\":\"https:\\\/\\\/salonkrasyvs.sk\\\/\",\"name\":\"Sal\u00f3n Kr\u00e1sy VS - kadern\u00edctvo, kozmetika, pedik\u00fara, microblading,\",\"description\":\"Sal\u00f3n Kr\u00e1sy kde sa o V\u00e1s postar\u00e1me : d\u00e1mske, p\u00e1nske kadern\u00edctvo, kozmetika, pedik\u00fara, manik\u00fara, microblading. Kvalitn\u00e1 vlasov\u00e1 kozmetika na na\u0161om e-shope: Milk shake,  Malibu C, Mon platin, Sans Soucis\",\"potentialAction\":[{\"@type\":\"SearchAction\",\"target\":{\"@type\":\"EntryPoint\",\"urlTemplate\":\"https:\\\/\\\/salonkrasyvs.sk\\\/?s={search_term_string}\"},\"query-input\":{\"@type\":\"PropertyValueSpecification\",\"valueRequired\":true,\"valueName\":\"search_term_string\"}}],\"inLanguage\":\"sk-SK\"}]}<\/script>\n<!-- \/ Yoast SEO plugin. -->","yoast_head_json":{"title":"JANSSEN COSMETICS - Purifying Tonic 200 ml - Sal\u00f3n Kr\u00e1sy VS - kadern\u00edctvo, kozmetika, pedik\u00fara, microblading,","robots":{"index":"index","follow":"follow","max-snippet":"max-snippet:-1","max-image-preview":"max-image-preview:large","max-video-preview":"max-video-preview:-1"},"canonical":"https:\/\/salonkrasyvs.sk\/?product=janssen-cosmetics-purifying-tonic-200-ml","og_locale":"sk_SK","og_type":"article","og_title":"JANSSEN COSMETICS - Purifying Tonic 200 ml - Sal\u00f3n Kr\u00e1sy VS - kadern\u00edctvo, kozmetika, pedik\u00fara, microblading,","og_description":"\u010cistiace tonikum na stiahnutie p\u00f3rov","og_url":"https:\/\/salonkrasyvs.sk\/?product=janssen-cosmetics-purifying-tonic-200-ml","og_site_name":"Sal\u00f3n Kr\u00e1sy VS - kadern\u00edctvo, kozmetika, pedik\u00fara, microblading,","article_modified_time":"2025-05-18T20:34:56+00:00","og_image":[{"width":424,"height":600,"url":"https:\/\/salonkrasyvs.sk\/wp-content\/uploads\/2025\/01\/4001.-424x600-1.png","type":"image\/png"}],"twitter_card":"summary_large_image","twitter_misc":{"Predpokladan\u00fd \u010das \u010d\u00edtania":"1 min\u00fata"},"schema":{"@context":"https:\/\/schema.org","@graph":[{"@type":"WebPage","@id":"https:\/\/salonkrasyvs.sk\/?product=janssen-cosmetics-purifying-tonic-200-ml","url":"https:\/\/salonkrasyvs.sk\/?product=janssen-cosmetics-purifying-tonic-200-ml","name":"JANSSEN COSMETICS - Purifying Tonic 200 ml - Sal\u00f3n Kr\u00e1sy VS - kadern\u00edctvo, kozmetika, pedik\u00fara, microblading,","isPartOf":{"@id":"https:\/\/salonkrasyvs.sk\/#website"},"primaryImageOfPage":{"@id":"https:\/\/salonkrasyvs.sk\/?product=janssen-cosmetics-purifying-tonic-200-ml#primaryimage"},"image":{"@id":"https:\/\/salonkrasyvs.sk\/?product=janssen-cosmetics-purifying-tonic-200-ml#primaryimage"},"thumbnailUrl":"https:\/\/salonkrasyvs.sk\/wp-content\/uploads\/2025\/01\/4001.-424x600-1.png","datePublished":"2025-01-15T10:05:51+00:00","dateModified":"2025-05-18T20:34:56+00:00","breadcrumb":{"@id":"https:\/\/salonkrasyvs.sk\/?product=janssen-cosmetics-purifying-tonic-200-ml#breadcrumb"},"inLanguage":"sk-SK","potentialAction":[{"@type":"ReadAction","target":["https:\/\/salonkrasyvs.sk\/?product=janssen-cosmetics-purifying-tonic-200-ml"]}]},{"@type":"ImageObject","inLanguage":"sk-SK","@id":"https:\/\/salonkrasyvs.sk\/?product=janssen-cosmetics-purifying-tonic-200-ml#primaryimage","url":"https:\/\/salonkrasyvs.sk\/wp-content\/uploads\/2025\/01\/4001.-424x600-1.png","contentUrl":"https:\/\/salonkrasyvs.sk\/wp-content\/uploads\/2025\/01\/4001.-424x600-1.png","width":424,"height":600},{"@type":"BreadcrumbList","@id":"https:\/\/salonkrasyvs.sk\/?product=janssen-cosmetics-purifying-tonic-200-ml#breadcrumb","itemListElement":[{"@type":"ListItem","position":1,"name":"Domovsk\u00e1 str\u00e1nka","item":"https:\/\/salonkrasyvs.sk\/"},{"@type":"ListItem","position":2,"name":"Obchod_zaloha","item":"https:\/\/salonkrasyvs.sk\/?page_id=9697"},{"@type":"ListItem","position":3,"name":"JANSSEN COSMETICS &#8211; Purifying Tonic 200 ml"}]},{"@type":"WebSite","@id":"https:\/\/salonkrasyvs.sk\/#website","url":"https:\/\/salonkrasyvs.sk\/","name":"Sal\u00f3n Kr\u00e1sy VS - kadern\u00edctvo, kozmetika, pedik\u00fara, microblading,","description":"Sal\u00f3n Kr\u00e1sy kde sa o V\u00e1s postar\u00e1me : d\u00e1mske, p\u00e1nske kadern\u00edctvo, kozmetika, pedik\u00fara, manik\u00fara, microblading. Kvalitn\u00e1 vlasov\u00e1 kozmetika na na\u0161om e-shope: Milk shake,  Malibu C, Mon platin, Sans Soucis","potentialAction":[{"@type":"SearchAction","target":{"@type":"EntryPoint","urlTemplate":"https:\/\/salonkrasyvs.sk\/?s={search_term_string}"},"query-input":{"@type":"PropertyValueSpecification","valueRequired":true,"valueName":"search_term_string"}}],"inLanguage":"sk-SK"}]}},"jetpack_sharing_enabled":true,"jetpack_likes_enabled":true,"_links":{"self":[{"href":"https:\/\/salonkrasyvs.sk\/index.php?rest_route=\/wp\/v2\/product\/990479","targetHints":{"allow":["GET"]}}],"collection":[{"href":"https:\/\/salonkrasyvs.sk\/index.php?rest_route=\/wp\/v2\/product"}],"about":[{"href":"https:\/\/salonkrasyvs.sk\/index.php?rest_route=\/wp\/v2\/types\/product"}],"wp:featuredmedia":[{"embeddable":true,"href":"https:\/\/salonkrasyvs.sk\/index.php?rest_route=\/wp\/v2\/media\/990481"}],"wp:attachment":[{"href":"https:\/\/salonkrasyvs.sk\/index.php?rest_route=%2Fwp%2Fv2%2Fmedia&parent=990479"}],"wp:term":[{"taxonomy":"product_brand","embeddable":true,"href":"https:\/\/salonkrasyvs.sk\/index.php?rest_route=%2Fwp%2Fv2%2Fproduct_brand&post=990479"},{"taxonomy":"product_cat","embeddable":true,"href":"https:\/\/salonkrasyvs.sk\/index.php?rest_route=%2Fwp%2Fv2%2Fproduct_cat&post=990479"},{"taxonomy":"product_tag","embeddable":true,"href":"https:\/\/salonkrasyvs.sk\/index.php?rest_route=%2Fwp%2Fv2%2Fproduct_tag&post=990479"}],"curies":[{"name":"wp","href":"https:\/\/api.w.org\/{rel}","templated":true}]}}