{"id":990470,"date":"2025-01-08T20:00:14","date_gmt":"2025-01-08T19:00:14","guid":{"rendered":"https:\/\/salonkrasyvs.sk\/?post_type=product&#038;p=990470"},"modified":"2025-05-18T22:29:51","modified_gmt":"2025-05-18T20:29:51","slug":"janssen-cosmetics-enzyme-peeling-powder-50-g","status":"publish","type":"product","link":"https:\/\/salonkrasyvs.sk\/?product=janssen-cosmetics-enzyme-peeling-powder-50-g","title":{"rendered":"JANSSEN COSMETICS &#8211; Enzyme Peeling Powder 100 g"},"content":{"rendered":"<h3>JANSSEN COSMETICS Enzyme Peeling Powder 100 g<\/h3>\n<ul>\n<li class=\"\" data-start=\"282\" data-end=\"331\">\n<p class=\"\" data-start=\"284\" data-end=\"331\">S vodou mierne pen\u00ed, intenz\u00edvne a jemne \u010dist\u00ed<\/p>\n<\/li>\n<li class=\"\" data-start=\"332\" data-end=\"367\">\n<p class=\"\" data-start=\"334\" data-end=\"367\">Odstra\u0148uje odumret\u00e9 ko\u017en\u00e9 bunky<\/p>\n<\/li>\n<li class=\"\" data-start=\"368\" data-end=\"427\">\n<p class=\"\" data-start=\"370\" data-end=\"427\">Zjem\u0148uje text\u00faru poko\u017eky, zanech\u00e1va ju hodv\u00e1bnu a matn\u00fa<\/p>\n<\/li>\n<li class=\"\" data-start=\"428\" data-end=\"482\">\n<p class=\"\" data-start=\"430\" data-end=\"482\">Zlep\u0161uje schopnos\u0165 vstreb\u00e1va\u0165 n\u00e1sledn\u00fa starostlivos\u0165<\/p>\n<\/li>\n<\/ul>\n<p><strong>\u00da\u010dinn\u00e9 l\u00e1tky:<\/strong><br \/>\n\u2022<em><strong>\u00a0enz\u00fdmy lip\u00e1zy a prote\u00e1zy<\/strong><\/em>\u00a0\u2013 pre jemn\u00e9 enzymatick\u00e9 odstr\u00e1nenie korneocytov<br \/>\n<em><strong>\u2022 silika<\/strong>\u00a0<\/em>\u2013 m\u00e1 absorp\u010dn\u00fd \u00fa\u010dinok a zmat\u0148uje poko\u017eku<br \/>\n<em><strong>\u2022 s\u00f3dium cocoyl glycinate<\/strong>\u00a0<\/em>\u2013 pr\u00edrodn\u00e1 povrchovo akt\u00edvna l\u00e1tka na b\u00e1ze glyc\u00ednu a kokosov\u00fd mastn\u00fdch kysel\u00edn, pre jemn\u00e9 \u010distenie tv\u00e1re, dod\u00e1va poko\u017eke hodv\u00e1bny a jemn\u00fd pocit<\/p>\n<p><strong>Pou\u017eitie:<\/strong> Nape\u0148te ly\u017eicu pr\u00e1\u0161ku s trochou vody a rozotrite na tv\u00e1r a krk. Jemne mas\u00edrujte kr\u00fa\u017eiv\u00fdmi pohybmi cca 5 min\u00fat. Potom nechajte p\u00f4sobi\u0165 3 min\u00faty a n\u00e1sledne zotrite tepl\u00fdm, vlhk\u00fdm kompresom.<\/p>\n","protected":false},"excerpt":{"rendered":"<p><em>Jemn\u00fd enzymatick\u00fd peeling v pr\u00e1\u0161kovej forme<\/em><\/p>\n","protected":false},"featured_media":990471,"template":"","meta":[],"product_brand":[],"product_cat":[99],"product_tag":[],"class_list":{"0":"post-990470","1":"product","2":"type-product","3":"status-publish","4":"has-post-thumbnail","6":"product_cat-plet","8":"first","9":"onbackorder","10":"shipping-taxable","11":"purchasable","12":"product-type-simple"},"yoast_head":"<!-- This site is optimized with the Yoast SEO plugin v27.4 - https:\/\/yoast.com\/product\/yoast-seo-wordpress\/ -->\n<title>JANSSEN COSMETICS - Enzyme Peeling Powder 100 g - Sal\u00f3n Kr\u00e1sy VS - kadern\u00edctvo, kozmetika, pedik\u00fara, microblading,<\/title>\n<meta name=\"robots\" content=\"index, follow, max-snippet:-1, max-image-preview:large, max-video-preview:-1\" \/>\n<link rel=\"canonical\" href=\"https:\/\/salonkrasyvs.sk\/?product=janssen-cosmetics-enzyme-peeling-powder-50-g\" \/>\n<meta property=\"og:locale\" content=\"sk_SK\" \/>\n<meta property=\"og:type\" content=\"article\" \/>\n<meta property=\"og:title\" content=\"JANSSEN COSMETICS - Enzyme Peeling Powder 100 g - Sal\u00f3n Kr\u00e1sy VS - kadern\u00edctvo, kozmetika, pedik\u00fara, microblading,\" \/>\n<meta property=\"og:description\" content=\"Jemn\u00fd enzymatick\u00fd peeling v pr\u00e1\u0161kovej forme\" \/>\n<meta property=\"og:url\" content=\"https:\/\/salonkrasyvs.sk\/?product=janssen-cosmetics-enzyme-peeling-powder-50-g\" \/>\n<meta property=\"og:site_name\" content=\"Sal\u00f3n Kr\u00e1sy VS - kadern\u00edctvo, kozmetika, pedik\u00fara, microblading,\" \/>\n<meta property=\"article:modified_time\" content=\"2025-05-18T20:29:51+00:00\" \/>\n<meta property=\"og:image\" content=\"https:\/\/salonkrasyvs.sk\/wp-content\/uploads\/2025\/01\/4008.-424x600-1.png\" \/>\n\t<meta property=\"og:image:width\" content=\"424\" \/>\n\t<meta property=\"og:image:height\" content=\"600\" \/>\n\t<meta property=\"og:image:type\" content=\"image\/png\" \/>\n<meta name=\"twitter:card\" content=\"summary_large_image\" \/>\n<meta name=\"twitter:label1\" content=\"Predpokladan\u00fd \u010das \u010d\u00edtania\" \/>\n\t<meta name=\"twitter:data1\" content=\"1 min\u00fata\" \/>\n<script type=\"application\/ld+json\" class=\"yoast-schema-graph\">{\"@context\":\"https:\\\/\\\/schema.org\",\"@graph\":[{\"@type\":\"WebPage\",\"@id\":\"https:\\\/\\\/salonkrasyvs.sk\\\/?product=janssen-cosmetics-enzyme-peeling-powder-50-g\",\"url\":\"https:\\\/\\\/salonkrasyvs.sk\\\/?product=janssen-cosmetics-enzyme-peeling-powder-50-g\",\"name\":\"JANSSEN COSMETICS - Enzyme Peeling Powder 100 g - Sal\u00f3n Kr\u00e1sy VS - kadern\u00edctvo, kozmetika, pedik\u00fara, microblading,\",\"isPartOf\":{\"@id\":\"https:\\\/\\\/salonkrasyvs.sk\\\/#website\"},\"primaryImageOfPage\":{\"@id\":\"https:\\\/\\\/salonkrasyvs.sk\\\/?product=janssen-cosmetics-enzyme-peeling-powder-50-g#primaryimage\"},\"image\":{\"@id\":\"https:\\\/\\\/salonkrasyvs.sk\\\/?product=janssen-cosmetics-enzyme-peeling-powder-50-g#primaryimage\"},\"thumbnailUrl\":\"https:\\\/\\\/salonkrasyvs.sk\\\/wp-content\\\/uploads\\\/2025\\\/01\\\/4008.-424x600-1.png\",\"datePublished\":\"2025-01-08T19:00:14+00:00\",\"dateModified\":\"2025-05-18T20:29:51+00:00\",\"breadcrumb\":{\"@id\":\"https:\\\/\\\/salonkrasyvs.sk\\\/?product=janssen-cosmetics-enzyme-peeling-powder-50-g#breadcrumb\"},\"inLanguage\":\"sk-SK\",\"potentialAction\":[{\"@type\":\"ReadAction\",\"target\":[\"https:\\\/\\\/salonkrasyvs.sk\\\/?product=janssen-cosmetics-enzyme-peeling-powder-50-g\"]}]},{\"@type\":\"ImageObject\",\"inLanguage\":\"sk-SK\",\"@id\":\"https:\\\/\\\/salonkrasyvs.sk\\\/?product=janssen-cosmetics-enzyme-peeling-powder-50-g#primaryimage\",\"url\":\"https:\\\/\\\/salonkrasyvs.sk\\\/wp-content\\\/uploads\\\/2025\\\/01\\\/4008.-424x600-1.png\",\"contentUrl\":\"https:\\\/\\\/salonkrasyvs.sk\\\/wp-content\\\/uploads\\\/2025\\\/01\\\/4008.-424x600-1.png\",\"width\":424,\"height\":600},{\"@type\":\"BreadcrumbList\",\"@id\":\"https:\\\/\\\/salonkrasyvs.sk\\\/?product=janssen-cosmetics-enzyme-peeling-powder-50-g#breadcrumb\",\"itemListElement\":[{\"@type\":\"ListItem\",\"position\":1,\"name\":\"Domovsk\u00e1 str\u00e1nka\",\"item\":\"https:\\\/\\\/salonkrasyvs.sk\\\/\"},{\"@type\":\"ListItem\",\"position\":2,\"name\":\"Obchod_zaloha\",\"item\":\"https:\\\/\\\/salonkrasyvs.sk\\\/?page_id=9697\"},{\"@type\":\"ListItem\",\"position\":3,\"name\":\"JANSSEN COSMETICS &#8211; Enzyme Peeling Powder 100 g\"}]},{\"@type\":\"WebSite\",\"@id\":\"https:\\\/\\\/salonkrasyvs.sk\\\/#website\",\"url\":\"https:\\\/\\\/salonkrasyvs.sk\\\/\",\"name\":\"Sal\u00f3n Kr\u00e1sy VS - kadern\u00edctvo, kozmetika, pedik\u00fara, microblading,\",\"description\":\"Sal\u00f3n Kr\u00e1sy kde sa o V\u00e1s postar\u00e1me : d\u00e1mske, p\u00e1nske kadern\u00edctvo, kozmetika, pedik\u00fara, manik\u00fara, microblading. Kvalitn\u00e1 vlasov\u00e1 kozmetika na na\u0161om e-shope: Milk shake,  Malibu C, Mon platin, Sans Soucis\",\"potentialAction\":[{\"@type\":\"SearchAction\",\"target\":{\"@type\":\"EntryPoint\",\"urlTemplate\":\"https:\\\/\\\/salonkrasyvs.sk\\\/?s={search_term_string}\"},\"query-input\":{\"@type\":\"PropertyValueSpecification\",\"valueRequired\":true,\"valueName\":\"search_term_string\"}}],\"inLanguage\":\"sk-SK\"}]}<\/script>\n<!-- \/ Yoast SEO plugin. -->","yoast_head_json":{"title":"JANSSEN COSMETICS - Enzyme Peeling Powder 100 g - Sal\u00f3n Kr\u00e1sy VS - kadern\u00edctvo, kozmetika, pedik\u00fara, microblading,","robots":{"index":"index","follow":"follow","max-snippet":"max-snippet:-1","max-image-preview":"max-image-preview:large","max-video-preview":"max-video-preview:-1"},"canonical":"https:\/\/salonkrasyvs.sk\/?product=janssen-cosmetics-enzyme-peeling-powder-50-g","og_locale":"sk_SK","og_type":"article","og_title":"JANSSEN COSMETICS - Enzyme Peeling Powder 100 g - Sal\u00f3n Kr\u00e1sy VS - kadern\u00edctvo, kozmetika, pedik\u00fara, microblading,","og_description":"Jemn\u00fd enzymatick\u00fd peeling v pr\u00e1\u0161kovej forme","og_url":"https:\/\/salonkrasyvs.sk\/?product=janssen-cosmetics-enzyme-peeling-powder-50-g","og_site_name":"Sal\u00f3n Kr\u00e1sy VS - kadern\u00edctvo, kozmetika, pedik\u00fara, microblading,","article_modified_time":"2025-05-18T20:29:51+00:00","og_image":[{"width":424,"height":600,"url":"https:\/\/salonkrasyvs.sk\/wp-content\/uploads\/2025\/01\/4008.-424x600-1.png","type":"image\/png"}],"twitter_card":"summary_large_image","twitter_misc":{"Predpokladan\u00fd \u010das \u010d\u00edtania":"1 min\u00fata"},"schema":{"@context":"https:\/\/schema.org","@graph":[{"@type":"WebPage","@id":"https:\/\/salonkrasyvs.sk\/?product=janssen-cosmetics-enzyme-peeling-powder-50-g","url":"https:\/\/salonkrasyvs.sk\/?product=janssen-cosmetics-enzyme-peeling-powder-50-g","name":"JANSSEN COSMETICS - Enzyme Peeling Powder 100 g - Sal\u00f3n Kr\u00e1sy VS - kadern\u00edctvo, kozmetika, pedik\u00fara, microblading,","isPartOf":{"@id":"https:\/\/salonkrasyvs.sk\/#website"},"primaryImageOfPage":{"@id":"https:\/\/salonkrasyvs.sk\/?product=janssen-cosmetics-enzyme-peeling-powder-50-g#primaryimage"},"image":{"@id":"https:\/\/salonkrasyvs.sk\/?product=janssen-cosmetics-enzyme-peeling-powder-50-g#primaryimage"},"thumbnailUrl":"https:\/\/salonkrasyvs.sk\/wp-content\/uploads\/2025\/01\/4008.-424x600-1.png","datePublished":"2025-01-08T19:00:14+00:00","dateModified":"2025-05-18T20:29:51+00:00","breadcrumb":{"@id":"https:\/\/salonkrasyvs.sk\/?product=janssen-cosmetics-enzyme-peeling-powder-50-g#breadcrumb"},"inLanguage":"sk-SK","potentialAction":[{"@type":"ReadAction","target":["https:\/\/salonkrasyvs.sk\/?product=janssen-cosmetics-enzyme-peeling-powder-50-g"]}]},{"@type":"ImageObject","inLanguage":"sk-SK","@id":"https:\/\/salonkrasyvs.sk\/?product=janssen-cosmetics-enzyme-peeling-powder-50-g#primaryimage","url":"https:\/\/salonkrasyvs.sk\/wp-content\/uploads\/2025\/01\/4008.-424x600-1.png","contentUrl":"https:\/\/salonkrasyvs.sk\/wp-content\/uploads\/2025\/01\/4008.-424x600-1.png","width":424,"height":600},{"@type":"BreadcrumbList","@id":"https:\/\/salonkrasyvs.sk\/?product=janssen-cosmetics-enzyme-peeling-powder-50-g#breadcrumb","itemListElement":[{"@type":"ListItem","position":1,"name":"Domovsk\u00e1 str\u00e1nka","item":"https:\/\/salonkrasyvs.sk\/"},{"@type":"ListItem","position":2,"name":"Obchod_zaloha","item":"https:\/\/salonkrasyvs.sk\/?page_id=9697"},{"@type":"ListItem","position":3,"name":"JANSSEN COSMETICS &#8211; Enzyme Peeling Powder 100 g"}]},{"@type":"WebSite","@id":"https:\/\/salonkrasyvs.sk\/#website","url":"https:\/\/salonkrasyvs.sk\/","name":"Sal\u00f3n Kr\u00e1sy VS - kadern\u00edctvo, kozmetika, pedik\u00fara, microblading,","description":"Sal\u00f3n Kr\u00e1sy kde sa o V\u00e1s postar\u00e1me : d\u00e1mske, p\u00e1nske kadern\u00edctvo, kozmetika, pedik\u00fara, manik\u00fara, microblading. Kvalitn\u00e1 vlasov\u00e1 kozmetika na na\u0161om e-shope: Milk shake,  Malibu C, Mon platin, Sans Soucis","potentialAction":[{"@type":"SearchAction","target":{"@type":"EntryPoint","urlTemplate":"https:\/\/salonkrasyvs.sk\/?s={search_term_string}"},"query-input":{"@type":"PropertyValueSpecification","valueRequired":true,"valueName":"search_term_string"}}],"inLanguage":"sk-SK"}]}},"jetpack_sharing_enabled":true,"jetpack_likes_enabled":true,"_links":{"self":[{"href":"https:\/\/salonkrasyvs.sk\/index.php?rest_route=\/wp\/v2\/product\/990470","targetHints":{"allow":["GET"]}}],"collection":[{"href":"https:\/\/salonkrasyvs.sk\/index.php?rest_route=\/wp\/v2\/product"}],"about":[{"href":"https:\/\/salonkrasyvs.sk\/index.php?rest_route=\/wp\/v2\/types\/product"}],"wp:featuredmedia":[{"embeddable":true,"href":"https:\/\/salonkrasyvs.sk\/index.php?rest_route=\/wp\/v2\/media\/990471"}],"wp:attachment":[{"href":"https:\/\/salonkrasyvs.sk\/index.php?rest_route=%2Fwp%2Fv2%2Fmedia&parent=990470"}],"wp:term":[{"taxonomy":"product_brand","embeddable":true,"href":"https:\/\/salonkrasyvs.sk\/index.php?rest_route=%2Fwp%2Fv2%2Fproduct_brand&post=990470"},{"taxonomy":"product_cat","embeddable":true,"href":"https:\/\/salonkrasyvs.sk\/index.php?rest_route=%2Fwp%2Fv2%2Fproduct_cat&post=990470"},{"taxonomy":"product_tag","embeddable":true,"href":"https:\/\/salonkrasyvs.sk\/index.php?rest_route=%2Fwp%2Fv2%2Fproduct_tag&post=990470"}],"curies":[{"name":"wp","href":"https:\/\/api.w.org\/{rel}","templated":true}]}}