{"id":989985,"date":"2021-11-28T11:42:56","date_gmt":"2021-11-28T10:42:56","guid":{"rendered":"https:\/\/salonkrasyvs.sk\/?post_type=product&#038;p=989985"},"modified":"2025-05-19T06:56:17","modified_gmt":"2025-05-19T04:56:17","slug":"malibu-c-leave-in-266-ml","status":"publish","type":"product","link":"https:\/\/salonkrasyvs.sk\/?product=malibu-c-leave-in-266-ml","title":{"rendered":"Malibu C &#8211; Leave In 266 ml"},"content":{"rendered":"<h3>Malibu C &#8211; bezoplachov\u00fd Leave In kondicion\u00e9r<\/h3>\n<p>Malibu C\u00ae Leave-In Conditioner Mist obsahuje bezlepkov\u00e9 rastlinn\u00e9 prote\u00edny, ktor\u00e9 prenikaj\u00fa hlboko do vlasov\u00e9ho vl\u00e1kna, aby ho okam\u017eite hydratovali a roz\u010des\u00e1vali, odha\u013euj\u00fac prirodzen\u00fa jemnos\u0165 a lesk. Obnovte ovl\u00e1date\u013enos\u0165 s touto beztia\u017eovou tepelnou ochranou s vyv\u00e1\u017een\u00fdm pH, ktor\u00e1 tie\u017e chr\u00e1ni pred po\u0161koden\u00edm UV \u017eiaren\u00edm. Odpor\u00fa\u010da sa ako hmla na strihanie vlasov a na ka\u017edodenn\u00e9 pou\u017eitie na posilnenie vlasov pre optim\u00e1lnu odolnos\u0165. Zlo\u017eenie spreja je \u013eahk\u00e9 a 100% veg\u00e1nske, neobsahuje parab\u00e9ny, sulf\u00e1ty, lepok a chlorid sodn\u00fd.<\/p>\n<p><strong>Akt\u00edvne l\u00e1tky:<\/strong><\/p>\n<ul>\n<li class=\"\" data-start=\"176\" data-end=\"276\">\n<p class=\"\" data-start=\"178\" data-end=\"276\"><strong data-start=\"178\" data-end=\"212\">Rastlinn\u00e9 bielkoviny bez lepku<\/strong> \u2013 prenikaj\u00fa hlboko do vlasov\u00e9ho vl\u00e1kna a posil\u0148uj\u00fa ho zvn\u00fatra<\/p>\n<\/li>\n<li class=\"\" data-start=\"277\" data-end=\"366\">\n<p class=\"\" data-start=\"279\" data-end=\"366\"><strong data-start=\"279\" data-end=\"304\">Antioxida\u010dn\u00e9 vitam\u00edny<\/strong> \u2013 pom\u00e1haj\u00fa chr\u00e1ni\u0165 vlasy pred vonkaj\u0161\u00edmi vplyvmi a po\u0161koden\u00edm<\/p>\n<\/li>\n<\/ul>\n<p><strong>Vlastnosti:<\/strong><\/p>\n<ul>\n<li class=\"\" data-start=\"208\" data-end=\"246\">\n<p class=\"\" data-start=\"210\" data-end=\"246\">Odha\u013euje prirodzen\u00fd lesk a hebkos\u0165<\/p>\n<\/li>\n<li class=\"\" data-start=\"247\" data-end=\"282\">\n<p class=\"\" data-start=\"249\" data-end=\"282\">Skrot\u00ed strapat\u00e9, zamotan\u00e9 vlasy<\/p>\n<\/li>\n<li class=\"\" data-start=\"283\" data-end=\"330\">\n<p class=\"\" data-start=\"285\" data-end=\"330\">Dod\u00e1va vlhkos\u0165 a zabra\u0148uje vysu\u0161eniu vlasov<\/p>\n<\/li>\n<li class=\"\" data-start=\"331\" data-end=\"371\">\n<p class=\"\" data-start=\"333\" data-end=\"371\">Pom\u00e1ha predch\u00e1dza\u0165 vyblednutiu farby<\/p>\n<\/li>\n<li class=\"\" data-start=\"372\" data-end=\"413\">\n<p class=\"\" data-start=\"374\" data-end=\"413\">Vy\u017eivuje a chr\u00e1ni ka\u017ed\u00fd prame\u0148 vlasov<\/p>\n<\/li>\n<li class=\"\" data-start=\"414\" data-end=\"448\">\n<p class=\"\" data-start=\"416\" data-end=\"448\">Chr\u00e1ni pred oxida\u010dn\u00fdm po\u0161koden\u00edm<\/p>\n<\/li>\n<\/ul>\n<p><strong>Pou\u017eitie: <\/strong>Aplikujte do vlhk\u00fdch uter\u00e1kom vysu\u0161en\u00fdch vlasov. Vlasy upravte ako zvy\u010dajne.<\/p>\n","protected":false},"excerpt":{"rendered":"<p><em>Vy\u017eivuj\u00faci bezoplachov\u00fd kondicion\u00e9r<\/em><\/p>\n","protected":false},"featured_media":990011,"template":"","meta":[],"product_brand":[],"product_cat":[98,94],"product_tag":[],"class_list":{"0":"post-989985","1":"product","2":"type-product","3":"status-publish","4":"has-post-thumbnail","6":"product_cat-styling-a-starostlivost","7":"product_cat-vlasova-kozmetika","9":"first","10":"instock","11":"shipping-taxable","12":"purchasable","13":"product-type-simple"},"yoast_head":"<!-- This site is optimized with the Yoast SEO plugin v27.5 - https:\/\/yoast.com\/product\/yoast-seo-wordpress\/ -->\n<title>Malibu C - Leave In 266 ml - Sal\u00f3n Kr\u00e1sy VS - kadern\u00edctvo, kozmetika, pedik\u00fara, microblading,<\/title>\n<meta name=\"robots\" content=\"index, follow, max-snippet:-1, max-image-preview:large, max-video-preview:-1\" \/>\n<link rel=\"canonical\" href=\"https:\/\/salonkrasyvs.sk\/?product=malibu-c-leave-in-266-ml\" \/>\n<meta property=\"og:locale\" content=\"sk_SK\" \/>\n<meta property=\"og:type\" content=\"article\" \/>\n<meta property=\"og:title\" content=\"Malibu C - Leave In 266 ml - Sal\u00f3n Kr\u00e1sy VS - kadern\u00edctvo, kozmetika, pedik\u00fara, microblading,\" \/>\n<meta property=\"og:description\" content=\"Vy\u017eivuj\u00faci bezoplachov\u00fd kondicion\u00e9r\" \/>\n<meta property=\"og:url\" content=\"https:\/\/salonkrasyvs.sk\/?product=malibu-c-leave-in-266-ml\" \/>\n<meta property=\"og:site_name\" content=\"Sal\u00f3n Kr\u00e1sy VS - kadern\u00edctvo, kozmetika, pedik\u00fara, microblading,\" \/>\n<meta property=\"article:modified_time\" content=\"2025-05-19T04:56:17+00:00\" \/>\n<meta property=\"og:image\" content=\"https:\/\/salonkrasyvs.sk\/wp-content\/uploads\/2021\/11\/product_thumb-1.jpg\" \/>\n\t<meta property=\"og:image:width\" content=\"720\" \/>\n\t<meta property=\"og:image:height\" content=\"600\" \/>\n\t<meta property=\"og:image:type\" content=\"image\/jpeg\" \/>\n<meta name=\"twitter:card\" content=\"summary_large_image\" \/>\n<meta name=\"twitter:label1\" content=\"Predpokladan\u00fd \u010das \u010d\u00edtania\" \/>\n\t<meta name=\"twitter:data1\" content=\"2 min\u00faty\" \/>\n<script type=\"application\/ld+json\" class=\"yoast-schema-graph\">{\"@context\":\"https:\\\/\\\/schema.org\",\"@graph\":[{\"@type\":\"WebPage\",\"@id\":\"https:\\\/\\\/salonkrasyvs.sk\\\/?product=malibu-c-leave-in-266-ml\",\"url\":\"https:\\\/\\\/salonkrasyvs.sk\\\/?product=malibu-c-leave-in-266-ml\",\"name\":\"Malibu C - Leave In 266 ml - Sal\u00f3n Kr\u00e1sy VS - kadern\u00edctvo, kozmetika, pedik\u00fara, microblading,\",\"isPartOf\":{\"@id\":\"https:\\\/\\\/salonkrasyvs.sk\\\/#website\"},\"primaryImageOfPage\":{\"@id\":\"https:\\\/\\\/salonkrasyvs.sk\\\/?product=malibu-c-leave-in-266-ml#primaryimage\"},\"image\":{\"@id\":\"https:\\\/\\\/salonkrasyvs.sk\\\/?product=malibu-c-leave-in-266-ml#primaryimage\"},\"thumbnailUrl\":\"https:\\\/\\\/salonkrasyvs.sk\\\/wp-content\\\/uploads\\\/2021\\\/11\\\/product_thumb-1.jpg\",\"datePublished\":\"2021-11-28T10:42:56+00:00\",\"dateModified\":\"2025-05-19T04:56:17+00:00\",\"breadcrumb\":{\"@id\":\"https:\\\/\\\/salonkrasyvs.sk\\\/?product=malibu-c-leave-in-266-ml#breadcrumb\"},\"inLanguage\":\"sk-SK\",\"potentialAction\":[{\"@type\":\"ReadAction\",\"target\":[\"https:\\\/\\\/salonkrasyvs.sk\\\/?product=malibu-c-leave-in-266-ml\"]}]},{\"@type\":\"ImageObject\",\"inLanguage\":\"sk-SK\",\"@id\":\"https:\\\/\\\/salonkrasyvs.sk\\\/?product=malibu-c-leave-in-266-ml#primaryimage\",\"url\":\"https:\\\/\\\/salonkrasyvs.sk\\\/wp-content\\\/uploads\\\/2021\\\/11\\\/product_thumb-1.jpg\",\"contentUrl\":\"https:\\\/\\\/salonkrasyvs.sk\\\/wp-content\\\/uploads\\\/2021\\\/11\\\/product_thumb-1.jpg\",\"width\":720,\"height\":600},{\"@type\":\"BreadcrumbList\",\"@id\":\"https:\\\/\\\/salonkrasyvs.sk\\\/?product=malibu-c-leave-in-266-ml#breadcrumb\",\"itemListElement\":[{\"@type\":\"ListItem\",\"position\":1,\"name\":\"Domovsk\u00e1 str\u00e1nka\",\"item\":\"https:\\\/\\\/salonkrasyvs.sk\\\/\"},{\"@type\":\"ListItem\",\"position\":2,\"name\":\"Obchod_zaloha\",\"item\":\"https:\\\/\\\/salonkrasyvs.sk\\\/?page_id=9697\"},{\"@type\":\"ListItem\",\"position\":3,\"name\":\"Malibu C &#8211; Leave In 266 ml\"}]},{\"@type\":\"WebSite\",\"@id\":\"https:\\\/\\\/salonkrasyvs.sk\\\/#website\",\"url\":\"https:\\\/\\\/salonkrasyvs.sk\\\/\",\"name\":\"Sal\u00f3n Kr\u00e1sy VS - kadern\u00edctvo, kozmetika, pedik\u00fara, microblading,\",\"description\":\"Sal\u00f3n Kr\u00e1sy kde sa o V\u00e1s postar\u00e1me : d\u00e1mske, p\u00e1nske kadern\u00edctvo, kozmetika, pedik\u00fara, manik\u00fara, microblading. Kvalitn\u00e1 vlasov\u00e1 kozmetika na na\u0161om e-shope: Milk shake,  Malibu C, Mon platin, Sans Soucis\",\"potentialAction\":[{\"@type\":\"SearchAction\",\"target\":{\"@type\":\"EntryPoint\",\"urlTemplate\":\"https:\\\/\\\/salonkrasyvs.sk\\\/?s={search_term_string}\"},\"query-input\":{\"@type\":\"PropertyValueSpecification\",\"valueRequired\":true,\"valueName\":\"search_term_string\"}}],\"inLanguage\":\"sk-SK\"}]}<\/script>\n<!-- \/ Yoast SEO plugin. -->","yoast_head_json":{"title":"Malibu C - Leave In 266 ml - Sal\u00f3n Kr\u00e1sy VS - kadern\u00edctvo, kozmetika, pedik\u00fara, microblading,","robots":{"index":"index","follow":"follow","max-snippet":"max-snippet:-1","max-image-preview":"max-image-preview:large","max-video-preview":"max-video-preview:-1"},"canonical":"https:\/\/salonkrasyvs.sk\/?product=malibu-c-leave-in-266-ml","og_locale":"sk_SK","og_type":"article","og_title":"Malibu C - Leave In 266 ml - Sal\u00f3n Kr\u00e1sy VS - kadern\u00edctvo, kozmetika, pedik\u00fara, microblading,","og_description":"Vy\u017eivuj\u00faci bezoplachov\u00fd kondicion\u00e9r","og_url":"https:\/\/salonkrasyvs.sk\/?product=malibu-c-leave-in-266-ml","og_site_name":"Sal\u00f3n Kr\u00e1sy VS - kadern\u00edctvo, kozmetika, pedik\u00fara, microblading,","article_modified_time":"2025-05-19T04:56:17+00:00","og_image":[{"width":720,"height":600,"url":"https:\/\/salonkrasyvs.sk\/wp-content\/uploads\/2021\/11\/product_thumb-1.jpg","type":"image\/jpeg"}],"twitter_card":"summary_large_image","twitter_misc":{"Predpokladan\u00fd \u010das \u010d\u00edtania":"2 min\u00faty"},"schema":{"@context":"https:\/\/schema.org","@graph":[{"@type":"WebPage","@id":"https:\/\/salonkrasyvs.sk\/?product=malibu-c-leave-in-266-ml","url":"https:\/\/salonkrasyvs.sk\/?product=malibu-c-leave-in-266-ml","name":"Malibu C - Leave In 266 ml - Sal\u00f3n Kr\u00e1sy VS - kadern\u00edctvo, kozmetika, pedik\u00fara, microblading,","isPartOf":{"@id":"https:\/\/salonkrasyvs.sk\/#website"},"primaryImageOfPage":{"@id":"https:\/\/salonkrasyvs.sk\/?product=malibu-c-leave-in-266-ml#primaryimage"},"image":{"@id":"https:\/\/salonkrasyvs.sk\/?product=malibu-c-leave-in-266-ml#primaryimage"},"thumbnailUrl":"https:\/\/salonkrasyvs.sk\/wp-content\/uploads\/2021\/11\/product_thumb-1.jpg","datePublished":"2021-11-28T10:42:56+00:00","dateModified":"2025-05-19T04:56:17+00:00","breadcrumb":{"@id":"https:\/\/salonkrasyvs.sk\/?product=malibu-c-leave-in-266-ml#breadcrumb"},"inLanguage":"sk-SK","potentialAction":[{"@type":"ReadAction","target":["https:\/\/salonkrasyvs.sk\/?product=malibu-c-leave-in-266-ml"]}]},{"@type":"ImageObject","inLanguage":"sk-SK","@id":"https:\/\/salonkrasyvs.sk\/?product=malibu-c-leave-in-266-ml#primaryimage","url":"https:\/\/salonkrasyvs.sk\/wp-content\/uploads\/2021\/11\/product_thumb-1.jpg","contentUrl":"https:\/\/salonkrasyvs.sk\/wp-content\/uploads\/2021\/11\/product_thumb-1.jpg","width":720,"height":600},{"@type":"BreadcrumbList","@id":"https:\/\/salonkrasyvs.sk\/?product=malibu-c-leave-in-266-ml#breadcrumb","itemListElement":[{"@type":"ListItem","position":1,"name":"Domovsk\u00e1 str\u00e1nka","item":"https:\/\/salonkrasyvs.sk\/"},{"@type":"ListItem","position":2,"name":"Obchod_zaloha","item":"https:\/\/salonkrasyvs.sk\/?page_id=9697"},{"@type":"ListItem","position":3,"name":"Malibu C &#8211; Leave In 266 ml"}]},{"@type":"WebSite","@id":"https:\/\/salonkrasyvs.sk\/#website","url":"https:\/\/salonkrasyvs.sk\/","name":"Sal\u00f3n Kr\u00e1sy VS - kadern\u00edctvo, kozmetika, pedik\u00fara, microblading,","description":"Sal\u00f3n Kr\u00e1sy kde sa o V\u00e1s postar\u00e1me : d\u00e1mske, p\u00e1nske kadern\u00edctvo, kozmetika, pedik\u00fara, manik\u00fara, microblading. Kvalitn\u00e1 vlasov\u00e1 kozmetika na na\u0161om e-shope: Milk shake,  Malibu C, Mon platin, Sans Soucis","potentialAction":[{"@type":"SearchAction","target":{"@type":"EntryPoint","urlTemplate":"https:\/\/salonkrasyvs.sk\/?s={search_term_string}"},"query-input":{"@type":"PropertyValueSpecification","valueRequired":true,"valueName":"search_term_string"}}],"inLanguage":"sk-SK"}]}},"jetpack_sharing_enabled":true,"jetpack_likes_enabled":true,"_links":{"self":[{"href":"https:\/\/salonkrasyvs.sk\/index.php?rest_route=\/wp\/v2\/product\/989985","targetHints":{"allow":["GET"]}}],"collection":[{"href":"https:\/\/salonkrasyvs.sk\/index.php?rest_route=\/wp\/v2\/product"}],"about":[{"href":"https:\/\/salonkrasyvs.sk\/index.php?rest_route=\/wp\/v2\/types\/product"}],"wp:featuredmedia":[{"embeddable":true,"href":"https:\/\/salonkrasyvs.sk\/index.php?rest_route=\/wp\/v2\/media\/990011"}],"wp:attachment":[{"href":"https:\/\/salonkrasyvs.sk\/index.php?rest_route=%2Fwp%2Fv2%2Fmedia&parent=989985"}],"wp:term":[{"taxonomy":"product_brand","embeddable":true,"href":"https:\/\/salonkrasyvs.sk\/index.php?rest_route=%2Fwp%2Fv2%2Fproduct_brand&post=989985"},{"taxonomy":"product_cat","embeddable":true,"href":"https:\/\/salonkrasyvs.sk\/index.php?rest_route=%2Fwp%2Fv2%2Fproduct_cat&post=989985"},{"taxonomy":"product_tag","embeddable":true,"href":"https:\/\/salonkrasyvs.sk\/index.php?rest_route=%2Fwp%2Fv2%2Fproduct_tag&post=989985"}],"curies":[{"name":"wp","href":"https:\/\/api.w.org\/{rel}","templated":true}]}}