{"id":989934,"date":"2021-10-22T15:45:42","date_gmt":"2021-10-22T13:45:42","guid":{"rendered":"https:\/\/salonkrasyvs.sk\/?post_type=product&#038;p=989934"},"modified":"2025-01-02T17:34:03","modified_gmt":"2025-01-02T16:34:03","slug":"mon-platin-12-v-1-krem-125-ml","status":"publish","type":"product","link":"https:\/\/salonkrasyvs.sk\/?product=mon-platin-12-v-1-krem-125-ml","title":{"rendered":"Mon Platin &#8211; 12 v 1 kr\u00e9m 125 ml"},"content":{"rendered":"<h3><strong>Mon Platin Multi-funk\u010dn\u00fd kr\u00e9m na vlasy 12 v 1<\/strong><\/h3>\n<p>Multi-funk\u010dn\u00fd kr\u00e9m na vlasy, unik\u00e1tna a inovat\u00edvna formula s \u010diernym kavi\u00e1rom dod\u00e1va vlasom v\u0161etky d\u00f4le\u017eit\u00e9 o\u0161etrenia, ktor\u00e9 v jedinom kroku zah\u0155\u0148aj\u00fa naraz 4 f\u00e1zy: o\u0161etrenie, ochranu, pocit a vzh\u013ead.<\/p>\n<p><strong>Vzh\u013ead<\/strong>: Zanech\u00e1va vlasy leskl\u00e9 a dod\u00e1va \u00fapln\u00fa kontrolu nad vlasmi, dlhotrvaj\u00faci styling. Dod\u00e1va dlhotrv\u00e1cny objem.<\/p>\n<p><strong>O\u0161etrenie<\/strong>: Uzdravuje a obnovuje such\u00e9 a po\u0161koden\u00e9 vlasy. Uvo\u013e\u0148uje uzl\u00edky vo vlasoch a zace\u013euje roz\u0161tiepen\u00e9 kon\u010deky.<\/p>\n<p><strong>Ochrana<\/strong>: Chr\u00e1ni farbu vlasov a obsahuje filtre UVA a UVB. Chr\u00e1ni pred vysok\u00fdm teplom. Poskytuje ochranu pred a po vyrovn\u00e1van\u00ed vlasov r\u00f4znymi met\u00f3dami (japonskou \/ braz\u00edlskou\/ americkou \/ franc\u00fazskou).<\/p>\n<p><strong>Pocit<\/strong>: Dod\u00e1va vlasom jemnos\u0165 a hodv\u00e1bny pocit. Zjednodu\u0161uje roz\u010des\u00e1vanie, f\u00e9novanie a vyrovn\u00e1vanie. Zanech\u00e1va na vlasoch jemn\u00fa parfumovan\u00fa v\u00f4\u0148u.<\/p>\n<p><strong>Pou\u017eitie:\u00a0 <\/strong><\/p>\n<p><strong>1.<\/strong><strong>Nan\u00e1\u0161anie na such\u00e9 vlasy:<\/strong>\u00a0Nastriekaje si sprej do dlane stla\u010den\u00edm trysky 2 a\u017e 4 kr\u00e1t (z\u00e1visiac od d\u013a\u017eky a hr\u00fabky vlasov). Naneste rovnomerne na vlasy, v pr\u00edpade potreby pre\u010de\u0161te a upravte pod\u013ea potreby. Po aplikovan\u00ed produktu sa m\u00f4\u017ee pou\u017ei\u0165 \u017eehli\u010dka alebo f\u00e9n na vlasy. Neoplachova\u0165 !!!<\/p>\n<p><strong>2.Nan\u00e1\u0161anie na mokr\u00e9 vlasy:<\/strong>\u00a0Sprejujte priamo na vlasy vo vzdialenosti 20cm stla\u010den\u00edm trysky 3 a\u017e 6 kr\u00e1t\u00a0(z\u00e1visiac od d\u013a\u017eky a hr\u00fabky vlasov). Roz\u010de\u0161te, aby cel\u00e9 vlasy boli pokryt\u00e9 a upravte ich pod\u013ea potreby. Neoplachova\u0165!!!<\/p>\n","protected":false},"excerpt":{"rendered":"<p><em>Multi-funk\u010dn\u00fd kr\u00e9m na vlasy<\/em><\/p>\n","protected":false},"featured_media":989936,"template":"","meta":[],"product_brand":[],"product_cat":[98,94],"product_tag":[],"class_list":{"0":"post-989934","1":"product","2":"type-product","3":"status-publish","4":"has-post-thumbnail","6":"product_cat-styling-a-starostlivost","7":"product_cat-vlasova-kozmetika","9":"first","10":"instock","11":"shipping-taxable","12":"purchasable","13":"product-type-simple"},"yoast_head":"<!-- This site is optimized with the Yoast SEO plugin v27.4 - https:\/\/yoast.com\/product\/yoast-seo-wordpress\/ -->\n<title>Mon Platin - 12 v 1 kr\u00e9m 125 ml - Sal\u00f3n Kr\u00e1sy VS - kadern\u00edctvo, kozmetika, pedik\u00fara, microblading,<\/title>\n<meta name=\"robots\" content=\"index, follow, max-snippet:-1, max-image-preview:large, max-video-preview:-1\" \/>\n<link rel=\"canonical\" href=\"https:\/\/salonkrasyvs.sk\/?product=mon-platin-12-v-1-krem-125-ml\" \/>\n<meta property=\"og:locale\" content=\"sk_SK\" \/>\n<meta property=\"og:type\" content=\"article\" \/>\n<meta property=\"og:title\" content=\"Mon Platin - 12 v 1 kr\u00e9m 125 ml - Sal\u00f3n Kr\u00e1sy VS - kadern\u00edctvo, kozmetika, pedik\u00fara, microblading,\" \/>\n<meta property=\"og:description\" content=\"Multi-funk\u010dn\u00fd kr\u00e9m na vlasy\" \/>\n<meta property=\"og:url\" content=\"https:\/\/salonkrasyvs.sk\/?product=mon-platin-12-v-1-krem-125-ml\" \/>\n<meta property=\"og:site_name\" content=\"Sal\u00f3n Kr\u00e1sy VS - kadern\u00edctvo, kozmetika, pedik\u00fara, microblading,\" \/>\n<meta property=\"article:modified_time\" content=\"2025-01-02T16:34:03+00:00\" \/>\n<meta property=\"og:image\" content=\"https:\/\/salonkrasyvs.sk\/wp-content\/uploads\/2021\/10\/unnamed-1.jpg\" \/>\n\t<meta property=\"og:image:width\" content=\"458\" \/>\n\t<meta property=\"og:image:height\" content=\"458\" \/>\n\t<meta property=\"og:image:type\" content=\"image\/jpeg\" \/>\n<meta name=\"twitter:card\" content=\"summary_large_image\" \/>\n<meta name=\"twitter:label1\" content=\"Predpokladan\u00fd \u010das \u010d\u00edtania\" \/>\n\t<meta name=\"twitter:data1\" content=\"1 min\u00fata\" \/>\n<script type=\"application\/ld+json\" class=\"yoast-schema-graph\">{\"@context\":\"https:\\\/\\\/schema.org\",\"@graph\":[{\"@type\":\"WebPage\",\"@id\":\"https:\\\/\\\/salonkrasyvs.sk\\\/?product=mon-platin-12-v-1-krem-125-ml\",\"url\":\"https:\\\/\\\/salonkrasyvs.sk\\\/?product=mon-platin-12-v-1-krem-125-ml\",\"name\":\"Mon Platin - 12 v 1 kr\u00e9m 125 ml - Sal\u00f3n Kr\u00e1sy VS - kadern\u00edctvo, kozmetika, pedik\u00fara, microblading,\",\"isPartOf\":{\"@id\":\"https:\\\/\\\/salonkrasyvs.sk\\\/#website\"},\"primaryImageOfPage\":{\"@id\":\"https:\\\/\\\/salonkrasyvs.sk\\\/?product=mon-platin-12-v-1-krem-125-ml#primaryimage\"},\"image\":{\"@id\":\"https:\\\/\\\/salonkrasyvs.sk\\\/?product=mon-platin-12-v-1-krem-125-ml#primaryimage\"},\"thumbnailUrl\":\"https:\\\/\\\/salonkrasyvs.sk\\\/wp-content\\\/uploads\\\/2021\\\/10\\\/unnamed-1.jpg\",\"datePublished\":\"2021-10-22T13:45:42+00:00\",\"dateModified\":\"2025-01-02T16:34:03+00:00\",\"breadcrumb\":{\"@id\":\"https:\\\/\\\/salonkrasyvs.sk\\\/?product=mon-platin-12-v-1-krem-125-ml#breadcrumb\"},\"inLanguage\":\"sk-SK\",\"potentialAction\":[{\"@type\":\"ReadAction\",\"target\":[\"https:\\\/\\\/salonkrasyvs.sk\\\/?product=mon-platin-12-v-1-krem-125-ml\"]}]},{\"@type\":\"ImageObject\",\"inLanguage\":\"sk-SK\",\"@id\":\"https:\\\/\\\/salonkrasyvs.sk\\\/?product=mon-platin-12-v-1-krem-125-ml#primaryimage\",\"url\":\"https:\\\/\\\/salonkrasyvs.sk\\\/wp-content\\\/uploads\\\/2021\\\/10\\\/unnamed-1.jpg\",\"contentUrl\":\"https:\\\/\\\/salonkrasyvs.sk\\\/wp-content\\\/uploads\\\/2021\\\/10\\\/unnamed-1.jpg\",\"width\":458,\"height\":458},{\"@type\":\"BreadcrumbList\",\"@id\":\"https:\\\/\\\/salonkrasyvs.sk\\\/?product=mon-platin-12-v-1-krem-125-ml#breadcrumb\",\"itemListElement\":[{\"@type\":\"ListItem\",\"position\":1,\"name\":\"Domovsk\u00e1 str\u00e1nka\",\"item\":\"https:\\\/\\\/salonkrasyvs.sk\\\/\"},{\"@type\":\"ListItem\",\"position\":2,\"name\":\"Obchod_zaloha\",\"item\":\"https:\\\/\\\/salonkrasyvs.sk\\\/?page_id=9697\"},{\"@type\":\"ListItem\",\"position\":3,\"name\":\"Mon Platin &#8211; 12 v 1 kr\u00e9m 125 ml\"}]},{\"@type\":\"WebSite\",\"@id\":\"https:\\\/\\\/salonkrasyvs.sk\\\/#website\",\"url\":\"https:\\\/\\\/salonkrasyvs.sk\\\/\",\"name\":\"Sal\u00f3n Kr\u00e1sy VS - kadern\u00edctvo, kozmetika, pedik\u00fara, microblading,\",\"description\":\"Sal\u00f3n Kr\u00e1sy kde sa o V\u00e1s postar\u00e1me : d\u00e1mske, p\u00e1nske kadern\u00edctvo, kozmetika, pedik\u00fara, manik\u00fara, microblading. Kvalitn\u00e1 vlasov\u00e1 kozmetika na na\u0161om e-shope: Milk shake,  Malibu C, Mon platin, Sans Soucis\",\"potentialAction\":[{\"@type\":\"SearchAction\",\"target\":{\"@type\":\"EntryPoint\",\"urlTemplate\":\"https:\\\/\\\/salonkrasyvs.sk\\\/?s={search_term_string}\"},\"query-input\":{\"@type\":\"PropertyValueSpecification\",\"valueRequired\":true,\"valueName\":\"search_term_string\"}}],\"inLanguage\":\"sk-SK\"}]}<\/script>\n<!-- \/ Yoast SEO plugin. -->","yoast_head_json":{"title":"Mon Platin - 12 v 1 kr\u00e9m 125 ml - Sal\u00f3n Kr\u00e1sy VS - kadern\u00edctvo, kozmetika, pedik\u00fara, microblading,","robots":{"index":"index","follow":"follow","max-snippet":"max-snippet:-1","max-image-preview":"max-image-preview:large","max-video-preview":"max-video-preview:-1"},"canonical":"https:\/\/salonkrasyvs.sk\/?product=mon-platin-12-v-1-krem-125-ml","og_locale":"sk_SK","og_type":"article","og_title":"Mon Platin - 12 v 1 kr\u00e9m 125 ml - Sal\u00f3n Kr\u00e1sy VS - kadern\u00edctvo, kozmetika, pedik\u00fara, microblading,","og_description":"Multi-funk\u010dn\u00fd kr\u00e9m na vlasy","og_url":"https:\/\/salonkrasyvs.sk\/?product=mon-platin-12-v-1-krem-125-ml","og_site_name":"Sal\u00f3n Kr\u00e1sy VS - kadern\u00edctvo, kozmetika, pedik\u00fara, microblading,","article_modified_time":"2025-01-02T16:34:03+00:00","og_image":[{"width":458,"height":458,"url":"https:\/\/salonkrasyvs.sk\/wp-content\/uploads\/2021\/10\/unnamed-1.jpg","type":"image\/jpeg"}],"twitter_card":"summary_large_image","twitter_misc":{"Predpokladan\u00fd \u010das \u010d\u00edtania":"1 min\u00fata"},"schema":{"@context":"https:\/\/schema.org","@graph":[{"@type":"WebPage","@id":"https:\/\/salonkrasyvs.sk\/?product=mon-platin-12-v-1-krem-125-ml","url":"https:\/\/salonkrasyvs.sk\/?product=mon-platin-12-v-1-krem-125-ml","name":"Mon Platin - 12 v 1 kr\u00e9m 125 ml - Sal\u00f3n Kr\u00e1sy VS - kadern\u00edctvo, kozmetika, pedik\u00fara, microblading,","isPartOf":{"@id":"https:\/\/salonkrasyvs.sk\/#website"},"primaryImageOfPage":{"@id":"https:\/\/salonkrasyvs.sk\/?product=mon-platin-12-v-1-krem-125-ml#primaryimage"},"image":{"@id":"https:\/\/salonkrasyvs.sk\/?product=mon-platin-12-v-1-krem-125-ml#primaryimage"},"thumbnailUrl":"https:\/\/salonkrasyvs.sk\/wp-content\/uploads\/2021\/10\/unnamed-1.jpg","datePublished":"2021-10-22T13:45:42+00:00","dateModified":"2025-01-02T16:34:03+00:00","breadcrumb":{"@id":"https:\/\/salonkrasyvs.sk\/?product=mon-platin-12-v-1-krem-125-ml#breadcrumb"},"inLanguage":"sk-SK","potentialAction":[{"@type":"ReadAction","target":["https:\/\/salonkrasyvs.sk\/?product=mon-platin-12-v-1-krem-125-ml"]}]},{"@type":"ImageObject","inLanguage":"sk-SK","@id":"https:\/\/salonkrasyvs.sk\/?product=mon-platin-12-v-1-krem-125-ml#primaryimage","url":"https:\/\/salonkrasyvs.sk\/wp-content\/uploads\/2021\/10\/unnamed-1.jpg","contentUrl":"https:\/\/salonkrasyvs.sk\/wp-content\/uploads\/2021\/10\/unnamed-1.jpg","width":458,"height":458},{"@type":"BreadcrumbList","@id":"https:\/\/salonkrasyvs.sk\/?product=mon-platin-12-v-1-krem-125-ml#breadcrumb","itemListElement":[{"@type":"ListItem","position":1,"name":"Domovsk\u00e1 str\u00e1nka","item":"https:\/\/salonkrasyvs.sk\/"},{"@type":"ListItem","position":2,"name":"Obchod_zaloha","item":"https:\/\/salonkrasyvs.sk\/?page_id=9697"},{"@type":"ListItem","position":3,"name":"Mon Platin &#8211; 12 v 1 kr\u00e9m 125 ml"}]},{"@type":"WebSite","@id":"https:\/\/salonkrasyvs.sk\/#website","url":"https:\/\/salonkrasyvs.sk\/","name":"Sal\u00f3n Kr\u00e1sy VS - kadern\u00edctvo, kozmetika, pedik\u00fara, microblading,","description":"Sal\u00f3n Kr\u00e1sy kde sa o V\u00e1s postar\u00e1me : d\u00e1mske, p\u00e1nske kadern\u00edctvo, kozmetika, pedik\u00fara, manik\u00fara, microblading. Kvalitn\u00e1 vlasov\u00e1 kozmetika na na\u0161om e-shope: Milk shake,  Malibu C, Mon platin, Sans Soucis","potentialAction":[{"@type":"SearchAction","target":{"@type":"EntryPoint","urlTemplate":"https:\/\/salonkrasyvs.sk\/?s={search_term_string}"},"query-input":{"@type":"PropertyValueSpecification","valueRequired":true,"valueName":"search_term_string"}}],"inLanguage":"sk-SK"}]}},"jetpack_sharing_enabled":true,"jetpack_likes_enabled":true,"_links":{"self":[{"href":"https:\/\/salonkrasyvs.sk\/index.php?rest_route=\/wp\/v2\/product\/989934","targetHints":{"allow":["GET"]}}],"collection":[{"href":"https:\/\/salonkrasyvs.sk\/index.php?rest_route=\/wp\/v2\/product"}],"about":[{"href":"https:\/\/salonkrasyvs.sk\/index.php?rest_route=\/wp\/v2\/types\/product"}],"wp:featuredmedia":[{"embeddable":true,"href":"https:\/\/salonkrasyvs.sk\/index.php?rest_route=\/wp\/v2\/media\/989936"}],"wp:attachment":[{"href":"https:\/\/salonkrasyvs.sk\/index.php?rest_route=%2Fwp%2Fv2%2Fmedia&parent=989934"}],"wp:term":[{"taxonomy":"product_brand","embeddable":true,"href":"https:\/\/salonkrasyvs.sk\/index.php?rest_route=%2Fwp%2Fv2%2Fproduct_brand&post=989934"},{"taxonomy":"product_cat","embeddable":true,"href":"https:\/\/salonkrasyvs.sk\/index.php?rest_route=%2Fwp%2Fv2%2Fproduct_cat&post=989934"},{"taxonomy":"product_tag","embeddable":true,"href":"https:\/\/salonkrasyvs.sk\/index.php?rest_route=%2Fwp%2Fv2%2Fproduct_tag&post=989934"}],"curies":[{"name":"wp","href":"https:\/\/api.w.org\/{rel}","templated":true}]}}