{"id":989929,"date":"2021-10-22T15:03:10","date_gmt":"2021-10-22T13:03:10","guid":{"rendered":"https:\/\/salonkrasyvs.sk\/?post_type=product&#038;p=989929"},"modified":"2025-05-19T07:44:22","modified_gmt":"2025-05-19T05:44:22","slug":"mon-platin-total-volume-sampon-500-ml","status":"publish","type":"product","link":"https:\/\/salonkrasyvs.sk\/?product=mon-platin-total-volume-sampon-500-ml","title":{"rendered":"Mon Platin &#8211; Total Volume \u0161amp\u00f3n 500 ml"},"content":{"rendered":"<h3><strong>Mon Platin Total Volume \u0161amp\u00f3n pre kr\u00e1sne vlny a ku\u010derav\u00e9 vlasy\u00a0<\/strong><\/h3>\n<p>\u0160amp\u00f3n pre objem vlnit\u00fdch a ku\u010derav\u00fdch vlasov, obohaten\u00fd o \u010dierny kavi\u00e1r. Je \u0161peci\u00e1lne ur\u010den\u00fd na vytvorenie a zachovanie objemu v\u013an. Je jemn\u00fd a prec\u00edzne vyvinut\u00fd na tvorbu objemu \u00fa\u010desu a kontrolu nad ku\u010derav\u00fdmi vlasmi. Vlasy vyzeraj\u00fa zdravo, bohato a hydratovane. \u0160amp\u00f3n vyrovn\u00e1va pH poko\u017eky hlavy.<\/p>\n<p><strong>Akt\u00edvne l\u00e1tky:<\/strong><\/p>\n<ul>\n<li class=\"\" data-start=\"186\" data-end=\"261\">\n<p class=\"\" data-start=\"188\" data-end=\"261\"><strong data-start=\"188\" data-end=\"218\">Extrakt z \u010dierneho kavi\u00e1ru<\/strong> \u2013 intenz\u00edvne vy\u017eivuje a regeneruje vlasy<\/p>\n<\/li>\n<li class=\"\" data-start=\"262\" data-end=\"350\">\n<p class=\"\" data-start=\"264\" data-end=\"350\"><strong data-start=\"264\" data-end=\"287\">Vitam\u00edn B3 (niac\u00edn)<\/strong> \u2013 podporuje zdravie vlasovej poko\u017eky a stimuluje rast vlasov<\/p>\n<\/li>\n<li class=\"\" data-start=\"351\" data-end=\"442\">\n<p class=\"\" data-start=\"353\" data-end=\"442\"><strong data-start=\"353\" data-end=\"378\">Aminokyseliny glyc\u00ednu<\/strong> \u2013 pom\u00e1haj\u00fa zachova\u0165 intenzitu farby vlasov a dod\u00e1vaj\u00fa im lesk<\/p>\n<\/li>\n<li class=\"\" data-start=\"443\" data-end=\"533\">\n<p class=\"\" data-start=\"445\" data-end=\"533\"><strong data-start=\"445\" data-end=\"480\">Bielkoviny z p\u0161eni\u010dn\u00fdch kl\u00ed\u010dkov<\/strong> \u2013 posil\u0148uj\u00fa vlasov\u00e9 vl\u00e1kna a zlep\u0161uj\u00fa ich pru\u017enos\u0165<\/p>\n<\/li>\n<li class=\"\" data-start=\"534\" data-end=\"617\">\n<p class=\"\" data-start=\"536\" data-end=\"617\"><strong data-start=\"536\" data-end=\"558\">Uhli\u010ditan v\u00e1penat\u00fd<\/strong> \u2013 napom\u00e1ha \u010disteniu vlasov a podporuje ich zdrav\u00fd vzh\u013ead<\/p>\n<\/li>\n<li class=\"\" data-start=\"618\" data-end=\"732\">\n<p class=\"\" data-start=\"620\" data-end=\"732\"><strong data-start=\"620\" data-end=\"641\">Hodv\u00e1bne prote\u00edny<\/strong> \u2013 zanech\u00e1vaj\u00fa vlasy jemn\u00e9, hladk\u00e9 a pr\u00edjemn\u00e9 na dotyk, z\u00e1rove\u0148 im dod\u00e1vaj\u00fa optim\u00e1lny objem<\/p>\n<\/li>\n<\/ul>\n<p><strong>Pou\u017eitie<\/strong>: mal\u00e9 mno\u017estvo \u0161amp\u00f3nu naneste do mokr\u00fdch vlasov, premas\u00edrujte poko\u017eku hlavy aj korienky vlasov a d\u00f4kladne vypl\u00e1chnite. V pr\u00edpade potreby postup zopakujte.<\/p>\n","protected":false},"excerpt":{"rendered":"<p><em>\u0160amp\u00f3n pre objem vlnit\u00fdch a ku\u010derav\u00fdch vlasov<\/em><\/p>\n","protected":false},"featured_media":989931,"template":"","meta":[],"product_brand":[],"product_cat":[95,94],"product_tag":[],"class_list":{"0":"post-989929","1":"product","2":"type-product","3":"status-publish","4":"has-post-thumbnail","6":"product_cat-sampony","7":"product_cat-vlasova-kozmetika","9":"first","10":"instock","11":"shipping-taxable","12":"purchasable","13":"product-type-simple"},"yoast_head":"<!-- This site is optimized with the Yoast SEO plugin v27.4 - https:\/\/yoast.com\/product\/yoast-seo-wordpress\/ -->\n<title>Mon Platin - Total Volume \u0161amp\u00f3n 500 ml - Sal\u00f3n Kr\u00e1sy VS - kadern\u00edctvo, kozmetika, pedik\u00fara, microblading,<\/title>\n<meta name=\"robots\" content=\"index, follow, max-snippet:-1, max-image-preview:large, max-video-preview:-1\" \/>\n<link rel=\"canonical\" href=\"https:\/\/salonkrasyvs.sk\/?product=mon-platin-total-volume-sampon-500-ml\" \/>\n<meta property=\"og:locale\" content=\"sk_SK\" \/>\n<meta property=\"og:type\" content=\"article\" \/>\n<meta property=\"og:title\" content=\"Mon Platin - Total Volume \u0161amp\u00f3n 500 ml - Sal\u00f3n Kr\u00e1sy VS - kadern\u00edctvo, kozmetika, pedik\u00fara, microblading,\" \/>\n<meta property=\"og:description\" content=\"\u0160amp\u00f3n pre objem vlnit\u00fdch a ku\u010derav\u00fdch vlasov\" \/>\n<meta property=\"og:url\" content=\"https:\/\/salonkrasyvs.sk\/?product=mon-platin-total-volume-sampon-500-ml\" \/>\n<meta property=\"og:site_name\" content=\"Sal\u00f3n Kr\u00e1sy VS - kadern\u00edctvo, kozmetika, pedik\u00fara, microblading,\" \/>\n<meta property=\"article:modified_time\" content=\"2025-05-19T05:44:22+00:00\" \/>\n<meta property=\"og:image\" content=\"https:\/\/salonkrasyvs.sk\/wp-content\/uploads\/2021\/10\/mon-platin-total-volume-sampon-pre-krasne-vlny-a-kucerave-vlasy-500ml.jpg\" \/>\n\t<meta property=\"og:image:width\" content=\"320\" \/>\n\t<meta property=\"og:image:height\" content=\"320\" \/>\n\t<meta property=\"og:image:type\" content=\"image\/jpeg\" \/>\n<meta name=\"twitter:card\" content=\"summary_large_image\" \/>\n<meta name=\"twitter:label1\" content=\"Predpokladan\u00fd \u010das \u010d\u00edtania\" \/>\n\t<meta name=\"twitter:data1\" content=\"1 min\u00fata\" \/>\n<script type=\"application\/ld+json\" class=\"yoast-schema-graph\">{\"@context\":\"https:\\\/\\\/schema.org\",\"@graph\":[{\"@type\":\"WebPage\",\"@id\":\"https:\\\/\\\/salonkrasyvs.sk\\\/?product=mon-platin-total-volume-sampon-500-ml\",\"url\":\"https:\\\/\\\/salonkrasyvs.sk\\\/?product=mon-platin-total-volume-sampon-500-ml\",\"name\":\"Mon Platin - Total Volume \u0161amp\u00f3n 500 ml - Sal\u00f3n Kr\u00e1sy VS - kadern\u00edctvo, kozmetika, pedik\u00fara, microblading,\",\"isPartOf\":{\"@id\":\"https:\\\/\\\/salonkrasyvs.sk\\\/#website\"},\"primaryImageOfPage\":{\"@id\":\"https:\\\/\\\/salonkrasyvs.sk\\\/?product=mon-platin-total-volume-sampon-500-ml#primaryimage\"},\"image\":{\"@id\":\"https:\\\/\\\/salonkrasyvs.sk\\\/?product=mon-platin-total-volume-sampon-500-ml#primaryimage\"},\"thumbnailUrl\":\"https:\\\/\\\/salonkrasyvs.sk\\\/wp-content\\\/uploads\\\/2021\\\/10\\\/mon-platin-total-volume-sampon-pre-krasne-vlny-a-kucerave-vlasy-500ml.jpg\",\"datePublished\":\"2021-10-22T13:03:10+00:00\",\"dateModified\":\"2025-05-19T05:44:22+00:00\",\"breadcrumb\":{\"@id\":\"https:\\\/\\\/salonkrasyvs.sk\\\/?product=mon-platin-total-volume-sampon-500-ml#breadcrumb\"},\"inLanguage\":\"sk-SK\",\"potentialAction\":[{\"@type\":\"ReadAction\",\"target\":[\"https:\\\/\\\/salonkrasyvs.sk\\\/?product=mon-platin-total-volume-sampon-500-ml\"]}]},{\"@type\":\"ImageObject\",\"inLanguage\":\"sk-SK\",\"@id\":\"https:\\\/\\\/salonkrasyvs.sk\\\/?product=mon-platin-total-volume-sampon-500-ml#primaryimage\",\"url\":\"https:\\\/\\\/salonkrasyvs.sk\\\/wp-content\\\/uploads\\\/2021\\\/10\\\/mon-platin-total-volume-sampon-pre-krasne-vlny-a-kucerave-vlasy-500ml.jpg\",\"contentUrl\":\"https:\\\/\\\/salonkrasyvs.sk\\\/wp-content\\\/uploads\\\/2021\\\/10\\\/mon-platin-total-volume-sampon-pre-krasne-vlny-a-kucerave-vlasy-500ml.jpg\",\"width\":320,\"height\":320},{\"@type\":\"BreadcrumbList\",\"@id\":\"https:\\\/\\\/salonkrasyvs.sk\\\/?product=mon-platin-total-volume-sampon-500-ml#breadcrumb\",\"itemListElement\":[{\"@type\":\"ListItem\",\"position\":1,\"name\":\"Domovsk\u00e1 str\u00e1nka\",\"item\":\"https:\\\/\\\/salonkrasyvs.sk\\\/\"},{\"@type\":\"ListItem\",\"position\":2,\"name\":\"Obchod_zaloha\",\"item\":\"https:\\\/\\\/salonkrasyvs.sk\\\/?page_id=9697\"},{\"@type\":\"ListItem\",\"position\":3,\"name\":\"Mon Platin &#8211; Total Volume \u0161amp\u00f3n 500 ml\"}]},{\"@type\":\"WebSite\",\"@id\":\"https:\\\/\\\/salonkrasyvs.sk\\\/#website\",\"url\":\"https:\\\/\\\/salonkrasyvs.sk\\\/\",\"name\":\"Sal\u00f3n Kr\u00e1sy VS - kadern\u00edctvo, kozmetika, pedik\u00fara, microblading,\",\"description\":\"Sal\u00f3n Kr\u00e1sy kde sa o V\u00e1s postar\u00e1me : d\u00e1mske, p\u00e1nske kadern\u00edctvo, kozmetika, pedik\u00fara, manik\u00fara, microblading. Kvalitn\u00e1 vlasov\u00e1 kozmetika na na\u0161om e-shope: Milk shake,  Malibu C, Mon platin, Sans Soucis\",\"potentialAction\":[{\"@type\":\"SearchAction\",\"target\":{\"@type\":\"EntryPoint\",\"urlTemplate\":\"https:\\\/\\\/salonkrasyvs.sk\\\/?s={search_term_string}\"},\"query-input\":{\"@type\":\"PropertyValueSpecification\",\"valueRequired\":true,\"valueName\":\"search_term_string\"}}],\"inLanguage\":\"sk-SK\"}]}<\/script>\n<!-- \/ Yoast SEO plugin. -->","yoast_head_json":{"title":"Mon Platin - Total Volume \u0161amp\u00f3n 500 ml - Sal\u00f3n Kr\u00e1sy VS - kadern\u00edctvo, kozmetika, pedik\u00fara, microblading,","robots":{"index":"index","follow":"follow","max-snippet":"max-snippet:-1","max-image-preview":"max-image-preview:large","max-video-preview":"max-video-preview:-1"},"canonical":"https:\/\/salonkrasyvs.sk\/?product=mon-platin-total-volume-sampon-500-ml","og_locale":"sk_SK","og_type":"article","og_title":"Mon Platin - Total Volume \u0161amp\u00f3n 500 ml - Sal\u00f3n Kr\u00e1sy VS - kadern\u00edctvo, kozmetika, pedik\u00fara, microblading,","og_description":"\u0160amp\u00f3n pre objem vlnit\u00fdch a ku\u010derav\u00fdch vlasov","og_url":"https:\/\/salonkrasyvs.sk\/?product=mon-platin-total-volume-sampon-500-ml","og_site_name":"Sal\u00f3n Kr\u00e1sy VS - kadern\u00edctvo, kozmetika, pedik\u00fara, microblading,","article_modified_time":"2025-05-19T05:44:22+00:00","og_image":[{"width":320,"height":320,"url":"https:\/\/salonkrasyvs.sk\/wp-content\/uploads\/2021\/10\/mon-platin-total-volume-sampon-pre-krasne-vlny-a-kucerave-vlasy-500ml.jpg","type":"image\/jpeg"}],"twitter_card":"summary_large_image","twitter_misc":{"Predpokladan\u00fd \u010das \u010d\u00edtania":"1 min\u00fata"},"schema":{"@context":"https:\/\/schema.org","@graph":[{"@type":"WebPage","@id":"https:\/\/salonkrasyvs.sk\/?product=mon-platin-total-volume-sampon-500-ml","url":"https:\/\/salonkrasyvs.sk\/?product=mon-platin-total-volume-sampon-500-ml","name":"Mon Platin - Total Volume \u0161amp\u00f3n 500 ml - Sal\u00f3n Kr\u00e1sy VS - kadern\u00edctvo, kozmetika, pedik\u00fara, microblading,","isPartOf":{"@id":"https:\/\/salonkrasyvs.sk\/#website"},"primaryImageOfPage":{"@id":"https:\/\/salonkrasyvs.sk\/?product=mon-platin-total-volume-sampon-500-ml#primaryimage"},"image":{"@id":"https:\/\/salonkrasyvs.sk\/?product=mon-platin-total-volume-sampon-500-ml#primaryimage"},"thumbnailUrl":"https:\/\/salonkrasyvs.sk\/wp-content\/uploads\/2021\/10\/mon-platin-total-volume-sampon-pre-krasne-vlny-a-kucerave-vlasy-500ml.jpg","datePublished":"2021-10-22T13:03:10+00:00","dateModified":"2025-05-19T05:44:22+00:00","breadcrumb":{"@id":"https:\/\/salonkrasyvs.sk\/?product=mon-platin-total-volume-sampon-500-ml#breadcrumb"},"inLanguage":"sk-SK","potentialAction":[{"@type":"ReadAction","target":["https:\/\/salonkrasyvs.sk\/?product=mon-platin-total-volume-sampon-500-ml"]}]},{"@type":"ImageObject","inLanguage":"sk-SK","@id":"https:\/\/salonkrasyvs.sk\/?product=mon-platin-total-volume-sampon-500-ml#primaryimage","url":"https:\/\/salonkrasyvs.sk\/wp-content\/uploads\/2021\/10\/mon-platin-total-volume-sampon-pre-krasne-vlny-a-kucerave-vlasy-500ml.jpg","contentUrl":"https:\/\/salonkrasyvs.sk\/wp-content\/uploads\/2021\/10\/mon-platin-total-volume-sampon-pre-krasne-vlny-a-kucerave-vlasy-500ml.jpg","width":320,"height":320},{"@type":"BreadcrumbList","@id":"https:\/\/salonkrasyvs.sk\/?product=mon-platin-total-volume-sampon-500-ml#breadcrumb","itemListElement":[{"@type":"ListItem","position":1,"name":"Domovsk\u00e1 str\u00e1nka","item":"https:\/\/salonkrasyvs.sk\/"},{"@type":"ListItem","position":2,"name":"Obchod_zaloha","item":"https:\/\/salonkrasyvs.sk\/?page_id=9697"},{"@type":"ListItem","position":3,"name":"Mon Platin &#8211; Total Volume \u0161amp\u00f3n 500 ml"}]},{"@type":"WebSite","@id":"https:\/\/salonkrasyvs.sk\/#website","url":"https:\/\/salonkrasyvs.sk\/","name":"Sal\u00f3n Kr\u00e1sy VS - kadern\u00edctvo, kozmetika, pedik\u00fara, microblading,","description":"Sal\u00f3n Kr\u00e1sy kde sa o V\u00e1s postar\u00e1me : d\u00e1mske, p\u00e1nske kadern\u00edctvo, kozmetika, pedik\u00fara, manik\u00fara, microblading. Kvalitn\u00e1 vlasov\u00e1 kozmetika na na\u0161om e-shope: Milk shake,  Malibu C, Mon platin, Sans Soucis","potentialAction":[{"@type":"SearchAction","target":{"@type":"EntryPoint","urlTemplate":"https:\/\/salonkrasyvs.sk\/?s={search_term_string}"},"query-input":{"@type":"PropertyValueSpecification","valueRequired":true,"valueName":"search_term_string"}}],"inLanguage":"sk-SK"}]}},"jetpack_sharing_enabled":true,"jetpack_likes_enabled":true,"_links":{"self":[{"href":"https:\/\/salonkrasyvs.sk\/index.php?rest_route=\/wp\/v2\/product\/989929","targetHints":{"allow":["GET"]}}],"collection":[{"href":"https:\/\/salonkrasyvs.sk\/index.php?rest_route=\/wp\/v2\/product"}],"about":[{"href":"https:\/\/salonkrasyvs.sk\/index.php?rest_route=\/wp\/v2\/types\/product"}],"wp:featuredmedia":[{"embeddable":true,"href":"https:\/\/salonkrasyvs.sk\/index.php?rest_route=\/wp\/v2\/media\/989931"}],"wp:attachment":[{"href":"https:\/\/salonkrasyvs.sk\/index.php?rest_route=%2Fwp%2Fv2%2Fmedia&parent=989929"}],"wp:term":[{"taxonomy":"product_brand","embeddable":true,"href":"https:\/\/salonkrasyvs.sk\/index.php?rest_route=%2Fwp%2Fv2%2Fproduct_brand&post=989929"},{"taxonomy":"product_cat","embeddable":true,"href":"https:\/\/salonkrasyvs.sk\/index.php?rest_route=%2Fwp%2Fv2%2Fproduct_cat&post=989929"},{"taxonomy":"product_tag","embeddable":true,"href":"https:\/\/salonkrasyvs.sk\/index.php?rest_route=%2Fwp%2Fv2%2Fproduct_tag&post=989929"}],"curies":[{"name":"wp","href":"https:\/\/api.w.org\/{rel}","templated":true}]}}