{"id":989923,"date":"2021-10-22T14:44:25","date_gmt":"2021-10-22T12:44:25","guid":{"rendered":"https:\/\/salonkrasyvs.sk\/?post_type=product&#038;p=989923"},"modified":"2025-05-19T07:46:15","modified_gmt":"2025-05-19T05:46:15","slug":"mon-platin-volumizer-mlieko-125-ml","status":"publish","type":"product","link":"https:\/\/salonkrasyvs.sk\/?product=mon-platin-volumizer-mlieko-125-ml","title":{"rendered":"Mon Platin &#8211; Volumizer mlieko 125 ml"},"content":{"rendered":"<h3>Mon Platin Volumizer objemov\u00e9 mlieko<\/h3>\n<p>\u00daplne nov\u00fd kr\u00e9m navrhnut\u00fd tak, aby pridal objem do jemn\u00fdch vlasov. Dod\u00e1va lesk a spev\u0148uje vlasov\u00e9 korienky, aby zjednodu\u0161il \u00fapravu vlasov.Chr\u00e1ni vlasov\u00fa \u0161trukt\u00faru pred \u0161kodliv\u00fdmi vplyvmi \u017eivotn\u00e9ho prostredia a po\u010dasia.<\/p>\n<p><strong>Akt\u00edvne l\u00e1tky:<\/strong><\/p>\n<ul>\n<li class=\"\" data-start=\"189\" data-end=\"280\">\n<p class=\"\" data-start=\"191\" data-end=\"280\"><strong data-start=\"191\" data-end=\"213\">Extrakt z broskyne<\/strong> \u2013 vy\u017eivuje a zjem\u0148uje vlasy, dod\u00e1va im hebkos\u0165 a prirodzen\u00fd lesk<\/p>\n<\/li>\n<li class=\"\" data-start=\"281\" data-end=\"392\">\n<p class=\"\" data-start=\"283\" data-end=\"392\"><strong data-start=\"283\" data-end=\"307\">Extrakt zo slne\u010dnice<\/strong> \u2013 bohat\u00fd na antioxidanty, chr\u00e1ni vlasy pred vo\u013en\u00fdmi radik\u00e1lmi a vonkaj\u0161\u00edmi vplyvmi<\/p>\n<\/li>\n<li class=\"\" data-start=\"393\" data-end=\"478\">\n<p class=\"\" data-start=\"395\" data-end=\"478\"><strong data-start=\"395\" data-end=\"412\">Olej z bavlny<\/strong> \u2013 hydratuje, posil\u0148uje a obnovuje pru\u017enos\u0165 vlasov bez za\u0165a\u017eenia<\/p>\n<\/li>\n<li class=\"\" data-start=\"479\" data-end=\"584\">\n<p class=\"\" data-start=\"481\" data-end=\"584\"><strong data-start=\"481\" data-end=\"511\">Extrakt z \u010dierneho kavi\u00e1ru<\/strong> \u2013 h\u013abkovo regeneruje a revitalizuje vlasy, zanech\u00e1va ich siln\u00e9 a \u017eiariv\u00e9<\/p>\n<\/li>\n<\/ul>\n<p><strong>Pou\u017eitie:<\/strong>\u00a0Do umyt\u00fdch a polopresu\u0161en\u00fdch vlasov prstami vmas\u00edrujte primeran\u00e9 mno\u017estvo kr\u00e9mu najlep\u0161ie priamo ku korienkom vlasov a pokra\u010dujte v stylingu.<\/p>\n","protected":false},"excerpt":{"rendered":"<p><em>Mlieko na objem<\/em><\/p>\n","protected":false},"featured_media":989933,"template":"","meta":[],"product_brand":[],"product_cat":[98,94],"product_tag":[],"class_list":{"0":"post-989923","1":"product","2":"type-product","3":"status-publish","4":"has-post-thumbnail","6":"product_cat-styling-a-starostlivost","7":"product_cat-vlasova-kozmetika","9":"first","10":"instock","11":"shipping-taxable","12":"purchasable","13":"product-type-simple"},"yoast_head":"<!-- This site is optimized with the Yoast SEO plugin v27.4 - https:\/\/yoast.com\/product\/yoast-seo-wordpress\/ -->\n<title>Mon Platin - Volumizer mlieko 125 ml - Sal\u00f3n Kr\u00e1sy VS - kadern\u00edctvo, kozmetika, pedik\u00fara, microblading,<\/title>\n<meta name=\"robots\" content=\"index, follow, max-snippet:-1, max-image-preview:large, max-video-preview:-1\" \/>\n<link rel=\"canonical\" href=\"https:\/\/salonkrasyvs.sk\/?product=mon-platin-volumizer-mlieko-125-ml\" \/>\n<meta property=\"og:locale\" content=\"sk_SK\" \/>\n<meta property=\"og:type\" content=\"article\" \/>\n<meta property=\"og:title\" content=\"Mon Platin - Volumizer mlieko 125 ml - Sal\u00f3n Kr\u00e1sy VS - kadern\u00edctvo, kozmetika, pedik\u00fara, microblading,\" \/>\n<meta property=\"og:description\" content=\"Mlieko na objem\" \/>\n<meta property=\"og:url\" content=\"https:\/\/salonkrasyvs.sk\/?product=mon-platin-volumizer-mlieko-125-ml\" \/>\n<meta property=\"og:site_name\" content=\"Sal\u00f3n Kr\u00e1sy VS - kadern\u00edctvo, kozmetika, pedik\u00fara, microblading,\" \/>\n<meta property=\"article:modified_time\" content=\"2025-05-19T05:46:15+00:00\" \/>\n<meta property=\"og:image\" content=\"https:\/\/salonkrasyvs.sk\/wp-content\/uploads\/2021\/10\/67aed51740700d24e2554396521b64a7-mmf1000x1000.jpg\" \/>\n\t<meta property=\"og:image:width\" content=\"1000\" \/>\n\t<meta property=\"og:image:height\" content=\"1000\" \/>\n\t<meta property=\"og:image:type\" content=\"image\/jpeg\" \/>\n<meta name=\"twitter:card\" content=\"summary_large_image\" \/>\n<meta name=\"twitter:label1\" content=\"Predpokladan\u00fd \u010das \u010d\u00edtania\" \/>\n\t<meta name=\"twitter:data1\" content=\"1 min\u00fata\" \/>\n<script type=\"application\/ld+json\" class=\"yoast-schema-graph\">{\"@context\":\"https:\\\/\\\/schema.org\",\"@graph\":[{\"@type\":\"WebPage\",\"@id\":\"https:\\\/\\\/salonkrasyvs.sk\\\/?product=mon-platin-volumizer-mlieko-125-ml\",\"url\":\"https:\\\/\\\/salonkrasyvs.sk\\\/?product=mon-platin-volumizer-mlieko-125-ml\",\"name\":\"Mon Platin - Volumizer mlieko 125 ml - Sal\u00f3n Kr\u00e1sy VS - kadern\u00edctvo, kozmetika, pedik\u00fara, microblading,\",\"isPartOf\":{\"@id\":\"https:\\\/\\\/salonkrasyvs.sk\\\/#website\"},\"primaryImageOfPage\":{\"@id\":\"https:\\\/\\\/salonkrasyvs.sk\\\/?product=mon-platin-volumizer-mlieko-125-ml#primaryimage\"},\"image\":{\"@id\":\"https:\\\/\\\/salonkrasyvs.sk\\\/?product=mon-platin-volumizer-mlieko-125-ml#primaryimage\"},\"thumbnailUrl\":\"https:\\\/\\\/salonkrasyvs.sk\\\/wp-content\\\/uploads\\\/2021\\\/10\\\/67aed51740700d24e2554396521b64a7-mmf1000x1000.jpg\",\"datePublished\":\"2021-10-22T12:44:25+00:00\",\"dateModified\":\"2025-05-19T05:46:15+00:00\",\"breadcrumb\":{\"@id\":\"https:\\\/\\\/salonkrasyvs.sk\\\/?product=mon-platin-volumizer-mlieko-125-ml#breadcrumb\"},\"inLanguage\":\"sk-SK\",\"potentialAction\":[{\"@type\":\"ReadAction\",\"target\":[\"https:\\\/\\\/salonkrasyvs.sk\\\/?product=mon-platin-volumizer-mlieko-125-ml\"]}]},{\"@type\":\"ImageObject\",\"inLanguage\":\"sk-SK\",\"@id\":\"https:\\\/\\\/salonkrasyvs.sk\\\/?product=mon-platin-volumizer-mlieko-125-ml#primaryimage\",\"url\":\"https:\\\/\\\/salonkrasyvs.sk\\\/wp-content\\\/uploads\\\/2021\\\/10\\\/67aed51740700d24e2554396521b64a7-mmf1000x1000.jpg\",\"contentUrl\":\"https:\\\/\\\/salonkrasyvs.sk\\\/wp-content\\\/uploads\\\/2021\\\/10\\\/67aed51740700d24e2554396521b64a7-mmf1000x1000.jpg\",\"width\":1000,\"height\":1000},{\"@type\":\"BreadcrumbList\",\"@id\":\"https:\\\/\\\/salonkrasyvs.sk\\\/?product=mon-platin-volumizer-mlieko-125-ml#breadcrumb\",\"itemListElement\":[{\"@type\":\"ListItem\",\"position\":1,\"name\":\"Domovsk\u00e1 str\u00e1nka\",\"item\":\"https:\\\/\\\/salonkrasyvs.sk\\\/\"},{\"@type\":\"ListItem\",\"position\":2,\"name\":\"Obchod_zaloha\",\"item\":\"https:\\\/\\\/salonkrasyvs.sk\\\/?page_id=9697\"},{\"@type\":\"ListItem\",\"position\":3,\"name\":\"Mon Platin &#8211; Volumizer mlieko 125 ml\"}]},{\"@type\":\"WebSite\",\"@id\":\"https:\\\/\\\/salonkrasyvs.sk\\\/#website\",\"url\":\"https:\\\/\\\/salonkrasyvs.sk\\\/\",\"name\":\"Sal\u00f3n Kr\u00e1sy VS - kadern\u00edctvo, kozmetika, pedik\u00fara, microblading,\",\"description\":\"Sal\u00f3n Kr\u00e1sy kde sa o V\u00e1s postar\u00e1me : d\u00e1mske, p\u00e1nske kadern\u00edctvo, kozmetika, pedik\u00fara, manik\u00fara, microblading. Kvalitn\u00e1 vlasov\u00e1 kozmetika na na\u0161om e-shope: Milk shake,  Malibu C, Mon platin, Sans Soucis\",\"potentialAction\":[{\"@type\":\"SearchAction\",\"target\":{\"@type\":\"EntryPoint\",\"urlTemplate\":\"https:\\\/\\\/salonkrasyvs.sk\\\/?s={search_term_string}\"},\"query-input\":{\"@type\":\"PropertyValueSpecification\",\"valueRequired\":true,\"valueName\":\"search_term_string\"}}],\"inLanguage\":\"sk-SK\"}]}<\/script>\n<!-- \/ Yoast SEO plugin. -->","yoast_head_json":{"title":"Mon Platin - Volumizer mlieko 125 ml - Sal\u00f3n Kr\u00e1sy VS - kadern\u00edctvo, kozmetika, pedik\u00fara, microblading,","robots":{"index":"index","follow":"follow","max-snippet":"max-snippet:-1","max-image-preview":"max-image-preview:large","max-video-preview":"max-video-preview:-1"},"canonical":"https:\/\/salonkrasyvs.sk\/?product=mon-platin-volumizer-mlieko-125-ml","og_locale":"sk_SK","og_type":"article","og_title":"Mon Platin - Volumizer mlieko 125 ml - Sal\u00f3n Kr\u00e1sy VS - kadern\u00edctvo, kozmetika, pedik\u00fara, microblading,","og_description":"Mlieko na objem","og_url":"https:\/\/salonkrasyvs.sk\/?product=mon-platin-volumizer-mlieko-125-ml","og_site_name":"Sal\u00f3n Kr\u00e1sy VS - kadern\u00edctvo, kozmetika, pedik\u00fara, microblading,","article_modified_time":"2025-05-19T05:46:15+00:00","og_image":[{"width":1000,"height":1000,"url":"https:\/\/salonkrasyvs.sk\/wp-content\/uploads\/2021\/10\/67aed51740700d24e2554396521b64a7-mmf1000x1000.jpg","type":"image\/jpeg"}],"twitter_card":"summary_large_image","twitter_misc":{"Predpokladan\u00fd \u010das \u010d\u00edtania":"1 min\u00fata"},"schema":{"@context":"https:\/\/schema.org","@graph":[{"@type":"WebPage","@id":"https:\/\/salonkrasyvs.sk\/?product=mon-platin-volumizer-mlieko-125-ml","url":"https:\/\/salonkrasyvs.sk\/?product=mon-platin-volumizer-mlieko-125-ml","name":"Mon Platin - Volumizer mlieko 125 ml - Sal\u00f3n Kr\u00e1sy VS - kadern\u00edctvo, kozmetika, pedik\u00fara, microblading,","isPartOf":{"@id":"https:\/\/salonkrasyvs.sk\/#website"},"primaryImageOfPage":{"@id":"https:\/\/salonkrasyvs.sk\/?product=mon-platin-volumizer-mlieko-125-ml#primaryimage"},"image":{"@id":"https:\/\/salonkrasyvs.sk\/?product=mon-platin-volumizer-mlieko-125-ml#primaryimage"},"thumbnailUrl":"https:\/\/salonkrasyvs.sk\/wp-content\/uploads\/2021\/10\/67aed51740700d24e2554396521b64a7-mmf1000x1000.jpg","datePublished":"2021-10-22T12:44:25+00:00","dateModified":"2025-05-19T05:46:15+00:00","breadcrumb":{"@id":"https:\/\/salonkrasyvs.sk\/?product=mon-platin-volumizer-mlieko-125-ml#breadcrumb"},"inLanguage":"sk-SK","potentialAction":[{"@type":"ReadAction","target":["https:\/\/salonkrasyvs.sk\/?product=mon-platin-volumizer-mlieko-125-ml"]}]},{"@type":"ImageObject","inLanguage":"sk-SK","@id":"https:\/\/salonkrasyvs.sk\/?product=mon-platin-volumizer-mlieko-125-ml#primaryimage","url":"https:\/\/salonkrasyvs.sk\/wp-content\/uploads\/2021\/10\/67aed51740700d24e2554396521b64a7-mmf1000x1000.jpg","contentUrl":"https:\/\/salonkrasyvs.sk\/wp-content\/uploads\/2021\/10\/67aed51740700d24e2554396521b64a7-mmf1000x1000.jpg","width":1000,"height":1000},{"@type":"BreadcrumbList","@id":"https:\/\/salonkrasyvs.sk\/?product=mon-platin-volumizer-mlieko-125-ml#breadcrumb","itemListElement":[{"@type":"ListItem","position":1,"name":"Domovsk\u00e1 str\u00e1nka","item":"https:\/\/salonkrasyvs.sk\/"},{"@type":"ListItem","position":2,"name":"Obchod_zaloha","item":"https:\/\/salonkrasyvs.sk\/?page_id=9697"},{"@type":"ListItem","position":3,"name":"Mon Platin &#8211; Volumizer mlieko 125 ml"}]},{"@type":"WebSite","@id":"https:\/\/salonkrasyvs.sk\/#website","url":"https:\/\/salonkrasyvs.sk\/","name":"Sal\u00f3n Kr\u00e1sy VS - kadern\u00edctvo, kozmetika, pedik\u00fara, microblading,","description":"Sal\u00f3n Kr\u00e1sy kde sa o V\u00e1s postar\u00e1me : d\u00e1mske, p\u00e1nske kadern\u00edctvo, kozmetika, pedik\u00fara, manik\u00fara, microblading. Kvalitn\u00e1 vlasov\u00e1 kozmetika na na\u0161om e-shope: Milk shake,  Malibu C, Mon platin, Sans Soucis","potentialAction":[{"@type":"SearchAction","target":{"@type":"EntryPoint","urlTemplate":"https:\/\/salonkrasyvs.sk\/?s={search_term_string}"},"query-input":{"@type":"PropertyValueSpecification","valueRequired":true,"valueName":"search_term_string"}}],"inLanguage":"sk-SK"}]}},"jetpack_sharing_enabled":true,"jetpack_likes_enabled":true,"_links":{"self":[{"href":"https:\/\/salonkrasyvs.sk\/index.php?rest_route=\/wp\/v2\/product\/989923","targetHints":{"allow":["GET"]}}],"collection":[{"href":"https:\/\/salonkrasyvs.sk\/index.php?rest_route=\/wp\/v2\/product"}],"about":[{"href":"https:\/\/salonkrasyvs.sk\/index.php?rest_route=\/wp\/v2\/types\/product"}],"wp:featuredmedia":[{"embeddable":true,"href":"https:\/\/salonkrasyvs.sk\/index.php?rest_route=\/wp\/v2\/media\/989933"}],"wp:attachment":[{"href":"https:\/\/salonkrasyvs.sk\/index.php?rest_route=%2Fwp%2Fv2%2Fmedia&parent=989923"}],"wp:term":[{"taxonomy":"product_brand","embeddable":true,"href":"https:\/\/salonkrasyvs.sk\/index.php?rest_route=%2Fwp%2Fv2%2Fproduct_brand&post=989923"},{"taxonomy":"product_cat","embeddable":true,"href":"https:\/\/salonkrasyvs.sk\/index.php?rest_route=%2Fwp%2Fv2%2Fproduct_cat&post=989923"},{"taxonomy":"product_tag","embeddable":true,"href":"https:\/\/salonkrasyvs.sk\/index.php?rest_route=%2Fwp%2Fv2%2Fproduct_tag&post=989923"}],"curies":[{"name":"wp","href":"https:\/\/api.w.org\/{rel}","templated":true}]}}