{"id":989921,"date":"2021-10-22T14:40:21","date_gmt":"2021-10-22T12:40:21","guid":{"rendered":"https:\/\/salonkrasyvs.sk\/?post_type=product&#038;p=989921"},"modified":"2025-05-19T07:45:17","modified_gmt":"2025-05-19T05:45:17","slug":"mon-platin-volumizer-maska-100-ml","status":"publish","type":"product","link":"https:\/\/salonkrasyvs.sk\/?product=mon-platin-volumizer-maska-100-ml","title":{"rendered":"Mon Platin &#8211; Volumizer maska 100 ml"},"content":{"rendered":"<h3>Mon Platin Volumizer objemov\u00e1 maska<\/h3>\n<p>Hydrata\u010dn\u00e1 lie\u010debn\u00e1 maska s \u010diernym kavi\u00e1rom, vyvinut\u00e1 \u0161peci\u00e1lne pre jemn\u00e9 a krehk\u00e9 vlasy. Vy\u017eivuje \u017eivotne d\u00f4le\u017eit\u00e9 zlo\u017eky vlasov. Neobsahuje soli a je kompatibiln\u00e1 s chemick\u00fdm o\u0161etren\u00edm, ako je vyrovn\u00e1vanie r\u00f4znymi met\u00f3dami. Pom\u00e1ha vyrovn\u00e1va\u0165 pH vo vlasoch a dod\u00e1va im lesk, vlhkos\u0165, vitalitu a pru\u017enos\u0165. Obsahuje inovat\u00edvne zlo\u017eky, ktor\u00e9 p\u00f4sobia na vlasy antistaticky.<\/p>\n<p><b>Akt\u00edvne l\u00e1tky: <\/b><\/p>\n<ul>\n<li class=\"\" data-start=\"205\" data-end=\"306\">\n<p class=\"\" data-start=\"207\" data-end=\"306\"><strong data-start=\"207\" data-end=\"237\">Extrakt z \u010dierneho kavi\u00e1ru<\/strong> \u2013 h\u013abkovo vy\u017eivuje, obnovuje \u0161trukt\u00faru vlasov a dod\u00e1va im vitalitu<\/p>\n<\/li>\n<li class=\"\" data-start=\"307\" data-end=\"386\">\n<p class=\"\" data-start=\"309\" data-end=\"386\"><strong data-start=\"309\" data-end=\"325\">Olivov\u00fd olej<\/strong> \u2013 hydratuje, zjem\u0148uje a posil\u0148uje vlasy aj vlasov\u00fa poko\u017eku<\/p>\n<\/li>\n<li class=\"\" data-start=\"387\" data-end=\"478\">\n<p class=\"\" data-start=\"389\" data-end=\"478\"><strong data-start=\"389\" data-end=\"409\">Matersk\u00e1 ka\u0161i\u010dka<\/strong> \u2013 bohat\u00e1 na \u017eiviny, podporuje regener\u00e1ciu a prirodzen\u00fa silu vlasov<\/p>\n<\/li>\n<li class=\"\" data-start=\"479\" data-end=\"663\">\n<p class=\"\" data-start=\"481\" data-end=\"663\"><strong data-start=\"481\" data-end=\"571\">Antioxida\u010dn\u00e9 rastlinn\u00e9 extrakty (rakytn\u00edk re\u0161etliakov\u00fd, gran\u00e1tov\u00e9 jablko a zelen\u00fd \u010daj)<\/strong> \u2013 chr\u00e1nia vlasy pred vo\u013en\u00fdmi radik\u00e1lmi a pred\u010dasn\u00fdm starnut\u00edm, zvy\u0161uj\u00fa lesk a zdrav\u00fd vzh\u013ead<\/p>\n<\/li>\n<\/ul>\n<p><strong>Pou\u017eitie<\/strong>: Naneste masku na vlhk\u00e9 vlasy a dobre vmas\u00edrujte. Po\u010dkajte 2-3 min\u00faty a vlasy opl\u00e1chnite. Na maximalizovanie pozit\u00edvneho efektu po\u010das \u010dakania, zaba\u013ete vlasy do\u00a0<a href=\"https:\/\/www.tenife.sk\/turbany-smart\/\">turbanu<\/a>\u00a0a nechajte p\u00f4sobi\u0165 15-20min\u00fat.<\/p>\n","protected":false},"excerpt":{"rendered":"<p><em>Maska na objem pre jemn\u00e9, tenk\u00e9 a krehk\u00e9 vlasy<\/em><\/p>\n","protected":false},"featured_media":989922,"template":"","meta":[],"product_brand":[],"product_cat":[96,94],"product_tag":[],"class_list":{"0":"post-989921","1":"product","2":"type-product","3":"status-publish","4":"has-post-thumbnail","6":"product_cat-kondicionery-a-masky","7":"product_cat-vlasova-kozmetika","9":"first","10":"instock","11":"shipping-taxable","12":"purchasable","13":"product-type-simple"},"yoast_head":"<!-- This site is optimized with the Yoast SEO plugin v27.4 - https:\/\/yoast.com\/product\/yoast-seo-wordpress\/ -->\n<title>Mon Platin - Volumizer maska 100 ml - Sal\u00f3n Kr\u00e1sy VS - kadern\u00edctvo, kozmetika, pedik\u00fara, microblading,<\/title>\n<meta name=\"robots\" content=\"index, follow, max-snippet:-1, max-image-preview:large, max-video-preview:-1\" \/>\n<link rel=\"canonical\" href=\"https:\/\/salonkrasyvs.sk\/?product=mon-platin-volumizer-maska-100-ml\" \/>\n<meta property=\"og:locale\" content=\"sk_SK\" \/>\n<meta property=\"og:type\" content=\"article\" \/>\n<meta property=\"og:title\" content=\"Mon Platin - Volumizer maska 100 ml - Sal\u00f3n Kr\u00e1sy VS - kadern\u00edctvo, kozmetika, pedik\u00fara, microblading,\" \/>\n<meta property=\"og:description\" content=\"Maska na objem pre jemn\u00e9, tenk\u00e9 a krehk\u00e9 vlasy\" \/>\n<meta property=\"og:url\" content=\"https:\/\/salonkrasyvs.sk\/?product=mon-platin-volumizer-maska-100-ml\" \/>\n<meta property=\"og:site_name\" content=\"Sal\u00f3n Kr\u00e1sy VS - kadern\u00edctvo, kozmetika, pedik\u00fara, microblading,\" \/>\n<meta property=\"article:modified_time\" content=\"2025-05-19T05:45:17+00:00\" \/>\n<meta property=\"og:image\" content=\"https:\/\/salonkrasyvs.sk\/wp-content\/uploads\/2021\/10\/2615.jpg\" \/>\n\t<meta property=\"og:image:width\" content=\"600\" \/>\n\t<meta property=\"og:image:height\" content=\"600\" \/>\n\t<meta property=\"og:image:type\" content=\"image\/jpeg\" \/>\n<meta name=\"twitter:card\" content=\"summary_large_image\" \/>\n<meta name=\"twitter:label1\" content=\"Predpokladan\u00fd \u010das \u010d\u00edtania\" \/>\n\t<meta name=\"twitter:data1\" content=\"1 min\u00fata\" \/>\n<script type=\"application\/ld+json\" class=\"yoast-schema-graph\">{\"@context\":\"https:\\\/\\\/schema.org\",\"@graph\":[{\"@type\":\"WebPage\",\"@id\":\"https:\\\/\\\/salonkrasyvs.sk\\\/?product=mon-platin-volumizer-maska-100-ml\",\"url\":\"https:\\\/\\\/salonkrasyvs.sk\\\/?product=mon-platin-volumizer-maska-100-ml\",\"name\":\"Mon Platin - Volumizer maska 100 ml - Sal\u00f3n Kr\u00e1sy VS - kadern\u00edctvo, kozmetika, pedik\u00fara, microblading,\",\"isPartOf\":{\"@id\":\"https:\\\/\\\/salonkrasyvs.sk\\\/#website\"},\"primaryImageOfPage\":{\"@id\":\"https:\\\/\\\/salonkrasyvs.sk\\\/?product=mon-platin-volumizer-maska-100-ml#primaryimage\"},\"image\":{\"@id\":\"https:\\\/\\\/salonkrasyvs.sk\\\/?product=mon-platin-volumizer-maska-100-ml#primaryimage\"},\"thumbnailUrl\":\"https:\\\/\\\/salonkrasyvs.sk\\\/wp-content\\\/uploads\\\/2021\\\/10\\\/2615.jpg\",\"datePublished\":\"2021-10-22T12:40:21+00:00\",\"dateModified\":\"2025-05-19T05:45:17+00:00\",\"breadcrumb\":{\"@id\":\"https:\\\/\\\/salonkrasyvs.sk\\\/?product=mon-platin-volumizer-maska-100-ml#breadcrumb\"},\"inLanguage\":\"sk-SK\",\"potentialAction\":[{\"@type\":\"ReadAction\",\"target\":[\"https:\\\/\\\/salonkrasyvs.sk\\\/?product=mon-platin-volumizer-maska-100-ml\"]}]},{\"@type\":\"ImageObject\",\"inLanguage\":\"sk-SK\",\"@id\":\"https:\\\/\\\/salonkrasyvs.sk\\\/?product=mon-platin-volumizer-maska-100-ml#primaryimage\",\"url\":\"https:\\\/\\\/salonkrasyvs.sk\\\/wp-content\\\/uploads\\\/2021\\\/10\\\/2615.jpg\",\"contentUrl\":\"https:\\\/\\\/salonkrasyvs.sk\\\/wp-content\\\/uploads\\\/2021\\\/10\\\/2615.jpg\",\"width\":600,\"height\":600},{\"@type\":\"BreadcrumbList\",\"@id\":\"https:\\\/\\\/salonkrasyvs.sk\\\/?product=mon-platin-volumizer-maska-100-ml#breadcrumb\",\"itemListElement\":[{\"@type\":\"ListItem\",\"position\":1,\"name\":\"Domovsk\u00e1 str\u00e1nka\",\"item\":\"https:\\\/\\\/salonkrasyvs.sk\\\/\"},{\"@type\":\"ListItem\",\"position\":2,\"name\":\"Obchod_zaloha\",\"item\":\"https:\\\/\\\/salonkrasyvs.sk\\\/?page_id=9697\"},{\"@type\":\"ListItem\",\"position\":3,\"name\":\"Mon Platin &#8211; Volumizer maska 100 ml\"}]},{\"@type\":\"WebSite\",\"@id\":\"https:\\\/\\\/salonkrasyvs.sk\\\/#website\",\"url\":\"https:\\\/\\\/salonkrasyvs.sk\\\/\",\"name\":\"Sal\u00f3n Kr\u00e1sy VS - kadern\u00edctvo, kozmetika, pedik\u00fara, microblading,\",\"description\":\"Sal\u00f3n Kr\u00e1sy kde sa o V\u00e1s postar\u00e1me : d\u00e1mske, p\u00e1nske kadern\u00edctvo, kozmetika, pedik\u00fara, manik\u00fara, microblading. Kvalitn\u00e1 vlasov\u00e1 kozmetika na na\u0161om e-shope: Milk shake,  Malibu C, Mon platin, Sans Soucis\",\"potentialAction\":[{\"@type\":\"SearchAction\",\"target\":{\"@type\":\"EntryPoint\",\"urlTemplate\":\"https:\\\/\\\/salonkrasyvs.sk\\\/?s={search_term_string}\"},\"query-input\":{\"@type\":\"PropertyValueSpecification\",\"valueRequired\":true,\"valueName\":\"search_term_string\"}}],\"inLanguage\":\"sk-SK\"}]}<\/script>\n<!-- \/ Yoast SEO plugin. -->","yoast_head_json":{"title":"Mon Platin - Volumizer maska 100 ml - Sal\u00f3n Kr\u00e1sy VS - kadern\u00edctvo, kozmetika, pedik\u00fara, microblading,","robots":{"index":"index","follow":"follow","max-snippet":"max-snippet:-1","max-image-preview":"max-image-preview:large","max-video-preview":"max-video-preview:-1"},"canonical":"https:\/\/salonkrasyvs.sk\/?product=mon-platin-volumizer-maska-100-ml","og_locale":"sk_SK","og_type":"article","og_title":"Mon Platin - Volumizer maska 100 ml - Sal\u00f3n Kr\u00e1sy VS - kadern\u00edctvo, kozmetika, pedik\u00fara, microblading,","og_description":"Maska na objem pre jemn\u00e9, tenk\u00e9 a krehk\u00e9 vlasy","og_url":"https:\/\/salonkrasyvs.sk\/?product=mon-platin-volumizer-maska-100-ml","og_site_name":"Sal\u00f3n Kr\u00e1sy VS - kadern\u00edctvo, kozmetika, pedik\u00fara, microblading,","article_modified_time":"2025-05-19T05:45:17+00:00","og_image":[{"width":600,"height":600,"url":"https:\/\/salonkrasyvs.sk\/wp-content\/uploads\/2021\/10\/2615.jpg","type":"image\/jpeg"}],"twitter_card":"summary_large_image","twitter_misc":{"Predpokladan\u00fd \u010das \u010d\u00edtania":"1 min\u00fata"},"schema":{"@context":"https:\/\/schema.org","@graph":[{"@type":"WebPage","@id":"https:\/\/salonkrasyvs.sk\/?product=mon-platin-volumizer-maska-100-ml","url":"https:\/\/salonkrasyvs.sk\/?product=mon-platin-volumizer-maska-100-ml","name":"Mon Platin - Volumizer maska 100 ml - Sal\u00f3n Kr\u00e1sy VS - kadern\u00edctvo, kozmetika, pedik\u00fara, microblading,","isPartOf":{"@id":"https:\/\/salonkrasyvs.sk\/#website"},"primaryImageOfPage":{"@id":"https:\/\/salonkrasyvs.sk\/?product=mon-platin-volumizer-maska-100-ml#primaryimage"},"image":{"@id":"https:\/\/salonkrasyvs.sk\/?product=mon-platin-volumizer-maska-100-ml#primaryimage"},"thumbnailUrl":"https:\/\/salonkrasyvs.sk\/wp-content\/uploads\/2021\/10\/2615.jpg","datePublished":"2021-10-22T12:40:21+00:00","dateModified":"2025-05-19T05:45:17+00:00","breadcrumb":{"@id":"https:\/\/salonkrasyvs.sk\/?product=mon-platin-volumizer-maska-100-ml#breadcrumb"},"inLanguage":"sk-SK","potentialAction":[{"@type":"ReadAction","target":["https:\/\/salonkrasyvs.sk\/?product=mon-platin-volumizer-maska-100-ml"]}]},{"@type":"ImageObject","inLanguage":"sk-SK","@id":"https:\/\/salonkrasyvs.sk\/?product=mon-platin-volumizer-maska-100-ml#primaryimage","url":"https:\/\/salonkrasyvs.sk\/wp-content\/uploads\/2021\/10\/2615.jpg","contentUrl":"https:\/\/salonkrasyvs.sk\/wp-content\/uploads\/2021\/10\/2615.jpg","width":600,"height":600},{"@type":"BreadcrumbList","@id":"https:\/\/salonkrasyvs.sk\/?product=mon-platin-volumizer-maska-100-ml#breadcrumb","itemListElement":[{"@type":"ListItem","position":1,"name":"Domovsk\u00e1 str\u00e1nka","item":"https:\/\/salonkrasyvs.sk\/"},{"@type":"ListItem","position":2,"name":"Obchod_zaloha","item":"https:\/\/salonkrasyvs.sk\/?page_id=9697"},{"@type":"ListItem","position":3,"name":"Mon Platin &#8211; Volumizer maska 100 ml"}]},{"@type":"WebSite","@id":"https:\/\/salonkrasyvs.sk\/#website","url":"https:\/\/salonkrasyvs.sk\/","name":"Sal\u00f3n Kr\u00e1sy VS - kadern\u00edctvo, kozmetika, pedik\u00fara, microblading,","description":"Sal\u00f3n Kr\u00e1sy kde sa o V\u00e1s postar\u00e1me : d\u00e1mske, p\u00e1nske kadern\u00edctvo, kozmetika, pedik\u00fara, manik\u00fara, microblading. Kvalitn\u00e1 vlasov\u00e1 kozmetika na na\u0161om e-shope: Milk shake,  Malibu C, Mon platin, Sans Soucis","potentialAction":[{"@type":"SearchAction","target":{"@type":"EntryPoint","urlTemplate":"https:\/\/salonkrasyvs.sk\/?s={search_term_string}"},"query-input":{"@type":"PropertyValueSpecification","valueRequired":true,"valueName":"search_term_string"}}],"inLanguage":"sk-SK"}]}},"jetpack_sharing_enabled":true,"jetpack_likes_enabled":true,"_links":{"self":[{"href":"https:\/\/salonkrasyvs.sk\/index.php?rest_route=\/wp\/v2\/product\/989921","targetHints":{"allow":["GET"]}}],"collection":[{"href":"https:\/\/salonkrasyvs.sk\/index.php?rest_route=\/wp\/v2\/product"}],"about":[{"href":"https:\/\/salonkrasyvs.sk\/index.php?rest_route=\/wp\/v2\/types\/product"}],"wp:featuredmedia":[{"embeddable":true,"href":"https:\/\/salonkrasyvs.sk\/index.php?rest_route=\/wp\/v2\/media\/989922"}],"wp:attachment":[{"href":"https:\/\/salonkrasyvs.sk\/index.php?rest_route=%2Fwp%2Fv2%2Fmedia&parent=989921"}],"wp:term":[{"taxonomy":"product_brand","embeddable":true,"href":"https:\/\/salonkrasyvs.sk\/index.php?rest_route=%2Fwp%2Fv2%2Fproduct_brand&post=989921"},{"taxonomy":"product_cat","embeddable":true,"href":"https:\/\/salonkrasyvs.sk\/index.php?rest_route=%2Fwp%2Fv2%2Fproduct_cat&post=989921"},{"taxonomy":"product_tag","embeddable":true,"href":"https:\/\/salonkrasyvs.sk\/index.php?rest_route=%2Fwp%2Fv2%2Fproduct_tag&post=989921"}],"curies":[{"name":"wp","href":"https:\/\/api.w.org\/{rel}","templated":true}]}}