{"id":989916,"date":"2021-10-22T14:23:57","date_gmt":"2021-10-22T12:23:57","guid":{"rendered":"https:\/\/salonkrasyvs.sk\/?post_type=product&#038;p=989916"},"modified":"2025-05-19T07:39:47","modified_gmt":"2025-05-19T05:39:47","slug":"mon-platin-thermo-builder-krem-100-ml","status":"publish","type":"product","link":"https:\/\/salonkrasyvs.sk\/?product=mon-platin-thermo-builder-krem-100-ml","title":{"rendered":"Mon Platin &#8211; Thermo Builder kr\u00e9m 100 ml"},"content":{"rendered":"<h3>Mon Platin Thermo Builder obnovovac\u00ed kr\u00e9m<\/h3>\n<p>Termo-obnovovac\u00ed kr\u00e9m na vlasy je unik\u00e1tny produkt navrhnut\u00fd tak, aby uzdravil a navr\u00e1til vlasom zdravie po\u010das ich f\u00e9novanie alebo \u017eehlenia. Exkluz\u00edvne zlo\u017eenie obsahuje dvojit\u00fa silu, \u010do znamen\u00e1, \u017ee oba\u013euje vlasy ochrann\u00fdm filmom a z\u00e1rove\u0148 ich obnovuje, tak\u017ee f\u00e9novanie a narovn\u00e1vanie sa st\u00e1va integr\u00e1lnou s\u00fa\u010das\u0165ou samotnej starostlivosti a uzdravovania \u0161trukt\u00fary vlasu. Tento unik\u00e1tny vlasov\u00fd kr\u00e9m absorbuj\u00fa vlasy za pomoci teploty, ktor\u00e1 na ne p\u00f4sob\u00ed po\u010das f\u00e9novania alebo narovn\u00e1vania, \u010d\u00edm vytv\u00e1raj\u00fa objemn\u00fa vrstvu so \u0161peci\u00e1lnou molekul\u00e1rnou \u0161trukt\u00farou, ktor\u00e1 t\u00fato vrstvu vo vlasoch spev\u0148uje, a t\u00fdm im dod\u00e1va jemnos\u0165, pru\u017enos\u0165, hebkos\u0165 a zdrav\u00fd lesk.<\/p>\n<p><strong>Akt\u00edvne l\u00e1tky:<\/strong><\/p>\n<ul>\n<li class=\"\" data-start=\"204\" data-end=\"299\">\n<p class=\"\" data-start=\"206\" data-end=\"299\"><strong data-start=\"206\" data-end=\"227\">Hodv\u00e1bne prote\u00edny<\/strong> \u2013 uhladzuj\u00fa a spev\u0148uj\u00fa vlasov\u00e9 vl\u00e1kna, dod\u00e1vaj\u00fa vlasom hebkos\u0165 a lesk<\/p>\n<\/li>\n<li class=\"\" data-start=\"300\" data-end=\"380\">\n<p class=\"\" data-start=\"302\" data-end=\"380\"><strong data-start=\"302\" data-end=\"319\">\u010cierny kavi\u00e1r<\/strong> \u2013 bohat\u00fd na v\u00fd\u017eivn\u00e9 l\u00e1tky, regeneruje a revitalizuje vlasy<\/p>\n<\/li>\n<li class=\"\" data-start=\"381\" data-end=\"490\">\n<p class=\"\" data-start=\"383\" data-end=\"490\"><strong data-start=\"383\" data-end=\"444\">Antioxidanty (esencie zelen\u00e9ho \u010daju a gran\u00e1tov\u00e9ho jablka)<\/strong> \u2013 chr\u00e1nia vlasy pred po\u0161koden\u00edm a oxid\u00e1ciou<\/p>\n<\/li>\n<li class=\"\" data-start=\"491\" data-end=\"570\">\n<p class=\"\" data-start=\"493\" data-end=\"570\"><strong data-start=\"493\" data-end=\"512\">Vitam\u00edny E a B5<\/strong> \u2013 podporuj\u00fa hydrat\u00e1ciu, v\u00fd\u017eivu a celkov\u00e9 zdravie vlasov<\/p>\n<\/li>\n<li class=\"\" data-start=\"571\" data-end=\"656\">\n<p class=\"\" data-start=\"573\" data-end=\"656\"><strong data-start=\"573\" data-end=\"593\">Rakytn\u00edkov\u00fd olej<\/strong> \u2013 posil\u0148uje vlasy, podporuje ich rast a zanech\u00e1va ich pru\u017en\u00e9<\/p>\n<\/li>\n<li class=\"\" data-start=\"657\" data-end=\"748\">\n<p class=\"\" data-start=\"659\" data-end=\"748\"><strong data-start=\"659\" data-end=\"676\">Arg\u00e1nov\u00fd olej<\/strong> \u2013 hlboko vy\u017eivuje, obnovuje \u0161trukt\u00faru a zanech\u00e1va vlasy hladk\u00e9 a leskl\u00e9<\/p>\n<\/li>\n<\/ul>\n<p><strong>Pou\u017eitie:<\/strong><\/p>\n<p>Naneste na vlasy pred procesom su\u0161enia.<\/p>\n","protected":false},"excerpt":{"rendered":"<p>Thermo-obnovovac\u00ed kr\u00e9m na vlasy s \u010diernym kavi\u00e1rom<\/p>\n","protected":false},"featured_media":989917,"template":"","meta":[],"product_brand":[],"product_cat":[98,94],"product_tag":[],"class_list":{"0":"post-989916","1":"product","2":"type-product","3":"status-publish","4":"has-post-thumbnail","6":"product_cat-styling-a-starostlivost","7":"product_cat-vlasova-kozmetika","9":"first","10":"instock","11":"shipping-taxable","12":"purchasable","13":"product-type-simple"},"yoast_head":"<!-- This site is optimized with the Yoast SEO plugin v27.4 - https:\/\/yoast.com\/product\/yoast-seo-wordpress\/ -->\n<title>Mon Platin - Thermo Builder kr\u00e9m 100 ml - Sal\u00f3n Kr\u00e1sy VS - kadern\u00edctvo, kozmetika, pedik\u00fara, microblading,<\/title>\n<meta name=\"robots\" content=\"index, follow, max-snippet:-1, max-image-preview:large, max-video-preview:-1\" \/>\n<link rel=\"canonical\" href=\"https:\/\/salonkrasyvs.sk\/?product=mon-platin-thermo-builder-krem-100-ml\" \/>\n<meta property=\"og:locale\" content=\"sk_SK\" \/>\n<meta property=\"og:type\" content=\"article\" \/>\n<meta property=\"og:title\" content=\"Mon Platin - Thermo Builder kr\u00e9m 100 ml - Sal\u00f3n Kr\u00e1sy VS - kadern\u00edctvo, kozmetika, pedik\u00fara, microblading,\" \/>\n<meta property=\"og:description\" content=\"Thermo-obnovovac\u00ed kr\u00e9m na vlasy s \u010diernym kavi\u00e1rom\" \/>\n<meta property=\"og:url\" content=\"https:\/\/salonkrasyvs.sk\/?product=mon-platin-thermo-builder-krem-100-ml\" \/>\n<meta property=\"og:site_name\" content=\"Sal\u00f3n Kr\u00e1sy VS - kadern\u00edctvo, kozmetika, pedik\u00fara, microblading,\" \/>\n<meta property=\"article:modified_time\" content=\"2025-05-19T05:39:47+00:00\" \/>\n<meta property=\"og:image\" content=\"https:\/\/salonkrasyvs.sk\/wp-content\/uploads\/2021\/10\/termo-krem-na-vlasy.jpg\" \/>\n\t<meta property=\"og:image:width\" content=\"800\" \/>\n\t<meta property=\"og:image:height\" content=\"800\" \/>\n\t<meta property=\"og:image:type\" content=\"image\/jpeg\" \/>\n<meta name=\"twitter:card\" content=\"summary_large_image\" \/>\n<meta name=\"twitter:label1\" content=\"Predpokladan\u00fd \u010das \u010d\u00edtania\" \/>\n\t<meta name=\"twitter:data1\" content=\"1 min\u00fata\" \/>\n<script type=\"application\/ld+json\" class=\"yoast-schema-graph\">{\"@context\":\"https:\\\/\\\/schema.org\",\"@graph\":[{\"@type\":\"WebPage\",\"@id\":\"https:\\\/\\\/salonkrasyvs.sk\\\/?product=mon-platin-thermo-builder-krem-100-ml\",\"url\":\"https:\\\/\\\/salonkrasyvs.sk\\\/?product=mon-platin-thermo-builder-krem-100-ml\",\"name\":\"Mon Platin - Thermo Builder kr\u00e9m 100 ml - Sal\u00f3n Kr\u00e1sy VS - kadern\u00edctvo, kozmetika, pedik\u00fara, microblading,\",\"isPartOf\":{\"@id\":\"https:\\\/\\\/salonkrasyvs.sk\\\/#website\"},\"primaryImageOfPage\":{\"@id\":\"https:\\\/\\\/salonkrasyvs.sk\\\/?product=mon-platin-thermo-builder-krem-100-ml#primaryimage\"},\"image\":{\"@id\":\"https:\\\/\\\/salonkrasyvs.sk\\\/?product=mon-platin-thermo-builder-krem-100-ml#primaryimage\"},\"thumbnailUrl\":\"https:\\\/\\\/salonkrasyvs.sk\\\/wp-content\\\/uploads\\\/2021\\\/10\\\/termo-krem-na-vlasy.jpg\",\"datePublished\":\"2021-10-22T12:23:57+00:00\",\"dateModified\":\"2025-05-19T05:39:47+00:00\",\"breadcrumb\":{\"@id\":\"https:\\\/\\\/salonkrasyvs.sk\\\/?product=mon-platin-thermo-builder-krem-100-ml#breadcrumb\"},\"inLanguage\":\"sk-SK\",\"potentialAction\":[{\"@type\":\"ReadAction\",\"target\":[\"https:\\\/\\\/salonkrasyvs.sk\\\/?product=mon-platin-thermo-builder-krem-100-ml\"]}]},{\"@type\":\"ImageObject\",\"inLanguage\":\"sk-SK\",\"@id\":\"https:\\\/\\\/salonkrasyvs.sk\\\/?product=mon-platin-thermo-builder-krem-100-ml#primaryimage\",\"url\":\"https:\\\/\\\/salonkrasyvs.sk\\\/wp-content\\\/uploads\\\/2021\\\/10\\\/termo-krem-na-vlasy.jpg\",\"contentUrl\":\"https:\\\/\\\/salonkrasyvs.sk\\\/wp-content\\\/uploads\\\/2021\\\/10\\\/termo-krem-na-vlasy.jpg\",\"width\":800,\"height\":800},{\"@type\":\"BreadcrumbList\",\"@id\":\"https:\\\/\\\/salonkrasyvs.sk\\\/?product=mon-platin-thermo-builder-krem-100-ml#breadcrumb\",\"itemListElement\":[{\"@type\":\"ListItem\",\"position\":1,\"name\":\"Domovsk\u00e1 str\u00e1nka\",\"item\":\"https:\\\/\\\/salonkrasyvs.sk\\\/\"},{\"@type\":\"ListItem\",\"position\":2,\"name\":\"Obchod_zaloha\",\"item\":\"https:\\\/\\\/salonkrasyvs.sk\\\/?page_id=9697\"},{\"@type\":\"ListItem\",\"position\":3,\"name\":\"Mon Platin &#8211; Thermo Builder kr\u00e9m 100 ml\"}]},{\"@type\":\"WebSite\",\"@id\":\"https:\\\/\\\/salonkrasyvs.sk\\\/#website\",\"url\":\"https:\\\/\\\/salonkrasyvs.sk\\\/\",\"name\":\"Sal\u00f3n Kr\u00e1sy VS - kadern\u00edctvo, kozmetika, pedik\u00fara, microblading,\",\"description\":\"Sal\u00f3n Kr\u00e1sy kde sa o V\u00e1s postar\u00e1me : d\u00e1mske, p\u00e1nske kadern\u00edctvo, kozmetika, pedik\u00fara, manik\u00fara, microblading. Kvalitn\u00e1 vlasov\u00e1 kozmetika na na\u0161om e-shope: Milk shake,  Malibu C, Mon platin, Sans Soucis\",\"potentialAction\":[{\"@type\":\"SearchAction\",\"target\":{\"@type\":\"EntryPoint\",\"urlTemplate\":\"https:\\\/\\\/salonkrasyvs.sk\\\/?s={search_term_string}\"},\"query-input\":{\"@type\":\"PropertyValueSpecification\",\"valueRequired\":true,\"valueName\":\"search_term_string\"}}],\"inLanguage\":\"sk-SK\"}]}<\/script>\n<!-- \/ Yoast SEO plugin. -->","yoast_head_json":{"title":"Mon Platin - Thermo Builder kr\u00e9m 100 ml - Sal\u00f3n Kr\u00e1sy VS - kadern\u00edctvo, kozmetika, pedik\u00fara, microblading,","robots":{"index":"index","follow":"follow","max-snippet":"max-snippet:-1","max-image-preview":"max-image-preview:large","max-video-preview":"max-video-preview:-1"},"canonical":"https:\/\/salonkrasyvs.sk\/?product=mon-platin-thermo-builder-krem-100-ml","og_locale":"sk_SK","og_type":"article","og_title":"Mon Platin - Thermo Builder kr\u00e9m 100 ml - Sal\u00f3n Kr\u00e1sy VS - kadern\u00edctvo, kozmetika, pedik\u00fara, microblading,","og_description":"Thermo-obnovovac\u00ed kr\u00e9m na vlasy s \u010diernym kavi\u00e1rom","og_url":"https:\/\/salonkrasyvs.sk\/?product=mon-platin-thermo-builder-krem-100-ml","og_site_name":"Sal\u00f3n Kr\u00e1sy VS - kadern\u00edctvo, kozmetika, pedik\u00fara, microblading,","article_modified_time":"2025-05-19T05:39:47+00:00","og_image":[{"width":800,"height":800,"url":"https:\/\/salonkrasyvs.sk\/wp-content\/uploads\/2021\/10\/termo-krem-na-vlasy.jpg","type":"image\/jpeg"}],"twitter_card":"summary_large_image","twitter_misc":{"Predpokladan\u00fd \u010das \u010d\u00edtania":"1 min\u00fata"},"schema":{"@context":"https:\/\/schema.org","@graph":[{"@type":"WebPage","@id":"https:\/\/salonkrasyvs.sk\/?product=mon-platin-thermo-builder-krem-100-ml","url":"https:\/\/salonkrasyvs.sk\/?product=mon-platin-thermo-builder-krem-100-ml","name":"Mon Platin - Thermo Builder kr\u00e9m 100 ml - Sal\u00f3n Kr\u00e1sy VS - kadern\u00edctvo, kozmetika, pedik\u00fara, microblading,","isPartOf":{"@id":"https:\/\/salonkrasyvs.sk\/#website"},"primaryImageOfPage":{"@id":"https:\/\/salonkrasyvs.sk\/?product=mon-platin-thermo-builder-krem-100-ml#primaryimage"},"image":{"@id":"https:\/\/salonkrasyvs.sk\/?product=mon-platin-thermo-builder-krem-100-ml#primaryimage"},"thumbnailUrl":"https:\/\/salonkrasyvs.sk\/wp-content\/uploads\/2021\/10\/termo-krem-na-vlasy.jpg","datePublished":"2021-10-22T12:23:57+00:00","dateModified":"2025-05-19T05:39:47+00:00","breadcrumb":{"@id":"https:\/\/salonkrasyvs.sk\/?product=mon-platin-thermo-builder-krem-100-ml#breadcrumb"},"inLanguage":"sk-SK","potentialAction":[{"@type":"ReadAction","target":["https:\/\/salonkrasyvs.sk\/?product=mon-platin-thermo-builder-krem-100-ml"]}]},{"@type":"ImageObject","inLanguage":"sk-SK","@id":"https:\/\/salonkrasyvs.sk\/?product=mon-platin-thermo-builder-krem-100-ml#primaryimage","url":"https:\/\/salonkrasyvs.sk\/wp-content\/uploads\/2021\/10\/termo-krem-na-vlasy.jpg","contentUrl":"https:\/\/salonkrasyvs.sk\/wp-content\/uploads\/2021\/10\/termo-krem-na-vlasy.jpg","width":800,"height":800},{"@type":"BreadcrumbList","@id":"https:\/\/salonkrasyvs.sk\/?product=mon-platin-thermo-builder-krem-100-ml#breadcrumb","itemListElement":[{"@type":"ListItem","position":1,"name":"Domovsk\u00e1 str\u00e1nka","item":"https:\/\/salonkrasyvs.sk\/"},{"@type":"ListItem","position":2,"name":"Obchod_zaloha","item":"https:\/\/salonkrasyvs.sk\/?page_id=9697"},{"@type":"ListItem","position":3,"name":"Mon Platin &#8211; Thermo Builder kr\u00e9m 100 ml"}]},{"@type":"WebSite","@id":"https:\/\/salonkrasyvs.sk\/#website","url":"https:\/\/salonkrasyvs.sk\/","name":"Sal\u00f3n Kr\u00e1sy VS - kadern\u00edctvo, kozmetika, pedik\u00fara, microblading,","description":"Sal\u00f3n Kr\u00e1sy kde sa o V\u00e1s postar\u00e1me : d\u00e1mske, p\u00e1nske kadern\u00edctvo, kozmetika, pedik\u00fara, manik\u00fara, microblading. Kvalitn\u00e1 vlasov\u00e1 kozmetika na na\u0161om e-shope: Milk shake,  Malibu C, Mon platin, Sans Soucis","potentialAction":[{"@type":"SearchAction","target":{"@type":"EntryPoint","urlTemplate":"https:\/\/salonkrasyvs.sk\/?s={search_term_string}"},"query-input":{"@type":"PropertyValueSpecification","valueRequired":true,"valueName":"search_term_string"}}],"inLanguage":"sk-SK"}]}},"jetpack_sharing_enabled":true,"jetpack_likes_enabled":true,"_links":{"self":[{"href":"https:\/\/salonkrasyvs.sk\/index.php?rest_route=\/wp\/v2\/product\/989916","targetHints":{"allow":["GET"]}}],"collection":[{"href":"https:\/\/salonkrasyvs.sk\/index.php?rest_route=\/wp\/v2\/product"}],"about":[{"href":"https:\/\/salonkrasyvs.sk\/index.php?rest_route=\/wp\/v2\/types\/product"}],"wp:featuredmedia":[{"embeddable":true,"href":"https:\/\/salonkrasyvs.sk\/index.php?rest_route=\/wp\/v2\/media\/989917"}],"wp:attachment":[{"href":"https:\/\/salonkrasyvs.sk\/index.php?rest_route=%2Fwp%2Fv2%2Fmedia&parent=989916"}],"wp:term":[{"taxonomy":"product_brand","embeddable":true,"href":"https:\/\/salonkrasyvs.sk\/index.php?rest_route=%2Fwp%2Fv2%2Fproduct_brand&post=989916"},{"taxonomy":"product_cat","embeddable":true,"href":"https:\/\/salonkrasyvs.sk\/index.php?rest_route=%2Fwp%2Fv2%2Fproduct_cat&post=989916"},{"taxonomy":"product_tag","embeddable":true,"href":"https:\/\/salonkrasyvs.sk\/index.php?rest_route=%2Fwp%2Fv2%2Fproduct_tag&post=989916"}],"curies":[{"name":"wp","href":"https:\/\/api.w.org\/{rel}","templated":true}]}}