{"id":989911,"date":"2021-10-22T14:09:21","date_gmt":"2021-10-22T12:09:21","guid":{"rendered":"https:\/\/salonkrasyvs.sk\/?post_type=product&#038;p=989911"},"modified":"2025-05-19T07:36:57","modified_gmt":"2025-05-19T05:36:57","slug":"mon-platin-black-caviar-maska","status":"publish","type":"product","link":"https:\/\/salonkrasyvs.sk\/?product=mon-platin-black-caviar-maska","title":{"rendered":"Mon Platin &#8211; Black Caviar maska"},"content":{"rendered":"<h3>Mon Platin Black Caviar maska<\/h3>\n<p>Ve\u013emi efekt\u00edvna, lie\u010divo p\u00f4sobiaca a zvl\u00e1\u010d\u0148uj\u00faca vlasov\u00e1 maska navrhnut\u00e1 tak, aby uzdravila zni\u010den\u00e9 a farben\u00e9 vlasy. Dod\u00e1va vlasom vl\u00e1\u010dnos\u0165, hebkos\u0165 a vitalitu. P\u00f4sob\u00ed prevent\u00edvne pred elektriz\u00e1ciou vlasov.<\/p>\n<p><strong>Akt\u00edvne l\u00e1tky:<\/strong><\/p>\n<ul>\n<li class=\"\" data-start=\"197\" data-end=\"316\">\n<p class=\"\" data-start=\"199\" data-end=\"316\"><strong data-start=\"199\" data-end=\"244\">Zmesi exkluz\u00edvnych a zlep\u0161en\u00fdch silik\u00f3nov<\/strong> \u2013 zabezpe\u010duj\u00fa hladkos\u0165, lesk a ochranu vlasov pred vonkaj\u0161\u00edmi vplyvmi<\/p>\n<\/li>\n<li class=\"\" data-start=\"317\" data-end=\"394\">\n<p class=\"\" data-start=\"319\" data-end=\"394\"><strong data-start=\"319\" data-end=\"335\">Olivov\u00fd olej<\/strong> \u2013 vy\u017eivuje, regeneruje a zanech\u00e1va vlasy pru\u017en\u00e9 a leskl\u00e9<\/p>\n<\/li>\n<li class=\"\" data-start=\"395\" data-end=\"471\">\n<p class=\"\" data-start=\"397\" data-end=\"471\"><strong data-start=\"397\" data-end=\"418\">Hodv\u00e1bne prote\u00edny<\/strong> \u2013 uhladzuj\u00fa vlasov\u00e9 vl\u00e1kna, zvy\u0161uj\u00fa hebkos\u0165 a lesk<\/p>\n<\/li>\n<li class=\"\" data-start=\"472\" data-end=\"556\">\n<p class=\"\" data-start=\"474\" data-end=\"556\"><strong data-start=\"474\" data-end=\"494\">Matersk\u00e1 ka\u0161i\u010dka<\/strong> \u2013 intenz\u00edvne vy\u017eivuje a podporuje vitalitu vlasovej poko\u017eky<\/p>\n<\/li>\n<li class=\"\" data-start=\"557\" data-end=\"682\">\n<p class=\"\" data-start=\"559\" data-end=\"682\"><strong data-start=\"559\" data-end=\"612\">Rastlinn\u00e9 esencie (gran\u00e1tov\u00e9 jablko a zelen\u00fd \u010daj)<\/strong> \u2013 bohat\u00e9 na antioxidanty, chr\u00e1nia vlasy pred oxid\u00e1ciou a po\u0161koden\u00edm<\/p>\n<\/li>\n<li class=\"\" data-start=\"683\" data-end=\"770\">\n<p class=\"\" data-start=\"685\" data-end=\"770\"><strong data-start=\"685\" data-end=\"713\">Esencie \u010dierneho kavi\u00e1ru<\/strong> \u2013 dod\u00e1vaj\u00fa vlasom v\u00fd\u017eivu, silu a podporuj\u00fa regener\u00e1ciu<\/p>\n<\/li>\n<li class=\"\" data-start=\"771\" data-end=\"874\">\n<p class=\"\" data-start=\"773\" data-end=\"874\"><strong data-start=\"773\" data-end=\"809\">Oleje z rakytn\u00edka re\u0161etliakov\u00e9ho<\/strong> \u2013 posil\u0148uj\u00fa vlasy, chr\u00e1nia ich \u0161trukt\u00faru a podporuj\u00fa zdrav\u00fd rast<\/p>\n<\/li>\n<\/ul>\n<p><strong>Pou\u017eitie:\u00a0<\/strong>\u0160amp\u00f3nom umyte vlasy, potom d\u00f4kladne vysu\u0161te s uter\u00e1kom. Naneste masku na vlhk\u00e9 vlasy a dobre mas\u00edrujte a\u017e do d\u00f4kladn\u00e9ho vstrebania do vlasov a poko\u017eky. Po\u010dkajte 5-10 min\u00fat a vlasy opl\u00e1chnite<\/p>\n","protected":false},"excerpt":{"rendered":"<p><em>Maska na vlasy s \u010diernym kavi\u00e1rom<\/em><\/p>\n","protected":false},"featured_media":989914,"template":"","meta":[],"product_brand":[],"product_cat":[96,94],"product_tag":[],"class_list":{"0":"post-989911","1":"product","2":"type-product","3":"status-publish","4":"has-post-thumbnail","6":"product_cat-kondicionery-a-masky","7":"product_cat-vlasova-kozmetika","9":"first","10":"instock","11":"shipping-taxable","12":"purchasable","13":"product-type-variable"},"yoast_head":"<!-- This site is optimized with the Yoast SEO plugin v27.4 - https:\/\/yoast.com\/product\/yoast-seo-wordpress\/ -->\n<title>Mon Platin - Black Caviar maska - Sal\u00f3n Kr\u00e1sy VS - kadern\u00edctvo, kozmetika, pedik\u00fara, microblading,<\/title>\n<meta name=\"robots\" content=\"index, follow, max-snippet:-1, max-image-preview:large, max-video-preview:-1\" \/>\n<link rel=\"canonical\" href=\"https:\/\/salonkrasyvs.sk\/?product=mon-platin-black-caviar-maska\" \/>\n<meta property=\"og:locale\" content=\"sk_SK\" \/>\n<meta property=\"og:type\" content=\"article\" \/>\n<meta property=\"og:title\" content=\"Mon Platin - Black Caviar maska - Sal\u00f3n Kr\u00e1sy VS - kadern\u00edctvo, kozmetika, pedik\u00fara, microblading,\" \/>\n<meta property=\"og:description\" content=\"Maska na vlasy s \u010diernym kavi\u00e1rom\" \/>\n<meta property=\"og:url\" content=\"https:\/\/salonkrasyvs.sk\/?product=mon-platin-black-caviar-maska\" \/>\n<meta property=\"og:site_name\" content=\"Sal\u00f3n Kr\u00e1sy VS - kadern\u00edctvo, kozmetika, pedik\u00fara, microblading,\" \/>\n<meta property=\"article:modified_time\" content=\"2025-05-19T05:36:57+00:00\" \/>\n<meta property=\"og:image\" content=\"https:\/\/salonkrasyvs.sk\/wp-content\/uploads\/2021\/10\/516msuVwrqL._AC_SS450_.jpg\" \/>\n\t<meta property=\"og:image:width\" content=\"450\" \/>\n\t<meta property=\"og:image:height\" content=\"450\" \/>\n\t<meta property=\"og:image:type\" content=\"image\/jpeg\" \/>\n<meta name=\"twitter:card\" content=\"summary_large_image\" \/>\n<meta name=\"twitter:label1\" content=\"Predpokladan\u00fd \u010das \u010d\u00edtania\" \/>\n\t<meta name=\"twitter:data1\" content=\"1 min\u00fata\" \/>\n<script type=\"application\/ld+json\" class=\"yoast-schema-graph\">{\"@context\":\"https:\\\/\\\/schema.org\",\"@graph\":[{\"@type\":\"WebPage\",\"@id\":\"https:\\\/\\\/salonkrasyvs.sk\\\/?product=mon-platin-black-caviar-maska\",\"url\":\"https:\\\/\\\/salonkrasyvs.sk\\\/?product=mon-platin-black-caviar-maska\",\"name\":\"Mon Platin - Black Caviar maska - Sal\u00f3n Kr\u00e1sy VS - kadern\u00edctvo, kozmetika, pedik\u00fara, microblading,\",\"isPartOf\":{\"@id\":\"https:\\\/\\\/salonkrasyvs.sk\\\/#website\"},\"primaryImageOfPage\":{\"@id\":\"https:\\\/\\\/salonkrasyvs.sk\\\/?product=mon-platin-black-caviar-maska#primaryimage\"},\"image\":{\"@id\":\"https:\\\/\\\/salonkrasyvs.sk\\\/?product=mon-platin-black-caviar-maska#primaryimage\"},\"thumbnailUrl\":\"https:\\\/\\\/salonkrasyvs.sk\\\/wp-content\\\/uploads\\\/2021\\\/10\\\/516msuVwrqL._AC_SS450_.jpg\",\"datePublished\":\"2021-10-22T12:09:21+00:00\",\"dateModified\":\"2025-05-19T05:36:57+00:00\",\"breadcrumb\":{\"@id\":\"https:\\\/\\\/salonkrasyvs.sk\\\/?product=mon-platin-black-caviar-maska#breadcrumb\"},\"inLanguage\":\"sk-SK\",\"potentialAction\":[{\"@type\":\"ReadAction\",\"target\":[\"https:\\\/\\\/salonkrasyvs.sk\\\/?product=mon-platin-black-caviar-maska\"]}]},{\"@type\":\"ImageObject\",\"inLanguage\":\"sk-SK\",\"@id\":\"https:\\\/\\\/salonkrasyvs.sk\\\/?product=mon-platin-black-caviar-maska#primaryimage\",\"url\":\"https:\\\/\\\/salonkrasyvs.sk\\\/wp-content\\\/uploads\\\/2021\\\/10\\\/516msuVwrqL._AC_SS450_.jpg\",\"contentUrl\":\"https:\\\/\\\/salonkrasyvs.sk\\\/wp-content\\\/uploads\\\/2021\\\/10\\\/516msuVwrqL._AC_SS450_.jpg\",\"width\":450,\"height\":450},{\"@type\":\"BreadcrumbList\",\"@id\":\"https:\\\/\\\/salonkrasyvs.sk\\\/?product=mon-platin-black-caviar-maska#breadcrumb\",\"itemListElement\":[{\"@type\":\"ListItem\",\"position\":1,\"name\":\"Domovsk\u00e1 str\u00e1nka\",\"item\":\"https:\\\/\\\/salonkrasyvs.sk\\\/\"},{\"@type\":\"ListItem\",\"position\":2,\"name\":\"Obchod_zaloha\",\"item\":\"https:\\\/\\\/salonkrasyvs.sk\\\/?page_id=9697\"},{\"@type\":\"ListItem\",\"position\":3,\"name\":\"Mon Platin &#8211; Black Caviar maska\"}]},{\"@type\":\"WebSite\",\"@id\":\"https:\\\/\\\/salonkrasyvs.sk\\\/#website\",\"url\":\"https:\\\/\\\/salonkrasyvs.sk\\\/\",\"name\":\"Sal\u00f3n Kr\u00e1sy VS - kadern\u00edctvo, kozmetika, pedik\u00fara, microblading,\",\"description\":\"Sal\u00f3n Kr\u00e1sy kde sa o V\u00e1s postar\u00e1me : d\u00e1mske, p\u00e1nske kadern\u00edctvo, kozmetika, pedik\u00fara, manik\u00fara, microblading. Kvalitn\u00e1 vlasov\u00e1 kozmetika na na\u0161om e-shope: Milk shake,  Malibu C, Mon platin, Sans Soucis\",\"potentialAction\":[{\"@type\":\"SearchAction\",\"target\":{\"@type\":\"EntryPoint\",\"urlTemplate\":\"https:\\\/\\\/salonkrasyvs.sk\\\/?s={search_term_string}\"},\"query-input\":{\"@type\":\"PropertyValueSpecification\",\"valueRequired\":true,\"valueName\":\"search_term_string\"}}],\"inLanguage\":\"sk-SK\"}]}<\/script>\n<!-- \/ Yoast SEO plugin. -->","yoast_head_json":{"title":"Mon Platin - Black Caviar maska - Sal\u00f3n Kr\u00e1sy VS - kadern\u00edctvo, kozmetika, pedik\u00fara, microblading,","robots":{"index":"index","follow":"follow","max-snippet":"max-snippet:-1","max-image-preview":"max-image-preview:large","max-video-preview":"max-video-preview:-1"},"canonical":"https:\/\/salonkrasyvs.sk\/?product=mon-platin-black-caviar-maska","og_locale":"sk_SK","og_type":"article","og_title":"Mon Platin - Black Caviar maska - Sal\u00f3n Kr\u00e1sy VS - kadern\u00edctvo, kozmetika, pedik\u00fara, microblading,","og_description":"Maska na vlasy s \u010diernym kavi\u00e1rom","og_url":"https:\/\/salonkrasyvs.sk\/?product=mon-platin-black-caviar-maska","og_site_name":"Sal\u00f3n Kr\u00e1sy VS - kadern\u00edctvo, kozmetika, pedik\u00fara, microblading,","article_modified_time":"2025-05-19T05:36:57+00:00","og_image":[{"width":450,"height":450,"url":"https:\/\/salonkrasyvs.sk\/wp-content\/uploads\/2021\/10\/516msuVwrqL._AC_SS450_.jpg","type":"image\/jpeg"}],"twitter_card":"summary_large_image","twitter_misc":{"Predpokladan\u00fd \u010das \u010d\u00edtania":"1 min\u00fata"},"schema":{"@context":"https:\/\/schema.org","@graph":[{"@type":"WebPage","@id":"https:\/\/salonkrasyvs.sk\/?product=mon-platin-black-caviar-maska","url":"https:\/\/salonkrasyvs.sk\/?product=mon-platin-black-caviar-maska","name":"Mon Platin - Black Caviar maska - Sal\u00f3n Kr\u00e1sy VS - kadern\u00edctvo, kozmetika, pedik\u00fara, microblading,","isPartOf":{"@id":"https:\/\/salonkrasyvs.sk\/#website"},"primaryImageOfPage":{"@id":"https:\/\/salonkrasyvs.sk\/?product=mon-platin-black-caviar-maska#primaryimage"},"image":{"@id":"https:\/\/salonkrasyvs.sk\/?product=mon-platin-black-caviar-maska#primaryimage"},"thumbnailUrl":"https:\/\/salonkrasyvs.sk\/wp-content\/uploads\/2021\/10\/516msuVwrqL._AC_SS450_.jpg","datePublished":"2021-10-22T12:09:21+00:00","dateModified":"2025-05-19T05:36:57+00:00","breadcrumb":{"@id":"https:\/\/salonkrasyvs.sk\/?product=mon-platin-black-caviar-maska#breadcrumb"},"inLanguage":"sk-SK","potentialAction":[{"@type":"ReadAction","target":["https:\/\/salonkrasyvs.sk\/?product=mon-platin-black-caviar-maska"]}]},{"@type":"ImageObject","inLanguage":"sk-SK","@id":"https:\/\/salonkrasyvs.sk\/?product=mon-platin-black-caviar-maska#primaryimage","url":"https:\/\/salonkrasyvs.sk\/wp-content\/uploads\/2021\/10\/516msuVwrqL._AC_SS450_.jpg","contentUrl":"https:\/\/salonkrasyvs.sk\/wp-content\/uploads\/2021\/10\/516msuVwrqL._AC_SS450_.jpg","width":450,"height":450},{"@type":"BreadcrumbList","@id":"https:\/\/salonkrasyvs.sk\/?product=mon-platin-black-caviar-maska#breadcrumb","itemListElement":[{"@type":"ListItem","position":1,"name":"Domovsk\u00e1 str\u00e1nka","item":"https:\/\/salonkrasyvs.sk\/"},{"@type":"ListItem","position":2,"name":"Obchod_zaloha","item":"https:\/\/salonkrasyvs.sk\/?page_id=9697"},{"@type":"ListItem","position":3,"name":"Mon Platin &#8211; Black Caviar maska"}]},{"@type":"WebSite","@id":"https:\/\/salonkrasyvs.sk\/#website","url":"https:\/\/salonkrasyvs.sk\/","name":"Sal\u00f3n Kr\u00e1sy VS - kadern\u00edctvo, kozmetika, pedik\u00fara, microblading,","description":"Sal\u00f3n Kr\u00e1sy kde sa o V\u00e1s postar\u00e1me : d\u00e1mske, p\u00e1nske kadern\u00edctvo, kozmetika, pedik\u00fara, manik\u00fara, microblading. Kvalitn\u00e1 vlasov\u00e1 kozmetika na na\u0161om e-shope: Milk shake,  Malibu C, Mon platin, Sans Soucis","potentialAction":[{"@type":"SearchAction","target":{"@type":"EntryPoint","urlTemplate":"https:\/\/salonkrasyvs.sk\/?s={search_term_string}"},"query-input":{"@type":"PropertyValueSpecification","valueRequired":true,"valueName":"search_term_string"}}],"inLanguage":"sk-SK"}]}},"jetpack_sharing_enabled":true,"jetpack_likes_enabled":true,"_links":{"self":[{"href":"https:\/\/salonkrasyvs.sk\/index.php?rest_route=\/wp\/v2\/product\/989911","targetHints":{"allow":["GET"]}}],"collection":[{"href":"https:\/\/salonkrasyvs.sk\/index.php?rest_route=\/wp\/v2\/product"}],"about":[{"href":"https:\/\/salonkrasyvs.sk\/index.php?rest_route=\/wp\/v2\/types\/product"}],"wp:featuredmedia":[{"embeddable":true,"href":"https:\/\/salonkrasyvs.sk\/index.php?rest_route=\/wp\/v2\/media\/989914"}],"wp:attachment":[{"href":"https:\/\/salonkrasyvs.sk\/index.php?rest_route=%2Fwp%2Fv2%2Fmedia&parent=989911"}],"wp:term":[{"taxonomy":"product_brand","embeddable":true,"href":"https:\/\/salonkrasyvs.sk\/index.php?rest_route=%2Fwp%2Fv2%2Fproduct_brand&post=989911"},{"taxonomy":"product_cat","embeddable":true,"href":"https:\/\/salonkrasyvs.sk\/index.php?rest_route=%2Fwp%2Fv2%2Fproduct_cat&post=989911"},{"taxonomy":"product_tag","embeddable":true,"href":"https:\/\/salonkrasyvs.sk\/index.php?rest_route=%2Fwp%2Fv2%2Fproduct_tag&post=989911"}],"curies":[{"name":"wp","href":"https:\/\/api.w.org\/{rel}","templated":true}]}}