{"id":989876,"date":"2021-10-12T18:14:32","date_gmt":"2021-10-12T16:14:32","guid":{"rendered":"https:\/\/salonkrasyvs.sk\/?post_type=product&#038;p=989876"},"modified":"2025-01-02T17:37:40","modified_gmt":"2025-01-02T16:37:40","slug":"malibu-c-un-do-goo-sampon-266-ml","status":"publish","type":"product","link":"https:\/\/salonkrasyvs.sk\/?product=malibu-c-un-do-goo-sampon-266-ml","title":{"rendered":"Malibu C &#8211; Un-Do-Goo \u0161amp\u00f3n 266 ml"},"content":{"rendered":"<h3>MALIBU C &#8211; Un-Do-Goo \u010distiaci \u0161amp\u00f3n<\/h3>\n<p>H\u013abkovo \u010distiaci \u0161amp\u00f3n Malibu C Un-Do-Goo poskytuje vlasom detox a z\u00e1rove\u0148 ich chr\u00e1ni pred dehydrat\u00e1ciou. Vysoko koncentrovan\u00e9 zlo\u017eenie odstra\u0148uje n\u00e1nosy silik\u00f3nu, stylingov\u00fdch pr\u00edpravkov a vlasy d\u00f4kladne \u010dist\u00ed. Neobsahuje sulf\u00e1ty, parab\u00e9ny ani chlorid sodn\u00fd. 100% vegan.<\/p>\n<p><strong>Vlastnosti:<\/strong><br \/>\n&#8211; h\u013abkovo \u010distiaci \u0161amp\u00f3n<br \/>\n&#8211; o\u010dis\u0165uje vlasy od n\u00e1nosu silik\u00f3nu a stylingov\u00fdch pr\u00edpravkov<br \/>\n&#8211; ve\u013emi koncentrovan\u00e9 zlo\u017eenie<br \/>\n&#8211; d\u00f4kladne a starostlivo \u010dist\u00ed<br \/>\n&#8211; neobsahuje sulf\u00e1ty, parab\u00e9ny ani chlorid sodn\u00fd<br \/>\n&#8211; nie je vhodn\u00e9 pre ka\u017edodenn\u00e9 pou\u017eitie<\/p>\n<p><strong>Pou\u017eitie:<\/strong><\/p>\n<p>Vmas\u00edrujte do mokrej poko\u017eky hlavy a vlasov. Opl\u00e1chn\u011bte.Pokra\u010dujte kondicion\u00e9rom Malibu C pod\u013ea typu Va\u0161ich vlasov.<br \/>\n<strong>Odpor\u00fa\u010dame pou\u017e\u00edva\u0165 maxim\u00e1lne 1x t\u00fd\u017edenne\u00a0 a v z\u00e1vislosti od pl\u00e1novan\u00fdch chemick\u00fdch o\u0161etreniach v kadern\u00edckom sal\u00f3ne. Nie je vhodn\u00e9 pre ka\u017edodenn\u00e9 pou\u017eitie.<\/strong><\/p>\n","protected":false},"excerpt":{"rendered":"<p><em>H\u013abkovo \u010distiaci \u0161amp\u00f3n<\/em><\/p>\n","protected":false},"featured_media":989877,"template":"","meta":[],"product_brand":[],"product_cat":[95,94],"product_tag":[],"class_list":{"0":"post-989876","1":"product","2":"type-product","3":"status-publish","4":"has-post-thumbnail","6":"product_cat-sampony","7":"product_cat-vlasova-kozmetika","9":"first","10":"instock","11":"shipping-taxable","12":"purchasable","13":"product-type-simple"},"yoast_head":"<!-- This site is optimized with the Yoast SEO plugin v27.4 - https:\/\/yoast.com\/product\/yoast-seo-wordpress\/ -->\n<title>Malibu C - Un-Do-Goo \u0161amp\u00f3n 266 ml - Sal\u00f3n Kr\u00e1sy VS - kadern\u00edctvo, kozmetika, pedik\u00fara, microblading,<\/title>\n<meta name=\"robots\" content=\"index, follow, max-snippet:-1, max-image-preview:large, max-video-preview:-1\" \/>\n<link rel=\"canonical\" href=\"https:\/\/salonkrasyvs.sk\/?product=malibu-c-un-do-goo-sampon-266-ml\" \/>\n<meta property=\"og:locale\" content=\"sk_SK\" \/>\n<meta property=\"og:type\" content=\"article\" \/>\n<meta property=\"og:title\" content=\"Malibu C - Un-Do-Goo \u0161amp\u00f3n 266 ml - Sal\u00f3n Kr\u00e1sy VS - kadern\u00edctvo, kozmetika, pedik\u00fara, microblading,\" \/>\n<meta property=\"og:description\" content=\"H\u013abkovo \u010distiaci \u0161amp\u00f3n\" \/>\n<meta property=\"og:url\" content=\"https:\/\/salonkrasyvs.sk\/?product=malibu-c-un-do-goo-sampon-266-ml\" \/>\n<meta property=\"og:site_name\" content=\"Sal\u00f3n Kr\u00e1sy VS - kadern\u00edctvo, kozmetika, pedik\u00fara, microblading,\" \/>\n<meta property=\"article:modified_time\" content=\"2025-01-02T16:37:40+00:00\" \/>\n<meta property=\"og:image\" content=\"https:\/\/salonkrasyvs.sk\/wp-content\/uploads\/2021\/10\/dac9d03c-4509-4d86-8200-e2c16a97e520.663a472e8252cc9dc50435384042eaca.jpeg\" \/>\n\t<meta property=\"og:image:width\" content=\"2000\" \/>\n\t<meta property=\"og:image:height\" content=\"2000\" \/>\n\t<meta property=\"og:image:type\" content=\"image\/jpeg\" \/>\n<meta name=\"twitter:card\" content=\"summary_large_image\" \/>\n<meta name=\"twitter:label1\" content=\"Predpokladan\u00fd \u010das \u010d\u00edtania\" \/>\n\t<meta name=\"twitter:data1\" content=\"1 min\u00fata\" \/>\n<script type=\"application\/ld+json\" class=\"yoast-schema-graph\">{\"@context\":\"https:\\\/\\\/schema.org\",\"@graph\":[{\"@type\":\"WebPage\",\"@id\":\"https:\\\/\\\/salonkrasyvs.sk\\\/?product=malibu-c-un-do-goo-sampon-266-ml\",\"url\":\"https:\\\/\\\/salonkrasyvs.sk\\\/?product=malibu-c-un-do-goo-sampon-266-ml\",\"name\":\"Malibu C - Un-Do-Goo \u0161amp\u00f3n 266 ml - Sal\u00f3n Kr\u00e1sy VS - kadern\u00edctvo, kozmetika, pedik\u00fara, microblading,\",\"isPartOf\":{\"@id\":\"https:\\\/\\\/salonkrasyvs.sk\\\/#website\"},\"primaryImageOfPage\":{\"@id\":\"https:\\\/\\\/salonkrasyvs.sk\\\/?product=malibu-c-un-do-goo-sampon-266-ml#primaryimage\"},\"image\":{\"@id\":\"https:\\\/\\\/salonkrasyvs.sk\\\/?product=malibu-c-un-do-goo-sampon-266-ml#primaryimage\"},\"thumbnailUrl\":\"https:\\\/\\\/salonkrasyvs.sk\\\/wp-content\\\/uploads\\\/2021\\\/10\\\/dac9d03c-4509-4d86-8200-e2c16a97e520.663a472e8252cc9dc50435384042eaca.jpeg\",\"datePublished\":\"2021-10-12T16:14:32+00:00\",\"dateModified\":\"2025-01-02T16:37:40+00:00\",\"breadcrumb\":{\"@id\":\"https:\\\/\\\/salonkrasyvs.sk\\\/?product=malibu-c-un-do-goo-sampon-266-ml#breadcrumb\"},\"inLanguage\":\"sk-SK\",\"potentialAction\":[{\"@type\":\"ReadAction\",\"target\":[\"https:\\\/\\\/salonkrasyvs.sk\\\/?product=malibu-c-un-do-goo-sampon-266-ml\"]}]},{\"@type\":\"ImageObject\",\"inLanguage\":\"sk-SK\",\"@id\":\"https:\\\/\\\/salonkrasyvs.sk\\\/?product=malibu-c-un-do-goo-sampon-266-ml#primaryimage\",\"url\":\"https:\\\/\\\/salonkrasyvs.sk\\\/wp-content\\\/uploads\\\/2021\\\/10\\\/dac9d03c-4509-4d86-8200-e2c16a97e520.663a472e8252cc9dc50435384042eaca.jpeg\",\"contentUrl\":\"https:\\\/\\\/salonkrasyvs.sk\\\/wp-content\\\/uploads\\\/2021\\\/10\\\/dac9d03c-4509-4d86-8200-e2c16a97e520.663a472e8252cc9dc50435384042eaca.jpeg\",\"width\":2000,\"height\":2000},{\"@type\":\"BreadcrumbList\",\"@id\":\"https:\\\/\\\/salonkrasyvs.sk\\\/?product=malibu-c-un-do-goo-sampon-266-ml#breadcrumb\",\"itemListElement\":[{\"@type\":\"ListItem\",\"position\":1,\"name\":\"Domovsk\u00e1 str\u00e1nka\",\"item\":\"https:\\\/\\\/salonkrasyvs.sk\\\/\"},{\"@type\":\"ListItem\",\"position\":2,\"name\":\"Obchod_zaloha\",\"item\":\"https:\\\/\\\/salonkrasyvs.sk\\\/?page_id=9697\"},{\"@type\":\"ListItem\",\"position\":3,\"name\":\"Malibu C &#8211; Un-Do-Goo \u0161amp\u00f3n 266 ml\"}]},{\"@type\":\"WebSite\",\"@id\":\"https:\\\/\\\/salonkrasyvs.sk\\\/#website\",\"url\":\"https:\\\/\\\/salonkrasyvs.sk\\\/\",\"name\":\"Sal\u00f3n Kr\u00e1sy VS - kadern\u00edctvo, kozmetika, pedik\u00fara, microblading,\",\"description\":\"Sal\u00f3n Kr\u00e1sy kde sa o V\u00e1s postar\u00e1me : d\u00e1mske, p\u00e1nske kadern\u00edctvo, kozmetika, pedik\u00fara, manik\u00fara, microblading. Kvalitn\u00e1 vlasov\u00e1 kozmetika na na\u0161om e-shope: Milk shake,  Malibu C, Mon platin, Sans Soucis\",\"potentialAction\":[{\"@type\":\"SearchAction\",\"target\":{\"@type\":\"EntryPoint\",\"urlTemplate\":\"https:\\\/\\\/salonkrasyvs.sk\\\/?s={search_term_string}\"},\"query-input\":{\"@type\":\"PropertyValueSpecification\",\"valueRequired\":true,\"valueName\":\"search_term_string\"}}],\"inLanguage\":\"sk-SK\"}]}<\/script>\n<!-- \/ Yoast SEO plugin. -->","yoast_head_json":{"title":"Malibu C - Un-Do-Goo \u0161amp\u00f3n 266 ml - Sal\u00f3n Kr\u00e1sy VS - kadern\u00edctvo, kozmetika, pedik\u00fara, microblading,","robots":{"index":"index","follow":"follow","max-snippet":"max-snippet:-1","max-image-preview":"max-image-preview:large","max-video-preview":"max-video-preview:-1"},"canonical":"https:\/\/salonkrasyvs.sk\/?product=malibu-c-un-do-goo-sampon-266-ml","og_locale":"sk_SK","og_type":"article","og_title":"Malibu C - Un-Do-Goo \u0161amp\u00f3n 266 ml - Sal\u00f3n Kr\u00e1sy VS - kadern\u00edctvo, kozmetika, pedik\u00fara, microblading,","og_description":"H\u013abkovo \u010distiaci \u0161amp\u00f3n","og_url":"https:\/\/salonkrasyvs.sk\/?product=malibu-c-un-do-goo-sampon-266-ml","og_site_name":"Sal\u00f3n Kr\u00e1sy VS - kadern\u00edctvo, kozmetika, pedik\u00fara, microblading,","article_modified_time":"2025-01-02T16:37:40+00:00","og_image":[{"width":2000,"height":2000,"url":"https:\/\/salonkrasyvs.sk\/wp-content\/uploads\/2021\/10\/dac9d03c-4509-4d86-8200-e2c16a97e520.663a472e8252cc9dc50435384042eaca.jpeg","type":"image\/jpeg"}],"twitter_card":"summary_large_image","twitter_misc":{"Predpokladan\u00fd \u010das \u010d\u00edtania":"1 min\u00fata"},"schema":{"@context":"https:\/\/schema.org","@graph":[{"@type":"WebPage","@id":"https:\/\/salonkrasyvs.sk\/?product=malibu-c-un-do-goo-sampon-266-ml","url":"https:\/\/salonkrasyvs.sk\/?product=malibu-c-un-do-goo-sampon-266-ml","name":"Malibu C - Un-Do-Goo \u0161amp\u00f3n 266 ml - Sal\u00f3n Kr\u00e1sy VS - kadern\u00edctvo, kozmetika, pedik\u00fara, microblading,","isPartOf":{"@id":"https:\/\/salonkrasyvs.sk\/#website"},"primaryImageOfPage":{"@id":"https:\/\/salonkrasyvs.sk\/?product=malibu-c-un-do-goo-sampon-266-ml#primaryimage"},"image":{"@id":"https:\/\/salonkrasyvs.sk\/?product=malibu-c-un-do-goo-sampon-266-ml#primaryimage"},"thumbnailUrl":"https:\/\/salonkrasyvs.sk\/wp-content\/uploads\/2021\/10\/dac9d03c-4509-4d86-8200-e2c16a97e520.663a472e8252cc9dc50435384042eaca.jpeg","datePublished":"2021-10-12T16:14:32+00:00","dateModified":"2025-01-02T16:37:40+00:00","breadcrumb":{"@id":"https:\/\/salonkrasyvs.sk\/?product=malibu-c-un-do-goo-sampon-266-ml#breadcrumb"},"inLanguage":"sk-SK","potentialAction":[{"@type":"ReadAction","target":["https:\/\/salonkrasyvs.sk\/?product=malibu-c-un-do-goo-sampon-266-ml"]}]},{"@type":"ImageObject","inLanguage":"sk-SK","@id":"https:\/\/salonkrasyvs.sk\/?product=malibu-c-un-do-goo-sampon-266-ml#primaryimage","url":"https:\/\/salonkrasyvs.sk\/wp-content\/uploads\/2021\/10\/dac9d03c-4509-4d86-8200-e2c16a97e520.663a472e8252cc9dc50435384042eaca.jpeg","contentUrl":"https:\/\/salonkrasyvs.sk\/wp-content\/uploads\/2021\/10\/dac9d03c-4509-4d86-8200-e2c16a97e520.663a472e8252cc9dc50435384042eaca.jpeg","width":2000,"height":2000},{"@type":"BreadcrumbList","@id":"https:\/\/salonkrasyvs.sk\/?product=malibu-c-un-do-goo-sampon-266-ml#breadcrumb","itemListElement":[{"@type":"ListItem","position":1,"name":"Domovsk\u00e1 str\u00e1nka","item":"https:\/\/salonkrasyvs.sk\/"},{"@type":"ListItem","position":2,"name":"Obchod_zaloha","item":"https:\/\/salonkrasyvs.sk\/?page_id=9697"},{"@type":"ListItem","position":3,"name":"Malibu C &#8211; Un-Do-Goo \u0161amp\u00f3n 266 ml"}]},{"@type":"WebSite","@id":"https:\/\/salonkrasyvs.sk\/#website","url":"https:\/\/salonkrasyvs.sk\/","name":"Sal\u00f3n Kr\u00e1sy VS - kadern\u00edctvo, kozmetika, pedik\u00fara, microblading,","description":"Sal\u00f3n Kr\u00e1sy kde sa o V\u00e1s postar\u00e1me : d\u00e1mske, p\u00e1nske kadern\u00edctvo, kozmetika, pedik\u00fara, manik\u00fara, microblading. Kvalitn\u00e1 vlasov\u00e1 kozmetika na na\u0161om e-shope: Milk shake,  Malibu C, Mon platin, Sans Soucis","potentialAction":[{"@type":"SearchAction","target":{"@type":"EntryPoint","urlTemplate":"https:\/\/salonkrasyvs.sk\/?s={search_term_string}"},"query-input":{"@type":"PropertyValueSpecification","valueRequired":true,"valueName":"search_term_string"}}],"inLanguage":"sk-SK"}]}},"jetpack_sharing_enabled":true,"jetpack_likes_enabled":true,"_links":{"self":[{"href":"https:\/\/salonkrasyvs.sk\/index.php?rest_route=\/wp\/v2\/product\/989876","targetHints":{"allow":["GET"]}}],"collection":[{"href":"https:\/\/salonkrasyvs.sk\/index.php?rest_route=\/wp\/v2\/product"}],"about":[{"href":"https:\/\/salonkrasyvs.sk\/index.php?rest_route=\/wp\/v2\/types\/product"}],"wp:featuredmedia":[{"embeddable":true,"href":"https:\/\/salonkrasyvs.sk\/index.php?rest_route=\/wp\/v2\/media\/989877"}],"wp:attachment":[{"href":"https:\/\/salonkrasyvs.sk\/index.php?rest_route=%2Fwp%2Fv2%2Fmedia&parent=989876"}],"wp:term":[{"taxonomy":"product_brand","embeddable":true,"href":"https:\/\/salonkrasyvs.sk\/index.php?rest_route=%2Fwp%2Fv2%2Fproduct_brand&post=989876"},{"taxonomy":"product_cat","embeddable":true,"href":"https:\/\/salonkrasyvs.sk\/index.php?rest_route=%2Fwp%2Fv2%2Fproduct_cat&post=989876"},{"taxonomy":"product_tag","embeddable":true,"href":"https:\/\/salonkrasyvs.sk\/index.php?rest_route=%2Fwp%2Fv2%2Fproduct_tag&post=989876"}],"curies":[{"name":"wp","href":"https:\/\/api.w.org\/{rel}","templated":true}]}}