{"id":989870,"date":"2021-10-12T17:35:15","date_gmt":"2021-10-12T15:35:15","guid":{"rendered":"https:\/\/salonkrasyvs.sk\/?post_type=product&#038;p=989870"},"modified":"2025-05-19T06:52:07","modified_gmt":"2025-05-19T04:52:07","slug":"malibu-c-blondes-wellness-balicek","status":"publish","type":"product","link":"https:\/\/salonkrasyvs.sk\/?product=malibu-c-blondes-wellness-balicek","title":{"rendered":"Malibu C &#8211; Blondes Wellness bal\u00ed\u010dek"},"content":{"rendered":"<h3>BLONDES WELLNESS sada<\/h3>\n<p>100% veg\u00e1nsky syst\u00e9m pre o\u0161etrenie blond vlasov, ktor\u00e9 s\u00fa po pou\u017eit\u00ed \u017eiariv\u00e9 bez ne\u017eiaducich \u017elt\u00fdch odtie\u0148ov.<\/p>\n<p><strong>Sada obsahuje: <\/strong>\u0161amp\u00f3n (266 ml), kondicion\u00e9r (266 ml) a 4 Wellness s\u00e1\u010dky s kry\u0161talick\u00fdm pr\u00edpravkom(4 x 5 g)<\/p>\n<p>Chr\u00e1ni vlasy pred elementami pren\u00e1\u0161an\u00fdmi vodou, ktor\u00e9 potl\u00e1\u010daj\u00fa farbu a prirodzen\u00fd lesk vlasov. Blond wellness s\u00e1\u010dky odstra\u0148uj\u00fa z vlasov n\u00e1nosy miner\u00e1lov, ktor\u00e9 sp\u00f4sobuj\u00fa \u017eltnutie \u010di in\u00e9 ne\u017eiaduce zafarbenie.Vlasov\u00e1 starostlivos\u0165 pre \u017eiariv\u00fa blond obsahuje v\u0161etko, \u010do potrebujete pre navr\u00e1tenie blond vlasov sp\u00e4\u0165 k \u017eivotu!<\/p>\n<p><strong>Akt\u00edvne l\u00e1tky:<\/strong><\/p>\n<ul>\n<li class=\"\" data-start=\"241\" data-end=\"292\">\n<p class=\"\" data-start=\"243\" data-end=\"292\"><strong data-start=\"243\" data-end=\"255\">Alanto\u00edn<\/strong> \u2013 chr\u00e1ni a upokojuje poko\u017eku hlavy<\/p>\n<\/li>\n<li class=\"\" data-start=\"293\" data-end=\"384\">\n<p class=\"\" data-start=\"295\" data-end=\"384\"><strong data-start=\"295\" data-end=\"308\">Vitam\u00edn C<\/strong> \u2013 \u010dist\u00ed vlasy do h\u013abky a odstra\u0148uje ne\u017eiaduce miner\u00e1ly usaden\u00e9 na vlasoch<\/p>\n<\/li>\n<li class=\"\" data-start=\"385\" data-end=\"486\">\n<p class=\"\" data-start=\"387\" data-end=\"486\"><strong data-start=\"387\" data-end=\"398\">Betaine<\/strong> \u2013 deriv\u00e1t z cukrovej repy, ktor\u00fd posil\u0148uje vlasov\u00e9 vl\u00e1kno a chr\u00e1ni ho proti l\u00e1mavosti<\/p>\n<\/li>\n<li class=\"\" data-start=\"487\" data-end=\"573\">\n<p class=\"\" data-start=\"489\" data-end=\"573\"><strong data-start=\"489\" data-end=\"520\">Extrakt z \u013eanov\u00e9ho semienka<\/strong> \u2013 pr\u00edrodn\u00fd prote\u00edn, ktor\u00fd okam\u017eite posil\u0148uje vlasy<\/p>\n<\/li>\n<li class=\"\" data-start=\"574\" data-end=\"665\">\n<p class=\"\" data-start=\"576\" data-end=\"665\"><strong data-start=\"576\" data-end=\"589\">Panthenol<\/strong> \u2013 provitam\u00edn B5 prenik\u00e1 do h\u013abky vlasov a vyrovn\u00e1va prirodzen\u00fa hydrat\u00e1ciu<\/p>\n<\/li>\n<li class=\"\" data-start=\"666\" data-end=\"737\">\n<p class=\"\" data-start=\"668\" data-end=\"737\"><strong data-start=\"668\" data-end=\"686\">Ry\u017eov\u00fd prote\u00edn<\/strong> \u2013 dod\u00e1va vlasom objem a uhladzuje kutikulu vlasu<\/p>\n<\/li>\n<li class=\"\" data-start=\"738\" data-end=\"809\">\n<p class=\"\" data-start=\"740\" data-end=\"809\"><strong data-start=\"740\" data-end=\"761\">Extrakt z kurkumy<\/strong> \u2013 pr\u00edrodn\u00fd extrakt, ktor\u00fd roz\u017eiaruje blond t\u00f3ny<\/p>\n<\/li>\n<\/ul>\n<p><strong>Pou\u017eitie:<\/strong><\/p>\n<p><em>\u0160amp\u00f3n:<\/em> Nape\u0148te v mokr\u00fdch vlasoch a vmas\u00edrujte do poko\u017eky hlavy, nechajte p\u00f4sobi\u0165 a d\u00f4kladne opl\u00e1chnite.<\/p>\n<p><em>Kondicion\u00e9r:<\/em> Vmas\u00edrujte do mokr\u00fdch vlasov poko\u017eky hlavy, nechajte p\u00f4sobi\u0165 a d\u00f4kladne opl\u00e1chnite.<\/p>\n<p><em>Wellness vreck\u00e1:<\/em> Umyte vlasy \u0161amp\u00f3nom a opl\u00e1chnite. Obsah vrec\u00fa\u0161ka vysypte do ruky, premas\u00edrujte medzi dla\u0148ami a pridajte 30 ml vody, aby sa rozpustili kry\u0161t\u00e1ly. Aplikujte do vlasov a postl\u00e1\u010dajte, nechajte p\u00f4sobi\u0165 5 min\u00fat. Umyte \u0161amp\u00f3nom, d\u00f4kladne opl\u00e1chnite, naneste kondicion\u00e9r a op\u00e4\u0165 opl\u00e1chnite.<\/p>\n","protected":false},"excerpt":{"rendered":"<p><em>Sada pre \u017eiariv\u00fa blond farbu<\/em><\/p>\n","protected":false},"featured_media":989871,"template":"","meta":[],"product_brand":[],"product_cat":[94,106],"product_tag":[],"class_list":{"0":"post-989870","1":"product","2":"type-product","3":"status-publish","4":"has-post-thumbnail","6":"product_cat-vlasova-kozmetika","7":"product_cat-vyhodne-balicky","9":"first","10":"instock","11":"shipping-taxable","12":"purchasable","13":"product-type-simple"},"yoast_head":"<!-- This site is optimized with the Yoast SEO plugin v27.4 - https:\/\/yoast.com\/product\/yoast-seo-wordpress\/ -->\n<title>Malibu C - Blondes Wellness bal\u00ed\u010dek - Sal\u00f3n Kr\u00e1sy VS - kadern\u00edctvo, kozmetika, pedik\u00fara, microblading,<\/title>\n<meta name=\"robots\" content=\"index, follow, max-snippet:-1, max-image-preview:large, max-video-preview:-1\" \/>\n<link rel=\"canonical\" href=\"https:\/\/salonkrasyvs.sk\/?product=malibu-c-blondes-wellness-balicek\" \/>\n<meta property=\"og:locale\" content=\"sk_SK\" \/>\n<meta property=\"og:type\" content=\"article\" \/>\n<meta property=\"og:title\" content=\"Malibu C - Blondes Wellness bal\u00ed\u010dek - Sal\u00f3n Kr\u00e1sy VS - kadern\u00edctvo, kozmetika, pedik\u00fara, microblading,\" \/>\n<meta property=\"og:description\" content=\"Sada pre \u017eiariv\u00fa blond farbu\" \/>\n<meta property=\"og:url\" content=\"https:\/\/salonkrasyvs.sk\/?product=malibu-c-blondes-wellness-balicek\" \/>\n<meta property=\"og:site_name\" content=\"Sal\u00f3n Kr\u00e1sy VS - kadern\u00edctvo, kozmetika, pedik\u00fara, microblading,\" \/>\n<meta property=\"article:modified_time\" content=\"2025-05-19T04:52:07+00:00\" \/>\n<meta property=\"og:image\" content=\"https:\/\/salonkrasyvs.sk\/wp-content\/uploads\/2021\/10\/906442.jpg\" \/>\n\t<meta property=\"og:image:width\" content=\"500\" \/>\n\t<meta property=\"og:image:height\" content=\"500\" \/>\n\t<meta property=\"og:image:type\" content=\"image\/jpeg\" \/>\n<meta name=\"twitter:card\" content=\"summary_large_image\" \/>\n<meta name=\"twitter:label1\" content=\"Predpokladan\u00fd \u010das \u010d\u00edtania\" \/>\n\t<meta name=\"twitter:data1\" content=\"2 min\u00faty\" \/>\n<script type=\"application\/ld+json\" class=\"yoast-schema-graph\">{\"@context\":\"https:\\\/\\\/schema.org\",\"@graph\":[{\"@type\":\"WebPage\",\"@id\":\"https:\\\/\\\/salonkrasyvs.sk\\\/?product=malibu-c-blondes-wellness-balicek\",\"url\":\"https:\\\/\\\/salonkrasyvs.sk\\\/?product=malibu-c-blondes-wellness-balicek\",\"name\":\"Malibu C - Blondes Wellness bal\u00ed\u010dek - Sal\u00f3n Kr\u00e1sy VS - kadern\u00edctvo, kozmetika, pedik\u00fara, microblading,\",\"isPartOf\":{\"@id\":\"https:\\\/\\\/salonkrasyvs.sk\\\/#website\"},\"primaryImageOfPage\":{\"@id\":\"https:\\\/\\\/salonkrasyvs.sk\\\/?product=malibu-c-blondes-wellness-balicek#primaryimage\"},\"image\":{\"@id\":\"https:\\\/\\\/salonkrasyvs.sk\\\/?product=malibu-c-blondes-wellness-balicek#primaryimage\"},\"thumbnailUrl\":\"https:\\\/\\\/salonkrasyvs.sk\\\/wp-content\\\/uploads\\\/2021\\\/10\\\/906442.jpg\",\"datePublished\":\"2021-10-12T15:35:15+00:00\",\"dateModified\":\"2025-05-19T04:52:07+00:00\",\"breadcrumb\":{\"@id\":\"https:\\\/\\\/salonkrasyvs.sk\\\/?product=malibu-c-blondes-wellness-balicek#breadcrumb\"},\"inLanguage\":\"sk-SK\",\"potentialAction\":[{\"@type\":\"ReadAction\",\"target\":[\"https:\\\/\\\/salonkrasyvs.sk\\\/?product=malibu-c-blondes-wellness-balicek\"]}]},{\"@type\":\"ImageObject\",\"inLanguage\":\"sk-SK\",\"@id\":\"https:\\\/\\\/salonkrasyvs.sk\\\/?product=malibu-c-blondes-wellness-balicek#primaryimage\",\"url\":\"https:\\\/\\\/salonkrasyvs.sk\\\/wp-content\\\/uploads\\\/2021\\\/10\\\/906442.jpg\",\"contentUrl\":\"https:\\\/\\\/salonkrasyvs.sk\\\/wp-content\\\/uploads\\\/2021\\\/10\\\/906442.jpg\",\"width\":500,\"height\":500},{\"@type\":\"BreadcrumbList\",\"@id\":\"https:\\\/\\\/salonkrasyvs.sk\\\/?product=malibu-c-blondes-wellness-balicek#breadcrumb\",\"itemListElement\":[{\"@type\":\"ListItem\",\"position\":1,\"name\":\"Domovsk\u00e1 str\u00e1nka\",\"item\":\"https:\\\/\\\/salonkrasyvs.sk\\\/\"},{\"@type\":\"ListItem\",\"position\":2,\"name\":\"Obchod_zaloha\",\"item\":\"https:\\\/\\\/salonkrasyvs.sk\\\/?page_id=9697\"},{\"@type\":\"ListItem\",\"position\":3,\"name\":\"Malibu C &#8211; Blondes Wellness bal\u00ed\u010dek\"}]},{\"@type\":\"WebSite\",\"@id\":\"https:\\\/\\\/salonkrasyvs.sk\\\/#website\",\"url\":\"https:\\\/\\\/salonkrasyvs.sk\\\/\",\"name\":\"Sal\u00f3n Kr\u00e1sy VS - kadern\u00edctvo, kozmetika, pedik\u00fara, microblading,\",\"description\":\"Sal\u00f3n Kr\u00e1sy kde sa o V\u00e1s postar\u00e1me : d\u00e1mske, p\u00e1nske kadern\u00edctvo, kozmetika, pedik\u00fara, manik\u00fara, microblading. Kvalitn\u00e1 vlasov\u00e1 kozmetika na na\u0161om e-shope: Milk shake,  Malibu C, Mon platin, Sans Soucis\",\"potentialAction\":[{\"@type\":\"SearchAction\",\"target\":{\"@type\":\"EntryPoint\",\"urlTemplate\":\"https:\\\/\\\/salonkrasyvs.sk\\\/?s={search_term_string}\"},\"query-input\":{\"@type\":\"PropertyValueSpecification\",\"valueRequired\":true,\"valueName\":\"search_term_string\"}}],\"inLanguage\":\"sk-SK\"}]}<\/script>\n<!-- \/ Yoast SEO plugin. -->","yoast_head_json":{"title":"Malibu C - Blondes Wellness bal\u00ed\u010dek - Sal\u00f3n Kr\u00e1sy VS - kadern\u00edctvo, kozmetika, pedik\u00fara, microblading,","robots":{"index":"index","follow":"follow","max-snippet":"max-snippet:-1","max-image-preview":"max-image-preview:large","max-video-preview":"max-video-preview:-1"},"canonical":"https:\/\/salonkrasyvs.sk\/?product=malibu-c-blondes-wellness-balicek","og_locale":"sk_SK","og_type":"article","og_title":"Malibu C - Blondes Wellness bal\u00ed\u010dek - Sal\u00f3n Kr\u00e1sy VS - kadern\u00edctvo, kozmetika, pedik\u00fara, microblading,","og_description":"Sada pre \u017eiariv\u00fa blond farbu","og_url":"https:\/\/salonkrasyvs.sk\/?product=malibu-c-blondes-wellness-balicek","og_site_name":"Sal\u00f3n Kr\u00e1sy VS - kadern\u00edctvo, kozmetika, pedik\u00fara, microblading,","article_modified_time":"2025-05-19T04:52:07+00:00","og_image":[{"width":500,"height":500,"url":"https:\/\/salonkrasyvs.sk\/wp-content\/uploads\/2021\/10\/906442.jpg","type":"image\/jpeg"}],"twitter_card":"summary_large_image","twitter_misc":{"Predpokladan\u00fd \u010das \u010d\u00edtania":"2 min\u00faty"},"schema":{"@context":"https:\/\/schema.org","@graph":[{"@type":"WebPage","@id":"https:\/\/salonkrasyvs.sk\/?product=malibu-c-blondes-wellness-balicek","url":"https:\/\/salonkrasyvs.sk\/?product=malibu-c-blondes-wellness-balicek","name":"Malibu C - Blondes Wellness bal\u00ed\u010dek - Sal\u00f3n Kr\u00e1sy VS - kadern\u00edctvo, kozmetika, pedik\u00fara, microblading,","isPartOf":{"@id":"https:\/\/salonkrasyvs.sk\/#website"},"primaryImageOfPage":{"@id":"https:\/\/salonkrasyvs.sk\/?product=malibu-c-blondes-wellness-balicek#primaryimage"},"image":{"@id":"https:\/\/salonkrasyvs.sk\/?product=malibu-c-blondes-wellness-balicek#primaryimage"},"thumbnailUrl":"https:\/\/salonkrasyvs.sk\/wp-content\/uploads\/2021\/10\/906442.jpg","datePublished":"2021-10-12T15:35:15+00:00","dateModified":"2025-05-19T04:52:07+00:00","breadcrumb":{"@id":"https:\/\/salonkrasyvs.sk\/?product=malibu-c-blondes-wellness-balicek#breadcrumb"},"inLanguage":"sk-SK","potentialAction":[{"@type":"ReadAction","target":["https:\/\/salonkrasyvs.sk\/?product=malibu-c-blondes-wellness-balicek"]}]},{"@type":"ImageObject","inLanguage":"sk-SK","@id":"https:\/\/salonkrasyvs.sk\/?product=malibu-c-blondes-wellness-balicek#primaryimage","url":"https:\/\/salonkrasyvs.sk\/wp-content\/uploads\/2021\/10\/906442.jpg","contentUrl":"https:\/\/salonkrasyvs.sk\/wp-content\/uploads\/2021\/10\/906442.jpg","width":500,"height":500},{"@type":"BreadcrumbList","@id":"https:\/\/salonkrasyvs.sk\/?product=malibu-c-blondes-wellness-balicek#breadcrumb","itemListElement":[{"@type":"ListItem","position":1,"name":"Domovsk\u00e1 str\u00e1nka","item":"https:\/\/salonkrasyvs.sk\/"},{"@type":"ListItem","position":2,"name":"Obchod_zaloha","item":"https:\/\/salonkrasyvs.sk\/?page_id=9697"},{"@type":"ListItem","position":3,"name":"Malibu C &#8211; Blondes Wellness bal\u00ed\u010dek"}]},{"@type":"WebSite","@id":"https:\/\/salonkrasyvs.sk\/#website","url":"https:\/\/salonkrasyvs.sk\/","name":"Sal\u00f3n Kr\u00e1sy VS - kadern\u00edctvo, kozmetika, pedik\u00fara, microblading,","description":"Sal\u00f3n Kr\u00e1sy kde sa o V\u00e1s postar\u00e1me : d\u00e1mske, p\u00e1nske kadern\u00edctvo, kozmetika, pedik\u00fara, manik\u00fara, microblading. Kvalitn\u00e1 vlasov\u00e1 kozmetika na na\u0161om e-shope: Milk shake,  Malibu C, Mon platin, Sans Soucis","potentialAction":[{"@type":"SearchAction","target":{"@type":"EntryPoint","urlTemplate":"https:\/\/salonkrasyvs.sk\/?s={search_term_string}"},"query-input":{"@type":"PropertyValueSpecification","valueRequired":true,"valueName":"search_term_string"}}],"inLanguage":"sk-SK"}]}},"jetpack_sharing_enabled":true,"jetpack_likes_enabled":true,"_links":{"self":[{"href":"https:\/\/salonkrasyvs.sk\/index.php?rest_route=\/wp\/v2\/product\/989870","targetHints":{"allow":["GET"]}}],"collection":[{"href":"https:\/\/salonkrasyvs.sk\/index.php?rest_route=\/wp\/v2\/product"}],"about":[{"href":"https:\/\/salonkrasyvs.sk\/index.php?rest_route=\/wp\/v2\/types\/product"}],"wp:featuredmedia":[{"embeddable":true,"href":"https:\/\/salonkrasyvs.sk\/index.php?rest_route=\/wp\/v2\/media\/989871"}],"wp:attachment":[{"href":"https:\/\/salonkrasyvs.sk\/index.php?rest_route=%2Fwp%2Fv2%2Fmedia&parent=989870"}],"wp:term":[{"taxonomy":"product_brand","embeddable":true,"href":"https:\/\/salonkrasyvs.sk\/index.php?rest_route=%2Fwp%2Fv2%2Fproduct_brand&post=989870"},{"taxonomy":"product_cat","embeddable":true,"href":"https:\/\/salonkrasyvs.sk\/index.php?rest_route=%2Fwp%2Fv2%2Fproduct_cat&post=989870"},{"taxonomy":"product_tag","embeddable":true,"href":"https:\/\/salonkrasyvs.sk\/index.php?rest_route=%2Fwp%2Fv2%2Fproduct_tag&post=989870"}],"curies":[{"name":"wp","href":"https:\/\/api.w.org\/{rel}","templated":true}]}}