{"id":989865,"date":"2021-10-12T17:05:42","date_gmt":"2021-10-12T15:05:42","guid":{"rendered":"https:\/\/salonkrasyvs.sk\/?post_type=product&#038;p=989865"},"modified":"2025-05-19T06:57:31","modified_gmt":"2025-05-19T04:57:31","slug":"malibu-c-scalp-wellness-balicek","status":"publish","type":"product","link":"https:\/\/salonkrasyvs.sk\/?product=malibu-c-scalp-wellness-balicek","title":{"rendered":"Malibu C &#8211; Scalp Wellness bal\u00ed\u010dek"},"content":{"rendered":"<h3>SCALP WELLNESS sada<\/h3>\n<p>Unik\u00e1tny syst\u00e9m vy\u017eivuje poko\u017eku hlavy a zmier\u0148uje jej podr\u00e1\u017edenie a tvorbu \u0161upiniek.<\/p>\n<p><strong>Sada obsahuje: \u0161amp\u00f3n (266 ml), kondicion\u00e9r (266 ml) a 4 Wellness vreck\u00e1 s kry\u0161talick\u00fdm produktom (4 x 5 g)<\/strong><\/p>\n<p>Ide\u00e1lna sada pre problematick\u00fa poko\u017eku hlavy odstra\u0148uje n\u00e1nosy miner\u00e1lov z vlasov a poko\u017eky. Navy\u0161e v\u010faka jemn\u00e9mu zlo\u017eeniu \u0161etrne o\u0161etruje poko\u017eku hlavy, ktor\u00fa citlivo exfoliuje. Scalp Therapy Wellness s\u00e1\u010dok zvy\u0161uje prietok krvi vo vlasovej poko\u017eke a ozdravuje ju v\u010faka vitam\u00ednu B, C, niac\u00ednu a biot\u00ednu. Pr\u00edpravky s\u00fa 100% vegan, bez sulf\u00e1tov, parab\u00e9nov, chloridu sodn\u00e9ho a umel\u00fdch parfum\u00e1ciou.<\/p>\n<p><strong>Akt\u00edvne l\u00e1tky:<\/strong><\/p>\n<ul>\n<li class=\"\" data-start=\"223\" data-end=\"274\">\n<p class=\"\" data-start=\"225\" data-end=\"274\"><strong data-start=\"225\" data-end=\"237\">Alanto\u00edn<\/strong> \u2013 chr\u00e1ni a upokojuje poko\u017eku hlavy<\/p>\n<\/li>\n<li class=\"\" data-start=\"275\" data-end=\"366\">\n<p class=\"\" data-start=\"277\" data-end=\"366\"><strong data-start=\"277\" data-end=\"290\">Vitam\u00edn C<\/strong> \u2013 \u010dist\u00ed vlasy do h\u013abky a odstra\u0148uje ne\u017eiaduce miner\u00e1ly usaden\u00e9 na vlasoch<\/p>\n<\/li>\n<li class=\"\" data-start=\"367\" data-end=\"464\">\n<p class=\"\" data-start=\"369\" data-end=\"464\"><strong data-start=\"369\" data-end=\"392\">Biot\u00edn (vitam\u00edn B7)<\/strong> \u2013 nevyhnutn\u00fd pre zdrav\u00e9 vlasy a poko\u017eku, p\u00f4sob\u00ed proti ich zoslabnutiu<\/p>\n<\/li>\n<li class=\"\" data-start=\"465\" data-end=\"565\">\n<p class=\"\" data-start=\"467\" data-end=\"565\"><strong data-start=\"467\" data-end=\"485\">\u013danov\u00fd prote\u00edn<\/strong> \u2013 hydratuje, zjem\u0148uje vlasy a vytv\u00e1ra okolo vlasu prirodzen\u00fa ochrann\u00fa bari\u00e9ru<\/p>\n<\/li>\n<li class=\"\" data-start=\"566\" data-end=\"664\">\n<p class=\"\" data-start=\"568\" data-end=\"664\"><strong data-start=\"568\" data-end=\"598\">Panthenol (pro-vitam\u00edn B5)<\/strong> \u2013 prenik\u00e1 do h\u013abky vlasov a vyrovn\u00e1va ich prirodzen\u00fa hydrat\u00e1ciu<\/p>\n<\/li>\n<li class=\"\" data-start=\"665\" data-end=\"736\">\n<p class=\"\" data-start=\"667\" data-end=\"736\"><strong data-start=\"667\" data-end=\"685\">Ry\u017eov\u00fd prote\u00edn<\/strong> \u2013 dod\u00e1va vlasom objem a uhladzuje kutikulu vlasu<\/p>\n<\/li>\n<li class=\"\" data-start=\"737\" data-end=\"818\">\n<p class=\"\" data-start=\"739\" data-end=\"818\"><strong data-start=\"739\" data-end=\"751\">Rozmar\u00edn<\/strong> \u2013 vy\u017eivuje vlasy a pom\u00e1ha proti tvorbe \u0161upiniek na poko\u017eke hlavy<\/p>\n<\/li>\n<li class=\"\" data-start=\"819\" data-end=\"876\">\n<p class=\"\" data-start=\"821\" data-end=\"876\"><strong data-start=\"821\" data-end=\"836\">M\u00e4tov\u00fd olej<\/strong> \u2013 upokojuje poko\u017eku hlavy a osvie\u017euje<\/p>\n<\/li>\n<li class=\"\" data-start=\"877\" data-end=\"978\">\n<p class=\"\" data-start=\"879\" data-end=\"978\"><strong data-start=\"879\" data-end=\"902\">Niac\u00edn (vitam\u00edn B3)<\/strong> \u2013 podporuje rast vlasov t\u00fdm, \u017ee zvy\u0161uje cirkul\u00e1ciu krvi vo vlasovej poko\u017eke<\/p>\n<\/li>\n<\/ul>\n<p><strong>Pou\u017eitie:<\/strong><\/p>\n<p><em>\u0160amp\u00f3n<\/em>: Nape\u0148te v mokr\u00fdch vlasoch a vmas\u00edrujte do poko\u017eky hlavy, nechajte p\u00f4sobi\u0165 a d\u00f4kladne opl\u00e1chnite.<\/p>\n<p><em>Kondicion\u00e9r:<\/em> Vmas\u00edrujte do mokr\u00fdch vlasov poko\u017eky hlavy, nechajte p\u00f4sobi\u0165 a d\u00f4kladne opl\u00e1chnite.<\/p>\n<p><em>Wellness vreck\u00e1:<\/em> Umyte vlasy \u0161amp\u00f3nom a opl\u00e1chnite. Obsah vrec\u00fa\u0161ka vysypte do ruky, premas\u00edrujte medzi dla\u0148ami a pridajte 30 ml vody, aby sa rozpustili kry\u0161t\u00e1ly. Vmas\u00edrujte do poko\u017eky hlavy a s\u00fastre\u010fte sa na najviac postihnut\u00e9 oblasti. Nechajte p\u00f4sobi\u0165 5-7 min\u00fat a d\u00f4kladne opl\u00e1chnite. Potom aplikujte kondicion\u00e9r a znova opl\u00e1chnite.<\/p>\n","protected":false},"excerpt":{"rendered":"<p><em>Sada pre problematick\u00fa poko\u017eku hlavy<\/em><\/p>\n","protected":false},"featured_media":989866,"template":"","meta":[],"product_brand":[],"product_cat":[94,106],"product_tag":[],"class_list":{"0":"post-989865","1":"product","2":"type-product","3":"status-publish","4":"has-post-thumbnail","6":"product_cat-vlasova-kozmetika","7":"product_cat-vyhodne-balicky","9":"first","10":"instock","11":"shipping-taxable","12":"purchasable","13":"product-type-simple"},"yoast_head":"<!-- This site is optimized with the Yoast SEO plugin v27.4 - https:\/\/yoast.com\/product\/yoast-seo-wordpress\/ -->\n<title>Malibu C - Scalp Wellness bal\u00ed\u010dek - Sal\u00f3n Kr\u00e1sy VS - kadern\u00edctvo, kozmetika, pedik\u00fara, microblading,<\/title>\n<meta name=\"robots\" content=\"index, follow, max-snippet:-1, max-image-preview:large, max-video-preview:-1\" \/>\n<link rel=\"canonical\" href=\"https:\/\/salonkrasyvs.sk\/?product=malibu-c-scalp-wellness-balicek\" \/>\n<meta property=\"og:locale\" content=\"sk_SK\" \/>\n<meta property=\"og:type\" content=\"article\" \/>\n<meta property=\"og:title\" content=\"Malibu C - Scalp Wellness bal\u00ed\u010dek - Sal\u00f3n Kr\u00e1sy VS - kadern\u00edctvo, kozmetika, pedik\u00fara, microblading,\" \/>\n<meta property=\"og:description\" content=\"Sada pre problematick\u00fa poko\u017eku hlavy\" \/>\n<meta property=\"og:url\" content=\"https:\/\/salonkrasyvs.sk\/?product=malibu-c-scalp-wellness-balicek\" \/>\n<meta property=\"og:site_name\" content=\"Sal\u00f3n Kr\u00e1sy VS - kadern\u00edctvo, kozmetika, pedik\u00fara, microblading,\" \/>\n<meta property=\"article:modified_time\" content=\"2025-05-19T04:57:31+00:00\" \/>\n<meta property=\"og:image\" content=\"https:\/\/salonkrasyvs.sk\/wp-content\/uploads\/2021\/10\/malibu-c-scalp-therapy-collection-kit-2227-102-0000_1.jpg\" \/>\n\t<meta property=\"og:image:width\" content=\"960\" \/>\n\t<meta property=\"og:image:height\" content=\"909\" \/>\n\t<meta property=\"og:image:type\" content=\"image\/jpeg\" \/>\n<meta name=\"twitter:card\" content=\"summary_large_image\" \/>\n<meta name=\"twitter:label1\" content=\"Predpokladan\u00fd \u010das \u010d\u00edtania\" \/>\n\t<meta name=\"twitter:data1\" content=\"2 min\u00faty\" \/>\n<script type=\"application\/ld+json\" class=\"yoast-schema-graph\">{\"@context\":\"https:\\\/\\\/schema.org\",\"@graph\":[{\"@type\":\"WebPage\",\"@id\":\"https:\\\/\\\/salonkrasyvs.sk\\\/?product=malibu-c-scalp-wellness-balicek\",\"url\":\"https:\\\/\\\/salonkrasyvs.sk\\\/?product=malibu-c-scalp-wellness-balicek\",\"name\":\"Malibu C - Scalp Wellness bal\u00ed\u010dek - Sal\u00f3n Kr\u00e1sy VS - kadern\u00edctvo, kozmetika, pedik\u00fara, microblading,\",\"isPartOf\":{\"@id\":\"https:\\\/\\\/salonkrasyvs.sk\\\/#website\"},\"primaryImageOfPage\":{\"@id\":\"https:\\\/\\\/salonkrasyvs.sk\\\/?product=malibu-c-scalp-wellness-balicek#primaryimage\"},\"image\":{\"@id\":\"https:\\\/\\\/salonkrasyvs.sk\\\/?product=malibu-c-scalp-wellness-balicek#primaryimage\"},\"thumbnailUrl\":\"https:\\\/\\\/salonkrasyvs.sk\\\/wp-content\\\/uploads\\\/2021\\\/10\\\/malibu-c-scalp-therapy-collection-kit-2227-102-0000_1.jpg\",\"datePublished\":\"2021-10-12T15:05:42+00:00\",\"dateModified\":\"2025-05-19T04:57:31+00:00\",\"breadcrumb\":{\"@id\":\"https:\\\/\\\/salonkrasyvs.sk\\\/?product=malibu-c-scalp-wellness-balicek#breadcrumb\"},\"inLanguage\":\"sk-SK\",\"potentialAction\":[{\"@type\":\"ReadAction\",\"target\":[\"https:\\\/\\\/salonkrasyvs.sk\\\/?product=malibu-c-scalp-wellness-balicek\"]}]},{\"@type\":\"ImageObject\",\"inLanguage\":\"sk-SK\",\"@id\":\"https:\\\/\\\/salonkrasyvs.sk\\\/?product=malibu-c-scalp-wellness-balicek#primaryimage\",\"url\":\"https:\\\/\\\/salonkrasyvs.sk\\\/wp-content\\\/uploads\\\/2021\\\/10\\\/malibu-c-scalp-therapy-collection-kit-2227-102-0000_1.jpg\",\"contentUrl\":\"https:\\\/\\\/salonkrasyvs.sk\\\/wp-content\\\/uploads\\\/2021\\\/10\\\/malibu-c-scalp-therapy-collection-kit-2227-102-0000_1.jpg\",\"width\":960,\"height\":909},{\"@type\":\"BreadcrumbList\",\"@id\":\"https:\\\/\\\/salonkrasyvs.sk\\\/?product=malibu-c-scalp-wellness-balicek#breadcrumb\",\"itemListElement\":[{\"@type\":\"ListItem\",\"position\":1,\"name\":\"Domovsk\u00e1 str\u00e1nka\",\"item\":\"https:\\\/\\\/salonkrasyvs.sk\\\/\"},{\"@type\":\"ListItem\",\"position\":2,\"name\":\"Obchod_zaloha\",\"item\":\"https:\\\/\\\/salonkrasyvs.sk\\\/?page_id=9697\"},{\"@type\":\"ListItem\",\"position\":3,\"name\":\"Malibu C &#8211; Scalp Wellness bal\u00ed\u010dek\"}]},{\"@type\":\"WebSite\",\"@id\":\"https:\\\/\\\/salonkrasyvs.sk\\\/#website\",\"url\":\"https:\\\/\\\/salonkrasyvs.sk\\\/\",\"name\":\"Sal\u00f3n Kr\u00e1sy VS - kadern\u00edctvo, kozmetika, pedik\u00fara, microblading,\",\"description\":\"Sal\u00f3n Kr\u00e1sy kde sa o V\u00e1s postar\u00e1me : d\u00e1mske, p\u00e1nske kadern\u00edctvo, kozmetika, pedik\u00fara, manik\u00fara, microblading. Kvalitn\u00e1 vlasov\u00e1 kozmetika na na\u0161om e-shope: Milk shake,  Malibu C, Mon platin, Sans Soucis\",\"potentialAction\":[{\"@type\":\"SearchAction\",\"target\":{\"@type\":\"EntryPoint\",\"urlTemplate\":\"https:\\\/\\\/salonkrasyvs.sk\\\/?s={search_term_string}\"},\"query-input\":{\"@type\":\"PropertyValueSpecification\",\"valueRequired\":true,\"valueName\":\"search_term_string\"}}],\"inLanguage\":\"sk-SK\"}]}<\/script>\n<!-- \/ Yoast SEO plugin. -->","yoast_head_json":{"title":"Malibu C - Scalp Wellness bal\u00ed\u010dek - Sal\u00f3n Kr\u00e1sy VS - kadern\u00edctvo, kozmetika, pedik\u00fara, microblading,","robots":{"index":"index","follow":"follow","max-snippet":"max-snippet:-1","max-image-preview":"max-image-preview:large","max-video-preview":"max-video-preview:-1"},"canonical":"https:\/\/salonkrasyvs.sk\/?product=malibu-c-scalp-wellness-balicek","og_locale":"sk_SK","og_type":"article","og_title":"Malibu C - Scalp Wellness bal\u00ed\u010dek - Sal\u00f3n Kr\u00e1sy VS - kadern\u00edctvo, kozmetika, pedik\u00fara, microblading,","og_description":"Sada pre problematick\u00fa poko\u017eku hlavy","og_url":"https:\/\/salonkrasyvs.sk\/?product=malibu-c-scalp-wellness-balicek","og_site_name":"Sal\u00f3n Kr\u00e1sy VS - kadern\u00edctvo, kozmetika, pedik\u00fara, microblading,","article_modified_time":"2025-05-19T04:57:31+00:00","og_image":[{"width":960,"height":909,"url":"https:\/\/salonkrasyvs.sk\/wp-content\/uploads\/2021\/10\/malibu-c-scalp-therapy-collection-kit-2227-102-0000_1.jpg","type":"image\/jpeg"}],"twitter_card":"summary_large_image","twitter_misc":{"Predpokladan\u00fd \u010das \u010d\u00edtania":"2 min\u00faty"},"schema":{"@context":"https:\/\/schema.org","@graph":[{"@type":"WebPage","@id":"https:\/\/salonkrasyvs.sk\/?product=malibu-c-scalp-wellness-balicek","url":"https:\/\/salonkrasyvs.sk\/?product=malibu-c-scalp-wellness-balicek","name":"Malibu C - Scalp Wellness bal\u00ed\u010dek - Sal\u00f3n Kr\u00e1sy VS - kadern\u00edctvo, kozmetika, pedik\u00fara, microblading,","isPartOf":{"@id":"https:\/\/salonkrasyvs.sk\/#website"},"primaryImageOfPage":{"@id":"https:\/\/salonkrasyvs.sk\/?product=malibu-c-scalp-wellness-balicek#primaryimage"},"image":{"@id":"https:\/\/salonkrasyvs.sk\/?product=malibu-c-scalp-wellness-balicek#primaryimage"},"thumbnailUrl":"https:\/\/salonkrasyvs.sk\/wp-content\/uploads\/2021\/10\/malibu-c-scalp-therapy-collection-kit-2227-102-0000_1.jpg","datePublished":"2021-10-12T15:05:42+00:00","dateModified":"2025-05-19T04:57:31+00:00","breadcrumb":{"@id":"https:\/\/salonkrasyvs.sk\/?product=malibu-c-scalp-wellness-balicek#breadcrumb"},"inLanguage":"sk-SK","potentialAction":[{"@type":"ReadAction","target":["https:\/\/salonkrasyvs.sk\/?product=malibu-c-scalp-wellness-balicek"]}]},{"@type":"ImageObject","inLanguage":"sk-SK","@id":"https:\/\/salonkrasyvs.sk\/?product=malibu-c-scalp-wellness-balicek#primaryimage","url":"https:\/\/salonkrasyvs.sk\/wp-content\/uploads\/2021\/10\/malibu-c-scalp-therapy-collection-kit-2227-102-0000_1.jpg","contentUrl":"https:\/\/salonkrasyvs.sk\/wp-content\/uploads\/2021\/10\/malibu-c-scalp-therapy-collection-kit-2227-102-0000_1.jpg","width":960,"height":909},{"@type":"BreadcrumbList","@id":"https:\/\/salonkrasyvs.sk\/?product=malibu-c-scalp-wellness-balicek#breadcrumb","itemListElement":[{"@type":"ListItem","position":1,"name":"Domovsk\u00e1 str\u00e1nka","item":"https:\/\/salonkrasyvs.sk\/"},{"@type":"ListItem","position":2,"name":"Obchod_zaloha","item":"https:\/\/salonkrasyvs.sk\/?page_id=9697"},{"@type":"ListItem","position":3,"name":"Malibu C &#8211; Scalp Wellness bal\u00ed\u010dek"}]},{"@type":"WebSite","@id":"https:\/\/salonkrasyvs.sk\/#website","url":"https:\/\/salonkrasyvs.sk\/","name":"Sal\u00f3n Kr\u00e1sy VS - kadern\u00edctvo, kozmetika, pedik\u00fara, microblading,","description":"Sal\u00f3n Kr\u00e1sy kde sa o V\u00e1s postar\u00e1me : d\u00e1mske, p\u00e1nske kadern\u00edctvo, kozmetika, pedik\u00fara, manik\u00fara, microblading. Kvalitn\u00e1 vlasov\u00e1 kozmetika na na\u0161om e-shope: Milk shake,  Malibu C, Mon platin, Sans Soucis","potentialAction":[{"@type":"SearchAction","target":{"@type":"EntryPoint","urlTemplate":"https:\/\/salonkrasyvs.sk\/?s={search_term_string}"},"query-input":{"@type":"PropertyValueSpecification","valueRequired":true,"valueName":"search_term_string"}}],"inLanguage":"sk-SK"}]}},"jetpack_sharing_enabled":true,"jetpack_likes_enabled":true,"_links":{"self":[{"href":"https:\/\/salonkrasyvs.sk\/index.php?rest_route=\/wp\/v2\/product\/989865","targetHints":{"allow":["GET"]}}],"collection":[{"href":"https:\/\/salonkrasyvs.sk\/index.php?rest_route=\/wp\/v2\/product"}],"about":[{"href":"https:\/\/salonkrasyvs.sk\/index.php?rest_route=\/wp\/v2\/types\/product"}],"wp:featuredmedia":[{"embeddable":true,"href":"https:\/\/salonkrasyvs.sk\/index.php?rest_route=\/wp\/v2\/media\/989866"}],"wp:attachment":[{"href":"https:\/\/salonkrasyvs.sk\/index.php?rest_route=%2Fwp%2Fv2%2Fmedia&parent=989865"}],"wp:term":[{"taxonomy":"product_brand","embeddable":true,"href":"https:\/\/salonkrasyvs.sk\/index.php?rest_route=%2Fwp%2Fv2%2Fproduct_brand&post=989865"},{"taxonomy":"product_cat","embeddable":true,"href":"https:\/\/salonkrasyvs.sk\/index.php?rest_route=%2Fwp%2Fv2%2Fproduct_cat&post=989865"},{"taxonomy":"product_tag","embeddable":true,"href":"https:\/\/salonkrasyvs.sk\/index.php?rest_route=%2Fwp%2Fv2%2Fproduct_tag&post=989865"}],"curies":[{"name":"wp","href":"https:\/\/api.w.org\/{rel}","templated":true}]}}