{"id":987909,"date":"2021-07-27T14:41:03","date_gmt":"2021-07-27T12:41:03","guid":{"rendered":"https:\/\/salonkrasyvs.sk\/?post_type=product&#038;p=987909"},"modified":"2025-01-02T17:52:28","modified_gmt":"2025-01-02T16:52:28","slug":"sens-us-fard-caramel-34-200ml","status":"publish","type":"product","link":"https:\/\/salonkrasyvs.sk\/?product=sens-us-fard-caramel-34-200ml","title":{"rendered":"Sens.Us \u2013 Fard Caramel #34 200ml"},"content":{"rendered":"<h3>CARAMEL pigment<\/h3>\n<p><strong>FARD Rich color Conditioner<\/strong><\/p>\n<p>Ak s\u00fa va\u0161e vlasy mdl\u00e9 ,such\u00e9 a bez lesku je tu pre V\u00e1s rie\u0161enie s pigmentami FARD od Sens.us.\u00a0 S nimi si viete nat\u00f3nova\u0165 vlasy pod\u013ea po\u017eadovan\u00e9ho odtie\u0148u a blond\u00edny neutralizova\u0165 \u017elt\u00e9 odtiene. T\u00fdmto sp\u00f4sobom si m\u00f4\u017eete o\u017eivi\u0165 farbu a obnovi\u0165 lesk va\u0161ich vl\u00e1skov z v\u00e1\u0161ho domova. RICH COLOR Conditioner FARD je obohaten\u00fd o rastlinn\u00fd kerat\u00edn, kolag\u00e9n a elast\u00edn, ktor\u00fd s priamym pigmentom poskytuje such\u00fdm vlasom v\u00fd\u017eivu a lesk pr\u00edrodn\u00fdm alebo u\u017e farben\u00fdm vl\u00e1skom.<\/p>\n<p><strong>Pou\u017eitie:<\/strong><\/p>\n<p>Umyte si vlasy a n\u00e1sledne si ich poriadne vysu\u0161te a stla\u010dte pomocou uter\u00e1ka, aby sa odstr\u00e1nil prebytok vody. Pou\u017eite rukavice, aby ste sa poko\u017ekou vyhli kontaktu s farbou a naneste kondicion\u00e9r rovnomerne do d\u013a\u017eok a koncov pomocou r\u00fak a hrebe\u0148a.\u00a0 Nechajte p\u00f4sobi\u0165 3 \u2013 15 min\u00fat a d\u00f4kladne opl\u00e1chnite.<\/p>\n","protected":false},"excerpt":{"rendered":"<div class=\"woocommerce-product-details__short-description\">\n<div class=\"woocommerce-product-details__short-description\">\n<div class=\"woocommerce-product-details__short-description\">\n<p><em>Objavte lesk a zv\u00fdraznite farbu va\u0161ich vlasov<\/em><\/p>\n<\/div>\n<form class=\"cart\" action=\"https:\/\/salonkrasyvs.sk\/index.php\/produkt\/sens-us-nutri-repair-shampoo-250ml\/\" enctype=\"multipart\/form-data\" method=\"post\">\n<div class=\"quantity\"><\/div>\n<\/form>\n<\/div>\n<form class=\"cart\" action=\"https:\/\/salonkrasyvs.sk\/index.php\/produkt\/sens-us-nutri-repair-shampoo-250ml\/\" enctype=\"multipart\/form-data\" method=\"post\">\n<div class=\"quantity\"><\/div>\n<\/form>\n<\/div>\n<form class=\"cart\" action=\"https:\/\/salonkrasyvs.sk\/index.php\/produkt\/milk-shake-integrity-nourishing-shampoo-300-ml\/\" enctype=\"multipart\/form-data\" method=\"post\">\n<div class=\"quantity\"><\/div>\n<\/form>\n","protected":false},"featured_media":987910,"template":"","meta":[],"product_brand":[],"product_cat":[97,94],"product_tag":[],"class_list":{"0":"post-987909","1":"product","2":"type-product","3":"status-publish","4":"has-post-thumbnail","6":"product_cat-tonovacie-pripravky","7":"product_cat-vlasova-kozmetika","9":"first","10":"onbackorder","11":"featured","12":"shipping-taxable","13":"purchasable","14":"product-type-simple"},"yoast_head":"<!-- This site is optimized with the Yoast SEO plugin v27.4 - https:\/\/yoast.com\/product\/yoast-seo-wordpress\/ -->\n<title>Sens.Us \u2013 Fard Caramel #34 200ml - Sal\u00f3n Kr\u00e1sy VS - kadern\u00edctvo, kozmetika, pedik\u00fara, microblading,<\/title>\n<meta name=\"robots\" content=\"index, follow, max-snippet:-1, max-image-preview:large, max-video-preview:-1\" \/>\n<link rel=\"canonical\" href=\"https:\/\/salonkrasyvs.sk\/?product=sens-us-fard-caramel-34-200ml\" \/>\n<meta property=\"og:locale\" content=\"sk_SK\" \/>\n<meta property=\"og:type\" content=\"article\" \/>\n<meta property=\"og:title\" content=\"Sens.Us \u2013 Fard Caramel #34 200ml - Sal\u00f3n Kr\u00e1sy VS - kadern\u00edctvo, kozmetika, pedik\u00fara, microblading,\" \/>\n<meta property=\"og:description\" content=\"Objavte lesk a zv\u00fdraznite farbu va\u0161ich vlasov\" \/>\n<meta property=\"og:url\" content=\"https:\/\/salonkrasyvs.sk\/?product=sens-us-fard-caramel-34-200ml\" \/>\n<meta property=\"og:site_name\" content=\"Sal\u00f3n Kr\u00e1sy VS - kadern\u00edctvo, kozmetika, pedik\u00fara, microblading,\" \/>\n<meta property=\"article:modified_time\" content=\"2025-01-02T16:52:28+00:00\" \/>\n<meta property=\"og:image\" content=\"https:\/\/salonkrasyvs.sk\/wp-content\/uploads\/2021\/07\/Sens.Us-Fard-Caramel-1.png\" \/>\n\t<meta property=\"og:image:width\" content=\"800\" \/>\n\t<meta property=\"og:image:height\" content=\"600\" \/>\n\t<meta property=\"og:image:type\" content=\"image\/png\" \/>\n<meta name=\"twitter:card\" content=\"summary_large_image\" \/>\n<meta name=\"twitter:label1\" content=\"Predpokladan\u00fd \u010das \u010d\u00edtania\" \/>\n\t<meta name=\"twitter:data1\" content=\"1 min\u00fata\" \/>\n<script type=\"application\/ld+json\" class=\"yoast-schema-graph\">{\"@context\":\"https:\\\/\\\/schema.org\",\"@graph\":[{\"@type\":\"WebPage\",\"@id\":\"https:\\\/\\\/salonkrasyvs.sk\\\/?product=sens-us-fard-caramel-34-200ml\",\"url\":\"https:\\\/\\\/salonkrasyvs.sk\\\/?product=sens-us-fard-caramel-34-200ml\",\"name\":\"Sens.Us \u2013 Fard Caramel #34 200ml - Sal\u00f3n Kr\u00e1sy VS - kadern\u00edctvo, kozmetika, pedik\u00fara, microblading,\",\"isPartOf\":{\"@id\":\"https:\\\/\\\/salonkrasyvs.sk\\\/#website\"},\"primaryImageOfPage\":{\"@id\":\"https:\\\/\\\/salonkrasyvs.sk\\\/?product=sens-us-fard-caramel-34-200ml#primaryimage\"},\"image\":{\"@id\":\"https:\\\/\\\/salonkrasyvs.sk\\\/?product=sens-us-fard-caramel-34-200ml#primaryimage\"},\"thumbnailUrl\":\"https:\\\/\\\/salonkrasyvs.sk\\\/wp-content\\\/uploads\\\/2021\\\/07\\\/Sens.Us-Fard-Caramel-1.png\",\"datePublished\":\"2021-07-27T12:41:03+00:00\",\"dateModified\":\"2025-01-02T16:52:28+00:00\",\"breadcrumb\":{\"@id\":\"https:\\\/\\\/salonkrasyvs.sk\\\/?product=sens-us-fard-caramel-34-200ml#breadcrumb\"},\"inLanguage\":\"sk-SK\",\"potentialAction\":[{\"@type\":\"ReadAction\",\"target\":[\"https:\\\/\\\/salonkrasyvs.sk\\\/?product=sens-us-fard-caramel-34-200ml\"]}]},{\"@type\":\"ImageObject\",\"inLanguage\":\"sk-SK\",\"@id\":\"https:\\\/\\\/salonkrasyvs.sk\\\/?product=sens-us-fard-caramel-34-200ml#primaryimage\",\"url\":\"https:\\\/\\\/salonkrasyvs.sk\\\/wp-content\\\/uploads\\\/2021\\\/07\\\/Sens.Us-Fard-Caramel-1.png\",\"contentUrl\":\"https:\\\/\\\/salonkrasyvs.sk\\\/wp-content\\\/uploads\\\/2021\\\/07\\\/Sens.Us-Fard-Caramel-1.png\",\"width\":960,\"height\":720},{\"@type\":\"BreadcrumbList\",\"@id\":\"https:\\\/\\\/salonkrasyvs.sk\\\/?product=sens-us-fard-caramel-34-200ml#breadcrumb\",\"itemListElement\":[{\"@type\":\"ListItem\",\"position\":1,\"name\":\"Domovsk\u00e1 str\u00e1nka\",\"item\":\"https:\\\/\\\/salonkrasyvs.sk\\\/\"},{\"@type\":\"ListItem\",\"position\":2,\"name\":\"Obchod_zaloha\",\"item\":\"https:\\\/\\\/salonkrasyvs.sk\\\/?page_id=9697\"},{\"@type\":\"ListItem\",\"position\":3,\"name\":\"Sens.Us \u2013 Fard Caramel #34 200ml\"}]},{\"@type\":\"WebSite\",\"@id\":\"https:\\\/\\\/salonkrasyvs.sk\\\/#website\",\"url\":\"https:\\\/\\\/salonkrasyvs.sk\\\/\",\"name\":\"Sal\u00f3n Kr\u00e1sy VS - kadern\u00edctvo, kozmetika, pedik\u00fara, microblading,\",\"description\":\"Sal\u00f3n Kr\u00e1sy kde sa o V\u00e1s postar\u00e1me : d\u00e1mske, p\u00e1nske kadern\u00edctvo, kozmetika, pedik\u00fara, manik\u00fara, microblading. Kvalitn\u00e1 vlasov\u00e1 kozmetika na na\u0161om e-shope: Milk shake,  Malibu C, Mon platin, Sans Soucis\",\"potentialAction\":[{\"@type\":\"SearchAction\",\"target\":{\"@type\":\"EntryPoint\",\"urlTemplate\":\"https:\\\/\\\/salonkrasyvs.sk\\\/?s={search_term_string}\"},\"query-input\":{\"@type\":\"PropertyValueSpecification\",\"valueRequired\":true,\"valueName\":\"search_term_string\"}}],\"inLanguage\":\"sk-SK\"}]}<\/script>\n<!-- \/ Yoast SEO plugin. -->","yoast_head_json":{"title":"Sens.Us \u2013 Fard Caramel #34 200ml - Sal\u00f3n Kr\u00e1sy VS - kadern\u00edctvo, kozmetika, pedik\u00fara, microblading,","robots":{"index":"index","follow":"follow","max-snippet":"max-snippet:-1","max-image-preview":"max-image-preview:large","max-video-preview":"max-video-preview:-1"},"canonical":"https:\/\/salonkrasyvs.sk\/?product=sens-us-fard-caramel-34-200ml","og_locale":"sk_SK","og_type":"article","og_title":"Sens.Us \u2013 Fard Caramel #34 200ml - Sal\u00f3n Kr\u00e1sy VS - kadern\u00edctvo, kozmetika, pedik\u00fara, microblading,","og_description":"Objavte lesk a zv\u00fdraznite farbu va\u0161ich vlasov","og_url":"https:\/\/salonkrasyvs.sk\/?product=sens-us-fard-caramel-34-200ml","og_site_name":"Sal\u00f3n Kr\u00e1sy VS - kadern\u00edctvo, kozmetika, pedik\u00fara, microblading,","article_modified_time":"2025-01-02T16:52:28+00:00","og_image":[{"url":"https:\/\/salonkrasyvs.sk\/wp-content\/uploads\/2021\/07\/Sens.Us-Fard-Caramel-1.png","width":800,"height":600,"type":"image\/png"}],"twitter_card":"summary_large_image","twitter_misc":{"Predpokladan\u00fd \u010das \u010d\u00edtania":"1 min\u00fata"},"schema":{"@context":"https:\/\/schema.org","@graph":[{"@type":"WebPage","@id":"https:\/\/salonkrasyvs.sk\/?product=sens-us-fard-caramel-34-200ml","url":"https:\/\/salonkrasyvs.sk\/?product=sens-us-fard-caramel-34-200ml","name":"Sens.Us \u2013 Fard Caramel #34 200ml - Sal\u00f3n Kr\u00e1sy VS - kadern\u00edctvo, kozmetika, pedik\u00fara, microblading,","isPartOf":{"@id":"https:\/\/salonkrasyvs.sk\/#website"},"primaryImageOfPage":{"@id":"https:\/\/salonkrasyvs.sk\/?product=sens-us-fard-caramel-34-200ml#primaryimage"},"image":{"@id":"https:\/\/salonkrasyvs.sk\/?product=sens-us-fard-caramel-34-200ml#primaryimage"},"thumbnailUrl":"https:\/\/salonkrasyvs.sk\/wp-content\/uploads\/2021\/07\/Sens.Us-Fard-Caramel-1.png","datePublished":"2021-07-27T12:41:03+00:00","dateModified":"2025-01-02T16:52:28+00:00","breadcrumb":{"@id":"https:\/\/salonkrasyvs.sk\/?product=sens-us-fard-caramel-34-200ml#breadcrumb"},"inLanguage":"sk-SK","potentialAction":[{"@type":"ReadAction","target":["https:\/\/salonkrasyvs.sk\/?product=sens-us-fard-caramel-34-200ml"]}]},{"@type":"ImageObject","inLanguage":"sk-SK","@id":"https:\/\/salonkrasyvs.sk\/?product=sens-us-fard-caramel-34-200ml#primaryimage","url":"https:\/\/salonkrasyvs.sk\/wp-content\/uploads\/2021\/07\/Sens.Us-Fard-Caramel-1.png","contentUrl":"https:\/\/salonkrasyvs.sk\/wp-content\/uploads\/2021\/07\/Sens.Us-Fard-Caramel-1.png","width":960,"height":720},{"@type":"BreadcrumbList","@id":"https:\/\/salonkrasyvs.sk\/?product=sens-us-fard-caramel-34-200ml#breadcrumb","itemListElement":[{"@type":"ListItem","position":1,"name":"Domovsk\u00e1 str\u00e1nka","item":"https:\/\/salonkrasyvs.sk\/"},{"@type":"ListItem","position":2,"name":"Obchod_zaloha","item":"https:\/\/salonkrasyvs.sk\/?page_id=9697"},{"@type":"ListItem","position":3,"name":"Sens.Us \u2013 Fard Caramel #34 200ml"}]},{"@type":"WebSite","@id":"https:\/\/salonkrasyvs.sk\/#website","url":"https:\/\/salonkrasyvs.sk\/","name":"Sal\u00f3n Kr\u00e1sy VS - kadern\u00edctvo, kozmetika, pedik\u00fara, microblading,","description":"Sal\u00f3n Kr\u00e1sy kde sa o V\u00e1s postar\u00e1me : d\u00e1mske, p\u00e1nske kadern\u00edctvo, kozmetika, pedik\u00fara, manik\u00fara, microblading. Kvalitn\u00e1 vlasov\u00e1 kozmetika na na\u0161om e-shope: Milk shake,  Malibu C, Mon platin, Sans Soucis","potentialAction":[{"@type":"SearchAction","target":{"@type":"EntryPoint","urlTemplate":"https:\/\/salonkrasyvs.sk\/?s={search_term_string}"},"query-input":{"@type":"PropertyValueSpecification","valueRequired":true,"valueName":"search_term_string"}}],"inLanguage":"sk-SK"}]}},"jetpack_sharing_enabled":true,"jetpack_likes_enabled":true,"_links":{"self":[{"href":"https:\/\/salonkrasyvs.sk\/index.php?rest_route=\/wp\/v2\/product\/987909","targetHints":{"allow":["GET"]}}],"collection":[{"href":"https:\/\/salonkrasyvs.sk\/index.php?rest_route=\/wp\/v2\/product"}],"about":[{"href":"https:\/\/salonkrasyvs.sk\/index.php?rest_route=\/wp\/v2\/types\/product"}],"wp:featuredmedia":[{"embeddable":true,"href":"https:\/\/salonkrasyvs.sk\/index.php?rest_route=\/wp\/v2\/media\/987910"}],"wp:attachment":[{"href":"https:\/\/salonkrasyvs.sk\/index.php?rest_route=%2Fwp%2Fv2%2Fmedia&parent=987909"}],"wp:term":[{"taxonomy":"product_brand","embeddable":true,"href":"https:\/\/salonkrasyvs.sk\/index.php?rest_route=%2Fwp%2Fv2%2Fproduct_brand&post=987909"},{"taxonomy":"product_cat","embeddable":true,"href":"https:\/\/salonkrasyvs.sk\/index.php?rest_route=%2Fwp%2Fv2%2Fproduct_cat&post=987909"},{"taxonomy":"product_tag","embeddable":true,"href":"https:\/\/salonkrasyvs.sk\/index.php?rest_route=%2Fwp%2Fv2%2Fproduct_tag&post=987909"}],"curies":[{"name":"wp","href":"https:\/\/api.w.org\/{rel}","templated":true}]}}