{"id":989360,"date":"2021-08-19T17:21:35","date_gmt":"2021-08-19T15:21:35","guid":{"rendered":"https:\/\/salonkrasyvs.sk\/?page_id=989360"},"modified":"2021-08-19T17:23:15","modified_gmt":"2021-08-19T15:23:15","slug":"obchodne-podmienky-2","status":"publish","type":"page","link":"https:\/\/salonkrasyvs.sk\/?page_id=989360","title":{"rendered":"Ochrana osobn\u00fdch \u00fadajov"},"content":{"rendered":"\t\t<div data-elementor-type=\"wp-page\" data-elementor-id=\"989360\" class=\"elementor elementor-989360\" data-elementor-post-type=\"page\">\n\t\t\t\t\t\t<section class=\"elementor-section elementor-top-section elementor-element elementor-element-f0d3b83 elementor-section-boxed elementor-section-height-default elementor-section-height-default\" data-id=\"f0d3b83\" data-element_type=\"section\" data-settings=\"{&quot;jet_parallax_layout_list&quot;:[]}\">\n\t\t\t\t\t\t<div class=\"elementor-container elementor-column-gap-default\">\n\t\t\t\t\t<div class=\"elementor-column elementor-col-100 elementor-top-column elementor-element elementor-element-181f447\" data-id=\"181f447\" data-element_type=\"column\">\n\t\t\t<div class=\"elementor-widget-wrap elementor-element-populated\">\n\t\t\t\t\t\t<div class=\"elementor-element elementor-element-b2e5cb2 elementor-widget-divider--view-line elementor-widget elementor-widget-divider\" data-id=\"b2e5cb2\" data-element_type=\"widget\" data-widget_type=\"divider.default\">\n\t\t\t\t<div class=\"elementor-widget-container\">\n\t\t\t\t\t\t\t<div class=\"elementor-divider\">\n\t\t\t<span class=\"elementor-divider-separator\">\n\t\t\t\t\t\t<\/span>\n\t\t<\/div>\n\t\t\t\t\t\t<\/div>\n\t\t\t\t<\/div>\n\t\t\t\t\t<\/div>\n\t\t<\/div>\n\t\t\t\t\t<\/div>\n\t\t<\/section>\n\t\t\t\t<section class=\"elementor-section elementor-top-section elementor-element elementor-element-9d6214c elementor-section-boxed elementor-section-height-default elementor-section-height-default\" data-id=\"9d6214c\" data-element_type=\"section\" data-settings=\"{&quot;jet_parallax_layout_list&quot;:[]}\">\n\t\t\t\t\t\t<div class=\"elementor-container elementor-column-gap-default\">\n\t\t\t\t\t<div class=\"elementor-column elementor-col-100 elementor-top-column elementor-element elementor-element-6520df8\" data-id=\"6520df8\" data-element_type=\"column\">\n\t\t\t<div class=\"elementor-widget-wrap elementor-element-populated\">\n\t\t\t\t\t\t<div class=\"elementor-element elementor-element-245632a elementor-widget elementor-widget-text-editor\" data-id=\"245632a\" data-element_type=\"widget\" data-widget_type=\"text-editor.default\">\n\t\t\t\t<div class=\"elementor-widget-container\">\n\t\t\t\t\t\t\t\t\t<h3>I. Prev\u00e1dzkovate\u013e informa\u010dn\u00e9ho syst\u00e9mu<\/h3><p>Prev\u00e1dzkovate\u013e informa\u010dn\u00e9ho syst\u00e9mu internetov\u00e9ho obchodu je spolo\u010dnos\u0165 SAL\u00d3N VS s.r.o. a zazmluvnen\u00e9 pr\u00e1vnick\u00e9 osoby.<\/p><h3>II. S\u00fahlas dotknutej osoby<\/h3><p>Kupuj\u00faci \/\u010falej aj ako \u201edotknut\u00e1 osoba\u201c\/ zaslan\u00edm objedn\u00e1vky d\u00e1va pred\u00e1vaj\u00facemu \/\u010falej aj ako prev\u00e1dzkovate\u013e\u201c\/ s\u00fahlas v zmysle ust. \u00a7 11 ods. 1 z\u00e1kona \u010d. 122\/2013 Z.z. o ochrane osobn\u00fdch \u00fadajov v znen\u00ed neskor\u0161\u00edch predpisov (\u010falej len \u201eZOO\u00da\u201c), aby pred\u00e1vaj\u00faci spracov\u00e1val a uschov\u00e1val jeho osobn\u00e9 \u00fadaje na \u00fa\u010del uveden\u00fd v bode 3 ni\u017e\u0161ie a v rozsahu uvedenom v bode 4 ni\u017e\u0161ie a ktor\u00e9 s\u00fa potrebn\u00e9 pri \u010dinnosti pred\u00e1vaj\u00faceho a spracov\u00e1val ich vo v\u0161etk\u00fdch svojich informa\u010dn\u00fdch syst\u00e9moch. Kupuj\u00faci z\u00e1rove\u0148 prehlasuje, \u017ee d\u00e1va svoj s\u00fahlas pred\u00e1vaj\u00facemu so sprac\u00favan\u00edm jeho osobn\u00fdch \u00fadajov ako aj s cezhrani\u010dn\u00fdm prenosom osobn\u00fdch \u00fadajov do \u0161t\u00e1tov Eur\u00f3pskej \u00fanie za rovnak\u00fdm \u00fa\u010delom. Pred\u00e1vaj\u00faci sa zav\u00e4zuje, \u017ee bude s osobn\u00fdmi \u00fadajmi kupuj\u00faceho zaobch\u00e1dza\u0165 a naklada\u0165 v s\u00falade s platn\u00fdmi pr\u00e1vnymi predpismi SR. Pred\u00e1vaj\u00faci po splnen\u00ed \u00fa\u010delu sprac\u00favania zabezpe\u010d\u00ed bezodkladne likvid\u00e1ciu osobn\u00fdch \u00fadajov kupuj\u00faceho. S\u00fahlas so spracovan\u00edm osobn\u00fdch \u00fadajov m\u00f4\u017ee kupuj\u00faci odvola\u0165 kedyko\u013evek p\u00edsomnou formou. S\u00fahlas zanikne v lehote 1 mesiaca od doru\u010denia odvolania s\u00fahlasu kupuj\u00facim pred\u00e1vaj\u00facemu.<\/p><h3>III. \u00da\u010del sprac\u00favania osobn\u00fdch \u00fadajov<\/h3><p>a) Uzatvorenie k\u00fapnej zmluvy prostredn\u00edctvom internetov\u00e9ho obchodu,<br \/>b) Vystavenie da\u0148ov\u00e9ho dokladu \u2013 fakt\u00fary,<br \/>c) Doru\u010denie tovaru a identifik\u00e1cia z\u00e1kazn\u00edka pred odovzdan\u00edm tovaru,<br \/>d) Potvrdenie objedn\u00e1vky, platby za tovar, dodania objednan\u00e9ho tovaru \u2013 telefonicky alebo prostredn\u00edctvom elektronickej po\u0161ty,<br \/>e) Evidencia z\u00e1kazn\u00edkov na administrat\u00edvne \u00fa\u010dely,<br \/>f) Evidencia objedn\u00e1vok pre rie\u0161enie pr\u00edpadn\u00fdch reklam\u00e1ci\u00ed,<br \/>g) Evidencia poh\u013ead\u00e1vok a ich vym\u00e1hanie,<br \/>h) Marketingov\u00e9 aktivity, inform\u00e1cie o akci\u00e1ch, novink\u00e1ch a z\u013eav\u00e1ch,<\/p><h3>IV. Zoznam sprac\u00favan\u00fdch osobn\u00fdch \u00fadajov<\/h3><p>1) Prev\u00e1dzkovate\u013e sprac\u00fava osobn\u00e9 \u00fadaje dotknut\u00fdch os\u00f4b v rozsahu uvedenom v pr\u00edslu\u0161n\u00fdch pr\u00e1vnych predpisoch, v zmluv\u00e1ch a in\u00fdch dokumentoch prev\u00e1dzkovate\u013ea v rozsahu, v akom bud\u00fa tieto osobn\u00e9 \u00fadaje poskytnut\u00e9 prev\u00e1dzkovate\u013eovi.<br \/>2) Prev\u00e1dzkovate\u013e sprac\u00fava osobn\u00e9 \u00fadaje dotknut\u00fdch os\u00f4b v nasledovnom rozsahu:<br \/>a) titul, meno a priezvisko<br \/>b) bydlisko<br \/>c) kontaktn\u00e9 \u00fadaje (tel. \u010d., email)<br \/>d) \u00fadaje o objedn\u00e1vkach<br \/>e) bankov\u00e9 spojenie<br \/>3) V pr\u00edpade ak prev\u00e1dzkovate\u013e sprac\u00fava aj in\u00e9 osobn\u00e9 \u00fadaje dotknut\u00fdch os\u00f4b, ako s\u00fa vy\u0161\u0161ie uveden\u00e9, sprac\u00fava ich v rozsahu potrebnom na splnenie povinnost\u00ed vypl\u00fdvaj\u00facich zo vz\u00e1jomn\u00e9ho obchodn\u00e9ho vz\u0165ahu zalo\u017een\u00e9ho na k\u00fape a predaji tovaru \/k\u00fapnej zmluve\/ formou prijatia objedn\u00e1vky a dodania tovaru.<\/p><h3>V. Poskytnutie osobn\u00fdch \u00fadajov<\/h3><p>1. Prev\u00e1dzkovate\u013e z\u00edskava iba tie osobn\u00e9 \u00fadaje, ktor\u00e9 s\u00fa nevyhnutn\u00e9 na splnenie z\u00e1v\u00e4zkov, vypl\u00fdvaj\u00facich z k\u00fapnej zmluvy. Kupuj\u00faci je povinn\u00fd vyplni\u0165 v\u0161etky po\u017eadovan\u00e9 \u00fadaje pri realizovan\u00ed objedn\u00e1vky.<br \/>2. Kupuj\u00faci berie na vedomie, \u017ee jeho osobn\u00e9 \u00fadaje bud\u00fa spr\u00edstupnen\u00e9 alebo poskytnut\u00e9 tretej osobe (napr. dopravcovi) za \u00fa\u010delom splnenia jeho povinnost\u00ed vypl\u00fdvaj\u00facich z k\u00fapnej zmluvy.<br \/>3. Pri odovzd\u00e1van\u00ed zaplaten\u00e9ho tovaru je nutn\u00e9, aby kupuj\u00faci umo\u017enil prev\u00e1dzkovate\u013eovi alebo dopravcovi overenie jeho toto\u017enosti.<\/p><h3>VI. Spr\u00edstupnenie osobn\u00fdch \u00fadajov<\/h3><p>Prev\u00e1dzkovate\u013e je opr\u00e1vnen\u00fd poskytn\u00fa\u0165 osobn\u00e9 \u00fadaje dotknut\u00fdch os\u00f4b vo vy\u0161\u0161ie uvedenom rozsahu a za vy\u0161\u0161ie uveden\u00fdm \u00fa\u010delom sprostredkovate\u013eovi v s\u00falade s \u00a7 8 z\u00e1kona \u010d. 122\/2013 Z. z. o ochrane osobn\u00fdch \u00fadajov v znen\u00ed neskor\u0161\u00edch pr\u00e1vnych predpisov a takisto prepravnej spolo\u010dnosti, ktorou je spolo\u010dnos\u0165 Saint-Gobain Construction Products, s.r.o. a zazmluvnen\u00e9 pr\u00e1vnick\u00e9 osoby. Prev\u00e1dzkovate\u013e si vyhradzuje pr\u00e1vo kedyko\u013evek zmeni\u0165 prepravn\u00fa spolo\u010dnos\u0165 za \u00fa\u010delom skvalitnenia slu\u017eieb pre z\u00e1kazn\u00edkov.<\/p><h3>VII. Zverejnenie \u00fadajov<\/h3><p>Prev\u00e1dzkovate\u013e osobn\u00e9 \u00fadaje kupuj\u00facich nezverej\u0148uje.<\/p><h3>VIII. Pou\u010denie o pr\u00e1vach dotknutej osoby<\/h3><p>1) Dotknut\u00e1 osoba je opr\u00e1vnen\u00e1 na z\u00e1klade p\u00edsomnej \u017eiadosti vy\u017eadova\u0165 od prev\u00e1dzkovate\u013ea:<br \/>a) potvrdenie, \u010di s\u00fa alebo nie s\u00fa osobn\u00e9 \u00fadaje o nej sprac\u00favan\u00e9,<br \/>b) vo v\u0161eobecne zrozumite\u013enej forme inform\u00e1cie o sprac\u00favan\u00ed osobn\u00fdch \u00fadajov v informa\u010dnom syst\u00e9me v rozsahu pod\u013ea \u00a7 15 ods. 1 p\u00edsm. a) a\u017e e) druh\u00fd a\u017e \u0161iesty bod ZOO\u00da; pri vydan\u00ed rozhodnutia je dotknut\u00e1 osoba opr\u00e1vnen\u00e1 obozn\u00e1mi\u0165 sa s postupom sprac\u00favania a vyhodnocovania oper\u00e1ci\u00ed,<br \/>c) vo v\u0161eobecne zrozumite\u013enej forme presn\u00e9 inform\u00e1cie o zdroji, z ktor\u00e9ho z\u00edskal jej osobn\u00e9 \u00fadaje na sprac\u00favanie,<br \/>d) vo v\u0161eobecne zrozumite\u013enej forme zoznam jej osobn\u00fdch \u00fadajov, ktor\u00e9 s\u00fa predmetom sprac\u00favania,<br \/>e) opravu alebo likvid\u00e1ciu svojich nespr\u00e1vnych, ne\u00fapln\u00fdch alebo neaktu\u00e1lnych osobn\u00fdch \u00fadajov, ktor\u00e9 s\u00fa predmetom sprac\u00favania,<br \/>f) likvid\u00e1ciu jej osobn\u00fdch \u00fadajov, ktor\u00fdch \u00fa\u010del sprac\u00favania sa skon\u010dil; ak s\u00fa predmetom sprac\u00favania \u00faradn\u00e9 doklady obsahuj\u00face osobn\u00e9 \u00fadaje, m\u00f4\u017ee po\u017eiada\u0165 o ich vr\u00e1tenie,<br \/>g) likvid\u00e1ciu jej osobn\u00fdch \u00fadajov, ktor\u00e9 s\u00fa predmetom sprac\u00favania, ak do\u0161lo k poru\u0161eniu z\u00e1kona,<br \/>h) blokovanie jej osobn\u00fdch \u00fadajov z d\u00f4vodu odvolania s\u00fahlasu pred uplynut\u00edm \u010dasu jeho platnosti, ak prev\u00e1dzkovate\u013e sprac\u00fava osobn\u00e9 \u00fadaje na z\u00e1klade s\u00fahlasu dotknutej osoby.<br \/>2) Pr\u00e1vo dotknutej osoby pod\u013ea odseku 1 p\u00edsm. e) a f) ZOO\u00da mo\u017eno obmedzi\u0165, len ak tak\u00e9to obmedzenie vypl\u00fdva z osobitn\u00e9ho z\u00e1kona alebo jeho uplatnen\u00edm by bola poru\u0161en\u00e1 ochrana dotknutej osoby, alebo by boli poru\u0161en\u00e9 pr\u00e1va a slobody in\u00fdch os\u00f4b.<br \/>3) Dotknut\u00e1 osoba na z\u00e1klade p\u00edsomnej \u017eiadosti m\u00e1 pr\u00e1vo u prev\u00e1dzkovate\u013ea namieta\u0165 vo\u010di<br \/>a) sprac\u00favaniu jej osobn\u00fdch \u00fadajov, o ktor\u00fdch predpoklad\u00e1, \u017ee s\u00fa alebo bud\u00fa sprac\u00favan\u00e9 na \u00fa\u010dely priameho marketingu bez jej s\u00fahlasu, a \u017eiada\u0165 ich likvid\u00e1ciu,<br \/>b) vyu\u017e\u00edvaniu osobn\u00fdch \u00fadajov uveden\u00fdch v \u00a7 10 ods. 3 p\u00edsm. d) ZOO\u00da na \u00fa\u010dely priameho marketingu v po\u0161tovom styku, alebo<br \/>c) poskytovaniu osobn\u00fdch \u00fadajov uveden\u00fdch v \u00a7 10 ods. 3 p\u00edsm. d) ZOO\u00da na \u00fa\u010dely priameho marketingu.<br \/>4) Dotknut\u00e1 osoba na z\u00e1klade p\u00edsomnej \u017eiadosti alebo osobne, ak vec neznesie odklad, m\u00e1 pr\u00e1vo u prev\u00e1dzkovate\u013ea kedyko\u013evek namieta\u0165 vo\u010di sprac\u00favaniu osobn\u00fdch \u00fadajov v pr\u00edpadoch pod\u013ea \u00a7 10 ods. 3 p\u00edsm. a), e), f) alebo g) ZOO\u00da vysloven\u00edm opr\u00e1vnen\u00fdch d\u00f4vodov alebo predlo\u017een\u00edm d\u00f4kazov o neopr\u00e1vnenom zasahovan\u00ed do jej pr\u00e1v a pr\u00e1vom chr\u00e1nen\u00fdch z\u00e1ujmov, ktor\u00e9 s\u00fa alebo m\u00f4\u017eu by\u0165 v konkr\u00e9tnom pr\u00edpade tak\u00fdmto sprac\u00favan\u00edm osobn\u00fdch \u00fadajov po\u0161koden\u00e9; ak tomu nebr\u00e1nia z\u00e1konn\u00e9 d\u00f4vody a preuk\u00e1\u017ee sa, \u017ee n\u00e1mietka dotknutej osoby je opr\u00e1vnen\u00e1, prev\u00e1dzkovate\u013e je povinn\u00fd osobn\u00e9 \u00fadaje, ktor\u00fdch sprac\u00favanie dotknut\u00e1 osoba namietala, bez zbyto\u010dn\u00e9ho odkladu blokova\u0165 a zlikvidova\u0165 ihne\u010f, ako to okolnosti dovolia.<br \/>5) Dotknut\u00e1 osoba na z\u00e1klade p\u00edsomnej \u017eiadosti alebo osobne, ak vec neznesie odklad, \u010falej m\u00e1 pr\u00e1vo u prev\u00e1dzkovate\u013ea kedyko\u013evek namieta\u0165 a nepodrobi\u0165 sa rozhodnutiu prev\u00e1dzkovate\u013ea, ktor\u00e9 by malo pre \u0148u pr\u00e1vne \u00fa\u010dinky alebo v\u00fdznamn\u00fd dosah, ak sa tak\u00e9 rozhodnutie vyd\u00e1 v\u00fdlu\u010dne na z\u00e1klade \u00fakonov automatizovan\u00e9ho sprac\u00favania jej osobn\u00fdch \u00fadajov. Dotknut\u00e1 osoba m\u00e1 pr\u00e1vo \u017eiada\u0165 prev\u00e1dzkovate\u013ea o presk\u00famanie vydan\u00e9ho rozhodnutia met\u00f3dou odli\u0161nou od automatizovanej formy sprac\u00favania, pri\u010dom prev\u00e1dzkovate\u013e je povinn\u00fd \u017eiadosti dotknutej osoby vyhovie\u0165, a to tak, \u017ee rozhoduj\u00facu \u00falohu pri presk\u00faman\u00ed rozhodnutia bude ma\u0165 opr\u00e1vnen\u00e1 osoba; o sp\u00f4sobe presk\u00famania a v\u00fdsledku zistenia prev\u00e1dzkovate\u013e informuje dotknut\u00fa osobu v lehote pod\u013ea \u00a7 29 ods. 3 ZOO\u00da. Dotknut\u00e1 osoba nem\u00e1 toto pr\u00e1vo iba v pr\u00edpade, ak to ustanovuje osobitn\u00fd z\u00e1kon, v ktorom s\u00fa upraven\u00e9 opatrenia na zabezpe\u010denie opr\u00e1vnen\u00fdch z\u00e1ujmov dotknutej osoby, alebo ak v r\u00e1mci predzmluvn\u00fdch vz\u0165ahov alebo po\u010das existencie zmluvn\u00fdch vz\u0165ahov prev\u00e1dzkovate\u013e vydal rozhodnutie, ktor\u00fdm vyhovel po\u017eiadavke dotknutej osoby, alebo ak prev\u00e1dzkovate\u013e na z\u00e1klade zmluvy prijal in\u00e9 primeran\u00e9 opatrenia na zabezpe\u010denie opr\u00e1vnen\u00fdch z\u00e1ujmov dotknutej osoby.<br \/>6) Ak dotknut\u00e1 osoba uplatn\u00ed svoje pr\u00e1vo<br \/>a) p\u00edsomne a z obsahu jej \u017eiadosti vypl\u00fdva, \u017ee uplat\u0148uje svoje pr\u00e1vo, \u017eiados\u0165 sa pova\u017euje za podan\u00fa pod\u013ea tohto z\u00e1kona; \u017eiados\u0165 podan\u00fa elektronickou po\u0161tou alebo faxom dotknut\u00e1 osoba doru\u010d\u00ed p\u00edsomne najnesk\u00f4r do troch dn\u00ed odo d\u0148a jej odoslania,<br \/>b) osobne \u00fastnou formou do z\u00e1pisnice, z ktorej mus\u00ed by\u0165 zrejm\u00e9, kto pr\u00e1vo uplatnil, \u010doho sa dom\u00e1ha a kedy a kto vyhotovil z\u00e1pisnicu, jeho podpis a podpis dotknutej osoby; k\u00f3piu z\u00e1pisnice je prev\u00e1dzkovate\u013e povinn\u00fd odovzda\u0165 dotknutej osobe,<br \/>c) u sprostredkovate\u013ea pod\u013ea p\u00edsmena a) alebo p\u00edsmena b), je ten povinn\u00fd t\u00fato \u017eiados\u0165 alebo z\u00e1pisnicu odovzda\u0165 prev\u00e1dzkovate\u013eovi bez zbyto\u010dn\u00e9ho odkladu.<br \/>7) Dotknut\u00e1 osoba pri podozren\u00ed, \u017ee jej osobn\u00e9 \u00fadaje sa neopr\u00e1vnene sprac\u00favaj\u00fa, m\u00f4\u017ee poda\u0165 \u00faradu n\u00e1vrh na za\u010datie konania o ochrane osobn\u00fdch \u00fadajov.<br \/>8) Ak dotknut\u00e1 osoba nem\u00e1 sp\u00f4sobilos\u0165 na pr\u00e1vne \u00fakony v plnom rozsahu, jej pr\u00e1va m\u00f4\u017ee uplatni\u0165 z\u00e1konn\u00fd z\u00e1stupca.<br \/>9) Ak dotknut\u00e1 osoba ne\u017eije, jej pr\u00e1va, ktor\u00e9 mala pod\u013ea tohto z\u00e1kona, m\u00f4\u017ee uplatni\u0165 bl\u00edzka osoba.<br \/>10) Dotknut\u00e1 osoba m\u00f4\u017ee svoje pr\u00e1va vypl\u00fdvaj\u00face zo z\u00e1kona \u010d. 122\/2013 Z.z. uplatni\u0165 na emailovej adrese\u00a0<a href=\"mailto:eshop@isover-eshop.sk\">salonkrasyvs@gmail.com<\/a>\u00a0alebo osobne v s\u00eddle prev\u00e1dzkovate\u013ea informa\u010dn\u00e9ho syst\u00e9mu.<\/p>\t\t\t\t\t\t\t\t<\/div>\n\t\t\t\t<\/div>\n\t\t\t\t\t<\/div>\n\t\t<\/div>\n\t\t\t\t\t<\/div>\n\t\t<\/section>\n\t\t\t\t<\/div>\n\t\t","protected":false},"excerpt":{"rendered":"<p>I. Prev\u00e1dzkovate\u013e informa\u010dn\u00e9ho syst\u00e9mu Prev\u00e1dzkovate\u013e informa\u010dn\u00e9ho syst\u00e9mu internetov\u00e9ho obchodu je spolo\u010dnos\u0165 SAL\u00d3N VS s.r.o. a zazmluvnen\u00e9 pr\u00e1vnick\u00e9 osoby. II. S\u00fahlas dotknutej osoby Kupuj\u00faci \/\u010falej aj ako \u201edotknut\u00e1 osoba\u201c\/ zaslan\u00edm objedn\u00e1vky d\u00e1va pred\u00e1vaj\u00facemu \/\u010falej aj ako prev\u00e1dzkovate\u013e\u201c\/ s\u00fahlas v zmysle ust. \u00a7 11 ods. 1 z\u00e1kona \u010d. 122\/2013 Z.z. o ochrane osobn\u00fdch \u00fadajov v znen\u00ed neskor\u0161\u00edch [&hellip;]<\/p>\n","protected":false},"author":1,"featured_media":0,"parent":0,"menu_order":0,"comment_status":"closed","ping_status":"closed","template":"","meta":{"footnotes":""},"class_list":["post-989360","page","type-page","status-publish","hentry"],"yoast_head":"<!-- This site is optimized with the Yoast SEO plugin v27.4 - https:\/\/yoast.com\/product\/yoast-seo-wordpress\/ -->\n<title>Ochrana osobn\u00fdch \u00fadajov - Sal\u00f3n Kr\u00e1sy VS - kadern\u00edctvo, kozmetika, pedik\u00fara, microblading,<\/title>\n<meta name=\"robots\" content=\"index, follow, max-snippet:-1, max-image-preview:large, max-video-preview:-1\" \/>\n<link rel=\"canonical\" href=\"https:\/\/salonkrasyvs.sk\/?page_id=989360\" \/>\n<meta property=\"og:locale\" content=\"sk_SK\" \/>\n<meta property=\"og:type\" content=\"article\" \/>\n<meta property=\"og:title\" content=\"Ochrana osobn\u00fdch \u00fadajov - Sal\u00f3n Kr\u00e1sy VS - kadern\u00edctvo, kozmetika, pedik\u00fara, microblading,\" \/>\n<meta property=\"og:description\" content=\"I. Prev\u00e1dzkovate\u013e informa\u010dn\u00e9ho syst\u00e9mu Prev\u00e1dzkovate\u013e informa\u010dn\u00e9ho syst\u00e9mu internetov\u00e9ho obchodu je spolo\u010dnos\u0165 SAL\u00d3N VS s.r.o. a zazmluvnen\u00e9 pr\u00e1vnick\u00e9 osoby. II. S\u00fahlas dotknutej osoby Kupuj\u00faci \/\u010falej aj ako \u201edotknut\u00e1 osoba\u201c\/ zaslan\u00edm objedn\u00e1vky d\u00e1va pred\u00e1vaj\u00facemu \/\u010falej aj ako prev\u00e1dzkovate\u013e\u201c\/ s\u00fahlas v zmysle ust. \u00a7 11 ods. 1 z\u00e1kona \u010d. 122\/2013 Z.z. o ochrane osobn\u00fdch \u00fadajov v znen\u00ed neskor\u0161\u00edch [&hellip;]\" \/>\n<meta property=\"og:url\" content=\"https:\/\/salonkrasyvs.sk\/?page_id=989360\" \/>\n<meta property=\"og:site_name\" content=\"Sal\u00f3n Kr\u00e1sy VS - kadern\u00edctvo, kozmetika, pedik\u00fara, microblading,\" \/>\n<meta property=\"article:modified_time\" content=\"2021-08-19T15:23:15+00:00\" \/>\n<meta name=\"twitter:card\" content=\"summary_large_image\" \/>\n<meta name=\"twitter:label1\" content=\"Predpokladan\u00fd \u010das \u010d\u00edtania\" \/>\n\t<meta name=\"twitter:data1\" content=\"8 min\u00fat\" \/>\n<script type=\"application\/ld+json\" class=\"yoast-schema-graph\">{\"@context\":\"https:\\\/\\\/schema.org\",\"@graph\":[{\"@type\":\"WebPage\",\"@id\":\"https:\\\/\\\/salonkrasyvs.sk\\\/?page_id=989360\",\"url\":\"https:\\\/\\\/salonkrasyvs.sk\\\/?page_id=989360\",\"name\":\"Ochrana osobn\u00fdch \u00fadajov - Sal\u00f3n Kr\u00e1sy VS - kadern\u00edctvo, kozmetika, pedik\u00fara, microblading,\",\"isPartOf\":{\"@id\":\"https:\\\/\\\/salonkrasyvs.sk\\\/#website\"},\"datePublished\":\"2021-08-19T15:21:35+00:00\",\"dateModified\":\"2021-08-19T15:23:15+00:00\",\"breadcrumb\":{\"@id\":\"https:\\\/\\\/salonkrasyvs.sk\\\/?page_id=989360#breadcrumb\"},\"inLanguage\":\"sk-SK\",\"potentialAction\":[{\"@type\":\"ReadAction\",\"target\":[\"https:\\\/\\\/salonkrasyvs.sk\\\/?page_id=989360\"]}]},{\"@type\":\"BreadcrumbList\",\"@id\":\"https:\\\/\\\/salonkrasyvs.sk\\\/?page_id=989360#breadcrumb\",\"itemListElement\":[{\"@type\":\"ListItem\",\"position\":1,\"name\":\"Domovsk\u00e1 str\u00e1nka\",\"item\":\"https:\\\/\\\/salonkrasyvs.sk\\\/\"},{\"@type\":\"ListItem\",\"position\":2,\"name\":\"Ochrana osobn\u00fdch \u00fadajov\"}]},{\"@type\":\"WebSite\",\"@id\":\"https:\\\/\\\/salonkrasyvs.sk\\\/#website\",\"url\":\"https:\\\/\\\/salonkrasyvs.sk\\\/\",\"name\":\"Sal\u00f3n Kr\u00e1sy VS - kadern\u00edctvo, kozmetika, pedik\u00fara, microblading,\",\"description\":\"Sal\u00f3n Kr\u00e1sy kde sa o V\u00e1s postar\u00e1me : d\u00e1mske, p\u00e1nske kadern\u00edctvo, kozmetika, pedik\u00fara, manik\u00fara, microblading. Kvalitn\u00e1 vlasov\u00e1 kozmetika na na\u0161om e-shope: Milk shake,  Malibu C, Mon platin, Sans Soucis\",\"potentialAction\":[{\"@type\":\"SearchAction\",\"target\":{\"@type\":\"EntryPoint\",\"urlTemplate\":\"https:\\\/\\\/salonkrasyvs.sk\\\/?s={search_term_string}\"},\"query-input\":{\"@type\":\"PropertyValueSpecification\",\"valueRequired\":true,\"valueName\":\"search_term_string\"}}],\"inLanguage\":\"sk-SK\"}]}<\/script>\n<!-- \/ Yoast SEO plugin. -->","yoast_head_json":{"title":"Ochrana osobn\u00fdch \u00fadajov - Sal\u00f3n Kr\u00e1sy VS - kadern\u00edctvo, kozmetika, pedik\u00fara, microblading,","robots":{"index":"index","follow":"follow","max-snippet":"max-snippet:-1","max-image-preview":"max-image-preview:large","max-video-preview":"max-video-preview:-1"},"canonical":"https:\/\/salonkrasyvs.sk\/?page_id=989360","og_locale":"sk_SK","og_type":"article","og_title":"Ochrana osobn\u00fdch \u00fadajov - Sal\u00f3n Kr\u00e1sy VS - kadern\u00edctvo, kozmetika, pedik\u00fara, microblading,","og_description":"I. Prev\u00e1dzkovate\u013e informa\u010dn\u00e9ho syst\u00e9mu Prev\u00e1dzkovate\u013e informa\u010dn\u00e9ho syst\u00e9mu internetov\u00e9ho obchodu je spolo\u010dnos\u0165 SAL\u00d3N VS s.r.o. a zazmluvnen\u00e9 pr\u00e1vnick\u00e9 osoby. II. S\u00fahlas dotknutej osoby Kupuj\u00faci \/\u010falej aj ako \u201edotknut\u00e1 osoba\u201c\/ zaslan\u00edm objedn\u00e1vky d\u00e1va pred\u00e1vaj\u00facemu \/\u010falej aj ako prev\u00e1dzkovate\u013e\u201c\/ s\u00fahlas v zmysle ust. \u00a7 11 ods. 1 z\u00e1kona \u010d. 122\/2013 Z.z. o ochrane osobn\u00fdch \u00fadajov v znen\u00ed neskor\u0161\u00edch [&hellip;]","og_url":"https:\/\/salonkrasyvs.sk\/?page_id=989360","og_site_name":"Sal\u00f3n Kr\u00e1sy VS - kadern\u00edctvo, kozmetika, pedik\u00fara, microblading,","article_modified_time":"2021-08-19T15:23:15+00:00","twitter_card":"summary_large_image","twitter_misc":{"Predpokladan\u00fd \u010das \u010d\u00edtania":"8 min\u00fat"},"schema":{"@context":"https:\/\/schema.org","@graph":[{"@type":"WebPage","@id":"https:\/\/salonkrasyvs.sk\/?page_id=989360","url":"https:\/\/salonkrasyvs.sk\/?page_id=989360","name":"Ochrana osobn\u00fdch \u00fadajov - Sal\u00f3n Kr\u00e1sy VS - kadern\u00edctvo, kozmetika, pedik\u00fara, microblading,","isPartOf":{"@id":"https:\/\/salonkrasyvs.sk\/#website"},"datePublished":"2021-08-19T15:21:35+00:00","dateModified":"2021-08-19T15:23:15+00:00","breadcrumb":{"@id":"https:\/\/salonkrasyvs.sk\/?page_id=989360#breadcrumb"},"inLanguage":"sk-SK","potentialAction":[{"@type":"ReadAction","target":["https:\/\/salonkrasyvs.sk\/?page_id=989360"]}]},{"@type":"BreadcrumbList","@id":"https:\/\/salonkrasyvs.sk\/?page_id=989360#breadcrumb","itemListElement":[{"@type":"ListItem","position":1,"name":"Domovsk\u00e1 str\u00e1nka","item":"https:\/\/salonkrasyvs.sk\/"},{"@type":"ListItem","position":2,"name":"Ochrana osobn\u00fdch \u00fadajov"}]},{"@type":"WebSite","@id":"https:\/\/salonkrasyvs.sk\/#website","url":"https:\/\/salonkrasyvs.sk\/","name":"Sal\u00f3n Kr\u00e1sy VS - kadern\u00edctvo, kozmetika, pedik\u00fara, microblading,","description":"Sal\u00f3n Kr\u00e1sy kde sa o V\u00e1s postar\u00e1me : d\u00e1mske, p\u00e1nske kadern\u00edctvo, kozmetika, pedik\u00fara, manik\u00fara, microblading. Kvalitn\u00e1 vlasov\u00e1 kozmetika na na\u0161om e-shope: Milk shake,  Malibu C, Mon platin, Sans Soucis","potentialAction":[{"@type":"SearchAction","target":{"@type":"EntryPoint","urlTemplate":"https:\/\/salonkrasyvs.sk\/?s={search_term_string}"},"query-input":{"@type":"PropertyValueSpecification","valueRequired":true,"valueName":"search_term_string"}}],"inLanguage":"sk-SK"}]}},"jetpack_sharing_enabled":true,"jetpack_likes_enabled":true,"_links":{"self":[{"href":"https:\/\/salonkrasyvs.sk\/index.php?rest_route=\/wp\/v2\/pages\/989360","targetHints":{"allow":["GET"]}}],"collection":[{"href":"https:\/\/salonkrasyvs.sk\/index.php?rest_route=\/wp\/v2\/pages"}],"about":[{"href":"https:\/\/salonkrasyvs.sk\/index.php?rest_route=\/wp\/v2\/types\/page"}],"author":[{"embeddable":true,"href":"https:\/\/salonkrasyvs.sk\/index.php?rest_route=\/wp\/v2\/users\/1"}],"replies":[{"embeddable":true,"href":"https:\/\/salonkrasyvs.sk\/index.php?rest_route=%2Fwp%2Fv2%2Fcomments&post=989360"}],"version-history":[{"count":4,"href":"https:\/\/salonkrasyvs.sk\/index.php?rest_route=\/wp\/v2\/pages\/989360\/revisions"}],"predecessor-version":[{"id":989365,"href":"https:\/\/salonkrasyvs.sk\/index.php?rest_route=\/wp\/v2\/pages\/989360\/revisions\/989365"}],"wp:attachment":[{"href":"https:\/\/salonkrasyvs.sk\/index.php?rest_route=%2Fwp%2Fv2%2Fmedia&parent=989360"}],"curies":[{"name":"wp","href":"https:\/\/api.w.org\/{rel}","templated":true}]}}